{"id":2807,"date":"2021-01-22T16:27:35","date_gmt":"2021-01-22T16:27:35","guid":{"rendered":"http:\/\/target-paper.com\/target-paper\/"},"modified":"2021-04-16T13:55:30","modified_gmt":"2021-04-16T12:55:30","slug":"target-paper","status":"publish","type":"page","link":"https:\/\/target-paper.com\/de\/","title":{"rendered":"Target Papier"},"content":{"rendered":"<h1 class=\"big\">Smart decisions.<br \/>\nSharp results.<\/h1>\n<h5>Bringen Sie Ihr Unternehmen mit dem neuen Target B\u00fcropapier voran.<\/h5>\n<p>Durch technische Verbesserungen liefern Target Produkte eine hervorragende Druckqualit\u00e4t bei jedem Druckauftrag.<\/p>\n<p><a class=\"btn btn--outline\" href=\"https:\/\/target-paper.com\/de\/ueber\/leistung-und-ergebnisse\/\">Mehr erfahren<\/a> <a class=\"btn\" href=\"https:\/\/target-paper.com\/de\/hier-erhaeltlich\/haendler\/\">Hier erh\u00e4ltlich<\/a><\/p>\n","protected":false},"excerpt":{"rendered":"<p>Smart decisions. Sharp results. Bringen Sie Ihr Unternehmen mit dem neuen Target B\u00fcropapier voran. Durch technische Verbesserungen liefern Target Produkte eine hervorragende Druckqualit\u00e4t bei jedem Druckauftrag. Mehr erfahren Hier erh\u00e4ltlich<\/p>\n","protected":false},"author":3,"featured_media":2677,"parent":0,"menu_order":0,"comment_status":"closed","ping_status":"closed","template":"","meta":{"inline_featured_image":false,"footnotes":""},"class_list":["post-2807","page","type-page","status-publish","has-post-thumbnail","hentry"],"yoast_head":"<!-- This site is optimized with the Yoast SEO plugin v26.8 - https:\/\/yoast.com\/product\/yoast-seo-wordpress\/ -->\n<title>Target Papier - High-quality paper. Sharp results.<\/title>\n<meta name=\"description\" content=\"Das neue Target-B\u00fcropapier bietet eine umfassende Palette an hochwertigen L\u00f6sungen f\u00fcr den allt\u00e4glichen Bedarf und anspruchsvolle Anwendungen.\" \/>\n<meta name=\"robots\" content=\"index, follow, max-snippet:-1, max-image-preview:large, max-video-preview:-1\" \/>\n<link rel=\"canonical\" href=\"https:\/\/target-paper.com\/de\/\" \/>\n<meta property=\"og:locale\" content=\"de_DE\" \/>\n<meta property=\"og:type\" content=\"article\" \/>\n<meta property=\"og:title\" content=\"Target Papier - High-quality paper. Sharp results.\" \/>\n<meta property=\"og:description\" content=\"Das neue Target-B\u00fcropapier bietet eine umfassende Palette an hochwertigen L\u00f6sungen f\u00fcr den allt\u00e4glichen Bedarf und anspruchsvolle Anwendungen.\" \/>\n<meta property=\"og:url\" content=\"https:\/\/target-paper.com\/de\/\" \/>\n<meta property=\"og:site_name\" content=\"Target Paper\" \/>\n<meta property=\"article:modified_time\" content=\"2021-04-16T12:55:30+00:00\" \/>\n<meta property=\"og:image\" content=\"https:\/\/target-paper.com\/wp-content\/uploads\/2021\/03\/TNC-Target-Website-Images-Home-Hero.jpg\" \/>\n\t<meta property=\"og:image:width\" content=\"1920\" \/>\n\t<meta property=\"og:image:height\" content=\"920\" \/>\n\t<meta property=\"og:image:type\" content=\"image\/jpeg\" \/>\n<meta name=\"twitter:card\" content=\"summary_large_image\" \/>\n<meta name=\"twitter:label1\" content=\"Est. reading time\" \/>\n\t<meta name=\"twitter:data1\" content=\"1 minute\" \/>\n<script type=\"application\/ld+json\" class=\"yoast-schema-graph\">{\"@context\":\"https:\/\/schema.org\",\"@graph\":[{\"@type\":\"WebPage\",\"@id\":\"https:\/\/target-paper.com\/de\/\",\"url\":\"https:\/\/target-paper.com\/de\/\",\"name\":\"Target Papier - High-quality paper. Sharp results.\",\"isPartOf\":{\"@id\":\"https:\/\/target-paper.com\/#website\"},\"primaryImageOfPage\":{\"@id\":\"https:\/\/target-paper.com\/de\/#primaryimage\"},\"image\":{\"@id\":\"https:\/\/target-paper.com\/de\/#primaryimage\"},\"thumbnailUrl\":\"https:\/\/target-paper.com\/wp-content\/uploads\/2021\/03\/TNC-Target-Website-Images-Home-Hero.jpg\",\"datePublished\":\"2021-01-22T16:27:35+00:00\",\"dateModified\":\"2021-04-16T12:55:30+00:00\",\"description\":\"Das neue Target-B\u00fcropapier bietet eine umfassende Palette an hochwertigen L\u00f6sungen f\u00fcr den allt\u00e4glichen Bedarf und anspruchsvolle Anwendungen.\",\"breadcrumb\":{\"@id\":\"https:\/\/target-paper.com\/de\/#breadcrumb\"},\"inLanguage\":\"de-DE\",\"potentialAction\":[{\"@type\":\"ReadAction\",\"target\":[\"https:\/\/target-paper.com\/de\/\"]}]},{\"@type\":\"ImageObject\",\"inLanguage\":\"de-DE\",\"@id\":\"https:\/\/target-paper.com\/de\/#primaryimage\",\"url\":\"https:\/\/target-paper.com\/wp-content\/uploads\/2021\/03\/TNC-Target-Website-Images-Home-Hero.jpg\",\"contentUrl\":\"https:\/\/target-paper.com\/wp-content\/uploads\/2021\/03\/TNC-Target-Website-Images-Home-Hero.jpg\",\"width\":1920,\"height\":920},{\"@type\":\"BreadcrumbList\",\"@id\":\"https:\/\/target-paper.com\/de\/#breadcrumb\",\"itemListElement\":[{\"@type\":\"ListItem\",\"position\":1,\"name\":\"Home\",\"item\":\"https:\/\/target-paper.com\/de\/\"},{\"@type\":\"ListItem\",\"position\":2,\"name\":\"Target Papier\"}]},{\"@type\":\"WebSite\",\"@id\":\"https:\/\/target-paper.com\/#website\",\"url\":\"https:\/\/target-paper.com\/\",\"name\":\"Target Paper\",\"description\":\"High-quality paper. Sharp results.\",\"potentialAction\":[{\"@type\":\"SearchAction\",\"target\":{\"@type\":\"EntryPoint\",\"urlTemplate\":\"https:\/\/target-paper.com\/?s={search_term_string}\"},\"query-input\":{\"@type\":\"PropertyValueSpecification\",\"valueRequired\":true,\"valueName\":\"search_term_string\"}}],\"inLanguage\":\"de-DE\"}]}<\/script>\n<!-- \/ Yoast SEO plugin. -->","yoast_head_json":{"title":"Target Papier - High-quality paper. Sharp results.","description":"Das neue Target-B\u00fcropapier bietet eine umfassende Palette an hochwertigen L\u00f6sungen f\u00fcr den allt\u00e4glichen Bedarf und anspruchsvolle Anwendungen.","robots":{"index":"index","follow":"follow","max-snippet":"max-snippet:-1","max-image-preview":"max-image-preview:large","max-video-preview":"max-video-preview:-1"},"canonical":"https:\/\/target-paper.com\/de\/","og_locale":"de_DE","og_type":"article","og_title":"Target Papier - High-quality paper. Sharp results.","og_description":"Das neue Target-B\u00fcropapier bietet eine umfassende Palette an hochwertigen L\u00f6sungen f\u00fcr den allt\u00e4glichen Bedarf und anspruchsvolle Anwendungen.","og_url":"https:\/\/target-paper.com\/de\/","og_site_name":"Target Paper","article_modified_time":"2021-04-16T12:55:30+00:00","og_image":[{"width":1920,"height":920,"url":"https:\/\/target-paper.com\/wp-content\/uploads\/2021\/03\/TNC-Target-Website-Images-Home-Hero.jpg","type":"image\/jpeg"}],"twitter_card":"summary_large_image","twitter_misc":{"Est. reading time":"1 minute"},"schema":{"@context":"https:\/\/schema.org","@graph":[{"@type":"WebPage","@id":"https:\/\/target-paper.com\/de\/","url":"https:\/\/target-paper.com\/de\/","name":"Target Papier - High-quality paper. Sharp results.","isPartOf":{"@id":"https:\/\/target-paper.com\/#website"},"primaryImageOfPage":{"@id":"https:\/\/target-paper.com\/de\/#primaryimage"},"image":{"@id":"https:\/\/target-paper.com\/de\/#primaryimage"},"thumbnailUrl":"https:\/\/target-paper.com\/wp-content\/uploads\/2021\/03\/TNC-Target-Website-Images-Home-Hero.jpg","datePublished":"2021-01-22T16:27:35+00:00","dateModified":"2021-04-16T12:55:30+00:00","description":"Das neue Target-B\u00fcropapier bietet eine umfassende Palette an hochwertigen L\u00f6sungen f\u00fcr den allt\u00e4glichen Bedarf und anspruchsvolle Anwendungen.","breadcrumb":{"@id":"https:\/\/target-paper.com\/de\/#breadcrumb"},"inLanguage":"de-DE","potentialAction":[{"@type":"ReadAction","target":["https:\/\/target-paper.com\/de\/"]}]},{"@type":"ImageObject","inLanguage":"de-DE","@id":"https:\/\/target-paper.com\/de\/#primaryimage","url":"https:\/\/target-paper.com\/wp-content\/uploads\/2021\/03\/TNC-Target-Website-Images-Home-Hero.jpg","contentUrl":"https:\/\/target-paper.com\/wp-content\/uploads\/2021\/03\/TNC-Target-Website-Images-Home-Hero.jpg","width":1920,"height":920},{"@type":"BreadcrumbList","@id":"https:\/\/target-paper.com\/de\/#breadcrumb","itemListElement":[{"@type":"ListItem","position":1,"name":"Home","item":"https:\/\/target-paper.com\/de\/"},{"@type":"ListItem","position":2,"name":"Target Papier"}]},{"@type":"WebSite","@id":"https:\/\/target-paper.com\/#website","url":"https:\/\/target-paper.com\/","name":"Target Paper","description":"High-quality paper. Sharp results.","potentialAction":[{"@type":"SearchAction","target":{"@type":"EntryPoint","urlTemplate":"https:\/\/target-paper.com\/?s={search_term_string}"},"query-input":{"@type":"PropertyValueSpecification","valueRequired":true,"valueName":"search_term_string"}}],"inLanguage":"de-DE"}]}},"_links":{"self":[{"href":"https:\/\/target-paper.com\/de\/wp-json\/wp\/v2\/pages\/2807","targetHints":{"allow":["GET"]}}],"collection":[{"href":"https:\/\/target-paper.com\/de\/wp-json\/wp\/v2\/pages"}],"about":[{"href":"https:\/\/target-paper.com\/de\/wp-json\/wp\/v2\/types\/page"}],"author":[{"embeddable":true,"href":"https:\/\/target-paper.com\/de\/wp-json\/wp\/v2\/users\/3"}],"replies":[{"embeddable":true,"href":"https:\/\/target-paper.com\/de\/wp-json\/wp\/v2\/comments?post=2807"}],"version-history":[{"count":0,"href":"https:\/\/target-paper.com\/de\/wp-json\/wp\/v2\/pages\/2807\/revisions"}],"wp:featuredmedia":[{"embeddable":true,"href":"https:\/\/target-paper.com\/de\/wp-json\/wp\/v2\/media\/2677"}],"wp:attachment":[{"href":"https:\/\/target-paper.com\/de\/wp-json\/wp\/v2\/media?parent=2807"}],"curies":[{"name":"wp","href":"https:\/\/api.w.org\/{rel}","templated":true}]}}