{"id":2832,"date":"2021-02-26T18:03:18","date_gmt":"2021-02-26T18:03:18","guid":{"rendered":"http:\/\/target-paper.com\/cookies-policy\/"},"modified":"2021-04-16T14:19:03","modified_gmt":"2021-04-16T13:19:03","slug":"cookie-richtlinie","status":"publish","type":"page","link":"https:\/\/target-paper.com\/de\/cookie-richtlinie\/","title":{"rendered":"Cookie-Richtlinie"},"content":{"rendered":"<h5>WAS SIND COOKIES?<\/h5>\n<p>\u201eCookies\u201c sind kleine Textdateien, die auf Ihrem Computer oder mobilen Ger\u00e4t \u00fcber den Internetbrowser gespeichert werden. Dabei werden nur Informationen \u00fcber Ihre Vorlieben und keine personenbezogenen Daten erfasst. Mit Hilfe der Cookies kann die Website das Ger\u00e4t wiedererkennen, wenn sie der Benutzer das n\u00e4chste Mal besucht.<\/p>\n<p>Der Begriff \u201eCookies\u201c bezeichnet in dieser Richtlinie alle Dateien, die auf diese Weise Informationen sammeln.<\/p>\n<p>Die verwendeten Cookies erfassen keine Daten, mit denen Benutzer identifiziert werden k\u00f6nnten. Cookies sammeln allgemeine Informationen wie etwa wie Benutzer auf die Website zugegriffen haben oder die Region(en) des Landes, von der (denen) aus sie auf die Website zugegriffen haben usw.<\/p>\n<p>Cookies sammeln ausschlie\u00dflich Informationen hinsichtlich Ihrer Vorlieben. Benutzer k\u00f6nnen jederzeit \u00fcber Ihren Webbrowser entscheiden, \u00fcber den Erhalt von Cookies benachrichtigt zu werden oder Cookies zu blockieren, damit sie nicht auf ihrem System gespeichert werden.<\/p>\n<p>Wenn Benutzer die Annahme von Cookies auf einer Website verweigern, kann dies dazu f\u00fchren, dass sie auf bestimmte Bereiche nicht zugreifen k\u00f6nnen oder keine individualisierten Informationen erhalten.<\/p>\n<h5>WOZU WERDEN COOKIES VERWENDET?<\/h5>\n<p>Cookies tragen dazu bei, die N\u00fctzlichkeit, das Interesse an und die Anzahl von Benutzungen der Website zu bestimmen, auf der sie gespeichert sind. Sie erm\u00f6glichen es den Benutzern, schneller und effizienter zu navigieren und machen es \u00fcberfl\u00fcssig, dass man dieselben Informationen st\u00e4ndig erneut eingeben muss.<\/p>\n<h5>ARTEN VON COOKIES:<\/h5>\n<p><strong>Persistente Cookies: <\/strong>Sie werden f\u00fcr einen unterschiedlichen Zeitraum im Internet-Browser und auf Ger\u00e4ten (PC, Mobiltelefon, Tablet) gespeichert und werden jedes Mal verwendet, wenn der Benutzer die Website besucht. Sie werden im Allgemeinen dazu verwendet, das Durchst\u00f6bern der Website nach den Interessen des Benutzers auszurichten und erm\u00f6glichen es uns, einen pers\u00f6nlicher gestalteten Service bereitzustellen.<\/p>\n<p><strong>Sitzungscookies: <\/strong>Sie sind tempor\u00e4r und werden im \u201eCookies\u201c-Ordner Ihres Browsers nur so lange gespeichert, bis Sie die Website verlassen. Die Daten, die sie erfassen, erm\u00f6glichen es, Probleme zu ermitteln und sie f\u00fchren zu einem besseren Navigationserlebnis.<\/p>\n<h5>WIE KANN ICH COOKIES VERWALTEN?<\/h5>\n<p>Wie wir bereits erkl\u00e4rt haben, helfen Ihnen Cookies, das Beste aus unseren Websites herauszuholen.<\/p>\n<p>Alle Internet-Browser bieten Benutzern die M\u00f6glichkeit, Cookies anzunehmen, abzulehnen oder zu l\u00f6schen. Dazu brauchen Sie nur die entsprechenden Einstellungen an Ihrem Internet-Browser vorzunehmen.<\/p>\n<p>Selbst nachdem Sie Cookies angenommen haben, k\u00f6nnen Benutzer jederzeit einige oder alle unserer Cookies deaktivieren. Folgen Sie dazu den Anweisungen unten:<\/p>\n<ul>\n<li><a href=\"\/\/windows.microsoft.com\/en-us\/windows-vista\/Block-or-allow-cookies\" target=\"_blank\" rel=\"noopener\">Internet Explorer<\/a><\/li>\n<li><a href=\"\/\/windows.microsoft.com\/en-us\/windows-vista\/Block-or-allow-cookies\" target=\"_blank\" rel=\"noopener\">Mozilla Firefox <\/a><\/li>\n<li><a href=\"\/\/support.google.com\/chrome\/answer\/95647?hl=en&amp;topic=14666&amp;ctx=topic\" target=\"_blank\" rel=\"noopener\">Chrome<\/a><\/li>\n<li><a href=\"\/\/support.apple.com\/kb\/HT1677?viewlocale=en_US\" target=\"_blank\" rel=\"noopener\">Safari Web and iOS<\/a><\/li>\n<li>F\u00fcr andere Internet-Browser suchen Sie bitte im Hilfemen\u00fc oder wenden Sie sich an den Hersteller Ihres Internet-Browsers.<\/li>\n<\/ul>\n<p>HINWEIS: Einige Seiten funktionieren m\u00f6glicherweise nicht richtig, wenn Sie Cookies deaktivieren.<\/p>\n<h5>LINKS<\/h5>\n<p>F\u00fcr weitere Informationen \u00fcber Cookies und ihre Verwendung raten wir Ihnen, folgenden Link zu konsultieren:<\/p>\n<p><a href=\"http:\/\/www.allaboutcookies.org\" target=\"_blank\" rel=\"noopener\">www.allaboutcookies.org<\/a><\/p>\n","protected":false},"excerpt":{"rendered":"<p>WAS SIND COOKIES? \u201eCookies\u201c sind kleine Textdateien, die auf Ihrem Computer oder mobilen Ger\u00e4t \u00fcber den Internetbrowser gespeichert werden. Dabei werden nur Informationen \u00fcber Ihre Vorlieben und keine personenbezogenen Daten erfasst. Mit Hilfe der Cookies kann die Website das Ger\u00e4t wiedererkennen, wenn sie der Benutzer das n\u00e4chste Mal besucht. Der Begriff \u201eCookies\u201c bezeichnet in dieser [&hellip;]<\/p>\n","protected":false},"author":3,"featured_media":0,"parent":0,"menu_order":0,"comment_status":"closed","ping_status":"closed","template":"templates\/raw.php","meta":{"inline_featured_image":false,"footnotes":""},"class_list":["post-2832","page","type-page","status-publish","hentry"],"yoast_head":"<!-- This site is optimized with the Yoast SEO plugin v26.8 - https:\/\/yoast.com\/product\/yoast-seo-wordpress\/ -->\n<title>Cookie-Richtlinie - Target Paper<\/title>\n<meta name=\"robots\" content=\"index, follow, max-snippet:-1, max-image-preview:large, max-video-preview:-1\" \/>\n<link rel=\"canonical\" href=\"https:\/\/target-paper.com\/de\/cookie-richtlinie\/\" \/>\n<meta property=\"og:locale\" content=\"de_DE\" \/>\n<meta property=\"og:type\" content=\"article\" \/>\n<meta property=\"og:title\" content=\"Cookie-Richtlinie - Target Paper\" \/>\n<meta property=\"og:description\" content=\"WAS SIND COOKIES? \u201eCookies\u201c sind kleine Textdateien, die auf Ihrem Computer oder mobilen Ger\u00e4t \u00fcber den Internetbrowser gespeichert werden. Dabei werden nur Informationen \u00fcber Ihre Vorlieben und keine personenbezogenen Daten erfasst. Mit Hilfe der Cookies kann die Website das Ger\u00e4t wiedererkennen, wenn sie der Benutzer das n\u00e4chste Mal besucht. Der Begriff \u201eCookies\u201c bezeichnet in dieser [&hellip;]\" \/>\n<meta property=\"og:url\" content=\"https:\/\/target-paper.com\/de\/cookie-richtlinie\/\" \/>\n<meta property=\"og:site_name\" content=\"Target Paper\" \/>\n<meta property=\"article:modified_time\" content=\"2021-04-16T13:19:03+00:00\" \/>\n<meta name=\"twitter:card\" content=\"summary_large_image\" \/>\n<meta name=\"twitter:label1\" content=\"Est. reading time\" \/>\n\t<meta name=\"twitter:data1\" content=\"2 minutes\" \/>\n<script type=\"application\/ld+json\" class=\"yoast-schema-graph\">{\"@context\":\"https:\/\/schema.org\",\"@graph\":[{\"@type\":\"WebPage\",\"@id\":\"https:\/\/target-paper.com\/de\/cookie-richtlinie\/\",\"url\":\"https:\/\/target-paper.com\/de\/cookie-richtlinie\/\",\"name\":\"Cookie-Richtlinie - Target Paper\",\"isPartOf\":{\"@id\":\"https:\/\/target-paper.com\/#website\"},\"datePublished\":\"2021-02-26T18:03:18+00:00\",\"dateModified\":\"2021-04-16T13:19:03+00:00\",\"breadcrumb\":{\"@id\":\"https:\/\/target-paper.com\/de\/cookie-richtlinie\/#breadcrumb\"},\"inLanguage\":\"de-DE\",\"potentialAction\":[{\"@type\":\"ReadAction\",\"target\":[\"https:\/\/target-paper.com\/de\/cookie-richtlinie\/\"]}]},{\"@type\":\"BreadcrumbList\",\"@id\":\"https:\/\/target-paper.com\/de\/cookie-richtlinie\/#breadcrumb\",\"itemListElement\":[{\"@type\":\"ListItem\",\"position\":1,\"name\":\"Home\",\"item\":\"https:\/\/target-paper.com\/de\/\"},{\"@type\":\"ListItem\",\"position\":2,\"name\":\"Cookie-Richtlinie\"}]},{\"@type\":\"WebSite\",\"@id\":\"https:\/\/target-paper.com\/#website\",\"url\":\"https:\/\/target-paper.com\/\",\"name\":\"Target Paper\",\"description\":\"High-quality paper. Sharp results.\",\"potentialAction\":[{\"@type\":\"SearchAction\",\"target\":{\"@type\":\"EntryPoint\",\"urlTemplate\":\"https:\/\/target-paper.com\/?s={search_term_string}\"},\"query-input\":{\"@type\":\"PropertyValueSpecification\",\"valueRequired\":true,\"valueName\":\"search_term_string\"}}],\"inLanguage\":\"de-DE\"}]}<\/script>\n<!-- \/ Yoast SEO plugin. -->","yoast_head_json":{"title":"Cookie-Richtlinie - Target Paper","robots":{"index":"index","follow":"follow","max-snippet":"max-snippet:-1","max-image-preview":"max-image-preview:large","max-video-preview":"max-video-preview:-1"},"canonical":"https:\/\/target-paper.com\/de\/cookie-richtlinie\/","og_locale":"de_DE","og_type":"article","og_title":"Cookie-Richtlinie - Target Paper","og_description":"WAS SIND COOKIES? \u201eCookies\u201c sind kleine Textdateien, die auf Ihrem Computer oder mobilen Ger\u00e4t \u00fcber den Internetbrowser gespeichert werden. Dabei werden nur Informationen \u00fcber Ihre Vorlieben und keine personenbezogenen Daten erfasst. Mit Hilfe der Cookies kann die Website das Ger\u00e4t wiedererkennen, wenn sie der Benutzer das n\u00e4chste Mal besucht. Der Begriff \u201eCookies\u201c bezeichnet in dieser [&hellip;]","og_url":"https:\/\/target-paper.com\/de\/cookie-richtlinie\/","og_site_name":"Target Paper","article_modified_time":"2021-04-16T13:19:03+00:00","twitter_card":"summary_large_image","twitter_misc":{"Est. reading time":"2 minutes"},"schema":{"@context":"https:\/\/schema.org","@graph":[{"@type":"WebPage","@id":"https:\/\/target-paper.com\/de\/cookie-richtlinie\/","url":"https:\/\/target-paper.com\/de\/cookie-richtlinie\/","name":"Cookie-Richtlinie - Target Paper","isPartOf":{"@id":"https:\/\/target-paper.com\/#website"},"datePublished":"2021-02-26T18:03:18+00:00","dateModified":"2021-04-16T13:19:03+00:00","breadcrumb":{"@id":"https:\/\/target-paper.com\/de\/cookie-richtlinie\/#breadcrumb"},"inLanguage":"de-DE","potentialAction":[{"@type":"ReadAction","target":["https:\/\/target-paper.com\/de\/cookie-richtlinie\/"]}]},{"@type":"BreadcrumbList","@id":"https:\/\/target-paper.com\/de\/cookie-richtlinie\/#breadcrumb","itemListElement":[{"@type":"ListItem","position":1,"name":"Home","item":"https:\/\/target-paper.com\/de\/"},{"@type":"ListItem","position":2,"name":"Cookie-Richtlinie"}]},{"@type":"WebSite","@id":"https:\/\/target-paper.com\/#website","url":"https:\/\/target-paper.com\/","name":"Target Paper","description":"High-quality paper. Sharp results.","potentialAction":[{"@type":"SearchAction","target":{"@type":"EntryPoint","urlTemplate":"https:\/\/target-paper.com\/?s={search_term_string}"},"query-input":{"@type":"PropertyValueSpecification","valueRequired":true,"valueName":"search_term_string"}}],"inLanguage":"de-DE"}]}},"_links":{"self":[{"href":"https:\/\/target-paper.com\/de\/wp-json\/wp\/v2\/pages\/2832","targetHints":{"allow":["GET"]}}],"collection":[{"href":"https:\/\/target-paper.com\/de\/wp-json\/wp\/v2\/pages"}],"about":[{"href":"https:\/\/target-paper.com\/de\/wp-json\/wp\/v2\/types\/page"}],"author":[{"embeddable":true,"href":"https:\/\/target-paper.com\/de\/wp-json\/wp\/v2\/users\/3"}],"replies":[{"embeddable":true,"href":"https:\/\/target-paper.com\/de\/wp-json\/wp\/v2\/comments?post=2832"}],"version-history":[{"count":0,"href":"https:\/\/target-paper.com\/de\/wp-json\/wp\/v2\/pages\/2832\/revisions"}],"wp:attachment":[{"href":"https:\/\/target-paper.com\/de\/wp-json\/wp\/v2\/media?parent=2832"}],"curies":[{"name":"wp","href":"https:\/\/api.w.org\/{rel}","templated":true}]}}