{"id":2837,"date":"2021-02-25T16:06:11","date_gmt":"2021-02-25T16:06:11","guid":{"rendered":"http:\/\/target-paper.com\/plus\/"},"modified":"2021-11-05T19:52:31","modified_gmt":"2021-11-05T19:52:31","slug":"plus","status":"publish","type":"page","link":"https:\/\/target-paper.com\/de\/plus\/","title":{"rendered":"Plus"},"content":{"rendered":"<h1 class=\"big\">Gro\u00dfe Pl\u00e4ne.<br \/>\n\u00dcberzeugende Ergebnisse.<\/h1>\n<h5>Mit Target Plus kommen Sie in den Genuss der h\u00f6chsten Offsetdruckqualit\u00e4t.<\/h5>\n<p>Entdecken Sie mehrere Offsetdruck- und Pre-Print-Optionen, die Ihre anspruchsvollsten und beeindruckendsten Projekte zum Leben erwecken.<\/p>\n<p><a class=\"btn btn--outline btn--white\" href=\"https:\/\/target-paper.com\/de\/plus\/ueber\/leistung-und-ergebnisse\/\">Mehr erfahren<\/a> <a class=\"btn btn--white\" href=\"https:\/\/target-paper.com\/de\/plus\/hier-erhaeltlich\/haendler\/\">Hier erh\u00e4ltlich<\/a><\/p>\n","protected":false},"excerpt":{"rendered":"<p>Gro\u00dfe Pl\u00e4ne. \u00dcberzeugende Ergebnisse. Mit Target Plus kommen Sie in den Genuss der h\u00f6chsten Offsetdruckqualit\u00e4t. Entdecken Sie mehrere Offsetdruck- und Pre-Print-Optionen, die Ihre anspruchsvollsten und beeindruckendsten Projekte zum Leben erwecken. Mehr erfahren Hier erh\u00e4ltlich<\/p>\n","protected":false},"author":3,"featured_media":2517,"parent":0,"menu_order":0,"comment_status":"closed","ping_status":"closed","template":"","meta":{"inline_featured_image":false,"footnotes":""},"class_list":["post-2837","page","type-page","status-publish","has-post-thumbnail","hentry"],"yoast_head":"<!-- This site is optimized with the Yoast SEO plugin v26.8 - https:\/\/yoast.com\/product\/yoast-seo-wordpress\/ -->\n<title>Target Plus - Gro\u00dfe Pl\u00e4ne.\u00dcberzeugende Ergebnisse.<\/title>\n<meta name=\"description\" content=\"Target Plus-Papier bietet mehrere Offsetdruck- und Pre-Print-Optionen. Damit kommen Sie in den Genuss der optimalen Offsetdruckqualit\u00e4t f\u00fcr ihre wirkungsvollsten Projekte.\" \/>\n<meta name=\"robots\" content=\"index, follow, max-snippet:-1, max-image-preview:large, max-video-preview:-1\" \/>\n<link rel=\"canonical\" href=\"https:\/\/target-paper.com\/de\/plus\/\" \/>\n<meta property=\"og:locale\" content=\"de_DE\" \/>\n<meta property=\"og:type\" content=\"article\" \/>\n<meta property=\"og:title\" content=\"Target Plus - Gro\u00dfe Pl\u00e4ne.\u00dcberzeugende Ergebnisse.\" \/>\n<meta property=\"og:description\" content=\"Target Plus-Papier bietet mehrere Offsetdruck- und Pre-Print-Optionen. Damit kommen Sie in den Genuss der optimalen Offsetdruckqualit\u00e4t f\u00fcr ihre wirkungsvollsten Projekte.\" \/>\n<meta property=\"og:url\" content=\"https:\/\/target-paper.com\/de\/plus\/\" \/>\n<meta property=\"og:site_name\" content=\"Target Paper\" \/>\n<meta property=\"article:modified_time\" content=\"2021-11-05T19:52:31+00:00\" \/>\n<meta property=\"og:image\" content=\"http:\/\/192.168.2.3\/wp-content\/uploads\/2021\/04\/TNC-Target-Website-Featured-Plus.jpg\" \/>\n\t<meta property=\"og:image:width\" content=\"1024\" \/>\n\t<meta property=\"og:image:height\" content=\"768\" \/>\n\t<meta property=\"og:image:type\" content=\"image\/jpeg\" \/>\n<meta name=\"twitter:card\" content=\"summary_large_image\" \/>\n<meta name=\"twitter:label1\" content=\"Est. reading time\" \/>\n\t<meta name=\"twitter:data1\" content=\"1 minute\" \/>\n<script type=\"application\/ld+json\" class=\"yoast-schema-graph\">{\"@context\":\"https:\/\/schema.org\",\"@graph\":[{\"@type\":\"WebPage\",\"@id\":\"https:\/\/target-paper.com\/de\/plus\/\",\"url\":\"https:\/\/target-paper.com\/de\/plus\/\",\"name\":\"Target Plus - Gro\u00dfe Pl\u00e4ne.\u00dcberzeugende Ergebnisse.\",\"isPartOf\":{\"@id\":\"https:\/\/target-paper.com\/#website\"},\"primaryImageOfPage\":{\"@id\":\"https:\/\/target-paper.com\/de\/plus\/#primaryimage\"},\"image\":{\"@id\":\"https:\/\/target-paper.com\/de\/plus\/#primaryimage\"},\"thumbnailUrl\":\"https:\/\/target-paper.com\/wp-content\/uploads\/2021\/02\/TNC-Target-PLUS-Illustration-1.jpg\",\"datePublished\":\"2021-02-25T16:06:11+00:00\",\"dateModified\":\"2021-11-05T19:52:31+00:00\",\"description\":\"Target Plus-Papier bietet mehrere Offsetdruck- und Pre-Print-Optionen. Damit kommen Sie in den Genuss der optimalen Offsetdruckqualit\u00e4t f\u00fcr ihre wirkungsvollsten Projekte.\",\"breadcrumb\":{\"@id\":\"https:\/\/target-paper.com\/de\/plus\/#breadcrumb\"},\"inLanguage\":\"de-DE\",\"potentialAction\":[{\"@type\":\"ReadAction\",\"target\":[\"https:\/\/target-paper.com\/de\/plus\/\"]}]},{\"@type\":\"ImageObject\",\"inLanguage\":\"de-DE\",\"@id\":\"https:\/\/target-paper.com\/de\/plus\/#primaryimage\",\"url\":\"https:\/\/target-paper.com\/wp-content\/uploads\/2021\/02\/TNC-Target-PLUS-Illustration-1.jpg\",\"contentUrl\":\"https:\/\/target-paper.com\/wp-content\/uploads\/2021\/02\/TNC-Target-PLUS-Illustration-1.jpg\",\"width\":1920,\"height\":1080},{\"@type\":\"BreadcrumbList\",\"@id\":\"https:\/\/target-paper.com\/de\/plus\/#breadcrumb\",\"itemListElement\":[{\"@type\":\"ListItem\",\"position\":1,\"name\":\"Home\",\"item\":\"https:\/\/target-paper.com\/de\/\"},{\"@type\":\"ListItem\",\"position\":2,\"name\":\"Plus\"}]},{\"@type\":\"WebSite\",\"@id\":\"https:\/\/target-paper.com\/#website\",\"url\":\"https:\/\/target-paper.com\/\",\"name\":\"Target Paper\",\"description\":\"High-quality paper. Sharp results.\",\"potentialAction\":[{\"@type\":\"SearchAction\",\"target\":{\"@type\":\"EntryPoint\",\"urlTemplate\":\"https:\/\/target-paper.com\/?s={search_term_string}\"},\"query-input\":{\"@type\":\"PropertyValueSpecification\",\"valueRequired\":true,\"valueName\":\"search_term_string\"}}],\"inLanguage\":\"de-DE\"}]}<\/script>\n<!-- \/ Yoast SEO plugin. -->","yoast_head_json":{"title":"Target Plus - Gro\u00dfe Pl\u00e4ne.\u00dcberzeugende Ergebnisse.","description":"Target Plus-Papier bietet mehrere Offsetdruck- und Pre-Print-Optionen. Damit kommen Sie in den Genuss der optimalen Offsetdruckqualit\u00e4t f\u00fcr ihre wirkungsvollsten Projekte.","robots":{"index":"index","follow":"follow","max-snippet":"max-snippet:-1","max-image-preview":"max-image-preview:large","max-video-preview":"max-video-preview:-1"},"canonical":"https:\/\/target-paper.com\/de\/plus\/","og_locale":"de_DE","og_type":"article","og_title":"Target Plus - Gro\u00dfe Pl\u00e4ne.\u00dcberzeugende Ergebnisse.","og_description":"Target Plus-Papier bietet mehrere Offsetdruck- und Pre-Print-Optionen. Damit kommen Sie in den Genuss der optimalen Offsetdruckqualit\u00e4t f\u00fcr ihre wirkungsvollsten Projekte.","og_url":"https:\/\/target-paper.com\/de\/plus\/","og_site_name":"Target Paper","article_modified_time":"2021-11-05T19:52:31+00:00","og_image":[{"width":1024,"height":768,"url":"http:\/\/192.168.2.3\/wp-content\/uploads\/2021\/04\/TNC-Target-Website-Featured-Plus.jpg","type":"image\/jpeg"}],"twitter_card":"summary_large_image","twitter_misc":{"Est. reading time":"1 minute"},"schema":{"@context":"https:\/\/schema.org","@graph":[{"@type":"WebPage","@id":"https:\/\/target-paper.com\/de\/plus\/","url":"https:\/\/target-paper.com\/de\/plus\/","name":"Target Plus - Gro\u00dfe Pl\u00e4ne.\u00dcberzeugende Ergebnisse.","isPartOf":{"@id":"https:\/\/target-paper.com\/#website"},"primaryImageOfPage":{"@id":"https:\/\/target-paper.com\/de\/plus\/#primaryimage"},"image":{"@id":"https:\/\/target-paper.com\/de\/plus\/#primaryimage"},"thumbnailUrl":"https:\/\/target-paper.com\/wp-content\/uploads\/2021\/02\/TNC-Target-PLUS-Illustration-1.jpg","datePublished":"2021-02-25T16:06:11+00:00","dateModified":"2021-11-05T19:52:31+00:00","description":"Target Plus-Papier bietet mehrere Offsetdruck- und Pre-Print-Optionen. Damit kommen Sie in den Genuss der optimalen Offsetdruckqualit\u00e4t f\u00fcr ihre wirkungsvollsten Projekte.","breadcrumb":{"@id":"https:\/\/target-paper.com\/de\/plus\/#breadcrumb"},"inLanguage":"de-DE","potentialAction":[{"@type":"ReadAction","target":["https:\/\/target-paper.com\/de\/plus\/"]}]},{"@type":"ImageObject","inLanguage":"de-DE","@id":"https:\/\/target-paper.com\/de\/plus\/#primaryimage","url":"https:\/\/target-paper.com\/wp-content\/uploads\/2021\/02\/TNC-Target-PLUS-Illustration-1.jpg","contentUrl":"https:\/\/target-paper.com\/wp-content\/uploads\/2021\/02\/TNC-Target-PLUS-Illustration-1.jpg","width":1920,"height":1080},{"@type":"BreadcrumbList","@id":"https:\/\/target-paper.com\/de\/plus\/#breadcrumb","itemListElement":[{"@type":"ListItem","position":1,"name":"Home","item":"https:\/\/target-paper.com\/de\/"},{"@type":"ListItem","position":2,"name":"Plus"}]},{"@type":"WebSite","@id":"https:\/\/target-paper.com\/#website","url":"https:\/\/target-paper.com\/","name":"Target Paper","description":"High-quality paper. Sharp results.","potentialAction":[{"@type":"SearchAction","target":{"@type":"EntryPoint","urlTemplate":"https:\/\/target-paper.com\/?s={search_term_string}"},"query-input":{"@type":"PropertyValueSpecification","valueRequired":true,"valueName":"search_term_string"}}],"inLanguage":"de-DE"}]}},"_links":{"self":[{"href":"https:\/\/target-paper.com\/de\/wp-json\/wp\/v2\/pages\/2837","targetHints":{"allow":["GET"]}}],"collection":[{"href":"https:\/\/target-paper.com\/de\/wp-json\/wp\/v2\/pages"}],"about":[{"href":"https:\/\/target-paper.com\/de\/wp-json\/wp\/v2\/types\/page"}],"author":[{"embeddable":true,"href":"https:\/\/target-paper.com\/de\/wp-json\/wp\/v2\/users\/3"}],"replies":[{"embeddable":true,"href":"https:\/\/target-paper.com\/de\/wp-json\/wp\/v2\/comments?post=2837"}],"version-history":[{"count":0,"href":"https:\/\/target-paper.com\/de\/wp-json\/wp\/v2\/pages\/2837\/revisions"}],"wp:featuredmedia":[{"embeddable":true,"href":"https:\/\/target-paper.com\/de\/wp-json\/wp\/v2\/media\/2517"}],"wp:attachment":[{"href":"https:\/\/target-paper.com\/de\/wp-json\/wp\/v2\/media?parent=2837"}],"curies":[{"name":"wp","href":"https:\/\/api.w.org\/{rel}","templated":true}]}}