{"id":2848,"date":"2021-03-01T17:12:44","date_gmt":"2021-03-01T17:12:44","guid":{"rendered":"http:\/\/target-paper.com\/plus\/about\/empowering-businesses\/"},"modified":"2021-04-16T14:42:35","modified_gmt":"2021-04-16T13:42:35","slug":"staerkung-von-unternehmen","status":"publish","type":"page","link":"https:\/\/target-paper.com\/de\/plus\/ueber\/staerkung-von-unternehmen\/","title":{"rendered":"St\u00e4rkung von Unternehmen"},"content":{"rendered":"<h1>St\u00e4rkung von Unternehmen.<\/h1>\n<h5>Das Gesch\u00e4ftsumfeld ver\u00e4ndert sich ebenso wie die Welt um uns herum.<\/h5>\n<p style=\"letter-spacing: -0.01em;\">Heute legen Teamwork und Teamkompetenzen den Grundstein f\u00fcr eine nachhaltige Zukunft. Dieses Ziel l\u00e4sst sich nur erreichen, wenn alle Mitarbeiter im Unternehmen wie eine gut ge\u00f6lte Maschine zusammenarbeiten. Daher m\u00fcssen sie unbedingt mit den richtigen Tools ausgestattet sein, um Herausforderungen im Team erfolgreich meistern zu k\u00f6nnen. Beginnend mit dem neuen Target Papier.<\/p>\n","protected":false},"excerpt":{"rendered":"<p>St\u00e4rkung von Unternehmen. Das Gesch\u00e4ftsumfeld ver\u00e4ndert sich ebenso wie die Welt um uns herum. Heute legen Teamwork und Teamkompetenzen den Grundstein f\u00fcr eine nachhaltige Zukunft. Dieses Ziel l\u00e4sst sich nur erreichen, wenn alle Mitarbeiter im Unternehmen wie eine gut ge\u00f6lte Maschine zusammenarbeiten. Daher m\u00fcssen sie unbedingt mit den richtigen Tools ausgestattet sein, um Herausforderungen im [&hellip;]<\/p>\n","protected":false},"author":3,"featured_media":0,"parent":2842,"menu_order":0,"comment_status":"closed","ping_status":"closed","template":"","meta":{"inline_featured_image":false,"footnotes":""},"class_list":["post-2848","page","type-page","status-publish","hentry"],"yoast_head":"<!-- This site is optimized with the Yoast SEO plugin v26.8 - https:\/\/yoast.com\/product\/yoast-seo-wordpress\/ -->\n<title>St\u00e4rkung von Unternehmen - Target Plus Paper<\/title>\n<meta name=\"description\" content=\"Teams m\u00fcssen unbedingt mit den richtigen Tools ausgestattet sein, um Herausforderungen gemeinsam meistern zu k\u00f6nnen. Beginnend mit dem neuen Target Papier.\" \/>\n<meta name=\"robots\" content=\"index, follow, max-snippet:-1, max-image-preview:large, max-video-preview:-1\" \/>\n<link rel=\"canonical\" href=\"https:\/\/target-paper.com\/de\/plus\/ueber\/staerkung-von-unternehmen\/\" \/>\n<meta property=\"og:locale\" content=\"de_DE\" \/>\n<meta property=\"og:type\" content=\"article\" \/>\n<meta property=\"og:title\" content=\"St\u00e4rkung von Unternehmen - Target Plus Paper\" \/>\n<meta property=\"og:description\" content=\"Teams m\u00fcssen unbedingt mit den richtigen Tools ausgestattet sein, um Herausforderungen gemeinsam meistern zu k\u00f6nnen. Beginnend mit dem neuen Target Papier.\" \/>\n<meta property=\"og:url\" content=\"https:\/\/target-paper.com\/de\/plus\/ueber\/staerkung-von-unternehmen\/\" \/>\n<meta property=\"og:site_name\" content=\"Target Paper\" \/>\n<meta property=\"article:modified_time\" content=\"2021-04-16T13:42:35+00:00\" \/>\n<meta name=\"twitter:card\" content=\"summary_large_image\" \/>\n<meta name=\"twitter:label1\" content=\"Est. reading time\" \/>\n\t<meta name=\"twitter:data1\" content=\"1 minute\" \/>\n<script type=\"application\/ld+json\" class=\"yoast-schema-graph\">{\"@context\":\"https:\/\/schema.org\",\"@graph\":[{\"@type\":\"WebPage\",\"@id\":\"https:\/\/target-paper.com\/de\/plus\/ueber\/staerkung-von-unternehmen\/\",\"url\":\"https:\/\/target-paper.com\/de\/plus\/ueber\/staerkung-von-unternehmen\/\",\"name\":\"St\u00e4rkung von Unternehmen - Target Plus Paper\",\"isPartOf\":{\"@id\":\"https:\/\/target-paper.com\/#website\"},\"datePublished\":\"2021-03-01T17:12:44+00:00\",\"dateModified\":\"2021-04-16T13:42:35+00:00\",\"description\":\"Teams m\u00fcssen unbedingt mit den richtigen Tools ausgestattet sein, um Herausforderungen gemeinsam meistern zu k\u00f6nnen. Beginnend mit dem neuen Target Papier.\",\"breadcrumb\":{\"@id\":\"https:\/\/target-paper.com\/de\/plus\/ueber\/staerkung-von-unternehmen\/#breadcrumb\"},\"inLanguage\":\"de-DE\",\"potentialAction\":[{\"@type\":\"ReadAction\",\"target\":[\"https:\/\/target-paper.com\/de\/plus\/ueber\/staerkung-von-unternehmen\/\"]}]},{\"@type\":\"BreadcrumbList\",\"@id\":\"https:\/\/target-paper.com\/de\/plus\/ueber\/staerkung-von-unternehmen\/#breadcrumb\",\"itemListElement\":[{\"@type\":\"ListItem\",\"position\":1,\"name\":\"Home\",\"item\":\"https:\/\/target-paper.com\/de\/\"},{\"@type\":\"ListItem\",\"position\":2,\"name\":\"Plus\",\"item\":\"http:\/\/192.168.2.3\/plus\/\"},{\"@type\":\"ListItem\",\"position\":3,\"name\":\"\u00dcber\",\"item\":\"https:\/\/target-paper.com\/de\/plus\/about\/\"},{\"@type\":\"ListItem\",\"position\":4,\"name\":\"St\u00e4rkung von Unternehmen\"}]},{\"@type\":\"WebSite\",\"@id\":\"https:\/\/target-paper.com\/#website\",\"url\":\"https:\/\/target-paper.com\/\",\"name\":\"Target Paper\",\"description\":\"High-quality paper. Sharp results.\",\"potentialAction\":[{\"@type\":\"SearchAction\",\"target\":{\"@type\":\"EntryPoint\",\"urlTemplate\":\"https:\/\/target-paper.com\/?s={search_term_string}\"},\"query-input\":{\"@type\":\"PropertyValueSpecification\",\"valueRequired\":true,\"valueName\":\"search_term_string\"}}],\"inLanguage\":\"de-DE\"}]}<\/script>\n<!-- \/ Yoast SEO plugin. -->","yoast_head_json":{"title":"St\u00e4rkung von Unternehmen - Target Plus Paper","description":"Teams m\u00fcssen unbedingt mit den richtigen Tools ausgestattet sein, um Herausforderungen gemeinsam meistern zu k\u00f6nnen. Beginnend mit dem neuen Target Papier.","robots":{"index":"index","follow":"follow","max-snippet":"max-snippet:-1","max-image-preview":"max-image-preview:large","max-video-preview":"max-video-preview:-1"},"canonical":"https:\/\/target-paper.com\/de\/plus\/ueber\/staerkung-von-unternehmen\/","og_locale":"de_DE","og_type":"article","og_title":"St\u00e4rkung von Unternehmen - Target Plus Paper","og_description":"Teams m\u00fcssen unbedingt mit den richtigen Tools ausgestattet sein, um Herausforderungen gemeinsam meistern zu k\u00f6nnen. Beginnend mit dem neuen Target Papier.","og_url":"https:\/\/target-paper.com\/de\/plus\/ueber\/staerkung-von-unternehmen\/","og_site_name":"Target Paper","article_modified_time":"2021-04-16T13:42:35+00:00","twitter_card":"summary_large_image","twitter_misc":{"Est. reading time":"1 minute"},"schema":{"@context":"https:\/\/schema.org","@graph":[{"@type":"WebPage","@id":"https:\/\/target-paper.com\/de\/plus\/ueber\/staerkung-von-unternehmen\/","url":"https:\/\/target-paper.com\/de\/plus\/ueber\/staerkung-von-unternehmen\/","name":"St\u00e4rkung von Unternehmen - Target Plus Paper","isPartOf":{"@id":"https:\/\/target-paper.com\/#website"},"datePublished":"2021-03-01T17:12:44+00:00","dateModified":"2021-04-16T13:42:35+00:00","description":"Teams m\u00fcssen unbedingt mit den richtigen Tools ausgestattet sein, um Herausforderungen gemeinsam meistern zu k\u00f6nnen. Beginnend mit dem neuen Target Papier.","breadcrumb":{"@id":"https:\/\/target-paper.com\/de\/plus\/ueber\/staerkung-von-unternehmen\/#breadcrumb"},"inLanguage":"de-DE","potentialAction":[{"@type":"ReadAction","target":["https:\/\/target-paper.com\/de\/plus\/ueber\/staerkung-von-unternehmen\/"]}]},{"@type":"BreadcrumbList","@id":"https:\/\/target-paper.com\/de\/plus\/ueber\/staerkung-von-unternehmen\/#breadcrumb","itemListElement":[{"@type":"ListItem","position":1,"name":"Home","item":"https:\/\/target-paper.com\/de\/"},{"@type":"ListItem","position":2,"name":"Plus","item":"http:\/\/192.168.2.3\/plus\/"},{"@type":"ListItem","position":3,"name":"\u00dcber","item":"https:\/\/target-paper.com\/de\/plus\/about\/"},{"@type":"ListItem","position":4,"name":"St\u00e4rkung von Unternehmen"}]},{"@type":"WebSite","@id":"https:\/\/target-paper.com\/#website","url":"https:\/\/target-paper.com\/","name":"Target Paper","description":"High-quality paper. Sharp results.","potentialAction":[{"@type":"SearchAction","target":{"@type":"EntryPoint","urlTemplate":"https:\/\/target-paper.com\/?s={search_term_string}"},"query-input":{"@type":"PropertyValueSpecification","valueRequired":true,"valueName":"search_term_string"}}],"inLanguage":"de-DE"}]}},"_links":{"self":[{"href":"https:\/\/target-paper.com\/de\/wp-json\/wp\/v2\/pages\/2848","targetHints":{"allow":["GET"]}}],"collection":[{"href":"https:\/\/target-paper.com\/de\/wp-json\/wp\/v2\/pages"}],"about":[{"href":"https:\/\/target-paper.com\/de\/wp-json\/wp\/v2\/types\/page"}],"author":[{"embeddable":true,"href":"https:\/\/target-paper.com\/de\/wp-json\/wp\/v2\/users\/3"}],"replies":[{"embeddable":true,"href":"https:\/\/target-paper.com\/de\/wp-json\/wp\/v2\/comments?post=2848"}],"version-history":[{"count":0,"href":"https:\/\/target-paper.com\/de\/wp-json\/wp\/v2\/pages\/2848\/revisions"}],"up":[{"embeddable":true,"href":"https:\/\/target-paper.com\/de\/wp-json\/wp\/v2\/pages\/2842"}],"wp:attachment":[{"href":"https:\/\/target-paper.com\/de\/wp-json\/wp\/v2\/media?parent=2848"}],"curies":[{"name":"wp","href":"https:\/\/api.w.org\/{rel}","templated":true}]}}