{"id":2853,"date":"2021-03-01T17:13:20","date_gmt":"2021-03-01T17:13:20","guid":{"rendered":"http:\/\/target-paper.com\/plus\/about\/performance-and-results\/"},"modified":"2021-11-05T20:04:24","modified_gmt":"2021-11-05T20:04:24","slug":"leistung-und-ergebnisse","status":"publish","type":"page","link":"https:\/\/target-paper.com\/de\/plus\/ueber\/leistung-und-ergebnisse\/","title":{"rendered":"Leistung und Ergebnisse"},"content":{"rendered":"<h1>Leistung und Ergebnisse.<\/h1>\n<h5>Was haben alle Target-Produkte gemeinsam?<\/h5>\n<p>Unabh\u00e4ngig von Ihren Gesch\u00e4ftsanforderungen k\u00f6nnen Sie sich immer auf hohe Leistung und optimale Druckqualit\u00e4t verlassen. Dieses multifunktionale Komplettsortiment bietet eine F\u00fclle von Vorteilen.<\/p>\n","protected":false},"excerpt":{"rendered":"<p>Leistung und Ergebnisse. Was haben alle Target-Produkte gemeinsam? Unabh\u00e4ngig von Ihren Gesch\u00e4ftsanforderungen k\u00f6nnen Sie sich immer auf hohe Leistung und optimale Druckqualit\u00e4t verlassen. Dieses multifunktionale Komplettsortiment bietet eine F\u00fclle von Vorteilen.<\/p>\n","protected":false},"author":3,"featured_media":0,"parent":2842,"menu_order":0,"comment_status":"closed","ping_status":"closed","template":"","meta":{"inline_featured_image":false,"footnotes":""},"class_list":["post-2853","page","type-page","status-publish","hentry"],"yoast_head":"<!-- This site is optimized with the Yoast SEO plugin v26.8 - https:\/\/yoast.com\/product\/yoast-seo-wordpress\/ -->\n<title>Leistung und Ergebnisse - Target Plus Paper<\/title>\n<meta name=\"description\" content=\"Mit einem multifunktionalen Komplettsortiment k\u00f6nnen Sie sich immer auf hohe Leistung und optimale Druckergebnisse verlassen.\" \/>\n<meta name=\"robots\" content=\"index, follow, max-snippet:-1, max-image-preview:large, max-video-preview:-1\" \/>\n<link rel=\"canonical\" href=\"https:\/\/target-paper.com\/de\/plus\/ueber\/leistung-und-ergebnisse\/\" \/>\n<meta property=\"og:locale\" content=\"de_DE\" \/>\n<meta property=\"og:type\" content=\"article\" \/>\n<meta property=\"og:title\" content=\"Leistung und Ergebnisse - Target Plus Paper\" \/>\n<meta property=\"og:description\" content=\"Mit einem multifunktionalen Komplettsortiment k\u00f6nnen Sie sich immer auf hohe Leistung und optimale Druckergebnisse verlassen.\" \/>\n<meta property=\"og:url\" content=\"https:\/\/target-paper.com\/de\/plus\/ueber\/leistung-und-ergebnisse\/\" \/>\n<meta property=\"og:site_name\" content=\"Target Paper\" \/>\n<meta property=\"article:modified_time\" content=\"2021-11-05T20:04:24+00:00\" \/>\n<meta name=\"twitter:card\" content=\"summary_large_image\" \/>\n<meta name=\"twitter:label1\" content=\"Est. reading time\" \/>\n\t<meta name=\"twitter:data1\" content=\"1 minute\" \/>\n<script type=\"application\/ld+json\" class=\"yoast-schema-graph\">{\"@context\":\"https:\/\/schema.org\",\"@graph\":[{\"@type\":\"WebPage\",\"@id\":\"https:\/\/target-paper.com\/de\/plus\/ueber\/leistung-und-ergebnisse\/\",\"url\":\"https:\/\/target-paper.com\/de\/plus\/ueber\/leistung-und-ergebnisse\/\",\"name\":\"Leistung und Ergebnisse - Target Plus Paper\",\"isPartOf\":{\"@id\":\"https:\/\/target-paper.com\/#website\"},\"datePublished\":\"2021-03-01T17:13:20+00:00\",\"dateModified\":\"2021-11-05T20:04:24+00:00\",\"description\":\"Mit einem multifunktionalen Komplettsortiment k\u00f6nnen Sie sich immer auf hohe Leistung und optimale Druckergebnisse verlassen.\",\"breadcrumb\":{\"@id\":\"https:\/\/target-paper.com\/de\/plus\/ueber\/leistung-und-ergebnisse\/#breadcrumb\"},\"inLanguage\":\"de-DE\",\"potentialAction\":[{\"@type\":\"ReadAction\",\"target\":[\"https:\/\/target-paper.com\/de\/plus\/ueber\/leistung-und-ergebnisse\/\"]}]},{\"@type\":\"BreadcrumbList\",\"@id\":\"https:\/\/target-paper.com\/de\/plus\/ueber\/leistung-und-ergebnisse\/#breadcrumb\",\"itemListElement\":[{\"@type\":\"ListItem\",\"position\":1,\"name\":\"Home\",\"item\":\"https:\/\/target-paper.com\/de\/\"},{\"@type\":\"ListItem\",\"position\":2,\"name\":\"Plus\",\"item\":\"http:\/\/192.168.2.3\/plus\/\"},{\"@type\":\"ListItem\",\"position\":3,\"name\":\"\u00dcber\",\"item\":\"https:\/\/target-paper.com\/de\/plus\/about\/\"},{\"@type\":\"ListItem\",\"position\":4,\"name\":\"Leistung und Ergebnisse\"}]},{\"@type\":\"WebSite\",\"@id\":\"https:\/\/target-paper.com\/#website\",\"url\":\"https:\/\/target-paper.com\/\",\"name\":\"Target Paper\",\"description\":\"High-quality paper. Sharp results.\",\"potentialAction\":[{\"@type\":\"SearchAction\",\"target\":{\"@type\":\"EntryPoint\",\"urlTemplate\":\"https:\/\/target-paper.com\/?s={search_term_string}\"},\"query-input\":{\"@type\":\"PropertyValueSpecification\",\"valueRequired\":true,\"valueName\":\"search_term_string\"}}],\"inLanguage\":\"de-DE\"}]}<\/script>\n<!-- \/ Yoast SEO plugin. -->","yoast_head_json":{"title":"Leistung und Ergebnisse - Target Plus Paper","description":"Mit einem multifunktionalen Komplettsortiment k\u00f6nnen Sie sich immer auf hohe Leistung und optimale Druckergebnisse verlassen.","robots":{"index":"index","follow":"follow","max-snippet":"max-snippet:-1","max-image-preview":"max-image-preview:large","max-video-preview":"max-video-preview:-1"},"canonical":"https:\/\/target-paper.com\/de\/plus\/ueber\/leistung-und-ergebnisse\/","og_locale":"de_DE","og_type":"article","og_title":"Leistung und Ergebnisse - Target Plus Paper","og_description":"Mit einem multifunktionalen Komplettsortiment k\u00f6nnen Sie sich immer auf hohe Leistung und optimale Druckergebnisse verlassen.","og_url":"https:\/\/target-paper.com\/de\/plus\/ueber\/leistung-und-ergebnisse\/","og_site_name":"Target Paper","article_modified_time":"2021-11-05T20:04:24+00:00","twitter_card":"summary_large_image","twitter_misc":{"Est. reading time":"1 minute"},"schema":{"@context":"https:\/\/schema.org","@graph":[{"@type":"WebPage","@id":"https:\/\/target-paper.com\/de\/plus\/ueber\/leistung-und-ergebnisse\/","url":"https:\/\/target-paper.com\/de\/plus\/ueber\/leistung-und-ergebnisse\/","name":"Leistung und Ergebnisse - Target Plus Paper","isPartOf":{"@id":"https:\/\/target-paper.com\/#website"},"datePublished":"2021-03-01T17:13:20+00:00","dateModified":"2021-11-05T20:04:24+00:00","description":"Mit einem multifunktionalen Komplettsortiment k\u00f6nnen Sie sich immer auf hohe Leistung und optimale Druckergebnisse verlassen.","breadcrumb":{"@id":"https:\/\/target-paper.com\/de\/plus\/ueber\/leistung-und-ergebnisse\/#breadcrumb"},"inLanguage":"de-DE","potentialAction":[{"@type":"ReadAction","target":["https:\/\/target-paper.com\/de\/plus\/ueber\/leistung-und-ergebnisse\/"]}]},{"@type":"BreadcrumbList","@id":"https:\/\/target-paper.com\/de\/plus\/ueber\/leistung-und-ergebnisse\/#breadcrumb","itemListElement":[{"@type":"ListItem","position":1,"name":"Home","item":"https:\/\/target-paper.com\/de\/"},{"@type":"ListItem","position":2,"name":"Plus","item":"http:\/\/192.168.2.3\/plus\/"},{"@type":"ListItem","position":3,"name":"\u00dcber","item":"https:\/\/target-paper.com\/de\/plus\/about\/"},{"@type":"ListItem","position":4,"name":"Leistung und Ergebnisse"}]},{"@type":"WebSite","@id":"https:\/\/target-paper.com\/#website","url":"https:\/\/target-paper.com\/","name":"Target Paper","description":"High-quality paper. Sharp results.","potentialAction":[{"@type":"SearchAction","target":{"@type":"EntryPoint","urlTemplate":"https:\/\/target-paper.com\/?s={search_term_string}"},"query-input":{"@type":"PropertyValueSpecification","valueRequired":true,"valueName":"search_term_string"}}],"inLanguage":"de-DE"}]}},"_links":{"self":[{"href":"https:\/\/target-paper.com\/de\/wp-json\/wp\/v2\/pages\/2853","targetHints":{"allow":["GET"]}}],"collection":[{"href":"https:\/\/target-paper.com\/de\/wp-json\/wp\/v2\/pages"}],"about":[{"href":"https:\/\/target-paper.com\/de\/wp-json\/wp\/v2\/types\/page"}],"author":[{"embeddable":true,"href":"https:\/\/target-paper.com\/de\/wp-json\/wp\/v2\/users\/3"}],"replies":[{"embeddable":true,"href":"https:\/\/target-paper.com\/de\/wp-json\/wp\/v2\/comments?post=2853"}],"version-history":[{"count":0,"href":"https:\/\/target-paper.com\/de\/wp-json\/wp\/v2\/pages\/2853\/revisions"}],"up":[{"embeddable":true,"href":"https:\/\/target-paper.com\/de\/wp-json\/wp\/v2\/pages\/2842"}],"wp:attachment":[{"href":"https:\/\/target-paper.com\/de\/wp-json\/wp\/v2\/media?parent=2853"}],"curies":[{"name":"wp","href":"https:\/\/api.w.org\/{rel}","templated":true}]}}