{"id":2858,"date":"2021-03-01T17:13:53","date_gmt":"2021-03-01T17:13:53","guid":{"rendered":"http:\/\/target-paper.com\/plus\/about\/production-and-certifications\/"},"modified":"2022-01-13T12:50:48","modified_gmt":"2022-01-13T12:50:48","slug":"produktion-und-zertifizierungen","status":"publish","type":"page","link":"https:\/\/target-paper.com\/de\/plus\/ueber\/produktion-und-zertifizierungen\/","title":{"rendered":"Produktion und Zertifizierungen"},"content":{"rendered":"<h1>Produktion und Zertifizierungen.<\/h1>\n<h5>Target markiert den Schnittpunkt zwischen Innovation und Nachhaltigkeit.<\/h5>\n<p>Hier l\u00e4uft alles f\u00fcr optimale Druckqualit\u00e4t zusammen\u00a0\u2013 angefangen von optimierten Produktionsmethoden bis zum Einsatz von hochmoderner Technologie und einzigartigen Rohmaterialien. Mehrere Zertifizierungen best\u00e4tigen das Qualit\u00e4tsversprechen in Kombination mit dem ausgepr\u00e4gten Sinn f\u00fcr \u00f6kologische Verantwortung.<\/p>\n","protected":false},"excerpt":{"rendered":"<p>Produktion und Zertifizierungen. Target markiert den Schnittpunkt zwischen Innovation und Nachhaltigkeit. Hier l\u00e4uft alles f\u00fcr optimale Druckqualit\u00e4t zusammen\u00a0\u2013 angefangen von optimierten Produktionsmethoden bis zum Einsatz von hochmoderner Technologie und einzigartigen Rohmaterialien. Mehrere Zertifizierungen best\u00e4tigen das Qualit\u00e4tsversprechen in Kombination mit dem ausgepr\u00e4gten Sinn f\u00fcr \u00f6kologische Verantwortung.<\/p>\n","protected":false},"author":3,"featured_media":0,"parent":2842,"menu_order":0,"comment_status":"closed","ping_status":"closed","template":"","meta":{"inline_featured_image":false,"footnotes":""},"class_list":["post-2858","page","type-page","status-publish","hentry"],"yoast_head":"<!-- This site is optimized with the Yoast SEO plugin v26.8 - https:\/\/yoast.com\/product\/yoast-seo-wordpress\/ -->\n<title>Produktion und Zertifizierungen - Target Plus Paper<\/title>\n<meta name=\"description\" content=\"Verschiedene Zertifizierungen des Target Papiers best\u00e4tigen das starke Engagement f\u00fcr Qualit\u00e4t und \u00f6kologische Verantwortung.\" \/>\n<meta name=\"robots\" content=\"index, follow, max-snippet:-1, max-image-preview:large, max-video-preview:-1\" \/>\n<link rel=\"canonical\" href=\"https:\/\/target-paper.com\/de\/plus\/ueber\/produktion-und-zertifizierungen\/\" \/>\n<meta property=\"og:locale\" content=\"de_DE\" \/>\n<meta property=\"og:type\" content=\"article\" \/>\n<meta property=\"og:title\" content=\"Produktion und Zertifizierungen - Target Plus Paper\" \/>\n<meta property=\"og:description\" content=\"Verschiedene Zertifizierungen des Target Papiers best\u00e4tigen das starke Engagement f\u00fcr Qualit\u00e4t und \u00f6kologische Verantwortung.\" \/>\n<meta property=\"og:url\" content=\"https:\/\/target-paper.com\/de\/plus\/ueber\/produktion-und-zertifizierungen\/\" \/>\n<meta property=\"og:site_name\" content=\"Target Paper\" \/>\n<meta property=\"article:modified_time\" content=\"2022-01-13T12:50:48+00:00\" \/>\n<meta name=\"twitter:card\" content=\"summary_large_image\" \/>\n<meta name=\"twitter:label1\" content=\"Est. reading time\" \/>\n\t<meta name=\"twitter:data1\" content=\"1 minute\" \/>\n<script type=\"application\/ld+json\" class=\"yoast-schema-graph\">{\"@context\":\"https:\/\/schema.org\",\"@graph\":[{\"@type\":\"WebPage\",\"@id\":\"https:\/\/target-paper.com\/de\/plus\/ueber\/produktion-und-zertifizierungen\/\",\"url\":\"https:\/\/target-paper.com\/de\/plus\/ueber\/produktion-und-zertifizierungen\/\",\"name\":\"Produktion und Zertifizierungen - Target Plus Paper\",\"isPartOf\":{\"@id\":\"https:\/\/target-paper.com\/#website\"},\"datePublished\":\"2021-03-01T17:13:53+00:00\",\"dateModified\":\"2022-01-13T12:50:48+00:00\",\"description\":\"Verschiedene Zertifizierungen des Target Papiers best\u00e4tigen das starke Engagement f\u00fcr Qualit\u00e4t und \u00f6kologische Verantwortung.\",\"breadcrumb\":{\"@id\":\"https:\/\/target-paper.com\/de\/plus\/ueber\/produktion-und-zertifizierungen\/#breadcrumb\"},\"inLanguage\":\"de-DE\",\"potentialAction\":[{\"@type\":\"ReadAction\",\"target\":[\"https:\/\/target-paper.com\/de\/plus\/ueber\/produktion-und-zertifizierungen\/\"]}]},{\"@type\":\"BreadcrumbList\",\"@id\":\"https:\/\/target-paper.com\/de\/plus\/ueber\/produktion-und-zertifizierungen\/#breadcrumb\",\"itemListElement\":[{\"@type\":\"ListItem\",\"position\":1,\"name\":\"Home\",\"item\":\"https:\/\/target-paper.com\/de\/\"},{\"@type\":\"ListItem\",\"position\":2,\"name\":\"Plus\",\"item\":\"http:\/\/192.168.2.3\/plus\/\"},{\"@type\":\"ListItem\",\"position\":3,\"name\":\"\u00dcber\",\"item\":\"https:\/\/target-paper.com\/de\/plus\/about\/\"},{\"@type\":\"ListItem\",\"position\":4,\"name\":\"Produktion und Zertifizierungen\"}]},{\"@type\":\"WebSite\",\"@id\":\"https:\/\/target-paper.com\/#website\",\"url\":\"https:\/\/target-paper.com\/\",\"name\":\"Target Paper\",\"description\":\"High-quality paper. Sharp results.\",\"potentialAction\":[{\"@type\":\"SearchAction\",\"target\":{\"@type\":\"EntryPoint\",\"urlTemplate\":\"https:\/\/target-paper.com\/?s={search_term_string}\"},\"query-input\":{\"@type\":\"PropertyValueSpecification\",\"valueRequired\":true,\"valueName\":\"search_term_string\"}}],\"inLanguage\":\"de-DE\"}]}<\/script>\n<!-- \/ Yoast SEO plugin. -->","yoast_head_json":{"title":"Produktion und Zertifizierungen - Target Plus Paper","description":"Verschiedene Zertifizierungen des Target Papiers best\u00e4tigen das starke Engagement f\u00fcr Qualit\u00e4t und \u00f6kologische Verantwortung.","robots":{"index":"index","follow":"follow","max-snippet":"max-snippet:-1","max-image-preview":"max-image-preview:large","max-video-preview":"max-video-preview:-1"},"canonical":"https:\/\/target-paper.com\/de\/plus\/ueber\/produktion-und-zertifizierungen\/","og_locale":"de_DE","og_type":"article","og_title":"Produktion und Zertifizierungen - Target Plus Paper","og_description":"Verschiedene Zertifizierungen des Target Papiers best\u00e4tigen das starke Engagement f\u00fcr Qualit\u00e4t und \u00f6kologische Verantwortung.","og_url":"https:\/\/target-paper.com\/de\/plus\/ueber\/produktion-und-zertifizierungen\/","og_site_name":"Target Paper","article_modified_time":"2022-01-13T12:50:48+00:00","twitter_card":"summary_large_image","twitter_misc":{"Est. reading time":"1 minute"},"schema":{"@context":"https:\/\/schema.org","@graph":[{"@type":"WebPage","@id":"https:\/\/target-paper.com\/de\/plus\/ueber\/produktion-und-zertifizierungen\/","url":"https:\/\/target-paper.com\/de\/plus\/ueber\/produktion-und-zertifizierungen\/","name":"Produktion und Zertifizierungen - Target Plus Paper","isPartOf":{"@id":"https:\/\/target-paper.com\/#website"},"datePublished":"2021-03-01T17:13:53+00:00","dateModified":"2022-01-13T12:50:48+00:00","description":"Verschiedene Zertifizierungen des Target Papiers best\u00e4tigen das starke Engagement f\u00fcr Qualit\u00e4t und \u00f6kologische Verantwortung.","breadcrumb":{"@id":"https:\/\/target-paper.com\/de\/plus\/ueber\/produktion-und-zertifizierungen\/#breadcrumb"},"inLanguage":"de-DE","potentialAction":[{"@type":"ReadAction","target":["https:\/\/target-paper.com\/de\/plus\/ueber\/produktion-und-zertifizierungen\/"]}]},{"@type":"BreadcrumbList","@id":"https:\/\/target-paper.com\/de\/plus\/ueber\/produktion-und-zertifizierungen\/#breadcrumb","itemListElement":[{"@type":"ListItem","position":1,"name":"Home","item":"https:\/\/target-paper.com\/de\/"},{"@type":"ListItem","position":2,"name":"Plus","item":"http:\/\/192.168.2.3\/plus\/"},{"@type":"ListItem","position":3,"name":"\u00dcber","item":"https:\/\/target-paper.com\/de\/plus\/about\/"},{"@type":"ListItem","position":4,"name":"Produktion und Zertifizierungen"}]},{"@type":"WebSite","@id":"https:\/\/target-paper.com\/#website","url":"https:\/\/target-paper.com\/","name":"Target Paper","description":"High-quality paper. Sharp results.","potentialAction":[{"@type":"SearchAction","target":{"@type":"EntryPoint","urlTemplate":"https:\/\/target-paper.com\/?s={search_term_string}"},"query-input":{"@type":"PropertyValueSpecification","valueRequired":true,"valueName":"search_term_string"}}],"inLanguage":"de-DE"}]}},"_links":{"self":[{"href":"https:\/\/target-paper.com\/de\/wp-json\/wp\/v2\/pages\/2858","targetHints":{"allow":["GET"]}}],"collection":[{"href":"https:\/\/target-paper.com\/de\/wp-json\/wp\/v2\/pages"}],"about":[{"href":"https:\/\/target-paper.com\/de\/wp-json\/wp\/v2\/types\/page"}],"author":[{"embeddable":true,"href":"https:\/\/target-paper.com\/de\/wp-json\/wp\/v2\/users\/3"}],"replies":[{"embeddable":true,"href":"https:\/\/target-paper.com\/de\/wp-json\/wp\/v2\/comments?post=2858"}],"version-history":[{"count":0,"href":"https:\/\/target-paper.com\/de\/wp-json\/wp\/v2\/pages\/2858\/revisions"}],"up":[{"embeddable":true,"href":"https:\/\/target-paper.com\/de\/wp-json\/wp\/v2\/pages\/2842"}],"wp:attachment":[{"href":"https:\/\/target-paper.com\/de\/wp-json\/wp\/v2\/media?parent=2858"}],"curies":[{"name":"wp","href":"https:\/\/api.w.org\/{rel}","templated":true}]}}