{"id":2893,"date":"2021-01-22T16:27:35","date_gmt":"2021-01-22T16:27:35","guid":{"rendered":"http:\/\/target-paper.com\/privacy-policy\/"},"modified":"2021-04-16T17:35:23","modified_gmt":"2021-04-16T16:35:23","slug":"datenschutzrichtlinie","status":"publish","type":"page","link":"https:\/\/target-paper.com\/de\/datenschutzrichtlinie\/","title":{"rendered":"Datenschutzrichtlinie"},"content":{"rendered":"<p>Nutzer sollten diese in klarer und verst\u00e4ndlicher Sprache abgefasste Datenschutzerkl\u00e4rung sorgf\u00e4ltig lesen, damit sie frei entscheiden k\u00f6nnen, ob sie <strong>THE NAVIGATOR COMPANY<\/strong> ihre Daten zur Verf\u00fcgung stellen m\u00f6chten.<\/p>\n<p>Nutzer sichern zu, dass sie vollj\u00e4hrig sind, dass die von ihnen bereitgestellten Daten zutreffend, richtig, vollst\u00e4ndig und aktuell sind und dass sie f\u00fcr unmittelbare oder mittelbare Sch\u00e4den haften, die durch eine Verletzung dieser Pflichten entstehen. Sollten die Daten einem Dritten geh\u00f6ren, sichert der Nutzer zu, dass er diesen Dritten von den in dieser Datenschutzerkl\u00e4rung enthaltenen Informationen in Kenntnis gesetzt und dessen Genehmigung zur \u00dcbermittlung der Daten an <strong>THE NAVIGATOR COMPANY<\/strong> eingeholt hat.<\/p>\n<h5>1. EINLEITUNG<\/h5>\n<p>Diese Datenschutzerkl\u00e4rung gilt f\u00fcr alle personenbezogenen, die von <strong>THE NAVIGATOR COMPANY<\/strong> \u00fcber seine Online-Plattformen erhoben werden. Folgende Unternehmen der Navigator Group sind verantwortlich f\u00fcr die Datenverarbeitung:<\/p>\n<ul>\n<li>The Navigator Company, S.A., Pen\u00ednsula da Mitrena, Sado parish, Set\u00fabal municipality;<\/li>\n<li>Navigator Added Value, S.A., Pen\u00ednsula da Mitrena, Sado parish, Set\u00fabal municipality;<\/li>\n<li>Navigator Sales &amp; Marketing, S.A., Avenue Pasteur 6H, 1300 Wavre, Belgien.<\/li>\n<\/ul>\n<p>Gemeinsam haben diese Unternehmen die Zwecke und Mittel f\u00fcr die Verarbeitung personenbezogener Daten von Nutzern festgelegt und einen Vertrag abgeschlossen, in dem die zur Einhaltung der geltenden Datenschutzgesetze und -vorschriften notwendigen Funktionen und Verantwortungsbereiche festgelegt sind.<\/p>\n<p>Zur Kontaktaufnahme mit diesen Unternehmen zu Fragen und Problemen, die diese Datenschutzerkl\u00e4rung betreffen, kann sich der Nutzer per E-Mail an <a href=\"mailto:dpo@thenavigatorcompany.com\">dpo@thenavigatorcompany.com<\/a> mit dem Datenschutzbeauftragten von <strong>THE NAVIGATOR COMPANY<\/strong> in Verbindung setzen.<\/p>\n<h5>2. ZWECKE DER VERARBEITUNG UND RECHTSGRUNDLAGE<\/h5>\n<p><strong>THE NAVIGATOR COMPANY<\/strong> verarbeitet Ihre personenbezogenen Daten manuell und automatisch f\u00fcr folgende konkrete Zwecke:<\/p>\n<ul>\n<li>Auf der Website von <strong>THE NAVIGATOR COMPANY<\/strong> erhobene Daten: Name und E-Mail-Adresse<\/li>\n<li>\u00dcber das Forstwirtschaftssystem erhobene Daten: Name des Eigent\u00fcmers (der Eigent\u00fcmer) oder des (der) P\u00e4chter und der Grundst\u00fccksfl\u00e4che<\/li>\n<li>\u00dcber die Anmeldung bei Facebook, Instagram und anderen sozialen Netzwerken erhobene Daten: soziales Profil<\/li>\n<li>\u00dcber die Einstellungsplattform erhobene Daten: Name, E-Mail-Adresse, Telefonnummer, Anschrift, Nationalit\u00e4t, Geburtsdatum, Geschlecht, Berufserfahrung, Berufsausbildung, sonstige Aus- und Weiterbildung, die f\u00fcr die ausgeschriebene Stelle angemessen erscheint, Fremdsprachenkenntnisse, Foto und sonstige Angaben gem\u00e4\u00df der EUROPASS-Lebenslaufvorlage<\/li>\n<li>In Anfragen f\u00fcr Studien- und Klassenfahrten erhobene Daten: Name, Telefonnummer, E-Mail-Adresse, Fachgebiet, Funktion, Ziele sowie akademische Einrichtung oder Schule der Person, die f\u00fcr die Fahrt verantwortlich ist<\/li>\n<\/ul>\n<p>Mit der Einwilligung des Nutzers verarbeitet <strong>THE NAVIGATOR COMPANY<\/strong> auch Kontaktdaten und Daten zu Pr\u00e4ferenzen und fr\u00fcherem Surfverhalten sowie Standortdaten f\u00fcr folgenden Zwecke:<\/p>\n<ul>\n<li>Informations- und Werbema\u00dfnahmen und -kampagnen sowie Werbewettbewerbe<\/li>\n<li>Marktbefragungen oder -analysen<\/li>\n<li>Aktivierung von Kommunikationsdiensten, einschlie\u00dflich Newsletters oder sonstiger Mitteilungen<\/li>\n<li>Festlegung und Kommunikation von personalisierten und\/oder regional segmentierten Angeboten in Kampagnen und\/oder kommerziellen Kampagnen<\/li>\n<\/ul>\n<p>Generell basiert die Erhebung personenbezogener Daten auf der Erf\u00fcllung und Verwaltung eines Vertrages, der Ausf\u00fchrung von Ma\u00dfnahmen vor dem Abschluss eines Vertrages, der Erbringung einer vom Nutzer gew\u00fcnschten Dienstleistung, der Einwilligung der betroffenen Person, der Anpassung von Dienstleistungen an die Bed\u00fcrfnisse der betroffenen Person, insbesondere f\u00fcr die Information, Werbung und Bereitstellung aktueller Informationen \u00fcber die von <strong>THE NAVIGATOR COMPANY<\/strong> angebotenen Produkte und\/oder Dienstleistungen.<\/p>\n<p>Die Datenverarbeitung f\u00fcr die genannten Zwecke ist f\u00fcr die Erbringung von Dienstleistungen seitens <strong>THE NAVIGATOR COMPANY<\/strong> erforderlich. Diese Verarbeitung erfolgt mit Ihrer Einwilligung, es sei denn, dass <strong>THE NAVIGATOR COMPANY<\/strong> die Daten zur Erf\u00fcllung einer rechtlichen Verpflichtung, zur Erf\u00fcllung eines Vertrags oder zur Durchf\u00fchrung vorl\u00e4ufiger Ma\u00dfnahmen verarbeiten muss.<\/p>\n<h5>3. DATEN\u00dcBERMITTLUNG<\/h5>\n<p>Bitte nehmen Sie zur Kenntnis, dass Ihre personenbezogenen Daten an die unter <a href=\"http:\/\/en.thenavigatorcompany.com\/var\/ezdemo_site\/storage\/original\/application\/ac8dacf2595543c0d4079c85f5320458.pdf\" target=\"_blank\" rel=\"noopener\">diesem Link<\/a> abrufbaren 100%igen Tochtergesellschaften von <strong>THE NAVIGATOR COMPANY<\/strong> \u00fcbermittelt werden d\u00fcrfen, die diese Daten ausschlie\u00dflich zur Erf\u00fcllung der oben genannten Pflichten verarbeiten.<\/p>\n<h5>4. AUFTRAGSVERARBEITER<\/h5>\n<p>Personenbezogene Daten von Nutzern k\u00f6nnen von einem angesehenen, von <strong>THE NAVIGATOR COMPANY<\/strong> beauftragten Auftragsverarbeiter verarbeitet werden. Diese Dienstleister d\u00fcrfen Daten nur f\u00fcr die von <strong>THE NAVIGATOR COMPANY<\/strong> festgelegten Zwecke gem\u00e4\u00df seinen ausdr\u00fccklichen Anweisungen unter strikter Einhaltung der Vorschriften f\u00fcr den Schutz personenbezogener Daten und die Informationssicherheit und sonstiger einschl\u00e4giger Rechtsvorschriften verarbeiten.<\/p>\n<h5>5. INTERNATIONALE DATEN\u00dcBERMITTLUNG<\/h5>\n<p><strong>THE NAVIGATOR COMPANY<\/strong> verarbeitet Daten von Nutzern im Europ\u00e4ischen Wirtschaftsraum und geht daher nicht davon aus, dass sie in L\u00e4nder au\u00dferhalb des EWR \u00fcbermittelt werden.<\/p>\n<h5>6. SPEICHERFRISTEN<\/h5>\n<p><strong>THE NAVIGATOR COMPANY<\/strong> speichert Daten von Nutzern nur so lange, wie es zur Erreichung der Ziele, f\u00fcr die sie erhoben wurden, notwendig ist.<\/p>\n<h5>7. RECHTE VON NUTZERN<\/h5>\n<p>Gem\u00e4\u00df den geltenden Rechtsvorschriften k\u00f6nnen Nutzer ihr Recht auf Auskunft, Berichtigung, L\u00f6schung, Widerruf, Einschr\u00e4nkung der Verarbeitung und \u00dcbertragbarkeit ihrer Daten jederzeit aus\u00fcben, indem sie eine E-Mail an <a href=\"mailto:dpo@thenavigatorcompany.com\">dpo@thenavigatorcompany.com<\/a> senden.<\/p>\n<p>Wenn Nutzer der Auffassung sind, dass <strong>THE NAVIGATOR COMPANY<\/strong> ihre Rechte nach den Datenschutzvorschriften tats\u00e4chlich oder mutma\u00dflich verletzt hat, k\u00f6nnen sie bei der National Data Protection Commission (CNPD) telefonisch (00351 213928400) oder per E-Mail (<a href=\"mailto:geral@cnpd.pt\">geral@cnpd.pt<\/a>) eine Beschwerde einreichen.<\/p>\n<h5>8. WIDERRUF DER EINWILLIGUNG<\/h5>\n<p>Nutzer k\u00f6nnen die Einwilligung in die Verarbeitung und \u00dcbermittlung ihrer Daten jederzeit widerrufen, allerdings nicht r\u00fcckwirkend. Wenn Nutzer ihre Einwilligung widerrufen m\u00f6chten, k\u00f6nnen sie sich per E-Mail an <a href=\"mailto:dpo@thenavigatorcompany.com\">dpo@thenavigatorcompany.com<\/a> mit <strong>THE NAVIGATOR COMPANY<\/strong> in Verbindung setzen.<\/p>\n<h5>9. NOTWENDIGE DATEN<\/h5>\n<p>Daten, die in Online-Formularen auf den digitalen Plattformen von <strong>THE NAVIGATOR COMPANY<\/strong> mit einem Sternchen (*) versehen sind, sind zur Erreichung der gesetzlich oder vertraglich festgelegten Zwecke notwendig. Demzufolge kann <strong>THE NAVIGATOR COMPANY<\/strong> dem Wunsch eines Nutzers nicht Folge leisten, wenn er\/sie diese Daten nicht zur Verf\u00fcgung stellt.<\/p>\n<h5>10. AUTOMATISIERTE ENTSCHEIDUNGSFINDUNG<\/h5>\n<p><strong>THE NAVIGATOR COMPANY<\/strong> kann Nutzerprofile erstellen, damit wir unter Ber\u00fccksichtigung pers\u00f6nlicher Eigenschaften und Merkmale, Pr\u00e4ferenzen, fr\u00fcherer Verhaltensweisen und Standortdaten (in diesem Fall zur Erm\u00f6glichung der Teilnahme an Werbeaktionen) automatisierte Entscheidungen treffen k\u00f6nnen. In diesen F\u00e4llen hat der Nutzer einen Anspruch auf direktes Eingreifen in die Entscheidungsfindung, auf Darlegung des eigenen Standpunkts und auf Anfechtung der von <strong>THE NAVIGATOR COMPANY<\/strong> getroffenen Entscheidung.<\/p>\n<h5>11. DATENSCHUTZMASSNAHMEN<\/h5>\n<p><strong>THE NAVIGATOR COMPANY<\/strong> ergreift verschiedene technische und organisatorische Ma\u00dfnahmen zum Schutz personenbezogener Nutzerdaten, einschlie\u00dflich der Verwendung von sicheren Servern, Firewalls und Methoden zur Datenverschl\u00fcsselung f\u00fcr Anwendungen und Mitteilungen.<\/p>\n<h5>12. VERWENDUNG VON COOKIES<\/h5>\n<p>Die Cookie-Richtlinie von <strong>THE NAVIGATOR COMPANY<\/strong> kann <a href=\"https:\/\/target-paper.com\/de\/cookie-richtlinie\/\" target=\"_blank\" rel=\"noopener\">hier<\/a> abgerufen werden.<\/p>\n","protected":false},"excerpt":{"rendered":"<p>Nutzer sollten diese in klarer und verst\u00e4ndlicher Sprache abgefasste Datenschutzerkl\u00e4rung sorgf\u00e4ltig lesen, damit sie frei entscheiden k\u00f6nnen, ob sie THE NAVIGATOR COMPANY ihre Daten zur Verf\u00fcgung stellen m\u00f6chten. Nutzer sichern zu, dass sie vollj\u00e4hrig sind, dass die von ihnen bereitgestellten Daten zutreffend, richtig, vollst\u00e4ndig und aktuell sind und dass sie f\u00fcr unmittelbare oder mittelbare Sch\u00e4den [&hellip;]<\/p>\n","protected":false},"author":3,"featured_media":0,"parent":0,"menu_order":0,"comment_status":"closed","ping_status":"closed","template":"templates\/raw.php","meta":{"inline_featured_image":false,"footnotes":""},"class_list":["post-2893","page","type-page","status-publish","hentry"],"yoast_head":"<!-- This site is optimized with the Yoast SEO plugin v26.8 - https:\/\/yoast.com\/product\/yoast-seo-wordpress\/ -->\n<title>Datenschutzrichtlinie - Target Paper<\/title>\n<meta name=\"robots\" content=\"index, follow, max-snippet:-1, max-image-preview:large, max-video-preview:-1\" \/>\n<link rel=\"canonical\" href=\"https:\/\/target-paper.com\/de\/datenschutzrichtlinie\/\" \/>\n<meta property=\"og:locale\" content=\"de_DE\" \/>\n<meta property=\"og:type\" content=\"article\" \/>\n<meta property=\"og:title\" content=\"Datenschutzrichtlinie - Target Paper\" \/>\n<meta property=\"og:description\" content=\"Nutzer sollten diese in klarer und verst\u00e4ndlicher Sprache abgefasste Datenschutzerkl\u00e4rung sorgf\u00e4ltig lesen, damit sie frei entscheiden k\u00f6nnen, ob sie THE NAVIGATOR COMPANY ihre Daten zur Verf\u00fcgung stellen m\u00f6chten. Nutzer sichern zu, dass sie vollj\u00e4hrig sind, dass die von ihnen bereitgestellten Daten zutreffend, richtig, vollst\u00e4ndig und aktuell sind und dass sie f\u00fcr unmittelbare oder mittelbare Sch\u00e4den [&hellip;]\" \/>\n<meta property=\"og:url\" content=\"https:\/\/target-paper.com\/de\/datenschutzrichtlinie\/\" \/>\n<meta property=\"og:site_name\" content=\"Target Paper\" \/>\n<meta property=\"article:modified_time\" content=\"2021-04-16T16:35:23+00:00\" \/>\n<meta name=\"twitter:card\" content=\"summary_large_image\" \/>\n<meta name=\"twitter:label1\" content=\"Est. reading time\" \/>\n\t<meta name=\"twitter:data1\" content=\"5 minutes\" \/>\n<script type=\"application\/ld+json\" class=\"yoast-schema-graph\">{\"@context\":\"https:\/\/schema.org\",\"@graph\":[{\"@type\":\"WebPage\",\"@id\":\"https:\/\/target-paper.com\/de\/datenschutzrichtlinie\/\",\"url\":\"https:\/\/target-paper.com\/de\/datenschutzrichtlinie\/\",\"name\":\"Datenschutzrichtlinie - Target Paper\",\"isPartOf\":{\"@id\":\"https:\/\/target-paper.com\/#website\"},\"datePublished\":\"2021-01-22T16:27:35+00:00\",\"dateModified\":\"2021-04-16T16:35:23+00:00\",\"breadcrumb\":{\"@id\":\"https:\/\/target-paper.com\/de\/datenschutzrichtlinie\/#breadcrumb\"},\"inLanguage\":\"de-DE\",\"potentialAction\":[{\"@type\":\"ReadAction\",\"target\":[\"https:\/\/target-paper.com\/de\/datenschutzrichtlinie\/\"]}]},{\"@type\":\"BreadcrumbList\",\"@id\":\"https:\/\/target-paper.com\/de\/datenschutzrichtlinie\/#breadcrumb\",\"itemListElement\":[{\"@type\":\"ListItem\",\"position\":1,\"name\":\"Home\",\"item\":\"https:\/\/target-paper.com\/de\/\"},{\"@type\":\"ListItem\",\"position\":2,\"name\":\"Datenschutzrichtlinie\"}]},{\"@type\":\"WebSite\",\"@id\":\"https:\/\/target-paper.com\/#website\",\"url\":\"https:\/\/target-paper.com\/\",\"name\":\"Target Paper\",\"description\":\"High-quality paper. Sharp results.\",\"potentialAction\":[{\"@type\":\"SearchAction\",\"target\":{\"@type\":\"EntryPoint\",\"urlTemplate\":\"https:\/\/target-paper.com\/?s={search_term_string}\"},\"query-input\":{\"@type\":\"PropertyValueSpecification\",\"valueRequired\":true,\"valueName\":\"search_term_string\"}}],\"inLanguage\":\"de-DE\"}]}<\/script>\n<!-- \/ Yoast SEO plugin. -->","yoast_head_json":{"title":"Datenschutzrichtlinie - Target Paper","robots":{"index":"index","follow":"follow","max-snippet":"max-snippet:-1","max-image-preview":"max-image-preview:large","max-video-preview":"max-video-preview:-1"},"canonical":"https:\/\/target-paper.com\/de\/datenschutzrichtlinie\/","og_locale":"de_DE","og_type":"article","og_title":"Datenschutzrichtlinie - Target Paper","og_description":"Nutzer sollten diese in klarer und verst\u00e4ndlicher Sprache abgefasste Datenschutzerkl\u00e4rung sorgf\u00e4ltig lesen, damit sie frei entscheiden k\u00f6nnen, ob sie THE NAVIGATOR COMPANY ihre Daten zur Verf\u00fcgung stellen m\u00f6chten. Nutzer sichern zu, dass sie vollj\u00e4hrig sind, dass die von ihnen bereitgestellten Daten zutreffend, richtig, vollst\u00e4ndig und aktuell sind und dass sie f\u00fcr unmittelbare oder mittelbare Sch\u00e4den [&hellip;]","og_url":"https:\/\/target-paper.com\/de\/datenschutzrichtlinie\/","og_site_name":"Target Paper","article_modified_time":"2021-04-16T16:35:23+00:00","twitter_card":"summary_large_image","twitter_misc":{"Est. reading time":"5 minutes"},"schema":{"@context":"https:\/\/schema.org","@graph":[{"@type":"WebPage","@id":"https:\/\/target-paper.com\/de\/datenschutzrichtlinie\/","url":"https:\/\/target-paper.com\/de\/datenschutzrichtlinie\/","name":"Datenschutzrichtlinie - Target Paper","isPartOf":{"@id":"https:\/\/target-paper.com\/#website"},"datePublished":"2021-01-22T16:27:35+00:00","dateModified":"2021-04-16T16:35:23+00:00","breadcrumb":{"@id":"https:\/\/target-paper.com\/de\/datenschutzrichtlinie\/#breadcrumb"},"inLanguage":"de-DE","potentialAction":[{"@type":"ReadAction","target":["https:\/\/target-paper.com\/de\/datenschutzrichtlinie\/"]}]},{"@type":"BreadcrumbList","@id":"https:\/\/target-paper.com\/de\/datenschutzrichtlinie\/#breadcrumb","itemListElement":[{"@type":"ListItem","position":1,"name":"Home","item":"https:\/\/target-paper.com\/de\/"},{"@type":"ListItem","position":2,"name":"Datenschutzrichtlinie"}]},{"@type":"WebSite","@id":"https:\/\/target-paper.com\/#website","url":"https:\/\/target-paper.com\/","name":"Target Paper","description":"High-quality paper. Sharp results.","potentialAction":[{"@type":"SearchAction","target":{"@type":"EntryPoint","urlTemplate":"https:\/\/target-paper.com\/?s={search_term_string}"},"query-input":{"@type":"PropertyValueSpecification","valueRequired":true,"valueName":"search_term_string"}}],"inLanguage":"de-DE"}]}},"_links":{"self":[{"href":"https:\/\/target-paper.com\/de\/wp-json\/wp\/v2\/pages\/2893","targetHints":{"allow":["GET"]}}],"collection":[{"href":"https:\/\/target-paper.com\/de\/wp-json\/wp\/v2\/pages"}],"about":[{"href":"https:\/\/target-paper.com\/de\/wp-json\/wp\/v2\/types\/page"}],"author":[{"embeddable":true,"href":"https:\/\/target-paper.com\/de\/wp-json\/wp\/v2\/users\/3"}],"replies":[{"embeddable":true,"href":"https:\/\/target-paper.com\/de\/wp-json\/wp\/v2\/comments?post=2893"}],"version-history":[{"count":0,"href":"https:\/\/target-paper.com\/de\/wp-json\/wp\/v2\/pages\/2893\/revisions"}],"wp:attachment":[{"href":"https:\/\/target-paper.com\/de\/wp-json\/wp\/v2\/media?parent=2893"}],"curies":[{"name":"wp","href":"https:\/\/api.w.org\/{rel}","templated":true}]}}