{"id":2908,"date":"2021-02-01T16:20:33","date_gmt":"2021-02-01T16:20:33","guid":{"rendered":"http:\/\/target-paper.com\/products\/executive\/100-2\/"},"modified":"2022-08-02T18:07:36","modified_gmt":"2022-08-02T17:07:36","slug":"100gm","status":"publish","type":"page","link":"https:\/\/target-paper.com\/de\/produkte\/executive\/100gm\/","title":{"rendered":"Executive 100 g.m-2"},"content":{"rendered":"<h5><strong>Premium<\/strong>-B\u00fcropapier f\u00fcr anspruchsvolle Ausdrucke.<\/h5>\n<p>Technisch verbesserte Funktionen mit bemerkenswerter Qualit\u00e4t f\u00fcr wichtige Gesch\u00e4ftsdokumente.<\/p>\n","protected":false},"excerpt":{"rendered":"<p>Premium-B\u00fcropapier f\u00fcr anspruchsvolle Ausdrucke. Technisch verbesserte Funktionen mit bemerkenswerter Qualit\u00e4t f\u00fcr wichtige Gesch\u00e4ftsdokumente.<\/p>\n","protected":false},"author":3,"featured_media":2337,"parent":2903,"menu_order":0,"comment_status":"closed","ping_status":"closed","template":"templates\/product.php","meta":{"inline_featured_image":false,"footnotes":""},"class_list":["post-2908","page","type-page","status-publish","has-post-thumbnail","hentry"],"yoast_head":"<!-- This site is optimized with the Yoast SEO plugin v26.8 - https:\/\/yoast.com\/product\/yoast-seo-wordpress\/ -->\n<title>Executive 100 g.m-2 - Target Paper<\/title>\n<meta name=\"description\" content=\"Mit brillanten Farben und tieferen Schwarzt\u00f6nen ist Executive 100\u00a0g.m\u207b\u00b2 das ideale Papier f\u00fcr farbintensive Ausdrucke.\" \/>\n<meta name=\"robots\" content=\"index, follow, max-snippet:-1, max-image-preview:large, max-video-preview:-1\" \/>\n<link rel=\"canonical\" href=\"https:\/\/target-paper.com\/de\/produkte\/executive\/100gm\/\" \/>\n<meta property=\"og:locale\" content=\"de_DE\" \/>\n<meta property=\"og:type\" content=\"article\" \/>\n<meta property=\"og:title\" content=\"Executive 100 g.m-2 - Target Paper\" \/>\n<meta property=\"og:description\" content=\"Mit brillanten Farben und tieferen Schwarzt\u00f6nen ist Executive 100\u00a0g.m\u207b\u00b2 das ideale Papier f\u00fcr farbintensive Ausdrucke.\" \/>\n<meta property=\"og:url\" content=\"https:\/\/target-paper.com\/de\/produkte\/executive\/100gm\/\" \/>\n<meta property=\"og:site_name\" content=\"Target Paper\" \/>\n<meta property=\"article:modified_time\" content=\"2022-08-02T17:07:36+00:00\" \/>\n<meta property=\"og:image\" content=\"https:\/\/target-paper.com\/wp-content\/uploads\/2021\/02\/TNC-Target-Reams-Mockup-Exec_100-Front.png\" \/>\n\t<meta property=\"og:image:width\" content=\"549\" \/>\n\t<meta property=\"og:image:height\" content=\"760\" \/>\n\t<meta property=\"og:image:type\" content=\"image\/png\" \/>\n<meta name=\"twitter:card\" content=\"summary_large_image\" \/>\n<meta name=\"twitter:label1\" content=\"Est. reading time\" \/>\n\t<meta name=\"twitter:data1\" content=\"1 minute\" \/>\n<script type=\"application\/ld+json\" class=\"yoast-schema-graph\">{\"@context\":\"https:\/\/schema.org\",\"@graph\":[{\"@type\":\"WebPage\",\"@id\":\"https:\/\/target-paper.com\/de\/produkte\/executive\/100gm\/\",\"url\":\"https:\/\/target-paper.com\/de\/produkte\/executive\/100gm\/\",\"name\":\"Executive 100 g.m-2 - Target Paper\",\"isPartOf\":{\"@id\":\"https:\/\/target-paper.com\/#website\"},\"primaryImageOfPage\":{\"@id\":\"https:\/\/target-paper.com\/de\/produkte\/executive\/100gm\/#primaryimage\"},\"image\":{\"@id\":\"https:\/\/target-paper.com\/de\/produkte\/executive\/100gm\/#primaryimage\"},\"thumbnailUrl\":\"https:\/\/target-paper.com\/wp-content\/uploads\/2021\/02\/TNC-Target-Reams-Mockup-Exec_100-Front.png\",\"datePublished\":\"2021-02-01T16:20:33+00:00\",\"dateModified\":\"2022-08-02T17:07:36+00:00\",\"description\":\"Mit brillanten Farben und tieferen Schwarzt\u00f6nen ist Executive 100\u00a0g.m\u207b\u00b2 das ideale Papier f\u00fcr farbintensive Ausdrucke.\",\"breadcrumb\":{\"@id\":\"https:\/\/target-paper.com\/de\/produkte\/executive\/100gm\/#breadcrumb\"},\"inLanguage\":\"de-DE\",\"potentialAction\":[{\"@type\":\"ReadAction\",\"target\":[\"https:\/\/target-paper.com\/de\/produkte\/executive\/100gm\/\"]}]},{\"@type\":\"ImageObject\",\"inLanguage\":\"de-DE\",\"@id\":\"https:\/\/target-paper.com\/de\/produkte\/executive\/100gm\/#primaryimage\",\"url\":\"https:\/\/target-paper.com\/wp-content\/uploads\/2021\/02\/TNC-Target-Reams-Mockup-Exec_100-Front.png\",\"contentUrl\":\"https:\/\/target-paper.com\/wp-content\/uploads\/2021\/02\/TNC-Target-Reams-Mockup-Exec_100-Front.png\",\"width\":549,\"height\":760},{\"@type\":\"BreadcrumbList\",\"@id\":\"https:\/\/target-paper.com\/de\/produkte\/executive\/100gm\/#breadcrumb\",\"itemListElement\":[{\"@type\":\"ListItem\",\"position\":1,\"name\":\"Home\",\"item\":\"https:\/\/target-paper.com\/de\/\"},{\"@type\":\"ListItem\",\"position\":2,\"name\":\"Produkte\",\"item\":\"https:\/\/target-paper.com\/de\/products\/\"},{\"@type\":\"ListItem\",\"position\":3,\"name\":\"Executive-Sortiment\",\"item\":\"https:\/\/target-paper.com\/de\/products\/executive\/\"},{\"@type\":\"ListItem\",\"position\":4,\"name\":\"Executive 100 g.m-2\"}]},{\"@type\":\"WebSite\",\"@id\":\"https:\/\/target-paper.com\/#website\",\"url\":\"https:\/\/target-paper.com\/\",\"name\":\"Target Paper\",\"description\":\"High-quality paper. Sharp results.\",\"potentialAction\":[{\"@type\":\"SearchAction\",\"target\":{\"@type\":\"EntryPoint\",\"urlTemplate\":\"https:\/\/target-paper.com\/?s={search_term_string}\"},\"query-input\":{\"@type\":\"PropertyValueSpecification\",\"valueRequired\":true,\"valueName\":\"search_term_string\"}}],\"inLanguage\":\"de-DE\"}]}<\/script>\n<!-- \/ Yoast SEO plugin. -->","yoast_head_json":{"title":"Executive 100 g.m-2 - Target Paper","description":"Mit brillanten Farben und tieferen Schwarzt\u00f6nen ist Executive 100\u00a0g.m\u207b\u00b2 das ideale Papier f\u00fcr farbintensive Ausdrucke.","robots":{"index":"index","follow":"follow","max-snippet":"max-snippet:-1","max-image-preview":"max-image-preview:large","max-video-preview":"max-video-preview:-1"},"canonical":"https:\/\/target-paper.com\/de\/produkte\/executive\/100gm\/","og_locale":"de_DE","og_type":"article","og_title":"Executive 100 g.m-2 - Target Paper","og_description":"Mit brillanten Farben und tieferen Schwarzt\u00f6nen ist Executive 100\u00a0g.m\u207b\u00b2 das ideale Papier f\u00fcr farbintensive Ausdrucke.","og_url":"https:\/\/target-paper.com\/de\/produkte\/executive\/100gm\/","og_site_name":"Target Paper","article_modified_time":"2022-08-02T17:07:36+00:00","og_image":[{"width":549,"height":760,"url":"https:\/\/target-paper.com\/wp-content\/uploads\/2021\/02\/TNC-Target-Reams-Mockup-Exec_100-Front.png","type":"image\/png"}],"twitter_card":"summary_large_image","twitter_misc":{"Est. reading time":"1 minute"},"schema":{"@context":"https:\/\/schema.org","@graph":[{"@type":"WebPage","@id":"https:\/\/target-paper.com\/de\/produkte\/executive\/100gm\/","url":"https:\/\/target-paper.com\/de\/produkte\/executive\/100gm\/","name":"Executive 100 g.m-2 - Target Paper","isPartOf":{"@id":"https:\/\/target-paper.com\/#website"},"primaryImageOfPage":{"@id":"https:\/\/target-paper.com\/de\/produkte\/executive\/100gm\/#primaryimage"},"image":{"@id":"https:\/\/target-paper.com\/de\/produkte\/executive\/100gm\/#primaryimage"},"thumbnailUrl":"https:\/\/target-paper.com\/wp-content\/uploads\/2021\/02\/TNC-Target-Reams-Mockup-Exec_100-Front.png","datePublished":"2021-02-01T16:20:33+00:00","dateModified":"2022-08-02T17:07:36+00:00","description":"Mit brillanten Farben und tieferen Schwarzt\u00f6nen ist Executive 100\u00a0g.m\u207b\u00b2 das ideale Papier f\u00fcr farbintensive Ausdrucke.","breadcrumb":{"@id":"https:\/\/target-paper.com\/de\/produkte\/executive\/100gm\/#breadcrumb"},"inLanguage":"de-DE","potentialAction":[{"@type":"ReadAction","target":["https:\/\/target-paper.com\/de\/produkte\/executive\/100gm\/"]}]},{"@type":"ImageObject","inLanguage":"de-DE","@id":"https:\/\/target-paper.com\/de\/produkte\/executive\/100gm\/#primaryimage","url":"https:\/\/target-paper.com\/wp-content\/uploads\/2021\/02\/TNC-Target-Reams-Mockup-Exec_100-Front.png","contentUrl":"https:\/\/target-paper.com\/wp-content\/uploads\/2021\/02\/TNC-Target-Reams-Mockup-Exec_100-Front.png","width":549,"height":760},{"@type":"BreadcrumbList","@id":"https:\/\/target-paper.com\/de\/produkte\/executive\/100gm\/#breadcrumb","itemListElement":[{"@type":"ListItem","position":1,"name":"Home","item":"https:\/\/target-paper.com\/de\/"},{"@type":"ListItem","position":2,"name":"Produkte","item":"https:\/\/target-paper.com\/de\/products\/"},{"@type":"ListItem","position":3,"name":"Executive-Sortiment","item":"https:\/\/target-paper.com\/de\/products\/executive\/"},{"@type":"ListItem","position":4,"name":"Executive 100 g.m-2"}]},{"@type":"WebSite","@id":"https:\/\/target-paper.com\/#website","url":"https:\/\/target-paper.com\/","name":"Target Paper","description":"High-quality paper. Sharp results.","potentialAction":[{"@type":"SearchAction","target":{"@type":"EntryPoint","urlTemplate":"https:\/\/target-paper.com\/?s={search_term_string}"},"query-input":{"@type":"PropertyValueSpecification","valueRequired":true,"valueName":"search_term_string"}}],"inLanguage":"de-DE"}]}},"_links":{"self":[{"href":"https:\/\/target-paper.com\/de\/wp-json\/wp\/v2\/pages\/2908","targetHints":{"allow":["GET"]}}],"collection":[{"href":"https:\/\/target-paper.com\/de\/wp-json\/wp\/v2\/pages"}],"about":[{"href":"https:\/\/target-paper.com\/de\/wp-json\/wp\/v2\/types\/page"}],"author":[{"embeddable":true,"href":"https:\/\/target-paper.com\/de\/wp-json\/wp\/v2\/users\/3"}],"replies":[{"embeddable":true,"href":"https:\/\/target-paper.com\/de\/wp-json\/wp\/v2\/comments?post=2908"}],"version-history":[{"count":0,"href":"https:\/\/target-paper.com\/de\/wp-json\/wp\/v2\/pages\/2908\/revisions"}],"up":[{"embeddable":true,"href":"https:\/\/target-paper.com\/de\/wp-json\/wp\/v2\/pages\/2903"}],"wp:featuredmedia":[{"embeddable":true,"href":"https:\/\/target-paper.com\/de\/wp-json\/wp\/v2\/media\/2337"}],"wp:attachment":[{"href":"https:\/\/target-paper.com\/de\/wp-json\/wp\/v2\/media?parent=2908"}],"curies":[{"name":"wp","href":"https:\/\/api.w.org\/{rel}","templated":true}]}}