{"id":2960,"date":"2021-01-28T20:24:11","date_gmt":"2021-01-28T20:24:11","guid":{"rendered":"http:\/\/target-paper.com\/where-to-buy\/distributors\/"},"modified":"2021-04-16T14:12:06","modified_gmt":"2021-04-16T13:12:06","slug":"haendler","status":"publish","type":"page","link":"https:\/\/target-paper.com\/de\/hier-erhaeltlich\/haendler\/","title":{"rendered":"H\u00e4ndler"},"content":{"rendered":"<h1>H\u00e4ndler<\/h1>\n<h5><b data-stringify-type=\"bold\">Target Papier ist weltweit in \u00fcber 60\u00a0L\u00e4ndern erh\u00e4ltlich.<\/b><\/h5>\n<p>W\u00e4hlen Sie einen Ort und finden Sie einen H\u00e4ndler in Ihrer N\u00e4he.<\/p>\n","protected":false},"excerpt":{"rendered":"<p>H\u00e4ndler Target Papier ist weltweit in \u00fcber 60\u00a0L\u00e4ndern erh\u00e4ltlich. W\u00e4hlen Sie einen Ort und finden Sie einen H\u00e4ndler in Ihrer N\u00e4he.<\/p>\n","protected":false},"author":3,"featured_media":0,"parent":2955,"menu_order":0,"comment_status":"closed","ping_status":"closed","template":"","meta":{"inline_featured_image":false,"footnotes":""},"class_list":["post-2960","page","type-page","status-publish","hentry"],"yoast_head":"<!-- This site is optimized with the Yoast SEO plugin v26.8 - https:\/\/yoast.com\/product\/yoast-seo-wordpress\/ -->\n<title>H\u00e4ndler - Target Paper<\/title>\n<meta name=\"description\" content=\"Das neue Target B\u00fcropapier ist weltweit in \u00fcber 60\u00a0L\u00e4ndern erh\u00e4ltlich. W\u00e4hlen Sie einen Ort und finden Sie einen H\u00e4ndler in Ihrer N\u00e4he.\" \/>\n<meta name=\"robots\" content=\"index, follow, max-snippet:-1, max-image-preview:large, max-video-preview:-1\" \/>\n<link rel=\"canonical\" href=\"https:\/\/target-paper.com\/de\/hier-erhaeltlich\/haendler\/\" \/>\n<meta property=\"og:locale\" content=\"de_DE\" \/>\n<meta property=\"og:type\" content=\"article\" \/>\n<meta property=\"og:title\" content=\"H\u00e4ndler - Target Paper\" \/>\n<meta property=\"og:description\" content=\"Das neue Target B\u00fcropapier ist weltweit in \u00fcber 60\u00a0L\u00e4ndern erh\u00e4ltlich. W\u00e4hlen Sie einen Ort und finden Sie einen H\u00e4ndler in Ihrer N\u00e4he.\" \/>\n<meta property=\"og:url\" content=\"https:\/\/target-paper.com\/de\/hier-erhaeltlich\/haendler\/\" \/>\n<meta property=\"og:site_name\" content=\"Target Paper\" \/>\n<meta property=\"article:modified_time\" content=\"2021-04-16T13:12:06+00:00\" \/>\n<meta name=\"twitter:card\" content=\"summary_large_image\" \/>\n<meta name=\"twitter:label1\" content=\"Est. reading time\" \/>\n\t<meta name=\"twitter:data1\" content=\"1 minute\" \/>\n<script type=\"application\/ld+json\" class=\"yoast-schema-graph\">{\"@context\":\"https:\/\/schema.org\",\"@graph\":[{\"@type\":\"WebPage\",\"@id\":\"https:\/\/target-paper.com\/de\/hier-erhaeltlich\/haendler\/\",\"url\":\"https:\/\/target-paper.com\/de\/hier-erhaeltlich\/haendler\/\",\"name\":\"H\u00e4ndler - Target Paper\",\"isPartOf\":{\"@id\":\"https:\/\/target-paper.com\/#website\"},\"datePublished\":\"2021-01-28T20:24:11+00:00\",\"dateModified\":\"2021-04-16T13:12:06+00:00\",\"description\":\"Das neue Target B\u00fcropapier ist weltweit in \u00fcber 60\u00a0L\u00e4ndern erh\u00e4ltlich. W\u00e4hlen Sie einen Ort und finden Sie einen H\u00e4ndler in Ihrer N\u00e4he.\",\"breadcrumb\":{\"@id\":\"https:\/\/target-paper.com\/de\/hier-erhaeltlich\/haendler\/#breadcrumb\"},\"inLanguage\":\"de-DE\",\"potentialAction\":[{\"@type\":\"ReadAction\",\"target\":[\"https:\/\/target-paper.com\/de\/hier-erhaeltlich\/haendler\/\"]}]},{\"@type\":\"BreadcrumbList\",\"@id\":\"https:\/\/target-paper.com\/de\/hier-erhaeltlich\/haendler\/#breadcrumb\",\"itemListElement\":[{\"@type\":\"ListItem\",\"position\":1,\"name\":\"Home\",\"item\":\"https:\/\/target-paper.com\/de\/\"},{\"@type\":\"ListItem\",\"position\":2,\"name\":\"Hier erh\u00e4ltlich\",\"item\":\"https:\/\/target-paper.com\/de\/where-to-buy\/\"},{\"@type\":\"ListItem\",\"position\":3,\"name\":\"H\u00e4ndler\"}]},{\"@type\":\"WebSite\",\"@id\":\"https:\/\/target-paper.com\/#website\",\"url\":\"https:\/\/target-paper.com\/\",\"name\":\"Target Paper\",\"description\":\"High-quality paper. Sharp results.\",\"potentialAction\":[{\"@type\":\"SearchAction\",\"target\":{\"@type\":\"EntryPoint\",\"urlTemplate\":\"https:\/\/target-paper.com\/?s={search_term_string}\"},\"query-input\":{\"@type\":\"PropertyValueSpecification\",\"valueRequired\":true,\"valueName\":\"search_term_string\"}}],\"inLanguage\":\"de-DE\"}]}<\/script>\n<!-- \/ Yoast SEO plugin. -->","yoast_head_json":{"title":"H\u00e4ndler - Target Paper","description":"Das neue Target B\u00fcropapier ist weltweit in \u00fcber 60\u00a0L\u00e4ndern erh\u00e4ltlich. W\u00e4hlen Sie einen Ort und finden Sie einen H\u00e4ndler in Ihrer N\u00e4he.","robots":{"index":"index","follow":"follow","max-snippet":"max-snippet:-1","max-image-preview":"max-image-preview:large","max-video-preview":"max-video-preview:-1"},"canonical":"https:\/\/target-paper.com\/de\/hier-erhaeltlich\/haendler\/","og_locale":"de_DE","og_type":"article","og_title":"H\u00e4ndler - Target Paper","og_description":"Das neue Target B\u00fcropapier ist weltweit in \u00fcber 60\u00a0L\u00e4ndern erh\u00e4ltlich. W\u00e4hlen Sie einen Ort und finden Sie einen H\u00e4ndler in Ihrer N\u00e4he.","og_url":"https:\/\/target-paper.com\/de\/hier-erhaeltlich\/haendler\/","og_site_name":"Target Paper","article_modified_time":"2021-04-16T13:12:06+00:00","twitter_card":"summary_large_image","twitter_misc":{"Est. reading time":"1 minute"},"schema":{"@context":"https:\/\/schema.org","@graph":[{"@type":"WebPage","@id":"https:\/\/target-paper.com\/de\/hier-erhaeltlich\/haendler\/","url":"https:\/\/target-paper.com\/de\/hier-erhaeltlich\/haendler\/","name":"H\u00e4ndler - Target Paper","isPartOf":{"@id":"https:\/\/target-paper.com\/#website"},"datePublished":"2021-01-28T20:24:11+00:00","dateModified":"2021-04-16T13:12:06+00:00","description":"Das neue Target B\u00fcropapier ist weltweit in \u00fcber 60\u00a0L\u00e4ndern erh\u00e4ltlich. W\u00e4hlen Sie einen Ort und finden Sie einen H\u00e4ndler in Ihrer N\u00e4he.","breadcrumb":{"@id":"https:\/\/target-paper.com\/de\/hier-erhaeltlich\/haendler\/#breadcrumb"},"inLanguage":"de-DE","potentialAction":[{"@type":"ReadAction","target":["https:\/\/target-paper.com\/de\/hier-erhaeltlich\/haendler\/"]}]},{"@type":"BreadcrumbList","@id":"https:\/\/target-paper.com\/de\/hier-erhaeltlich\/haendler\/#breadcrumb","itemListElement":[{"@type":"ListItem","position":1,"name":"Home","item":"https:\/\/target-paper.com\/de\/"},{"@type":"ListItem","position":2,"name":"Hier erh\u00e4ltlich","item":"https:\/\/target-paper.com\/de\/where-to-buy\/"},{"@type":"ListItem","position":3,"name":"H\u00e4ndler"}]},{"@type":"WebSite","@id":"https:\/\/target-paper.com\/#website","url":"https:\/\/target-paper.com\/","name":"Target Paper","description":"High-quality paper. Sharp results.","potentialAction":[{"@type":"SearchAction","target":{"@type":"EntryPoint","urlTemplate":"https:\/\/target-paper.com\/?s={search_term_string}"},"query-input":{"@type":"PropertyValueSpecification","valueRequired":true,"valueName":"search_term_string"}}],"inLanguage":"de-DE"}]}},"_links":{"self":[{"href":"https:\/\/target-paper.com\/de\/wp-json\/wp\/v2\/pages\/2960","targetHints":{"allow":["GET"]}}],"collection":[{"href":"https:\/\/target-paper.com\/de\/wp-json\/wp\/v2\/pages"}],"about":[{"href":"https:\/\/target-paper.com\/de\/wp-json\/wp\/v2\/types\/page"}],"author":[{"embeddable":true,"href":"https:\/\/target-paper.com\/de\/wp-json\/wp\/v2\/users\/3"}],"replies":[{"embeddable":true,"href":"https:\/\/target-paper.com\/de\/wp-json\/wp\/v2\/comments?post=2960"}],"version-history":[{"count":0,"href":"https:\/\/target-paper.com\/de\/wp-json\/wp\/v2\/pages\/2960\/revisions"}],"up":[{"embeddable":true,"href":"https:\/\/target-paper.com\/de\/wp-json\/wp\/v2\/pages\/2955"}],"wp:attachment":[{"href":"https:\/\/target-paper.com\/de\/wp-json\/wp\/v2\/media?parent=2960"}],"curies":[{"name":"wp","href":"https:\/\/api.w.org\/{rel}","templated":true}]}}