{"id":2810,"date":"2021-01-22T16:27:35","date_gmt":"2021-01-22T16:27:35","guid":{"rendered":"http:\/\/target-paper.com\/target-paper\/"},"modified":"2021-05-03T11:16:35","modified_gmt":"2021-05-03T10:16:35","slug":"target-paper","status":"publish","type":"page","link":"https:\/\/target-paper.com\/es\/","title":{"rendered":"Papel Target"},"content":{"rendered":"<h1 class=\"big\">Smart decisions.<br \/>\nSharp results.<\/h1>\n<h5>D\u00e9 un impulso a su negocio con el nuevo papel de oficina Target.<\/h5>\n<p>Los productos Target han sido tecnol\u00f3gicamente optimizados para ofrecer resultados excelentes en cualquier trabajo impreso.<\/p>\n<p><a class=\"btn btn--outline\" href=\"https:\/\/target-paper.com\/es\/acerca-de\/rendimiento-y-resultados\/\">M\u00e1s informaci\u00f3n<\/a> <a class=\"btn\" href=\"https:\/\/target-paper.com\/es\/donde-comprar\/distribuidores\/\">D\u00f3nde comprar<\/a><\/p>\n","protected":false},"excerpt":{"rendered":"<p>Smart decisions. Sharp results. D\u00e9 un impulso a su negocio con el nuevo papel de oficina Target. Los productos Target han sido tecnol\u00f3gicamente optimizados para ofrecer resultados excelentes en cualquier trabajo impreso. M\u00e1s informaci\u00f3n D\u00f3nde comprar<\/p>\n","protected":false},"author":3,"featured_media":2680,"parent":0,"menu_order":0,"comment_status":"closed","ping_status":"closed","template":"","meta":{"inline_featured_image":false,"footnotes":""},"class_list":["post-2810","page","type-page","status-publish","has-post-thumbnail","hentry"],"yoast_head":"<!-- This site is optimized with the Yoast SEO plugin v26.8 - https:\/\/yoast.com\/product\/yoast-seo-wordpress\/ -->\n<title>Papel Target - High-quality paper. Sharp results.<\/title>\n<meta name=\"description\" content=\"El nuevo papel de oficina Target ofrece una gama completa de soluciones de alta calidad para sus necesidades diarias y las aplicaciones m\u00e1s exigentes.\" \/>\n<meta name=\"robots\" content=\"index, follow, max-snippet:-1, max-image-preview:large, max-video-preview:-1\" \/>\n<link rel=\"canonical\" href=\"https:\/\/target-paper.com\/es\/\" \/>\n<meta property=\"og:locale\" content=\"es_ES\" \/>\n<meta property=\"og:type\" content=\"article\" \/>\n<meta property=\"og:title\" content=\"Papel Target - High-quality paper. Sharp results.\" \/>\n<meta property=\"og:description\" content=\"El nuevo papel de oficina Target ofrece una gama completa de soluciones de alta calidad para sus necesidades diarias y las aplicaciones m\u00e1s exigentes.\" \/>\n<meta property=\"og:url\" content=\"https:\/\/target-paper.com\/es\/\" \/>\n<meta property=\"og:site_name\" content=\"Target Paper\" \/>\n<meta property=\"article:modified_time\" content=\"2021-05-03T10:16:35+00:00\" \/>\n<meta property=\"og:image\" content=\"https:\/\/target-paper.com\/wp-content\/uploads\/2021\/03\/TNC-Target-Website-Images-Home-Hero.jpg\" \/>\n\t<meta property=\"og:image:width\" content=\"1920\" \/>\n\t<meta property=\"og:image:height\" content=\"920\" \/>\n\t<meta property=\"og:image:type\" content=\"image\/jpeg\" \/>\n<meta name=\"twitter:card\" content=\"summary_large_image\" \/>\n<meta name=\"twitter:label1\" content=\"Est. reading time\" \/>\n\t<meta name=\"twitter:data1\" content=\"1 minute\" \/>\n<script type=\"application\/ld+json\" class=\"yoast-schema-graph\">{\"@context\":\"https:\/\/schema.org\",\"@graph\":[{\"@type\":\"WebPage\",\"@id\":\"https:\/\/target-paper.com\/es\/\",\"url\":\"https:\/\/target-paper.com\/es\/\",\"name\":\"Papel Target - High-quality paper. Sharp results.\",\"isPartOf\":{\"@id\":\"https:\/\/target-paper.com\/#website\"},\"primaryImageOfPage\":{\"@id\":\"https:\/\/target-paper.com\/es\/#primaryimage\"},\"image\":{\"@id\":\"https:\/\/target-paper.com\/es\/#primaryimage\"},\"thumbnailUrl\":\"https:\/\/target-paper.com\/wp-content\/uploads\/2021\/03\/TNC-Target-Website-Images-Home-Hero.jpg\",\"datePublished\":\"2021-01-22T16:27:35+00:00\",\"dateModified\":\"2021-05-03T10:16:35+00:00\",\"description\":\"El nuevo papel de oficina Target ofrece una gama completa de soluciones de alta calidad para sus necesidades diarias y las aplicaciones m\u00e1s exigentes.\",\"breadcrumb\":{\"@id\":\"https:\/\/target-paper.com\/es\/#breadcrumb\"},\"inLanguage\":\"es-ES\",\"potentialAction\":[{\"@type\":\"ReadAction\",\"target\":[\"https:\/\/target-paper.com\/es\/\"]}]},{\"@type\":\"ImageObject\",\"inLanguage\":\"es-ES\",\"@id\":\"https:\/\/target-paper.com\/es\/#primaryimage\",\"url\":\"https:\/\/target-paper.com\/wp-content\/uploads\/2021\/03\/TNC-Target-Website-Images-Home-Hero.jpg\",\"contentUrl\":\"https:\/\/target-paper.com\/wp-content\/uploads\/2021\/03\/TNC-Target-Website-Images-Home-Hero.jpg\",\"width\":1920,\"height\":920},{\"@type\":\"BreadcrumbList\",\"@id\":\"https:\/\/target-paper.com\/es\/#breadcrumb\",\"itemListElement\":[{\"@type\":\"ListItem\",\"position\":1,\"name\":\"Home\",\"item\":\"https:\/\/target-paper.com\/es\/\"},{\"@type\":\"ListItem\",\"position\":2,\"name\":\"Papel Target\"}]},{\"@type\":\"WebSite\",\"@id\":\"https:\/\/target-paper.com\/#website\",\"url\":\"https:\/\/target-paper.com\/\",\"name\":\"Target Paper\",\"description\":\"High-quality paper. Sharp results.\",\"potentialAction\":[{\"@type\":\"SearchAction\",\"target\":{\"@type\":\"EntryPoint\",\"urlTemplate\":\"https:\/\/target-paper.com\/?s={search_term_string}\"},\"query-input\":{\"@type\":\"PropertyValueSpecification\",\"valueRequired\":true,\"valueName\":\"search_term_string\"}}],\"inLanguage\":\"es-ES\"}]}<\/script>\n<!-- \/ Yoast SEO plugin. -->","yoast_head_json":{"title":"Papel Target - High-quality paper. Sharp results.","description":"El nuevo papel de oficina Target ofrece una gama completa de soluciones de alta calidad para sus necesidades diarias y las aplicaciones m\u00e1s exigentes.","robots":{"index":"index","follow":"follow","max-snippet":"max-snippet:-1","max-image-preview":"max-image-preview:large","max-video-preview":"max-video-preview:-1"},"canonical":"https:\/\/target-paper.com\/es\/","og_locale":"es_ES","og_type":"article","og_title":"Papel Target - High-quality paper. Sharp results.","og_description":"El nuevo papel de oficina Target ofrece una gama completa de soluciones de alta calidad para sus necesidades diarias y las aplicaciones m\u00e1s exigentes.","og_url":"https:\/\/target-paper.com\/es\/","og_site_name":"Target Paper","article_modified_time":"2021-05-03T10:16:35+00:00","og_image":[{"width":1920,"height":920,"url":"https:\/\/target-paper.com\/wp-content\/uploads\/2021\/03\/TNC-Target-Website-Images-Home-Hero.jpg","type":"image\/jpeg"}],"twitter_card":"summary_large_image","twitter_misc":{"Est. reading time":"1 minute"},"schema":{"@context":"https:\/\/schema.org","@graph":[{"@type":"WebPage","@id":"https:\/\/target-paper.com\/es\/","url":"https:\/\/target-paper.com\/es\/","name":"Papel Target - High-quality paper. Sharp results.","isPartOf":{"@id":"https:\/\/target-paper.com\/#website"},"primaryImageOfPage":{"@id":"https:\/\/target-paper.com\/es\/#primaryimage"},"image":{"@id":"https:\/\/target-paper.com\/es\/#primaryimage"},"thumbnailUrl":"https:\/\/target-paper.com\/wp-content\/uploads\/2021\/03\/TNC-Target-Website-Images-Home-Hero.jpg","datePublished":"2021-01-22T16:27:35+00:00","dateModified":"2021-05-03T10:16:35+00:00","description":"El nuevo papel de oficina Target ofrece una gama completa de soluciones de alta calidad para sus necesidades diarias y las aplicaciones m\u00e1s exigentes.","breadcrumb":{"@id":"https:\/\/target-paper.com\/es\/#breadcrumb"},"inLanguage":"es-ES","potentialAction":[{"@type":"ReadAction","target":["https:\/\/target-paper.com\/es\/"]}]},{"@type":"ImageObject","inLanguage":"es-ES","@id":"https:\/\/target-paper.com\/es\/#primaryimage","url":"https:\/\/target-paper.com\/wp-content\/uploads\/2021\/03\/TNC-Target-Website-Images-Home-Hero.jpg","contentUrl":"https:\/\/target-paper.com\/wp-content\/uploads\/2021\/03\/TNC-Target-Website-Images-Home-Hero.jpg","width":1920,"height":920},{"@type":"BreadcrumbList","@id":"https:\/\/target-paper.com\/es\/#breadcrumb","itemListElement":[{"@type":"ListItem","position":1,"name":"Home","item":"https:\/\/target-paper.com\/es\/"},{"@type":"ListItem","position":2,"name":"Papel Target"}]},{"@type":"WebSite","@id":"https:\/\/target-paper.com\/#website","url":"https:\/\/target-paper.com\/","name":"Target Paper","description":"High-quality paper. Sharp results.","potentialAction":[{"@type":"SearchAction","target":{"@type":"EntryPoint","urlTemplate":"https:\/\/target-paper.com\/?s={search_term_string}"},"query-input":{"@type":"PropertyValueSpecification","valueRequired":true,"valueName":"search_term_string"}}],"inLanguage":"es-ES"}]}},"_links":{"self":[{"href":"https:\/\/target-paper.com\/es\/wp-json\/wp\/v2\/pages\/2810","targetHints":{"allow":["GET"]}}],"collection":[{"href":"https:\/\/target-paper.com\/es\/wp-json\/wp\/v2\/pages"}],"about":[{"href":"https:\/\/target-paper.com\/es\/wp-json\/wp\/v2\/types\/page"}],"author":[{"embeddable":true,"href":"https:\/\/target-paper.com\/es\/wp-json\/wp\/v2\/users\/3"}],"replies":[{"embeddable":true,"href":"https:\/\/target-paper.com\/es\/wp-json\/wp\/v2\/comments?post=2810"}],"version-history":[{"count":0,"href":"https:\/\/target-paper.com\/es\/wp-json\/wp\/v2\/pages\/2810\/revisions"}],"wp:featuredmedia":[{"embeddable":true,"href":"https:\/\/target-paper.com\/es\/wp-json\/wp\/v2\/media\/2680"}],"wp:attachment":[{"href":"https:\/\/target-paper.com\/es\/wp-json\/wp\/v2\/media?parent=2810"}],"curies":[{"name":"wp","href":"https:\/\/api.w.org\/{rel}","templated":true}]}}