{"id":2835,"date":"2021-02-26T18:03:18","date_gmt":"2021-02-26T18:03:18","guid":{"rendered":"http:\/\/target-paper.com\/cookies-policy\/"},"modified":"2021-04-26T09:35:26","modified_gmt":"2021-04-26T08:35:26","slug":"politica-de-cookies","status":"publish","type":"page","link":"https:\/\/target-paper.com\/es\/politica-de-cookies\/","title":{"rendered":"Pol\u00edtica de cookies"},"content":{"rendered":"<h5>\u00bfQU\u00c9 SON LAS COOKIES?<\/h5>\n<p>Las &#8220;cookies&#8221; son peque\u00f1os archivos de texto que se almacenan en su ordenador o dispositivo m\u00f3vil a trav\u00e9s del navegador de Internet para reunir informaci\u00f3n relacionada \u00fanicamente con sus preferencias y no con sus datos personales. El uso de cookies permite que la p\u00e1gina web reconozca el dispositivo la pr\u00f3xima vez que el usuario la visite.<\/p>\n<p>El t\u00e9rmino &#8220;cookies&#8221; se utiliza en esta pol\u00edtica para referirse a todos los archivos que recogen informaci\u00f3n de esta manera.<\/p>\n<p>Las cookies utilizadas no re\u00fanen informaci\u00f3n que identifique a los usuarios. Las cookies recopilan informaci\u00f3n gen\u00e9rica, como la forma en que los usuarios acceden al sitio web, la zona del pa\u00eds desde la que acceden al sitio web, etc.<\/p>\n<p>Las cookies solo recaban informaci\u00f3n relacionada con sus preferencias. Los usuarios pueden, en cualquier momento, a trav\u00e9s del navegador de Internet, decidir si desean recibir notificaciones sobre la recepci\u00f3n de cookies o bloquear las cookies para que no se almacenen en su sistema.<\/p>\n<p>Negarse a aceptar las cookies de un sitio web puede provocar que los usuarios no accedan a determinadas \u00e1reas ni reciban informaci\u00f3n personalizada.<\/p>\n<h5>\u00bfPARA QU\u00c9 SE UTILIZAN LAS COOKIES?<\/h5>\n<p>Las cookies ayudan a determinar la utilidad, el inter\u00e9s y el n\u00famero de usos de los sitios web en las que se almacenan, lo que permite a los usuarios navegar de forma m\u00e1s r\u00e1pida y eficiente, y eliminar la necesidad de introducir la misma informaci\u00f3n una y otra vez.<\/p>\n<h5>TIPOS DE COOKIES:<\/h5>\n<p><strong>Cookies persistentes: <\/strong>Estas se almacenan, durante un periodo de tiempo variable, en el navegador de Internet y en los dispositivos (ordenadores, tel\u00e9fonos m\u00f3viles, tabletas) y se utilizan cada vez que los usuarios visitan el sitio web. Normalmente, se utilizan para enfocar la navegaci\u00f3n de acuerdo con los intereses del usuario, lo que nos permite ofrecer un servicio m\u00e1s personalizado.<\/p>\n<p><strong>Cookies de sesi\u00f3n: <\/strong>Estas son temporales; solo se almacenan en la carpeta \u201dCookies\u201d de su navegador hasta que sale del sitio web. La informaci\u00f3n que recogen permite identificar los problemas y conlleva una mejor experiencia de navegaci\u00f3n.<\/p>\n<h5>\u00bfC\u00d3MO PUEDO GESTIONAR LAS COOKIES?<\/h5>\n<p>Como se ha explicado anteriormente, las cookies le ayudan a sacar el m\u00e1ximo provecho de nuestros sitios web.<\/p>\n<p>Todos los navegadores de Internet permiten a los usuarios aceptar, rechazar o eliminar cookies al seleccionar los ajustes correspondientes en el propio navegador web.<\/p>\n<p>Incluso despu\u00e9s de aceptar las cookies, los usuarios pueden desactivar algunas o todas nuestras cookies. Siga las instrucciones para ello:<\/p>\n<ul>\n<li><a href=\"\/\/windows.microsoft.com\/en-us\/windows-vista\/Block-or-allow-cookies\" target=\"_blank\" rel=\"noopener\">Internet Explorer<\/a><\/li>\n<li><a href=\"\/\/windows.microsoft.com\/en-us\/windows-vista\/Block-or-allow-cookies\" target=\"_blank\" rel=\"noopener\">Mozilla Firefox <\/a><\/li>\n<li><a href=\"\/\/support.google.com\/chrome\/answer\/95647?hl=en&amp;topic=14666&amp;ctx=topic\" target=\"_blank\" rel=\"noopener\">Chrome<\/a><\/li>\n<li><a href=\"\/\/support.apple.com\/kb\/HT1677?viewlocale=en_US\" target=\"_blank\" rel=\"noopener\">Safari Web and iOS<\/a><\/li>\n<li>Para otros navegadores de Internet, busque el men\u00fa &#8220;Ayuda&#8221; o p\u00f3ngase en contacto con el proveedor del navegador de Internet.<\/li>\n<\/ul>\n<p>NOTA: Es posible que algunas p\u00e1ginas no funcionen correctamente si desactiva las cookies.<\/p>\n<h5>ENLACES<\/h5>\n<p>Para obtener m\u00e1s informaci\u00f3n acerca de las cookies y su uso, le sugerimos que consulte el siguiente enlace:<\/p>\n<p><a href=\"http:\/\/www.allaboutcookies.org\" target=\"_blank\" rel=\"noopener\">www.allaboutcookies.org<\/a><\/p>\n","protected":false},"excerpt":{"rendered":"<p>\u00bfQU\u00c9 SON LAS COOKIES? Las &#8220;cookies&#8221; son peque\u00f1os archivos de texto que se almacenan en su ordenador o dispositivo m\u00f3vil a trav\u00e9s del navegador de Internet para reunir informaci\u00f3n relacionada \u00fanicamente con sus preferencias y no con sus datos personales. El uso de cookies permite que la p\u00e1gina web reconozca el dispositivo la pr\u00f3xima vez [&hellip;]<\/p>\n","protected":false},"author":3,"featured_media":0,"parent":0,"menu_order":0,"comment_status":"closed","ping_status":"closed","template":"templates\/raw.php","meta":{"inline_featured_image":false,"footnotes":""},"class_list":["post-2835","page","type-page","status-publish","hentry"],"yoast_head":"<!-- This site is optimized with the Yoast SEO plugin v26.8 - https:\/\/yoast.com\/product\/yoast-seo-wordpress\/ -->\n<title>Pol\u00edtica de cookies - Target Paper<\/title>\n<meta name=\"robots\" content=\"index, follow, max-snippet:-1, max-image-preview:large, max-video-preview:-1\" \/>\n<link rel=\"canonical\" href=\"https:\/\/target-paper.com\/es\/politica-de-cookies\/\" \/>\n<meta property=\"og:locale\" content=\"es_ES\" \/>\n<meta property=\"og:type\" content=\"article\" \/>\n<meta property=\"og:title\" content=\"Pol\u00edtica de cookies - Target Paper\" \/>\n<meta property=\"og:description\" content=\"\u00bfQU\u00c9 SON LAS COOKIES? Las &#8220;cookies&#8221; son peque\u00f1os archivos de texto que se almacenan en su ordenador o dispositivo m\u00f3vil a trav\u00e9s del navegador de Internet para reunir informaci\u00f3n relacionada \u00fanicamente con sus preferencias y no con sus datos personales. El uso de cookies permite que la p\u00e1gina web reconozca el dispositivo la pr\u00f3xima vez [&hellip;]\" \/>\n<meta property=\"og:url\" content=\"https:\/\/target-paper.com\/es\/politica-de-cookies\/\" \/>\n<meta property=\"og:site_name\" content=\"Target Paper\" \/>\n<meta property=\"article:modified_time\" content=\"2021-04-26T08:35:26+00:00\" \/>\n<meta name=\"twitter:card\" content=\"summary_large_image\" \/>\n<meta name=\"twitter:label1\" content=\"Est. reading time\" \/>\n\t<meta name=\"twitter:data1\" content=\"2 minutes\" \/>\n<script type=\"application\/ld+json\" class=\"yoast-schema-graph\">{\"@context\":\"https:\/\/schema.org\",\"@graph\":[{\"@type\":\"WebPage\",\"@id\":\"https:\/\/target-paper.com\/es\/politica-de-cookies\/\",\"url\":\"https:\/\/target-paper.com\/es\/politica-de-cookies\/\",\"name\":\"Pol\u00edtica de cookies - Target Paper\",\"isPartOf\":{\"@id\":\"https:\/\/target-paper.com\/#website\"},\"datePublished\":\"2021-02-26T18:03:18+00:00\",\"dateModified\":\"2021-04-26T08:35:26+00:00\",\"breadcrumb\":{\"@id\":\"https:\/\/target-paper.com\/es\/politica-de-cookies\/#breadcrumb\"},\"inLanguage\":\"es-ES\",\"potentialAction\":[{\"@type\":\"ReadAction\",\"target\":[\"https:\/\/target-paper.com\/es\/politica-de-cookies\/\"]}]},{\"@type\":\"BreadcrumbList\",\"@id\":\"https:\/\/target-paper.com\/es\/politica-de-cookies\/#breadcrumb\",\"itemListElement\":[{\"@type\":\"ListItem\",\"position\":1,\"name\":\"Home\",\"item\":\"https:\/\/target-paper.com\/es\/\"},{\"@type\":\"ListItem\",\"position\":2,\"name\":\"Pol\u00edtica de cookies\"}]},{\"@type\":\"WebSite\",\"@id\":\"https:\/\/target-paper.com\/#website\",\"url\":\"https:\/\/target-paper.com\/\",\"name\":\"Target Paper\",\"description\":\"High-quality paper. Sharp results.\",\"potentialAction\":[{\"@type\":\"SearchAction\",\"target\":{\"@type\":\"EntryPoint\",\"urlTemplate\":\"https:\/\/target-paper.com\/?s={search_term_string}\"},\"query-input\":{\"@type\":\"PropertyValueSpecification\",\"valueRequired\":true,\"valueName\":\"search_term_string\"}}],\"inLanguage\":\"es-ES\"}]}<\/script>\n<!-- \/ Yoast SEO plugin. -->","yoast_head_json":{"title":"Pol\u00edtica de cookies - Target Paper","robots":{"index":"index","follow":"follow","max-snippet":"max-snippet:-1","max-image-preview":"max-image-preview:large","max-video-preview":"max-video-preview:-1"},"canonical":"https:\/\/target-paper.com\/es\/politica-de-cookies\/","og_locale":"es_ES","og_type":"article","og_title":"Pol\u00edtica de cookies - Target Paper","og_description":"\u00bfQU\u00c9 SON LAS COOKIES? Las &#8220;cookies&#8221; son peque\u00f1os archivos de texto que se almacenan en su ordenador o dispositivo m\u00f3vil a trav\u00e9s del navegador de Internet para reunir informaci\u00f3n relacionada \u00fanicamente con sus preferencias y no con sus datos personales. El uso de cookies permite que la p\u00e1gina web reconozca el dispositivo la pr\u00f3xima vez [&hellip;]","og_url":"https:\/\/target-paper.com\/es\/politica-de-cookies\/","og_site_name":"Target Paper","article_modified_time":"2021-04-26T08:35:26+00:00","twitter_card":"summary_large_image","twitter_misc":{"Est. reading time":"2 minutes"},"schema":{"@context":"https:\/\/schema.org","@graph":[{"@type":"WebPage","@id":"https:\/\/target-paper.com\/es\/politica-de-cookies\/","url":"https:\/\/target-paper.com\/es\/politica-de-cookies\/","name":"Pol\u00edtica de cookies - Target Paper","isPartOf":{"@id":"https:\/\/target-paper.com\/#website"},"datePublished":"2021-02-26T18:03:18+00:00","dateModified":"2021-04-26T08:35:26+00:00","breadcrumb":{"@id":"https:\/\/target-paper.com\/es\/politica-de-cookies\/#breadcrumb"},"inLanguage":"es-ES","potentialAction":[{"@type":"ReadAction","target":["https:\/\/target-paper.com\/es\/politica-de-cookies\/"]}]},{"@type":"BreadcrumbList","@id":"https:\/\/target-paper.com\/es\/politica-de-cookies\/#breadcrumb","itemListElement":[{"@type":"ListItem","position":1,"name":"Home","item":"https:\/\/target-paper.com\/es\/"},{"@type":"ListItem","position":2,"name":"Pol\u00edtica de cookies"}]},{"@type":"WebSite","@id":"https:\/\/target-paper.com\/#website","url":"https:\/\/target-paper.com\/","name":"Target Paper","description":"High-quality paper. Sharp results.","potentialAction":[{"@type":"SearchAction","target":{"@type":"EntryPoint","urlTemplate":"https:\/\/target-paper.com\/?s={search_term_string}"},"query-input":{"@type":"PropertyValueSpecification","valueRequired":true,"valueName":"search_term_string"}}],"inLanguage":"es-ES"}]}},"_links":{"self":[{"href":"https:\/\/target-paper.com\/es\/wp-json\/wp\/v2\/pages\/2835","targetHints":{"allow":["GET"]}}],"collection":[{"href":"https:\/\/target-paper.com\/es\/wp-json\/wp\/v2\/pages"}],"about":[{"href":"https:\/\/target-paper.com\/es\/wp-json\/wp\/v2\/types\/page"}],"author":[{"embeddable":true,"href":"https:\/\/target-paper.com\/es\/wp-json\/wp\/v2\/users\/3"}],"replies":[{"embeddable":true,"href":"https:\/\/target-paper.com\/es\/wp-json\/wp\/v2\/comments?post=2835"}],"version-history":[{"count":0,"href":"https:\/\/target-paper.com\/es\/wp-json\/wp\/v2\/pages\/2835\/revisions"}],"wp:attachment":[{"href":"https:\/\/target-paper.com\/es\/wp-json\/wp\/v2\/media?parent=2835"}],"curies":[{"name":"wp","href":"https:\/\/api.w.org\/{rel}","templated":true}]}}