{"id":2851,"date":"2021-03-01T17:12:44","date_gmt":"2021-03-01T17:12:44","guid":{"rendered":"http:\/\/target-paper.com\/plus\/about\/empowering-businesses\/"},"modified":"2021-05-03T11:20:18","modified_gmt":"2021-05-03T10:20:18","slug":"potenciando-los-negocios","status":"publish","type":"page","link":"https:\/\/target-paper.com\/es\/plus\/acerca-de\/potenciando-los-negocios\/","title":{"rendered":"Potenciando los negocios"},"content":{"rendered":"<h1>Potenciando los negocios.<\/h1>\n<h5>El mundo evoluciona a la par que el entorno empresarial.<\/h5>\n<p style=\"letter-spacing: -0.01em;\">Hoy en d\u00eda, la respuesta a un futuro sostenible se encuentra en el trabajo en equipo y en las habilidades compartidas. Son las personas que forman parte de una organizaci\u00f3n, las que la hacen funcionar como una m\u00e1quina bien engrasada. Por eso es tan importante dotarlas de las herramientas adecuadas para superar los desaf\u00edos y alcanzar el \u00e9xito conjunto. Empiece por el nuevo papel Target.<\/p>\n","protected":false},"excerpt":{"rendered":"<p>Potenciando los negocios. El mundo evoluciona a la par que el entorno empresarial. Hoy en d\u00eda, la respuesta a un futuro sostenible se encuentra en el trabajo en equipo y en las habilidades compartidas. Son las personas que forman parte de una organizaci\u00f3n, las que la hacen funcionar como una m\u00e1quina bien engrasada. Por eso [&hellip;]<\/p>\n","protected":false},"author":3,"featured_media":0,"parent":2845,"menu_order":0,"comment_status":"closed","ping_status":"closed","template":"","meta":{"inline_featured_image":false,"footnotes":""},"class_list":["post-2851","page","type-page","status-publish","hentry"],"yoast_head":"<!-- This site is optimized with the Yoast SEO plugin v26.8 - https:\/\/yoast.com\/product\/yoast-seo-wordpress\/ -->\n<title>Potenciando los negocios - Target Plus Paper<\/title>\n<meta name=\"description\" content=\"Es importante dotar a los equipos de trabajo de las herramientas adecuadas para superar los desaf\u00edos y alcanzar el \u00e9xito conjunto. Empiece por el nuevo papel Target.\" \/>\n<meta name=\"robots\" content=\"index, follow, max-snippet:-1, max-image-preview:large, max-video-preview:-1\" \/>\n<link rel=\"canonical\" href=\"https:\/\/target-paper.com\/es\/plus\/acerca-de\/potenciando-los-negocios\/\" \/>\n<meta property=\"og:locale\" content=\"es_ES\" \/>\n<meta property=\"og:type\" content=\"article\" \/>\n<meta property=\"og:title\" content=\"Potenciando los negocios - Target Plus Paper\" \/>\n<meta property=\"og:description\" content=\"Es importante dotar a los equipos de trabajo de las herramientas adecuadas para superar los desaf\u00edos y alcanzar el \u00e9xito conjunto. Empiece por el nuevo papel Target.\" \/>\n<meta property=\"og:url\" content=\"https:\/\/target-paper.com\/es\/plus\/acerca-de\/potenciando-los-negocios\/\" \/>\n<meta property=\"og:site_name\" content=\"Target Paper\" \/>\n<meta property=\"article:modified_time\" content=\"2021-05-03T10:20:18+00:00\" \/>\n<meta name=\"twitter:card\" content=\"summary_large_image\" \/>\n<meta name=\"twitter:label1\" content=\"Est. reading time\" \/>\n\t<meta name=\"twitter:data1\" content=\"1 minute\" \/>\n<script type=\"application\/ld+json\" class=\"yoast-schema-graph\">{\"@context\":\"https:\/\/schema.org\",\"@graph\":[{\"@type\":\"WebPage\",\"@id\":\"https:\/\/target-paper.com\/es\/plus\/acerca-de\/potenciando-los-negocios\/\",\"url\":\"https:\/\/target-paper.com\/es\/plus\/acerca-de\/potenciando-los-negocios\/\",\"name\":\"Potenciando los negocios - Target Plus Paper\",\"isPartOf\":{\"@id\":\"https:\/\/target-paper.com\/#website\"},\"datePublished\":\"2021-03-01T17:12:44+00:00\",\"dateModified\":\"2021-05-03T10:20:18+00:00\",\"description\":\"Es importante dotar a los equipos de trabajo de las herramientas adecuadas para superar los desaf\u00edos y alcanzar el \u00e9xito conjunto. Empiece por el nuevo papel Target.\",\"breadcrumb\":{\"@id\":\"https:\/\/target-paper.com\/es\/plus\/acerca-de\/potenciando-los-negocios\/#breadcrumb\"},\"inLanguage\":\"es-ES\",\"potentialAction\":[{\"@type\":\"ReadAction\",\"target\":[\"https:\/\/target-paper.com\/es\/plus\/acerca-de\/potenciando-los-negocios\/\"]}]},{\"@type\":\"BreadcrumbList\",\"@id\":\"https:\/\/target-paper.com\/es\/plus\/acerca-de\/potenciando-los-negocios\/#breadcrumb\",\"itemListElement\":[{\"@type\":\"ListItem\",\"position\":1,\"name\":\"Home\",\"item\":\"https:\/\/target-paper.com\/es\/\"},{\"@type\":\"ListItem\",\"position\":2,\"name\":\"Plus\",\"item\":\"https:\/\/target-paper.com\/es\/plus\/\"},{\"@type\":\"ListItem\",\"position\":3,\"name\":\"Acerca de\",\"item\":\"https:\/\/target-paper.com\/es\/plus\/about\/\"},{\"@type\":\"ListItem\",\"position\":4,\"name\":\"Potenciando los negocios\"}]},{\"@type\":\"WebSite\",\"@id\":\"https:\/\/target-paper.com\/#website\",\"url\":\"https:\/\/target-paper.com\/\",\"name\":\"Target Paper\",\"description\":\"High-quality paper. Sharp results.\",\"potentialAction\":[{\"@type\":\"SearchAction\",\"target\":{\"@type\":\"EntryPoint\",\"urlTemplate\":\"https:\/\/target-paper.com\/?s={search_term_string}\"},\"query-input\":{\"@type\":\"PropertyValueSpecification\",\"valueRequired\":true,\"valueName\":\"search_term_string\"}}],\"inLanguage\":\"es-ES\"}]}<\/script>\n<!-- \/ Yoast SEO plugin. -->","yoast_head_json":{"title":"Potenciando los negocios - Target Plus Paper","description":"Es importante dotar a los equipos de trabajo de las herramientas adecuadas para superar los desaf\u00edos y alcanzar el \u00e9xito conjunto. Empiece por el nuevo papel Target.","robots":{"index":"index","follow":"follow","max-snippet":"max-snippet:-1","max-image-preview":"max-image-preview:large","max-video-preview":"max-video-preview:-1"},"canonical":"https:\/\/target-paper.com\/es\/plus\/acerca-de\/potenciando-los-negocios\/","og_locale":"es_ES","og_type":"article","og_title":"Potenciando los negocios - Target Plus Paper","og_description":"Es importante dotar a los equipos de trabajo de las herramientas adecuadas para superar los desaf\u00edos y alcanzar el \u00e9xito conjunto. Empiece por el nuevo papel Target.","og_url":"https:\/\/target-paper.com\/es\/plus\/acerca-de\/potenciando-los-negocios\/","og_site_name":"Target Paper","article_modified_time":"2021-05-03T10:20:18+00:00","twitter_card":"summary_large_image","twitter_misc":{"Est. reading time":"1 minute"},"schema":{"@context":"https:\/\/schema.org","@graph":[{"@type":"WebPage","@id":"https:\/\/target-paper.com\/es\/plus\/acerca-de\/potenciando-los-negocios\/","url":"https:\/\/target-paper.com\/es\/plus\/acerca-de\/potenciando-los-negocios\/","name":"Potenciando los negocios - Target Plus Paper","isPartOf":{"@id":"https:\/\/target-paper.com\/#website"},"datePublished":"2021-03-01T17:12:44+00:00","dateModified":"2021-05-03T10:20:18+00:00","description":"Es importante dotar a los equipos de trabajo de las herramientas adecuadas para superar los desaf\u00edos y alcanzar el \u00e9xito conjunto. Empiece por el nuevo papel Target.","breadcrumb":{"@id":"https:\/\/target-paper.com\/es\/plus\/acerca-de\/potenciando-los-negocios\/#breadcrumb"},"inLanguage":"es-ES","potentialAction":[{"@type":"ReadAction","target":["https:\/\/target-paper.com\/es\/plus\/acerca-de\/potenciando-los-negocios\/"]}]},{"@type":"BreadcrumbList","@id":"https:\/\/target-paper.com\/es\/plus\/acerca-de\/potenciando-los-negocios\/#breadcrumb","itemListElement":[{"@type":"ListItem","position":1,"name":"Home","item":"https:\/\/target-paper.com\/es\/"},{"@type":"ListItem","position":2,"name":"Plus","item":"https:\/\/target-paper.com\/es\/plus\/"},{"@type":"ListItem","position":3,"name":"Acerca de","item":"https:\/\/target-paper.com\/es\/plus\/about\/"},{"@type":"ListItem","position":4,"name":"Potenciando los negocios"}]},{"@type":"WebSite","@id":"https:\/\/target-paper.com\/#website","url":"https:\/\/target-paper.com\/","name":"Target Paper","description":"High-quality paper. Sharp results.","potentialAction":[{"@type":"SearchAction","target":{"@type":"EntryPoint","urlTemplate":"https:\/\/target-paper.com\/?s={search_term_string}"},"query-input":{"@type":"PropertyValueSpecification","valueRequired":true,"valueName":"search_term_string"}}],"inLanguage":"es-ES"}]}},"_links":{"self":[{"href":"https:\/\/target-paper.com\/es\/wp-json\/wp\/v2\/pages\/2851","targetHints":{"allow":["GET"]}}],"collection":[{"href":"https:\/\/target-paper.com\/es\/wp-json\/wp\/v2\/pages"}],"about":[{"href":"https:\/\/target-paper.com\/es\/wp-json\/wp\/v2\/types\/page"}],"author":[{"embeddable":true,"href":"https:\/\/target-paper.com\/es\/wp-json\/wp\/v2\/users\/3"}],"replies":[{"embeddable":true,"href":"https:\/\/target-paper.com\/es\/wp-json\/wp\/v2\/comments?post=2851"}],"version-history":[{"count":0,"href":"https:\/\/target-paper.com\/es\/wp-json\/wp\/v2\/pages\/2851\/revisions"}],"up":[{"embeddable":true,"href":"https:\/\/target-paper.com\/es\/wp-json\/wp\/v2\/pages\/2845"}],"wp:attachment":[{"href":"https:\/\/target-paper.com\/es\/wp-json\/wp\/v2\/media?parent=2851"}],"curies":[{"name":"wp","href":"https:\/\/api.w.org\/{rel}","templated":true}]}}