{"id":2856,"date":"2021-03-01T17:13:20","date_gmt":"2021-03-01T17:13:20","guid":{"rendered":"http:\/\/target-paper.com\/plus\/about\/performance-and-results\/"},"modified":"2021-11-05T20:05:37","modified_gmt":"2021-11-05T20:05:37","slug":"rendimiento-y-resultados","status":"publish","type":"page","link":"https:\/\/target-paper.com\/es\/plus\/acerca-de\/rendimiento-y-resultados\/","title":{"rendered":"Rendimiento y resultados"},"content":{"rendered":"<h1>Rendimiento y resultados.<\/h1>\n<h5>\u00bfQu\u00e9 tienen en com\u00fan todos los productos Target?<\/h5>\n<p>Sean cuales sean las necesidades de su negocio, siempre disfrutar\u00e1 de un excelente rendimiento y de \u00f3ptimos resultados de impresi\u00f3n. Se trata de una oferta completa y multifuncional con un gran n\u00famero de ventajas.<\/p>\n","protected":false},"excerpt":{"rendered":"<p>Rendimiento y resultados. \u00bfQu\u00e9 tienen en com\u00fan todos los productos Target? Sean cuales sean las necesidades de su negocio, siempre disfrutar\u00e1 de un excelente rendimiento y de \u00f3ptimos resultados de impresi\u00f3n. Se trata de una oferta completa y multifuncional con un gran n\u00famero de ventajas.<\/p>\n","protected":false},"author":3,"featured_media":0,"parent":2845,"menu_order":0,"comment_status":"closed","ping_status":"closed","template":"","meta":{"inline_featured_image":false,"footnotes":""},"class_list":["post-2856","page","type-page","status-publish","hentry"],"yoast_head":"<!-- This site is optimized with the Yoast SEO plugin v26.8 - https:\/\/yoast.com\/product\/yoast-seo-wordpress\/ -->\n<title>Rendimiento y resultados - Target Plus Paper<\/title>\n<meta name=\"description\" content=\"Siempre disfrutar\u00e1 de un excelente rendimiento y de \u00f3ptimos resultados de impresi\u00f3n con una oferta completa y multifuncional.\" \/>\n<meta name=\"robots\" content=\"index, follow, max-snippet:-1, max-image-preview:large, max-video-preview:-1\" \/>\n<link rel=\"canonical\" href=\"https:\/\/target-paper.com\/es\/plus\/acerca-de\/rendimiento-y-resultados\/\" \/>\n<meta property=\"og:locale\" content=\"es_ES\" \/>\n<meta property=\"og:type\" content=\"article\" \/>\n<meta property=\"og:title\" content=\"Rendimiento y resultados - Target Plus Paper\" \/>\n<meta property=\"og:description\" content=\"Siempre disfrutar\u00e1 de un excelente rendimiento y de \u00f3ptimos resultados de impresi\u00f3n con una oferta completa y multifuncional.\" \/>\n<meta property=\"og:url\" content=\"https:\/\/target-paper.com\/es\/plus\/acerca-de\/rendimiento-y-resultados\/\" \/>\n<meta property=\"og:site_name\" content=\"Target Paper\" \/>\n<meta property=\"article:modified_time\" content=\"2021-11-05T20:05:37+00:00\" \/>\n<meta name=\"twitter:card\" content=\"summary_large_image\" \/>\n<meta name=\"twitter:label1\" content=\"Est. reading time\" \/>\n\t<meta name=\"twitter:data1\" content=\"1 minute\" \/>\n<script type=\"application\/ld+json\" class=\"yoast-schema-graph\">{\"@context\":\"https:\/\/schema.org\",\"@graph\":[{\"@type\":\"WebPage\",\"@id\":\"https:\/\/target-paper.com\/es\/plus\/acerca-de\/rendimiento-y-resultados\/\",\"url\":\"https:\/\/target-paper.com\/es\/plus\/acerca-de\/rendimiento-y-resultados\/\",\"name\":\"Rendimiento y resultados - Target Plus Paper\",\"isPartOf\":{\"@id\":\"https:\/\/target-paper.com\/#website\"},\"datePublished\":\"2021-03-01T17:13:20+00:00\",\"dateModified\":\"2021-11-05T20:05:37+00:00\",\"description\":\"Siempre disfrutar\u00e1 de un excelente rendimiento y de \u00f3ptimos resultados de impresi\u00f3n con una oferta completa y multifuncional.\",\"breadcrumb\":{\"@id\":\"https:\/\/target-paper.com\/es\/plus\/acerca-de\/rendimiento-y-resultados\/#breadcrumb\"},\"inLanguage\":\"es-ES\",\"potentialAction\":[{\"@type\":\"ReadAction\",\"target\":[\"https:\/\/target-paper.com\/es\/plus\/acerca-de\/rendimiento-y-resultados\/\"]}]},{\"@type\":\"BreadcrumbList\",\"@id\":\"https:\/\/target-paper.com\/es\/plus\/acerca-de\/rendimiento-y-resultados\/#breadcrumb\",\"itemListElement\":[{\"@type\":\"ListItem\",\"position\":1,\"name\":\"Home\",\"item\":\"https:\/\/target-paper.com\/es\/\"},{\"@type\":\"ListItem\",\"position\":2,\"name\":\"Plus\",\"item\":\"https:\/\/target-paper.com\/es\/plus\/\"},{\"@type\":\"ListItem\",\"position\":3,\"name\":\"Acerca de\",\"item\":\"https:\/\/target-paper.com\/es\/plus\/about\/\"},{\"@type\":\"ListItem\",\"position\":4,\"name\":\"Rendimiento y resultados\"}]},{\"@type\":\"WebSite\",\"@id\":\"https:\/\/target-paper.com\/#website\",\"url\":\"https:\/\/target-paper.com\/\",\"name\":\"Target Paper\",\"description\":\"High-quality paper. Sharp results.\",\"potentialAction\":[{\"@type\":\"SearchAction\",\"target\":{\"@type\":\"EntryPoint\",\"urlTemplate\":\"https:\/\/target-paper.com\/?s={search_term_string}\"},\"query-input\":{\"@type\":\"PropertyValueSpecification\",\"valueRequired\":true,\"valueName\":\"search_term_string\"}}],\"inLanguage\":\"es-ES\"}]}<\/script>\n<!-- \/ Yoast SEO plugin. -->","yoast_head_json":{"title":"Rendimiento y resultados - Target Plus Paper","description":"Siempre disfrutar\u00e1 de un excelente rendimiento y de \u00f3ptimos resultados de impresi\u00f3n con una oferta completa y multifuncional.","robots":{"index":"index","follow":"follow","max-snippet":"max-snippet:-1","max-image-preview":"max-image-preview:large","max-video-preview":"max-video-preview:-1"},"canonical":"https:\/\/target-paper.com\/es\/plus\/acerca-de\/rendimiento-y-resultados\/","og_locale":"es_ES","og_type":"article","og_title":"Rendimiento y resultados - Target Plus Paper","og_description":"Siempre disfrutar\u00e1 de un excelente rendimiento y de \u00f3ptimos resultados de impresi\u00f3n con una oferta completa y multifuncional.","og_url":"https:\/\/target-paper.com\/es\/plus\/acerca-de\/rendimiento-y-resultados\/","og_site_name":"Target Paper","article_modified_time":"2021-11-05T20:05:37+00:00","twitter_card":"summary_large_image","twitter_misc":{"Est. reading time":"1 minute"},"schema":{"@context":"https:\/\/schema.org","@graph":[{"@type":"WebPage","@id":"https:\/\/target-paper.com\/es\/plus\/acerca-de\/rendimiento-y-resultados\/","url":"https:\/\/target-paper.com\/es\/plus\/acerca-de\/rendimiento-y-resultados\/","name":"Rendimiento y resultados - Target Plus Paper","isPartOf":{"@id":"https:\/\/target-paper.com\/#website"},"datePublished":"2021-03-01T17:13:20+00:00","dateModified":"2021-11-05T20:05:37+00:00","description":"Siempre disfrutar\u00e1 de un excelente rendimiento y de \u00f3ptimos resultados de impresi\u00f3n con una oferta completa y multifuncional.","breadcrumb":{"@id":"https:\/\/target-paper.com\/es\/plus\/acerca-de\/rendimiento-y-resultados\/#breadcrumb"},"inLanguage":"es-ES","potentialAction":[{"@type":"ReadAction","target":["https:\/\/target-paper.com\/es\/plus\/acerca-de\/rendimiento-y-resultados\/"]}]},{"@type":"BreadcrumbList","@id":"https:\/\/target-paper.com\/es\/plus\/acerca-de\/rendimiento-y-resultados\/#breadcrumb","itemListElement":[{"@type":"ListItem","position":1,"name":"Home","item":"https:\/\/target-paper.com\/es\/"},{"@type":"ListItem","position":2,"name":"Plus","item":"https:\/\/target-paper.com\/es\/plus\/"},{"@type":"ListItem","position":3,"name":"Acerca de","item":"https:\/\/target-paper.com\/es\/plus\/about\/"},{"@type":"ListItem","position":4,"name":"Rendimiento y resultados"}]},{"@type":"WebSite","@id":"https:\/\/target-paper.com\/#website","url":"https:\/\/target-paper.com\/","name":"Target Paper","description":"High-quality paper. Sharp results.","potentialAction":[{"@type":"SearchAction","target":{"@type":"EntryPoint","urlTemplate":"https:\/\/target-paper.com\/?s={search_term_string}"},"query-input":{"@type":"PropertyValueSpecification","valueRequired":true,"valueName":"search_term_string"}}],"inLanguage":"es-ES"}]}},"_links":{"self":[{"href":"https:\/\/target-paper.com\/es\/wp-json\/wp\/v2\/pages\/2856","targetHints":{"allow":["GET"]}}],"collection":[{"href":"https:\/\/target-paper.com\/es\/wp-json\/wp\/v2\/pages"}],"about":[{"href":"https:\/\/target-paper.com\/es\/wp-json\/wp\/v2\/types\/page"}],"author":[{"embeddable":true,"href":"https:\/\/target-paper.com\/es\/wp-json\/wp\/v2\/users\/3"}],"replies":[{"embeddable":true,"href":"https:\/\/target-paper.com\/es\/wp-json\/wp\/v2\/comments?post=2856"}],"version-history":[{"count":0,"href":"https:\/\/target-paper.com\/es\/wp-json\/wp\/v2\/pages\/2856\/revisions"}],"up":[{"embeddable":true,"href":"https:\/\/target-paper.com\/es\/wp-json\/wp\/v2\/pages\/2845"}],"wp:attachment":[{"href":"https:\/\/target-paper.com\/es\/wp-json\/wp\/v2\/media?parent=2856"}],"curies":[{"name":"wp","href":"https:\/\/api.w.org\/{rel}","templated":true}]}}