{"id":2861,"date":"2021-03-01T17:13:53","date_gmt":"2021-03-01T17:13:53","guid":{"rendered":"http:\/\/target-paper.com\/plus\/about\/production-and-certifications\/"},"modified":"2022-01-13T12:52:31","modified_gmt":"2022-01-13T12:52:31","slug":"produccion-y-certificaciones","status":"publish","type":"page","link":"https:\/\/target-paper.com\/es\/plus\/acerca-de\/produccion-y-certificaciones\/","title":{"rendered":"Producci\u00f3n y certificaciones"},"content":{"rendered":"<h1>Producci\u00f3n y certificaciones.<\/h1>\n<h5>Target se sit\u00faa en el punto de intersecci\u00f3n entre la innovaci\u00f3n y la sostenibilidad.<\/h5>\n<p>Todo confluye para ofrecer los mejores resultados de impresi\u00f3n, desde los m\u00e9todos de producci\u00f3n racionalizados hasta el uso de tecnolog\u00eda moderna y materias primas \u00fanicas. Sus m\u00faltiples certificaciones atestiguan un firme compromiso con la calidad, respaldado por un marcado sentido de la responsabilidad medioambiental.<\/p>\n","protected":false},"excerpt":{"rendered":"<p>Producci\u00f3n y certificaciones. Target se sit\u00faa en el punto de intersecci\u00f3n entre la innovaci\u00f3n y la sostenibilidad. Todo confluye para ofrecer los mejores resultados de impresi\u00f3n, desde los m\u00e9todos de producci\u00f3n racionalizados hasta el uso de tecnolog\u00eda moderna y materias primas \u00fanicas. Sus m\u00faltiples certificaciones atestiguan un firme compromiso con la calidad, respaldado por un [&hellip;]<\/p>\n","protected":false},"author":3,"featured_media":0,"parent":2845,"menu_order":0,"comment_status":"closed","ping_status":"closed","template":"","meta":{"inline_featured_image":false,"footnotes":""},"class_list":["post-2861","page","type-page","status-publish","hentry"],"yoast_head":"<!-- This site is optimized with the Yoast SEO plugin v26.8 - https:\/\/yoast.com\/product\/yoast-seo-wordpress\/ -->\n<title>Producci\u00f3n y certificaciones - Target Plus Paper<\/title>\n<meta name=\"description\" content=\"Las m\u00faltiples certificaciones del papel Target atestiguan un firme compromiso con la calidad y la responsabilidad medioambiental.\" \/>\n<meta name=\"robots\" content=\"index, follow, max-snippet:-1, max-image-preview:large, max-video-preview:-1\" \/>\n<link rel=\"canonical\" href=\"https:\/\/target-paper.com\/es\/plus\/acerca-de\/produccion-y-certificaciones\/\" \/>\n<meta property=\"og:locale\" content=\"es_ES\" \/>\n<meta property=\"og:type\" content=\"article\" \/>\n<meta property=\"og:title\" content=\"Producci\u00f3n y certificaciones - Target Plus Paper\" \/>\n<meta property=\"og:description\" content=\"Las m\u00faltiples certificaciones del papel Target atestiguan un firme compromiso con la calidad y la responsabilidad medioambiental.\" \/>\n<meta property=\"og:url\" content=\"https:\/\/target-paper.com\/es\/plus\/acerca-de\/produccion-y-certificaciones\/\" \/>\n<meta property=\"og:site_name\" content=\"Target Paper\" \/>\n<meta property=\"article:modified_time\" content=\"2022-01-13T12:52:31+00:00\" \/>\n<meta name=\"twitter:card\" content=\"summary_large_image\" \/>\n<meta name=\"twitter:label1\" content=\"Est. reading time\" \/>\n\t<meta name=\"twitter:data1\" content=\"1 minute\" \/>\n<script type=\"application\/ld+json\" class=\"yoast-schema-graph\">{\"@context\":\"https:\/\/schema.org\",\"@graph\":[{\"@type\":\"WebPage\",\"@id\":\"https:\/\/target-paper.com\/es\/plus\/acerca-de\/produccion-y-certificaciones\/\",\"url\":\"https:\/\/target-paper.com\/es\/plus\/acerca-de\/produccion-y-certificaciones\/\",\"name\":\"Producci\u00f3n y certificaciones - Target Plus Paper\",\"isPartOf\":{\"@id\":\"https:\/\/target-paper.com\/#website\"},\"datePublished\":\"2021-03-01T17:13:53+00:00\",\"dateModified\":\"2022-01-13T12:52:31+00:00\",\"description\":\"Las m\u00faltiples certificaciones del papel Target atestiguan un firme compromiso con la calidad y la responsabilidad medioambiental.\",\"breadcrumb\":{\"@id\":\"https:\/\/target-paper.com\/es\/plus\/acerca-de\/produccion-y-certificaciones\/#breadcrumb\"},\"inLanguage\":\"es-ES\",\"potentialAction\":[{\"@type\":\"ReadAction\",\"target\":[\"https:\/\/target-paper.com\/es\/plus\/acerca-de\/produccion-y-certificaciones\/\"]}]},{\"@type\":\"BreadcrumbList\",\"@id\":\"https:\/\/target-paper.com\/es\/plus\/acerca-de\/produccion-y-certificaciones\/#breadcrumb\",\"itemListElement\":[{\"@type\":\"ListItem\",\"position\":1,\"name\":\"Home\",\"item\":\"https:\/\/target-paper.com\/es\/\"},{\"@type\":\"ListItem\",\"position\":2,\"name\":\"Plus\",\"item\":\"https:\/\/target-paper.com\/es\/plus\/\"},{\"@type\":\"ListItem\",\"position\":3,\"name\":\"Acerca de\",\"item\":\"https:\/\/target-paper.com\/es\/plus\/about\/\"},{\"@type\":\"ListItem\",\"position\":4,\"name\":\"Producci\u00f3n y certificaciones\"}]},{\"@type\":\"WebSite\",\"@id\":\"https:\/\/target-paper.com\/#website\",\"url\":\"https:\/\/target-paper.com\/\",\"name\":\"Target Paper\",\"description\":\"High-quality paper. Sharp results.\",\"potentialAction\":[{\"@type\":\"SearchAction\",\"target\":{\"@type\":\"EntryPoint\",\"urlTemplate\":\"https:\/\/target-paper.com\/?s={search_term_string}\"},\"query-input\":{\"@type\":\"PropertyValueSpecification\",\"valueRequired\":true,\"valueName\":\"search_term_string\"}}],\"inLanguage\":\"es-ES\"}]}<\/script>\n<!-- \/ Yoast SEO plugin. -->","yoast_head_json":{"title":"Producci\u00f3n y certificaciones - Target Plus Paper","description":"Las m\u00faltiples certificaciones del papel Target atestiguan un firme compromiso con la calidad y la responsabilidad medioambiental.","robots":{"index":"index","follow":"follow","max-snippet":"max-snippet:-1","max-image-preview":"max-image-preview:large","max-video-preview":"max-video-preview:-1"},"canonical":"https:\/\/target-paper.com\/es\/plus\/acerca-de\/produccion-y-certificaciones\/","og_locale":"es_ES","og_type":"article","og_title":"Producci\u00f3n y certificaciones - Target Plus Paper","og_description":"Las m\u00faltiples certificaciones del papel Target atestiguan un firme compromiso con la calidad y la responsabilidad medioambiental.","og_url":"https:\/\/target-paper.com\/es\/plus\/acerca-de\/produccion-y-certificaciones\/","og_site_name":"Target Paper","article_modified_time":"2022-01-13T12:52:31+00:00","twitter_card":"summary_large_image","twitter_misc":{"Est. reading time":"1 minute"},"schema":{"@context":"https:\/\/schema.org","@graph":[{"@type":"WebPage","@id":"https:\/\/target-paper.com\/es\/plus\/acerca-de\/produccion-y-certificaciones\/","url":"https:\/\/target-paper.com\/es\/plus\/acerca-de\/produccion-y-certificaciones\/","name":"Producci\u00f3n y certificaciones - Target Plus Paper","isPartOf":{"@id":"https:\/\/target-paper.com\/#website"},"datePublished":"2021-03-01T17:13:53+00:00","dateModified":"2022-01-13T12:52:31+00:00","description":"Las m\u00faltiples certificaciones del papel Target atestiguan un firme compromiso con la calidad y la responsabilidad medioambiental.","breadcrumb":{"@id":"https:\/\/target-paper.com\/es\/plus\/acerca-de\/produccion-y-certificaciones\/#breadcrumb"},"inLanguage":"es-ES","potentialAction":[{"@type":"ReadAction","target":["https:\/\/target-paper.com\/es\/plus\/acerca-de\/produccion-y-certificaciones\/"]}]},{"@type":"BreadcrumbList","@id":"https:\/\/target-paper.com\/es\/plus\/acerca-de\/produccion-y-certificaciones\/#breadcrumb","itemListElement":[{"@type":"ListItem","position":1,"name":"Home","item":"https:\/\/target-paper.com\/es\/"},{"@type":"ListItem","position":2,"name":"Plus","item":"https:\/\/target-paper.com\/es\/plus\/"},{"@type":"ListItem","position":3,"name":"Acerca de","item":"https:\/\/target-paper.com\/es\/plus\/about\/"},{"@type":"ListItem","position":4,"name":"Producci\u00f3n y certificaciones"}]},{"@type":"WebSite","@id":"https:\/\/target-paper.com\/#website","url":"https:\/\/target-paper.com\/","name":"Target Paper","description":"High-quality paper. Sharp results.","potentialAction":[{"@type":"SearchAction","target":{"@type":"EntryPoint","urlTemplate":"https:\/\/target-paper.com\/?s={search_term_string}"},"query-input":{"@type":"PropertyValueSpecification","valueRequired":true,"valueName":"search_term_string"}}],"inLanguage":"es-ES"}]}},"_links":{"self":[{"href":"https:\/\/target-paper.com\/es\/wp-json\/wp\/v2\/pages\/2861","targetHints":{"allow":["GET"]}}],"collection":[{"href":"https:\/\/target-paper.com\/es\/wp-json\/wp\/v2\/pages"}],"about":[{"href":"https:\/\/target-paper.com\/es\/wp-json\/wp\/v2\/types\/page"}],"author":[{"embeddable":true,"href":"https:\/\/target-paper.com\/es\/wp-json\/wp\/v2\/users\/3"}],"replies":[{"embeddable":true,"href":"https:\/\/target-paper.com\/es\/wp-json\/wp\/v2\/comments?post=2861"}],"version-history":[{"count":0,"href":"https:\/\/target-paper.com\/es\/wp-json\/wp\/v2\/pages\/2861\/revisions"}],"up":[{"embeddable":true,"href":"https:\/\/target-paper.com\/es\/wp-json\/wp\/v2\/pages\/2845"}],"wp:attachment":[{"href":"https:\/\/target-paper.com\/es\/wp-json\/wp\/v2\/media?parent=2861"}],"curies":[{"name":"wp","href":"https:\/\/api.w.org\/{rel}","templated":true}]}}