{"id":2942,"date":"2021-02-02T16:39:03","date_gmt":"2021-02-02T16:39:03","guid":{"rendered":"http:\/\/target-paper.com\/products\/professional\/70-2\/"},"modified":"2021-04-26T11:07:56","modified_gmt":"2021-04-26T10:07:56","slug":"70gm","status":"publish","type":"page","link":"https:\/\/target-paper.com\/es\/productos\/professional\/70gm\/","title":{"rendered":"Professional 70 g.m-2"},"content":{"rendered":"<h5>Papel de oficina <strong>optimizado<\/strong> para impresiones profesionales.<\/h5>\n<p>Calidad y rendimiento en los que puede confiar para las necesidades de su negocio.<\/p>\n","protected":false},"excerpt":{"rendered":"<p>Papel de oficina optimizado para impresiones profesionales. Calidad y rendimiento en los que puede confiar para las necesidades de su negocio.<\/p>\n","protected":false},"author":3,"featured_media":3064,"parent":2937,"menu_order":0,"comment_status":"closed","ping_status":"closed","template":"templates\/product.php","meta":{"inline_featured_image":false,"footnotes":""},"class_list":["post-2942","page","type-page","status-publish","has-post-thumbnail","hentry"],"yoast_head":"<!-- This site is optimized with the Yoast SEO plugin v26.8 - https:\/\/yoast.com\/product\/yoast-seo-wordpress\/ -->\n<title>Professional 70 g.m-2 - Target Paper<\/title>\n<meta name=\"description\" content=\"Professional 70 g.m-2 es un papel econ\u00f3mico con un excelente comportamiento que le permitir\u00e1 imprimir f\u00e1cilmente documentos urgentes de oficina.\" \/>\n<meta name=\"robots\" content=\"index, follow, max-snippet:-1, max-image-preview:large, max-video-preview:-1\" \/>\n<link rel=\"canonical\" href=\"https:\/\/target-paper.com\/es\/productos\/professional\/70gm\/\" \/>\n<meta property=\"og:locale\" content=\"es_ES\" \/>\n<meta property=\"og:type\" content=\"article\" \/>\n<meta property=\"og:title\" content=\"Professional 70 g.m-2 - Target Paper\" \/>\n<meta property=\"og:description\" content=\"Professional 70 g.m-2 es un papel econ\u00f3mico con un excelente comportamiento que le permitir\u00e1 imprimir f\u00e1cilmente documentos urgentes de oficina.\" \/>\n<meta property=\"og:url\" content=\"https:\/\/target-paper.com\/es\/productos\/professional\/70gm\/\" \/>\n<meta property=\"og:site_name\" content=\"Target Paper\" \/>\n<meta property=\"article:modified_time\" content=\"2021-04-26T10:07:56+00:00\" \/>\n<meta property=\"og:image\" content=\"http:\/\/192.168.1.78\/wp-content\/uploads\/2021\/03\/TNC-Target-Reams-Mockup-Pro_70-Front.png\" \/>\n\t<meta property=\"og:image:width\" content=\"549\" \/>\n\t<meta property=\"og:image:height\" content=\"760\" \/>\n\t<meta property=\"og:image:type\" content=\"image\/png\" \/>\n<meta name=\"twitter:card\" content=\"summary_large_image\" \/>\n<meta name=\"twitter:label1\" content=\"Est. reading time\" \/>\n\t<meta name=\"twitter:data1\" content=\"1 minute\" \/>\n<script type=\"application\/ld+json\" class=\"yoast-schema-graph\">{\"@context\":\"https:\/\/schema.org\",\"@graph\":[{\"@type\":\"WebPage\",\"@id\":\"https:\/\/target-paper.com\/es\/productos\/professional\/70gm\/\",\"url\":\"https:\/\/target-paper.com\/es\/productos\/professional\/70gm\/\",\"name\":\"Professional 70 g.m-2 - Target Paper\",\"isPartOf\":{\"@id\":\"https:\/\/target-paper.com\/#website\"},\"primaryImageOfPage\":{\"@id\":\"https:\/\/target-paper.com\/es\/productos\/professional\/70gm\/#primaryimage\"},\"image\":{\"@id\":\"https:\/\/target-paper.com\/es\/productos\/professional\/70gm\/#primaryimage\"},\"thumbnailUrl\":\"https:\/\/target-paper.com\/wp-content\/uploads\/2021\/03\/TNC-Target-Reams-Mockup-Pro_70-Front.png\",\"datePublished\":\"2021-02-02T16:39:03+00:00\",\"dateModified\":\"2021-04-26T10:07:56+00:00\",\"description\":\"Professional 70 g.m-2 es un papel econ\u00f3mico con un excelente comportamiento que le permitir\u00e1 imprimir f\u00e1cilmente documentos urgentes de oficina.\",\"breadcrumb\":{\"@id\":\"https:\/\/target-paper.com\/es\/productos\/professional\/70gm\/#breadcrumb\"},\"inLanguage\":\"es-ES\",\"potentialAction\":[{\"@type\":\"ReadAction\",\"target\":[\"https:\/\/target-paper.com\/es\/productos\/professional\/70gm\/\"]}]},{\"@type\":\"ImageObject\",\"inLanguage\":\"es-ES\",\"@id\":\"https:\/\/target-paper.com\/es\/productos\/professional\/70gm\/#primaryimage\",\"url\":\"https:\/\/target-paper.com\/wp-content\/uploads\/2021\/03\/TNC-Target-Reams-Mockup-Pro_70-Front.png\",\"contentUrl\":\"https:\/\/target-paper.com\/wp-content\/uploads\/2021\/03\/TNC-Target-Reams-Mockup-Pro_70-Front.png\",\"width\":549,\"height\":760},{\"@type\":\"BreadcrumbList\",\"@id\":\"https:\/\/target-paper.com\/es\/productos\/professional\/70gm\/#breadcrumb\",\"itemListElement\":[{\"@type\":\"ListItem\",\"position\":1,\"name\":\"Home\",\"item\":\"https:\/\/target-paper.com\/es\/\"},{\"@type\":\"ListItem\",\"position\":2,\"name\":\"Productos\",\"item\":\"https:\/\/target-paper.com\/es\/products\/\"},{\"@type\":\"ListItem\",\"position\":3,\"name\":\"Gama Professional\",\"item\":\"https:\/\/target-paper.com\/es\/products\/professional\/\"},{\"@type\":\"ListItem\",\"position\":4,\"name\":\"Professional 70 g.m-2\"}]},{\"@type\":\"WebSite\",\"@id\":\"https:\/\/target-paper.com\/#website\",\"url\":\"https:\/\/target-paper.com\/\",\"name\":\"Target Paper\",\"description\":\"High-quality paper. Sharp results.\",\"potentialAction\":[{\"@type\":\"SearchAction\",\"target\":{\"@type\":\"EntryPoint\",\"urlTemplate\":\"https:\/\/target-paper.com\/?s={search_term_string}\"},\"query-input\":{\"@type\":\"PropertyValueSpecification\",\"valueRequired\":true,\"valueName\":\"search_term_string\"}}],\"inLanguage\":\"es-ES\"}]}<\/script>\n<!-- \/ Yoast SEO plugin. -->","yoast_head_json":{"title":"Professional 70 g.m-2 - Target Paper","description":"Professional 70 g.m-2 es un papel econ\u00f3mico con un excelente comportamiento que le permitir\u00e1 imprimir f\u00e1cilmente documentos urgentes de oficina.","robots":{"index":"index","follow":"follow","max-snippet":"max-snippet:-1","max-image-preview":"max-image-preview:large","max-video-preview":"max-video-preview:-1"},"canonical":"https:\/\/target-paper.com\/es\/productos\/professional\/70gm\/","og_locale":"es_ES","og_type":"article","og_title":"Professional 70 g.m-2 - Target Paper","og_description":"Professional 70 g.m-2 es un papel econ\u00f3mico con un excelente comportamiento que le permitir\u00e1 imprimir f\u00e1cilmente documentos urgentes de oficina.","og_url":"https:\/\/target-paper.com\/es\/productos\/professional\/70gm\/","og_site_name":"Target Paper","article_modified_time":"2021-04-26T10:07:56+00:00","og_image":[{"width":549,"height":760,"url":"http:\/\/192.168.1.78\/wp-content\/uploads\/2021\/03\/TNC-Target-Reams-Mockup-Pro_70-Front.png","type":"image\/png"}],"twitter_card":"summary_large_image","twitter_misc":{"Est. reading time":"1 minute"},"schema":{"@context":"https:\/\/schema.org","@graph":[{"@type":"WebPage","@id":"https:\/\/target-paper.com\/es\/productos\/professional\/70gm\/","url":"https:\/\/target-paper.com\/es\/productos\/professional\/70gm\/","name":"Professional 70 g.m-2 - Target Paper","isPartOf":{"@id":"https:\/\/target-paper.com\/#website"},"primaryImageOfPage":{"@id":"https:\/\/target-paper.com\/es\/productos\/professional\/70gm\/#primaryimage"},"image":{"@id":"https:\/\/target-paper.com\/es\/productos\/professional\/70gm\/#primaryimage"},"thumbnailUrl":"https:\/\/target-paper.com\/wp-content\/uploads\/2021\/03\/TNC-Target-Reams-Mockup-Pro_70-Front.png","datePublished":"2021-02-02T16:39:03+00:00","dateModified":"2021-04-26T10:07:56+00:00","description":"Professional 70 g.m-2 es un papel econ\u00f3mico con un excelente comportamiento que le permitir\u00e1 imprimir f\u00e1cilmente documentos urgentes de oficina.","breadcrumb":{"@id":"https:\/\/target-paper.com\/es\/productos\/professional\/70gm\/#breadcrumb"},"inLanguage":"es-ES","potentialAction":[{"@type":"ReadAction","target":["https:\/\/target-paper.com\/es\/productos\/professional\/70gm\/"]}]},{"@type":"ImageObject","inLanguage":"es-ES","@id":"https:\/\/target-paper.com\/es\/productos\/professional\/70gm\/#primaryimage","url":"https:\/\/target-paper.com\/wp-content\/uploads\/2021\/03\/TNC-Target-Reams-Mockup-Pro_70-Front.png","contentUrl":"https:\/\/target-paper.com\/wp-content\/uploads\/2021\/03\/TNC-Target-Reams-Mockup-Pro_70-Front.png","width":549,"height":760},{"@type":"BreadcrumbList","@id":"https:\/\/target-paper.com\/es\/productos\/professional\/70gm\/#breadcrumb","itemListElement":[{"@type":"ListItem","position":1,"name":"Home","item":"https:\/\/target-paper.com\/es\/"},{"@type":"ListItem","position":2,"name":"Productos","item":"https:\/\/target-paper.com\/es\/products\/"},{"@type":"ListItem","position":3,"name":"Gama Professional","item":"https:\/\/target-paper.com\/es\/products\/professional\/"},{"@type":"ListItem","position":4,"name":"Professional 70 g.m-2"}]},{"@type":"WebSite","@id":"https:\/\/target-paper.com\/#website","url":"https:\/\/target-paper.com\/","name":"Target Paper","description":"High-quality paper. Sharp results.","potentialAction":[{"@type":"SearchAction","target":{"@type":"EntryPoint","urlTemplate":"https:\/\/target-paper.com\/?s={search_term_string}"},"query-input":{"@type":"PropertyValueSpecification","valueRequired":true,"valueName":"search_term_string"}}],"inLanguage":"es-ES"}]}},"_links":{"self":[{"href":"https:\/\/target-paper.com\/es\/wp-json\/wp\/v2\/pages\/2942","targetHints":{"allow":["GET"]}}],"collection":[{"href":"https:\/\/target-paper.com\/es\/wp-json\/wp\/v2\/pages"}],"about":[{"href":"https:\/\/target-paper.com\/es\/wp-json\/wp\/v2\/types\/page"}],"author":[{"embeddable":true,"href":"https:\/\/target-paper.com\/es\/wp-json\/wp\/v2\/users\/3"}],"replies":[{"embeddable":true,"href":"https:\/\/target-paper.com\/es\/wp-json\/wp\/v2\/comments?post=2942"}],"version-history":[{"count":0,"href":"https:\/\/target-paper.com\/es\/wp-json\/wp\/v2\/pages\/2942\/revisions"}],"up":[{"embeddable":true,"href":"https:\/\/target-paper.com\/es\/wp-json\/wp\/v2\/pages\/2937"}],"wp:featuredmedia":[{"embeddable":true,"href":"https:\/\/target-paper.com\/es\/wp-json\/wp\/v2\/media\/3064"}],"wp:attachment":[{"href":"https:\/\/target-paper.com\/es\/wp-json\/wp\/v2\/media?parent=2942"}],"curies":[{"name":"wp","href":"https:\/\/api.w.org\/{rel}","templated":true}]}}