{"id":2963,"date":"2021-01-28T20:24:11","date_gmt":"2021-01-28T20:24:11","guid":{"rendered":"http:\/\/target-paper.com\/where-to-buy\/distributors\/"},"modified":"2021-05-03T11:13:45","modified_gmt":"2021-05-03T10:13:45","slug":"distribuidores","status":"publish","type":"page","link":"https:\/\/target-paper.com\/es\/donde-comprar\/distribuidores\/","title":{"rendered":"Distribuidores"},"content":{"rendered":"<h1>Distribuidores<\/h1>\n<h5><b data-stringify-type=\"bold\">\u00a1El papel Target se comercializa en m\u00e1s de 60 pa\u00edses de todo el mundo!<\/b><\/h5>\n<p>Seleccione una ubicaci\u00f3n y localice el distribuidor m\u00e1s pr\u00f3ximo.<\/p>\n","protected":false},"excerpt":{"rendered":"<p>Distribuidores \u00a1El papel Target se comercializa en m\u00e1s de 60 pa\u00edses de todo el mundo! Seleccione una ubicaci\u00f3n y localice el distribuidor m\u00e1s pr\u00f3ximo.<\/p>\n","protected":false},"author":3,"featured_media":0,"parent":2958,"menu_order":0,"comment_status":"closed","ping_status":"closed","template":"","meta":{"inline_featured_image":false,"footnotes":""},"class_list":["post-2963","page","type-page","status-publish","hentry"],"yoast_head":"<!-- This site is optimized with the Yoast SEO plugin v26.8 - https:\/\/yoast.com\/product\/yoast-seo-wordpress\/ -->\n<title>Distribuidores - Target Paper<\/title>\n<meta name=\"description\" content=\"El nuevo papel de oficina Target se comercializa en m\u00e1s de 60 pa\u00edses de todo el mundo. Seleccione una ubicaci\u00f3n y localice los distribuidores m\u00e1s pr\u00f3ximos.\" \/>\n<meta name=\"robots\" content=\"index, follow, max-snippet:-1, max-image-preview:large, max-video-preview:-1\" \/>\n<link rel=\"canonical\" href=\"https:\/\/target-paper.com\/es\/donde-comprar\/distribuidores\/\" \/>\n<meta property=\"og:locale\" content=\"es_ES\" \/>\n<meta property=\"og:type\" content=\"article\" \/>\n<meta property=\"og:title\" content=\"Distribuidores - Target Paper\" \/>\n<meta property=\"og:description\" content=\"El nuevo papel de oficina Target se comercializa en m\u00e1s de 60 pa\u00edses de todo el mundo. Seleccione una ubicaci\u00f3n y localice los distribuidores m\u00e1s pr\u00f3ximos.\" \/>\n<meta property=\"og:url\" content=\"https:\/\/target-paper.com\/es\/donde-comprar\/distribuidores\/\" \/>\n<meta property=\"og:site_name\" content=\"Target Paper\" \/>\n<meta property=\"article:modified_time\" content=\"2021-05-03T10:13:45+00:00\" \/>\n<meta name=\"twitter:card\" content=\"summary_large_image\" \/>\n<meta name=\"twitter:label1\" content=\"Est. reading time\" \/>\n\t<meta name=\"twitter:data1\" content=\"1 minute\" \/>\n<script type=\"application\/ld+json\" class=\"yoast-schema-graph\">{\"@context\":\"https:\/\/schema.org\",\"@graph\":[{\"@type\":\"WebPage\",\"@id\":\"https:\/\/target-paper.com\/es\/donde-comprar\/distribuidores\/\",\"url\":\"https:\/\/target-paper.com\/es\/donde-comprar\/distribuidores\/\",\"name\":\"Distribuidores - Target Paper\",\"isPartOf\":{\"@id\":\"https:\/\/target-paper.com\/#website\"},\"datePublished\":\"2021-01-28T20:24:11+00:00\",\"dateModified\":\"2021-05-03T10:13:45+00:00\",\"description\":\"El nuevo papel de oficina Target se comercializa en m\u00e1s de 60 pa\u00edses de todo el mundo. Seleccione una ubicaci\u00f3n y localice los distribuidores m\u00e1s pr\u00f3ximos.\",\"breadcrumb\":{\"@id\":\"https:\/\/target-paper.com\/es\/donde-comprar\/distribuidores\/#breadcrumb\"},\"inLanguage\":\"es-ES\",\"potentialAction\":[{\"@type\":\"ReadAction\",\"target\":[\"https:\/\/target-paper.com\/es\/donde-comprar\/distribuidores\/\"]}]},{\"@type\":\"BreadcrumbList\",\"@id\":\"https:\/\/target-paper.com\/es\/donde-comprar\/distribuidores\/#breadcrumb\",\"itemListElement\":[{\"@type\":\"ListItem\",\"position\":1,\"name\":\"Home\",\"item\":\"https:\/\/target-paper.com\/es\/\"},{\"@type\":\"ListItem\",\"position\":2,\"name\":\"D\u00f3nde comprar\",\"item\":\"https:\/\/target-paper.com\/es\/where-to-buy\/\"},{\"@type\":\"ListItem\",\"position\":3,\"name\":\"Distribuidores\"}]},{\"@type\":\"WebSite\",\"@id\":\"https:\/\/target-paper.com\/#website\",\"url\":\"https:\/\/target-paper.com\/\",\"name\":\"Target Paper\",\"description\":\"High-quality paper. Sharp results.\",\"potentialAction\":[{\"@type\":\"SearchAction\",\"target\":{\"@type\":\"EntryPoint\",\"urlTemplate\":\"https:\/\/target-paper.com\/?s={search_term_string}\"},\"query-input\":{\"@type\":\"PropertyValueSpecification\",\"valueRequired\":true,\"valueName\":\"search_term_string\"}}],\"inLanguage\":\"es-ES\"}]}<\/script>\n<!-- \/ Yoast SEO plugin. -->","yoast_head_json":{"title":"Distribuidores - Target Paper","description":"El nuevo papel de oficina Target se comercializa en m\u00e1s de 60 pa\u00edses de todo el mundo. Seleccione una ubicaci\u00f3n y localice los distribuidores m\u00e1s pr\u00f3ximos.","robots":{"index":"index","follow":"follow","max-snippet":"max-snippet:-1","max-image-preview":"max-image-preview:large","max-video-preview":"max-video-preview:-1"},"canonical":"https:\/\/target-paper.com\/es\/donde-comprar\/distribuidores\/","og_locale":"es_ES","og_type":"article","og_title":"Distribuidores - Target Paper","og_description":"El nuevo papel de oficina Target se comercializa en m\u00e1s de 60 pa\u00edses de todo el mundo. Seleccione una ubicaci\u00f3n y localice los distribuidores m\u00e1s pr\u00f3ximos.","og_url":"https:\/\/target-paper.com\/es\/donde-comprar\/distribuidores\/","og_site_name":"Target Paper","article_modified_time":"2021-05-03T10:13:45+00:00","twitter_card":"summary_large_image","twitter_misc":{"Est. reading time":"1 minute"},"schema":{"@context":"https:\/\/schema.org","@graph":[{"@type":"WebPage","@id":"https:\/\/target-paper.com\/es\/donde-comprar\/distribuidores\/","url":"https:\/\/target-paper.com\/es\/donde-comprar\/distribuidores\/","name":"Distribuidores - Target Paper","isPartOf":{"@id":"https:\/\/target-paper.com\/#website"},"datePublished":"2021-01-28T20:24:11+00:00","dateModified":"2021-05-03T10:13:45+00:00","description":"El nuevo papel de oficina Target se comercializa en m\u00e1s de 60 pa\u00edses de todo el mundo. Seleccione una ubicaci\u00f3n y localice los distribuidores m\u00e1s pr\u00f3ximos.","breadcrumb":{"@id":"https:\/\/target-paper.com\/es\/donde-comprar\/distribuidores\/#breadcrumb"},"inLanguage":"es-ES","potentialAction":[{"@type":"ReadAction","target":["https:\/\/target-paper.com\/es\/donde-comprar\/distribuidores\/"]}]},{"@type":"BreadcrumbList","@id":"https:\/\/target-paper.com\/es\/donde-comprar\/distribuidores\/#breadcrumb","itemListElement":[{"@type":"ListItem","position":1,"name":"Home","item":"https:\/\/target-paper.com\/es\/"},{"@type":"ListItem","position":2,"name":"D\u00f3nde comprar","item":"https:\/\/target-paper.com\/es\/where-to-buy\/"},{"@type":"ListItem","position":3,"name":"Distribuidores"}]},{"@type":"WebSite","@id":"https:\/\/target-paper.com\/#website","url":"https:\/\/target-paper.com\/","name":"Target Paper","description":"High-quality paper. Sharp results.","potentialAction":[{"@type":"SearchAction","target":{"@type":"EntryPoint","urlTemplate":"https:\/\/target-paper.com\/?s={search_term_string}"},"query-input":{"@type":"PropertyValueSpecification","valueRequired":true,"valueName":"search_term_string"}}],"inLanguage":"es-ES"}]}},"_links":{"self":[{"href":"https:\/\/target-paper.com\/es\/wp-json\/wp\/v2\/pages\/2963","targetHints":{"allow":["GET"]}}],"collection":[{"href":"https:\/\/target-paper.com\/es\/wp-json\/wp\/v2\/pages"}],"about":[{"href":"https:\/\/target-paper.com\/es\/wp-json\/wp\/v2\/types\/page"}],"author":[{"embeddable":true,"href":"https:\/\/target-paper.com\/es\/wp-json\/wp\/v2\/users\/3"}],"replies":[{"embeddable":true,"href":"https:\/\/target-paper.com\/es\/wp-json\/wp\/v2\/comments?post=2963"}],"version-history":[{"count":0,"href":"https:\/\/target-paper.com\/es\/wp-json\/wp\/v2\/pages\/2963\/revisions"}],"up":[{"embeddable":true,"href":"https:\/\/target-paper.com\/es\/wp-json\/wp\/v2\/pages\/2958"}],"wp:attachment":[{"href":"https:\/\/target-paper.com\/es\/wp-json\/wp\/v2\/media?parent=2963"}],"curies":[{"name":"wp","href":"https:\/\/api.w.org\/{rel}","templated":true}]}}