{"id":2816,"date":"2021-01-25T14:39:29","date_gmt":"2021-01-25T14:39:29","guid":{"rendered":"http:\/\/target-paper.com\/about\/empowering-businesses\/"},"modified":"2021-04-22T09:43:24","modified_gmt":"2021-04-22T08:43:24","slug":"donner-le-pouvoir-aux-entreprises","status":"publish","type":"page","link":"https:\/\/target-paper.com\/fr\/a-propos\/donner-le-pouvoir-aux-entreprises\/","title":{"rendered":"Donner le pouvoir aux entreprises"},"content":{"rendered":"<h1>Donner le pouvoir aux entreprises.<\/h1>\n<h5>Le monde \u00e9volue, tout comme l\u2019environnement professionnel.<\/h5>\n<p style=\"letter-spacing: -0.01em;\">Aujourd\u2019hui, la r\u00e9ponse \u00e0 un avenir durable r\u00e9side dans le travail d\u2019\u00e9quipe et le partage des comp\u00e9tences. Ce sont les personnes au sein d\u2019une organisation qui peuvent la faire fonctionner comme une machine bien huil\u00e9e. C\u2019est pourquoi il est important de les doter des bons outils pour relever les d\u00e9fis et r\u00e9ussir ensemble. \u00c0 commencer par le nouveau papier Target.<\/p>\n","protected":false},"excerpt":{"rendered":"<p>Donner le pouvoir aux entreprises. Le monde \u00e9volue, tout comme l\u2019environnement professionnel. Aujourd\u2019hui, la r\u00e9ponse \u00e0 un avenir durable r\u00e9side dans le travail d\u2019\u00e9quipe et le partage des comp\u00e9tences. Ce sont les personnes au sein d\u2019une organisation qui peuvent la faire fonctionner comme une machine bien huil\u00e9e. C\u2019est pourquoi il est important de les doter [&hellip;]<\/p>\n","protected":false},"author":3,"featured_media":0,"parent":2811,"menu_order":0,"comment_status":"closed","ping_status":"closed","template":"","meta":{"inline_featured_image":false,"footnotes":""},"class_list":["post-2816","page","type-page","status-publish","hentry"],"yoast_head":"<!-- This site is optimized with the Yoast SEO plugin v26.8 - https:\/\/yoast.com\/product\/yoast-seo-wordpress\/ -->\n<title>Donner le pouvoir aux entreprises - Target Paper<\/title>\n<meta name=\"description\" content=\"Il est important de doter ses \u00e9quipes des bons outils pour relever les d\u00e9fis et r\u00e9ussir ensemble. \u00c0 commencer par le nouveau papier Target.\" \/>\n<meta name=\"robots\" content=\"index, follow, max-snippet:-1, max-image-preview:large, max-video-preview:-1\" \/>\n<link rel=\"canonical\" href=\"https:\/\/target-paper.com\/fr\/a-propos\/donner-le-pouvoir-aux-entreprises\/\" \/>\n<meta property=\"og:locale\" content=\"fr_FR\" \/>\n<meta property=\"og:type\" content=\"article\" \/>\n<meta property=\"og:title\" content=\"Donner le pouvoir aux entreprises - Target Paper\" \/>\n<meta property=\"og:description\" content=\"Il est important de doter ses \u00e9quipes des bons outils pour relever les d\u00e9fis et r\u00e9ussir ensemble. \u00c0 commencer par le nouveau papier Target.\" \/>\n<meta property=\"og:url\" content=\"https:\/\/target-paper.com\/fr\/a-propos\/donner-le-pouvoir-aux-entreprises\/\" \/>\n<meta property=\"og:site_name\" content=\"Target Paper\" \/>\n<meta property=\"article:modified_time\" content=\"2021-04-22T08:43:24+00:00\" \/>\n<meta name=\"twitter:card\" content=\"summary_large_image\" \/>\n<meta name=\"twitter:label1\" content=\"Est. reading time\" \/>\n\t<meta name=\"twitter:data1\" content=\"1 minute\" \/>\n<script type=\"application\/ld+json\" class=\"yoast-schema-graph\">{\"@context\":\"https:\/\/schema.org\",\"@graph\":[{\"@type\":\"WebPage\",\"@id\":\"https:\/\/target-paper.com\/fr\/a-propos\/donner-le-pouvoir-aux-entreprises\/\",\"url\":\"https:\/\/target-paper.com\/fr\/a-propos\/donner-le-pouvoir-aux-entreprises\/\",\"name\":\"Donner le pouvoir aux entreprises - Target Paper\",\"isPartOf\":{\"@id\":\"https:\/\/target-paper.com\/#website\"},\"datePublished\":\"2021-01-25T14:39:29+00:00\",\"dateModified\":\"2021-04-22T08:43:24+00:00\",\"description\":\"Il est important de doter ses \u00e9quipes des bons outils pour relever les d\u00e9fis et r\u00e9ussir ensemble. \u00c0 commencer par le nouveau papier Target.\",\"breadcrumb\":{\"@id\":\"https:\/\/target-paper.com\/fr\/a-propos\/donner-le-pouvoir-aux-entreprises\/#breadcrumb\"},\"inLanguage\":\"fr-FR\",\"potentialAction\":[{\"@type\":\"ReadAction\",\"target\":[\"https:\/\/target-paper.com\/fr\/a-propos\/donner-le-pouvoir-aux-entreprises\/\"]}]},{\"@type\":\"BreadcrumbList\",\"@id\":\"https:\/\/target-paper.com\/fr\/a-propos\/donner-le-pouvoir-aux-entreprises\/#breadcrumb\",\"itemListElement\":[{\"@type\":\"ListItem\",\"position\":1,\"name\":\"Home\",\"item\":\"https:\/\/target-paper.com\/fr\/\"},{\"@type\":\"ListItem\",\"position\":2,\"name\":\"\u00c0 propos\",\"item\":\"https:\/\/target-paper.com\/fr\/about\/\"},{\"@type\":\"ListItem\",\"position\":3,\"name\":\"Donner le pouvoir aux entreprises\"}]},{\"@type\":\"WebSite\",\"@id\":\"https:\/\/target-paper.com\/#website\",\"url\":\"https:\/\/target-paper.com\/\",\"name\":\"Target Paper\",\"description\":\"High-quality paper. Sharp results.\",\"potentialAction\":[{\"@type\":\"SearchAction\",\"target\":{\"@type\":\"EntryPoint\",\"urlTemplate\":\"https:\/\/target-paper.com\/?s={search_term_string}\"},\"query-input\":{\"@type\":\"PropertyValueSpecification\",\"valueRequired\":true,\"valueName\":\"search_term_string\"}}],\"inLanguage\":\"fr-FR\"}]}<\/script>\n<!-- \/ Yoast SEO plugin. -->","yoast_head_json":{"title":"Donner le pouvoir aux entreprises - Target Paper","description":"Il est important de doter ses \u00e9quipes des bons outils pour relever les d\u00e9fis et r\u00e9ussir ensemble. \u00c0 commencer par le nouveau papier Target.","robots":{"index":"index","follow":"follow","max-snippet":"max-snippet:-1","max-image-preview":"max-image-preview:large","max-video-preview":"max-video-preview:-1"},"canonical":"https:\/\/target-paper.com\/fr\/a-propos\/donner-le-pouvoir-aux-entreprises\/","og_locale":"fr_FR","og_type":"article","og_title":"Donner le pouvoir aux entreprises - Target Paper","og_description":"Il est important de doter ses \u00e9quipes des bons outils pour relever les d\u00e9fis et r\u00e9ussir ensemble. \u00c0 commencer par le nouveau papier Target.","og_url":"https:\/\/target-paper.com\/fr\/a-propos\/donner-le-pouvoir-aux-entreprises\/","og_site_name":"Target Paper","article_modified_time":"2021-04-22T08:43:24+00:00","twitter_card":"summary_large_image","twitter_misc":{"Est. reading time":"1 minute"},"schema":{"@context":"https:\/\/schema.org","@graph":[{"@type":"WebPage","@id":"https:\/\/target-paper.com\/fr\/a-propos\/donner-le-pouvoir-aux-entreprises\/","url":"https:\/\/target-paper.com\/fr\/a-propos\/donner-le-pouvoir-aux-entreprises\/","name":"Donner le pouvoir aux entreprises - Target Paper","isPartOf":{"@id":"https:\/\/target-paper.com\/#website"},"datePublished":"2021-01-25T14:39:29+00:00","dateModified":"2021-04-22T08:43:24+00:00","description":"Il est important de doter ses \u00e9quipes des bons outils pour relever les d\u00e9fis et r\u00e9ussir ensemble. \u00c0 commencer par le nouveau papier Target.","breadcrumb":{"@id":"https:\/\/target-paper.com\/fr\/a-propos\/donner-le-pouvoir-aux-entreprises\/#breadcrumb"},"inLanguage":"fr-FR","potentialAction":[{"@type":"ReadAction","target":["https:\/\/target-paper.com\/fr\/a-propos\/donner-le-pouvoir-aux-entreprises\/"]}]},{"@type":"BreadcrumbList","@id":"https:\/\/target-paper.com\/fr\/a-propos\/donner-le-pouvoir-aux-entreprises\/#breadcrumb","itemListElement":[{"@type":"ListItem","position":1,"name":"Home","item":"https:\/\/target-paper.com\/fr\/"},{"@type":"ListItem","position":2,"name":"\u00c0 propos","item":"https:\/\/target-paper.com\/fr\/about\/"},{"@type":"ListItem","position":3,"name":"Donner le pouvoir aux entreprises"}]},{"@type":"WebSite","@id":"https:\/\/target-paper.com\/#website","url":"https:\/\/target-paper.com\/","name":"Target Paper","description":"High-quality paper. Sharp results.","potentialAction":[{"@type":"SearchAction","target":{"@type":"EntryPoint","urlTemplate":"https:\/\/target-paper.com\/?s={search_term_string}"},"query-input":{"@type":"PropertyValueSpecification","valueRequired":true,"valueName":"search_term_string"}}],"inLanguage":"fr-FR"}]}},"_links":{"self":[{"href":"https:\/\/target-paper.com\/fr\/wp-json\/wp\/v2\/pages\/2816","targetHints":{"allow":["GET"]}}],"collection":[{"href":"https:\/\/target-paper.com\/fr\/wp-json\/wp\/v2\/pages"}],"about":[{"href":"https:\/\/target-paper.com\/fr\/wp-json\/wp\/v2\/types\/page"}],"author":[{"embeddable":true,"href":"https:\/\/target-paper.com\/fr\/wp-json\/wp\/v2\/users\/3"}],"replies":[{"embeddable":true,"href":"https:\/\/target-paper.com\/fr\/wp-json\/wp\/v2\/comments?post=2816"}],"version-history":[{"count":0,"href":"https:\/\/target-paper.com\/fr\/wp-json\/wp\/v2\/pages\/2816\/revisions"}],"up":[{"embeddable":true,"href":"https:\/\/target-paper.com\/fr\/wp-json\/wp\/v2\/pages\/2811"}],"wp:attachment":[{"href":"https:\/\/target-paper.com\/fr\/wp-json\/wp\/v2\/media?parent=2816"}],"curies":[{"name":"wp","href":"https:\/\/api.w.org\/{rel}","templated":true}]}}