{"id":2826,"date":"2021-01-25T14:39:40","date_gmt":"2021-01-25T14:39:40","guid":{"rendered":"http:\/\/target-paper.com\/about\/production-and-certifications\/"},"modified":"2022-01-13T12:43:59","modified_gmt":"2022-01-13T12:43:59","slug":"production-et-certifications","status":"publish","type":"page","link":"https:\/\/target-paper.com\/fr\/a-propos\/production-et-certifications\/","title":{"rendered":"Production et certifications"},"content":{"rendered":"<h1>Production et certifications.<\/h1>\n<h5>Target se situe entre innovation et durabilit\u00e9.<\/h5>\n<p>Tout est r\u00e9uni pour offrir les meilleurs r\u00e9sultats d\u2019impression, des m\u00e9thodes de production rationalis\u00e9es \u00e0 l\u2019utilisation de technologies modernes et de mati\u00e8res premi\u00e8res uniques. Ses multiples certifications attestent d\u2019un engagement fort en faveur de la qualit\u00e9, soutenu par un sens aigu de la responsabilit\u00e9 environnementale.<\/p>\n","protected":false},"excerpt":{"rendered":"<p>Production et certifications. Target se situe entre innovation et durabilit\u00e9. Tout est r\u00e9uni pour offrir les meilleurs r\u00e9sultats d\u2019impression, des m\u00e9thodes de production rationalis\u00e9es \u00e0 l\u2019utilisation de technologies modernes et de mati\u00e8res premi\u00e8res uniques. Ses multiples certifications attestent d\u2019un engagement fort en faveur de la qualit\u00e9, soutenu par un sens aigu de la responsabilit\u00e9 environnementale.<\/p>\n","protected":false},"author":3,"featured_media":0,"parent":2811,"menu_order":0,"comment_status":"closed","ping_status":"closed","template":"","meta":{"inline_featured_image":false,"footnotes":""},"class_list":["post-2826","page","type-page","status-publish","hentry"],"yoast_head":"<!-- This site is optimized with the Yoast SEO plugin v26.8 - https:\/\/yoast.com\/product\/yoast-seo-wordpress\/ -->\n<title>Production et certifications - Target Paper<\/title>\n<meta name=\"description\" content=\"Les multiples certifications du papier Target attestent d\u2019un engagement fort en faveur de la qualit\u00e9 et de la responsabilit\u00e9 environnementale.\" \/>\n<meta name=\"robots\" content=\"index, follow, max-snippet:-1, max-image-preview:large, max-video-preview:-1\" \/>\n<link rel=\"canonical\" href=\"https:\/\/target-paper.com\/fr\/a-propos\/production-et-certifications\/\" \/>\n<meta property=\"og:locale\" content=\"fr_FR\" \/>\n<meta property=\"og:type\" content=\"article\" \/>\n<meta property=\"og:title\" content=\"Production et certifications - Target Paper\" \/>\n<meta property=\"og:description\" content=\"Les multiples certifications du papier Target attestent d\u2019un engagement fort en faveur de la qualit\u00e9 et de la responsabilit\u00e9 environnementale.\" \/>\n<meta property=\"og:url\" content=\"https:\/\/target-paper.com\/fr\/a-propos\/production-et-certifications\/\" \/>\n<meta property=\"og:site_name\" content=\"Target Paper\" \/>\n<meta property=\"article:modified_time\" content=\"2022-01-13T12:43:59+00:00\" \/>\n<meta name=\"twitter:card\" content=\"summary_large_image\" \/>\n<meta name=\"twitter:label1\" content=\"Est. reading time\" \/>\n\t<meta name=\"twitter:data1\" content=\"1 minute\" \/>\n<script type=\"application\/ld+json\" class=\"yoast-schema-graph\">{\"@context\":\"https:\/\/schema.org\",\"@graph\":[{\"@type\":\"WebPage\",\"@id\":\"https:\/\/target-paper.com\/fr\/a-propos\/production-et-certifications\/\",\"url\":\"https:\/\/target-paper.com\/fr\/a-propos\/production-et-certifications\/\",\"name\":\"Production et certifications - Target Paper\",\"isPartOf\":{\"@id\":\"https:\/\/target-paper.com\/#website\"},\"datePublished\":\"2021-01-25T14:39:40+00:00\",\"dateModified\":\"2022-01-13T12:43:59+00:00\",\"description\":\"Les multiples certifications du papier Target attestent d\u2019un engagement fort en faveur de la qualit\u00e9 et de la responsabilit\u00e9 environnementale.\",\"breadcrumb\":{\"@id\":\"https:\/\/target-paper.com\/fr\/a-propos\/production-et-certifications\/#breadcrumb\"},\"inLanguage\":\"fr-FR\",\"potentialAction\":[{\"@type\":\"ReadAction\",\"target\":[\"https:\/\/target-paper.com\/fr\/a-propos\/production-et-certifications\/\"]}]},{\"@type\":\"BreadcrumbList\",\"@id\":\"https:\/\/target-paper.com\/fr\/a-propos\/production-et-certifications\/#breadcrumb\",\"itemListElement\":[{\"@type\":\"ListItem\",\"position\":1,\"name\":\"Home\",\"item\":\"https:\/\/target-paper.com\/fr\/\"},{\"@type\":\"ListItem\",\"position\":2,\"name\":\"\u00c0 propos\",\"item\":\"https:\/\/target-paper.com\/fr\/about\/\"},{\"@type\":\"ListItem\",\"position\":3,\"name\":\"Production et certifications\"}]},{\"@type\":\"WebSite\",\"@id\":\"https:\/\/target-paper.com\/#website\",\"url\":\"https:\/\/target-paper.com\/\",\"name\":\"Target Paper\",\"description\":\"High-quality paper. Sharp results.\",\"potentialAction\":[{\"@type\":\"SearchAction\",\"target\":{\"@type\":\"EntryPoint\",\"urlTemplate\":\"https:\/\/target-paper.com\/?s={search_term_string}\"},\"query-input\":{\"@type\":\"PropertyValueSpecification\",\"valueRequired\":true,\"valueName\":\"search_term_string\"}}],\"inLanguage\":\"fr-FR\"}]}<\/script>\n<!-- \/ Yoast SEO plugin. -->","yoast_head_json":{"title":"Production et certifications - Target Paper","description":"Les multiples certifications du papier Target attestent d\u2019un engagement fort en faveur de la qualit\u00e9 et de la responsabilit\u00e9 environnementale.","robots":{"index":"index","follow":"follow","max-snippet":"max-snippet:-1","max-image-preview":"max-image-preview:large","max-video-preview":"max-video-preview:-1"},"canonical":"https:\/\/target-paper.com\/fr\/a-propos\/production-et-certifications\/","og_locale":"fr_FR","og_type":"article","og_title":"Production et certifications - Target Paper","og_description":"Les multiples certifications du papier Target attestent d\u2019un engagement fort en faveur de la qualit\u00e9 et de la responsabilit\u00e9 environnementale.","og_url":"https:\/\/target-paper.com\/fr\/a-propos\/production-et-certifications\/","og_site_name":"Target Paper","article_modified_time":"2022-01-13T12:43:59+00:00","twitter_card":"summary_large_image","twitter_misc":{"Est. reading time":"1 minute"},"schema":{"@context":"https:\/\/schema.org","@graph":[{"@type":"WebPage","@id":"https:\/\/target-paper.com\/fr\/a-propos\/production-et-certifications\/","url":"https:\/\/target-paper.com\/fr\/a-propos\/production-et-certifications\/","name":"Production et certifications - Target Paper","isPartOf":{"@id":"https:\/\/target-paper.com\/#website"},"datePublished":"2021-01-25T14:39:40+00:00","dateModified":"2022-01-13T12:43:59+00:00","description":"Les multiples certifications du papier Target attestent d\u2019un engagement fort en faveur de la qualit\u00e9 et de la responsabilit\u00e9 environnementale.","breadcrumb":{"@id":"https:\/\/target-paper.com\/fr\/a-propos\/production-et-certifications\/#breadcrumb"},"inLanguage":"fr-FR","potentialAction":[{"@type":"ReadAction","target":["https:\/\/target-paper.com\/fr\/a-propos\/production-et-certifications\/"]}]},{"@type":"BreadcrumbList","@id":"https:\/\/target-paper.com\/fr\/a-propos\/production-et-certifications\/#breadcrumb","itemListElement":[{"@type":"ListItem","position":1,"name":"Home","item":"https:\/\/target-paper.com\/fr\/"},{"@type":"ListItem","position":2,"name":"\u00c0 propos","item":"https:\/\/target-paper.com\/fr\/about\/"},{"@type":"ListItem","position":3,"name":"Production et certifications"}]},{"@type":"WebSite","@id":"https:\/\/target-paper.com\/#website","url":"https:\/\/target-paper.com\/","name":"Target Paper","description":"High-quality paper. Sharp results.","potentialAction":[{"@type":"SearchAction","target":{"@type":"EntryPoint","urlTemplate":"https:\/\/target-paper.com\/?s={search_term_string}"},"query-input":{"@type":"PropertyValueSpecification","valueRequired":true,"valueName":"search_term_string"}}],"inLanguage":"fr-FR"}]}},"_links":{"self":[{"href":"https:\/\/target-paper.com\/fr\/wp-json\/wp\/v2\/pages\/2826","targetHints":{"allow":["GET"]}}],"collection":[{"href":"https:\/\/target-paper.com\/fr\/wp-json\/wp\/v2\/pages"}],"about":[{"href":"https:\/\/target-paper.com\/fr\/wp-json\/wp\/v2\/types\/page"}],"author":[{"embeddable":true,"href":"https:\/\/target-paper.com\/fr\/wp-json\/wp\/v2\/users\/3"}],"replies":[{"embeddable":true,"href":"https:\/\/target-paper.com\/fr\/wp-json\/wp\/v2\/comments?post=2826"}],"version-history":[{"count":0,"href":"https:\/\/target-paper.com\/fr\/wp-json\/wp\/v2\/pages\/2826\/revisions"}],"up":[{"embeddable":true,"href":"https:\/\/target-paper.com\/fr\/wp-json\/wp\/v2\/pages\/2811"}],"wp:attachment":[{"href":"https:\/\/target-paper.com\/fr\/wp-json\/wp\/v2\/media?parent=2826"}],"curies":[{"name":"wp","href":"https:\/\/api.w.org\/{rel}","templated":true}]}}