{"id":2831,"date":"2021-02-26T18:03:18","date_gmt":"2021-02-26T18:03:18","guid":{"rendered":"http:\/\/target-paper.com\/cookies-policy\/"},"modified":"2021-04-20T12:44:25","modified_gmt":"2021-04-20T11:44:25","slug":"politique-relative-aux-cookies","status":"publish","type":"page","link":"https:\/\/target-paper.com\/fr\/politique-relative-aux-cookies\/","title":{"rendered":"Politique relative aux cookies"},"content":{"rendered":"<h5>QUE SONT LES COOKIES ?<\/h5>\n<p>Les \u00ab cookies \u00bb sont de petits fichiers texte stock\u00e9s sur votre ordinateur ou appareil mobile via votre navigateur Internet, destin\u00e9s \u00e0 recueillir des informations relatives \u00e0 vos pr\u00e9f\u00e9rences. Ils ne recueillent aucune donn\u00e9e personnelle. Les cookies permettent au site Web de reconna\u00eetre un appareil lors de la prochaine visite de l\u2019utilisateur.<\/p>\n<p>Le terme \u00ab cookies \u00bb est utilis\u00e9 dans cette politique pour d\u00e9signer tous les fichiers recueillant des informations de cette mani\u00e8re.<\/p>\n<p>Les cookies ne recueillent aucune information permettant d\u2019identifier les utilisateurs. Ils collectent des informations d\u2019ordre g\u00e9n\u00e9ral, comme le mode d\u2019acc\u00e8s des utilisateurs au site Web ou la r\u00e9gion g\u00e9ographique depuis laquelle ils ont acc\u00e9d\u00e9 au site, etc.<\/p>\n<p>Les cookies recueillent uniquement des informations concernant vos pr\u00e9f\u00e9rences. Par le biais de leur navigateur Internet, les utilisateurs peuvent \u00e0 tout moment d\u00e9cider d\u2019\u00eatre inform\u00e9s de la r\u00e9ception de cookies, ou bloquer le stockage des cookies sur leur syst\u00e8me.<\/p>\n<p>Le refus des cookies sur un certain site peut bloquer l\u2019acc\u00e8s des utilisateurs \u00e0 certaines parties dudit site. En outre, les utilisateurs peuvent ne plus recevoir d\u2019informations personnalis\u00e9es.<\/p>\n<h5>QUELLE EST L\u2019UTILIT\u00c9 DES COOKIES ?<\/h5>\n<p>Les cookies permettent d\u2019identifier l\u2019utilit\u00e9 et le nombre d\u2019utilisations des sites Web sur lesquels ils sont stock\u00e9s, ainsi que l\u2019int\u00e9r\u00eat qu\u2019ils suscitent, ce qui permet aux utilisateurs de naviguer plus rapidement et de mani\u00e8re plus efficace sans avoir \u00e0 saisir les m\u00eames informations plusieurs fois.<\/p>\n<h5>TYPES DE COOKIES :<\/h5>\n<p><strong>Cookies permanents : <\/strong>Ils sont stock\u00e9s sur les navigateurs Internet et les appareils (PC, t\u00e9l\u00e9phones mobiles, tablettes) pour une dur\u00e9e variable dans le temps et sont utilis\u00e9s chaque fois que les utilisateurs visitent le site. Ils servent g\u00e9n\u00e9ralement \u00e0 orienter les recherches de l\u2019utilisateur en fonction de ses int\u00e9r\u00eats, ce qui nous permet d\u2019am\u00e9liorer la personnalisation de notre service.<\/p>\n<p><strong>Cookies de session : <\/strong>Il s\u2019agit de cookies temporaires qui sont uniquement stock\u00e9s dans le dossier \u00ab cookies \u00bb de votre navigateur jusqu\u2019\u00e0 ce que vous quittiez le site. Les informations qu\u2019ils recueillent permettent d\u2019identifier les probl\u00e8mes \u00e9ventuels et d\u2019enrichir votre navigation.<\/p>\n<h5>COMMENT G\u00c9RER LES COOKIES ?<\/h5>\n<p>Comme nous l\u2019avons expliqu\u00e9, les cookies vous permettent d\u2019optimiser votre utilisation de nos sites Web.<\/p>\n<p>En s\u00e9lectionnant les param\u00e8tres appropri\u00e9s dans leur navigateur Internet, les utilisateurs peuvent accepter, refuser ou supprimer les cookies.<\/p>\n<p>En s\u00e9lectionnant les param\u00e8tres appropri\u00e9s dans leur navigateur Internet, les utilisateurs peuvent accepter, refuser ou supprimer les cookies<\/p>\n<ul>\n<li><a href=\"\/\/windows.microsoft.com\/en-us\/windows-vista\/Block-or-allow-cookies\" target=\"_blank\" rel=\"noopener\">Internet Explorer<\/a><\/li>\n<li><a href=\"\/\/windows.microsoft.com\/en-us\/windows-vista\/Block-or-allow-cookies\" target=\"_blank\" rel=\"noopener\">Mozilla Firefox <\/a><\/li>\n<li><a href=\"\/\/support.google.com\/chrome\/answer\/95647?hl=en&amp;topic=14666&amp;ctx=topic\" target=\"_blank\" rel=\"noopener\">Chrome<\/a><\/li>\n<li><a href=\"\/\/support.apple.com\/kb\/HT1677?viewlocale=en_US\" target=\"_blank\" rel=\"noopener\">Safari Web and iOS<\/a><\/li>\n<li>Pour les autres navigateurs Internet, effectuez une recherche dans le menu Aide ou contactez votre fournisseur de navigateur Internet.<\/li>\n<\/ul>\n<p>REMARQUE : Certaines pages peuvent ne pas fonctionner correctement si vous d\u00e9sactivez les cookies.<\/p>\n<h5>LIENS<\/h5>\n<p>Pour de plus amples informations sur les cookies et leur utilisation, consultez le lien suivant:<\/p>\n<p><a href=\"http:\/\/www.allaboutcookies.org\" target=\"_blank\" rel=\"noopener\">www.allaboutcookies.org<\/a><\/p>\n","protected":false},"excerpt":{"rendered":"<p>QUE SONT LES COOKIES ? Les \u00ab cookies \u00bb sont de petits fichiers texte stock\u00e9s sur votre ordinateur ou appareil mobile via votre navigateur Internet, destin\u00e9s \u00e0 recueillir des informations relatives \u00e0 vos pr\u00e9f\u00e9rences. Ils ne recueillent aucune donn\u00e9e personnelle. Les cookies permettent au site Web de reconna\u00eetre un appareil lors de la prochaine visite [&hellip;]<\/p>\n","protected":false},"author":3,"featured_media":0,"parent":0,"menu_order":0,"comment_status":"closed","ping_status":"closed","template":"templates\/raw.php","meta":{"inline_featured_image":false,"footnotes":""},"class_list":["post-2831","page","type-page","status-publish","hentry"],"yoast_head":"<!-- This site is optimized with the Yoast SEO plugin v26.8 - https:\/\/yoast.com\/product\/yoast-seo-wordpress\/ -->\n<title>Politique relative aux cookies - Target Paper<\/title>\n<meta name=\"robots\" content=\"index, follow, max-snippet:-1, max-image-preview:large, max-video-preview:-1\" \/>\n<link rel=\"canonical\" href=\"https:\/\/target-paper.com\/fr\/politique-relative-aux-cookies\/\" \/>\n<meta property=\"og:locale\" content=\"fr_FR\" \/>\n<meta property=\"og:type\" content=\"article\" \/>\n<meta property=\"og:title\" content=\"Politique relative aux cookies - Target Paper\" \/>\n<meta property=\"og:description\" content=\"QUE SONT LES COOKIES ? Les \u00ab cookies \u00bb sont de petits fichiers texte stock\u00e9s sur votre ordinateur ou appareil mobile via votre navigateur Internet, destin\u00e9s \u00e0 recueillir des informations relatives \u00e0 vos pr\u00e9f\u00e9rences. Ils ne recueillent aucune donn\u00e9e personnelle. Les cookies permettent au site Web de reconna\u00eetre un appareil lors de la prochaine visite [&hellip;]\" \/>\n<meta property=\"og:url\" content=\"https:\/\/target-paper.com\/fr\/politique-relative-aux-cookies\/\" \/>\n<meta property=\"og:site_name\" content=\"Target Paper\" \/>\n<meta property=\"article:modified_time\" content=\"2021-04-20T11:44:25+00:00\" \/>\n<meta name=\"twitter:card\" content=\"summary_large_image\" \/>\n<meta name=\"twitter:label1\" content=\"Est. reading time\" \/>\n\t<meta name=\"twitter:data1\" content=\"2 minutes\" \/>\n<script type=\"application\/ld+json\" class=\"yoast-schema-graph\">{\"@context\":\"https:\/\/schema.org\",\"@graph\":[{\"@type\":\"WebPage\",\"@id\":\"https:\/\/target-paper.com\/fr\/politique-relative-aux-cookies\/\",\"url\":\"https:\/\/target-paper.com\/fr\/politique-relative-aux-cookies\/\",\"name\":\"Politique relative aux cookies - Target Paper\",\"isPartOf\":{\"@id\":\"https:\/\/target-paper.com\/#website\"},\"datePublished\":\"2021-02-26T18:03:18+00:00\",\"dateModified\":\"2021-04-20T11:44:25+00:00\",\"breadcrumb\":{\"@id\":\"https:\/\/target-paper.com\/fr\/politique-relative-aux-cookies\/#breadcrumb\"},\"inLanguage\":\"fr-FR\",\"potentialAction\":[{\"@type\":\"ReadAction\",\"target\":[\"https:\/\/target-paper.com\/fr\/politique-relative-aux-cookies\/\"]}]},{\"@type\":\"BreadcrumbList\",\"@id\":\"https:\/\/target-paper.com\/fr\/politique-relative-aux-cookies\/#breadcrumb\",\"itemListElement\":[{\"@type\":\"ListItem\",\"position\":1,\"name\":\"Home\",\"item\":\"https:\/\/target-paper.com\/fr\/\"},{\"@type\":\"ListItem\",\"position\":2,\"name\":\"Politique relative aux cookies\"}]},{\"@type\":\"WebSite\",\"@id\":\"https:\/\/target-paper.com\/#website\",\"url\":\"https:\/\/target-paper.com\/\",\"name\":\"Target Paper\",\"description\":\"High-quality paper. Sharp results.\",\"potentialAction\":[{\"@type\":\"SearchAction\",\"target\":{\"@type\":\"EntryPoint\",\"urlTemplate\":\"https:\/\/target-paper.com\/?s={search_term_string}\"},\"query-input\":{\"@type\":\"PropertyValueSpecification\",\"valueRequired\":true,\"valueName\":\"search_term_string\"}}],\"inLanguage\":\"fr-FR\"}]}<\/script>\n<!-- \/ Yoast SEO plugin. -->","yoast_head_json":{"title":"Politique relative aux cookies - Target Paper","robots":{"index":"index","follow":"follow","max-snippet":"max-snippet:-1","max-image-preview":"max-image-preview:large","max-video-preview":"max-video-preview:-1"},"canonical":"https:\/\/target-paper.com\/fr\/politique-relative-aux-cookies\/","og_locale":"fr_FR","og_type":"article","og_title":"Politique relative aux cookies - Target Paper","og_description":"QUE SONT LES COOKIES ? Les \u00ab cookies \u00bb sont de petits fichiers texte stock\u00e9s sur votre ordinateur ou appareil mobile via votre navigateur Internet, destin\u00e9s \u00e0 recueillir des informations relatives \u00e0 vos pr\u00e9f\u00e9rences. Ils ne recueillent aucune donn\u00e9e personnelle. Les cookies permettent au site Web de reconna\u00eetre un appareil lors de la prochaine visite [&hellip;]","og_url":"https:\/\/target-paper.com\/fr\/politique-relative-aux-cookies\/","og_site_name":"Target Paper","article_modified_time":"2021-04-20T11:44:25+00:00","twitter_card":"summary_large_image","twitter_misc":{"Est. reading time":"2 minutes"},"schema":{"@context":"https:\/\/schema.org","@graph":[{"@type":"WebPage","@id":"https:\/\/target-paper.com\/fr\/politique-relative-aux-cookies\/","url":"https:\/\/target-paper.com\/fr\/politique-relative-aux-cookies\/","name":"Politique relative aux cookies - Target Paper","isPartOf":{"@id":"https:\/\/target-paper.com\/#website"},"datePublished":"2021-02-26T18:03:18+00:00","dateModified":"2021-04-20T11:44:25+00:00","breadcrumb":{"@id":"https:\/\/target-paper.com\/fr\/politique-relative-aux-cookies\/#breadcrumb"},"inLanguage":"fr-FR","potentialAction":[{"@type":"ReadAction","target":["https:\/\/target-paper.com\/fr\/politique-relative-aux-cookies\/"]}]},{"@type":"BreadcrumbList","@id":"https:\/\/target-paper.com\/fr\/politique-relative-aux-cookies\/#breadcrumb","itemListElement":[{"@type":"ListItem","position":1,"name":"Home","item":"https:\/\/target-paper.com\/fr\/"},{"@type":"ListItem","position":2,"name":"Politique relative aux cookies"}]},{"@type":"WebSite","@id":"https:\/\/target-paper.com\/#website","url":"https:\/\/target-paper.com\/","name":"Target Paper","description":"High-quality paper. Sharp results.","potentialAction":[{"@type":"SearchAction","target":{"@type":"EntryPoint","urlTemplate":"https:\/\/target-paper.com\/?s={search_term_string}"},"query-input":{"@type":"PropertyValueSpecification","valueRequired":true,"valueName":"search_term_string"}}],"inLanguage":"fr-FR"}]}},"_links":{"self":[{"href":"https:\/\/target-paper.com\/fr\/wp-json\/wp\/v2\/pages\/2831","targetHints":{"allow":["GET"]}}],"collection":[{"href":"https:\/\/target-paper.com\/fr\/wp-json\/wp\/v2\/pages"}],"about":[{"href":"https:\/\/target-paper.com\/fr\/wp-json\/wp\/v2\/types\/page"}],"author":[{"embeddable":true,"href":"https:\/\/target-paper.com\/fr\/wp-json\/wp\/v2\/users\/3"}],"replies":[{"embeddable":true,"href":"https:\/\/target-paper.com\/fr\/wp-json\/wp\/v2\/comments?post=2831"}],"version-history":[{"count":0,"href":"https:\/\/target-paper.com\/fr\/wp-json\/wp\/v2\/pages\/2831\/revisions"}],"wp:attachment":[{"href":"https:\/\/target-paper.com\/fr\/wp-json\/wp\/v2\/media?parent=2831"}],"curies":[{"name":"wp","href":"https:\/\/api.w.org\/{rel}","templated":true}]}}