{"id":2836,"date":"2021-02-25T16:06:11","date_gmt":"2021-02-25T16:06:11","guid":{"rendered":"http:\/\/target-paper.com\/plus\/"},"modified":"2021-11-05T19:51:50","modified_gmt":"2021-11-05T19:51:50","slug":"plus","status":"publish","type":"page","link":"https:\/\/target-paper.com\/fr\/plus\/","title":{"rendered":"Plus"},"content":{"rendered":"<h1 class=\"big\">Des projets ambitieux.<br \/>\nDes r\u00e9sultats sup\u00e9rieurs.<\/h1>\n<h5>B\u00e9n\u00e9ficiez des meilleures performances d\u2019impression offset avec Target Plus.<\/h5>\n<p>D\u00e9couvrez une gamme d\u2019options offset et pre-print qui donneront vie \u00e0 vos projets les plus exigeants et saisissants.<\/p>\n<p><a class=\"btn btn--outline btn--white\" href=\"https:\/\/target-paper.com\/fr\/plus\/a-propos\/performances-et-resultats\/\">En savoir plus<\/a> <a class=\"btn btn--white\" href=\"https:\/\/target-paper.com\/fr\/plus\/points-de-vente\/distributeurs\/\">Points de vente<\/a><\/p>\n","protected":false},"excerpt":{"rendered":"<p>Des projets ambitieux. Des r\u00e9sultats sup\u00e9rieurs. B\u00e9n\u00e9ficiez des meilleures performances d\u2019impression offset avec Target Plus. D\u00e9couvrez une gamme d\u2019options offset et pre-print qui donneront vie \u00e0 vos projets les plus exigeants et saisissants. En savoir plus Points de vente<\/p>\n","protected":false},"author":3,"featured_media":2516,"parent":0,"menu_order":0,"comment_status":"closed","ping_status":"closed","template":"","meta":{"inline_featured_image":false,"footnotes":""},"class_list":["post-2836","page","type-page","status-publish","has-post-thumbnail","hentry"],"yoast_head":"<!-- This site is optimized with the Yoast SEO plugin v26.8 - https:\/\/yoast.com\/product\/yoast-seo-wordpress\/ -->\n<title>Target Plus - Des projets ambitieux. Des r\u00e9sultats sup\u00e9rieurs.<\/title>\n<meta name=\"description\" content=\"Le papier Target Plus offre une gamme d\u2019options offset et pre-print. B\u00e9n\u00e9ficiez des meilleures performances d\u2019impression offset pour vos projets les plus saisissants.\" \/>\n<meta name=\"robots\" content=\"index, follow, max-snippet:-1, max-image-preview:large, max-video-preview:-1\" \/>\n<link rel=\"canonical\" href=\"https:\/\/target-paper.com\/fr\/plus\/\" \/>\n<meta property=\"og:locale\" content=\"fr_FR\" \/>\n<meta property=\"og:type\" content=\"article\" \/>\n<meta property=\"og:title\" content=\"Target Plus - Des projets ambitieux. Des r\u00e9sultats sup\u00e9rieurs.\" \/>\n<meta property=\"og:description\" content=\"Le papier Target Plus offre une gamme d\u2019options offset et pre-print. B\u00e9n\u00e9ficiez des meilleures performances d\u2019impression offset pour vos projets les plus saisissants.\" \/>\n<meta property=\"og:url\" content=\"https:\/\/target-paper.com\/fr\/plus\/\" \/>\n<meta property=\"og:site_name\" content=\"Target Paper\" \/>\n<meta property=\"article:modified_time\" content=\"2021-11-05T19:51:50+00:00\" \/>\n<meta property=\"og:image\" content=\"http:\/\/192.168.1.78\/wp-content\/uploads\/2021\/04\/TNC-Target-Website-Featured-Plus.jpg\" \/>\n\t<meta property=\"og:image:width\" content=\"1024\" \/>\n\t<meta property=\"og:image:height\" content=\"768\" \/>\n\t<meta property=\"og:image:type\" content=\"image\/jpeg\" \/>\n<meta name=\"twitter:card\" content=\"summary_large_image\" \/>\n<meta name=\"twitter:label1\" content=\"Est. reading time\" \/>\n\t<meta name=\"twitter:data1\" content=\"1 minute\" \/>\n<script type=\"application\/ld+json\" class=\"yoast-schema-graph\">{\"@context\":\"https:\/\/schema.org\",\"@graph\":[{\"@type\":\"WebPage\",\"@id\":\"https:\/\/target-paper.com\/fr\/plus\/\",\"url\":\"https:\/\/target-paper.com\/fr\/plus\/\",\"name\":\"Target Plus - Des projets ambitieux. Des r\u00e9sultats sup\u00e9rieurs.\",\"isPartOf\":{\"@id\":\"https:\/\/target-paper.com\/#website\"},\"primaryImageOfPage\":{\"@id\":\"https:\/\/target-paper.com\/fr\/plus\/#primaryimage\"},\"image\":{\"@id\":\"https:\/\/target-paper.com\/fr\/plus\/#primaryimage\"},\"thumbnailUrl\":\"https:\/\/target-paper.com\/wp-content\/uploads\/2021\/02\/TNC-Target-PLUS-Illustration-1.jpg\",\"datePublished\":\"2021-02-25T16:06:11+00:00\",\"dateModified\":\"2021-11-05T19:51:50+00:00\",\"description\":\"Le papier Target Plus offre une gamme d\u2019options offset et pre-print. B\u00e9n\u00e9ficiez des meilleures performances d\u2019impression offset pour vos projets les plus saisissants.\",\"breadcrumb\":{\"@id\":\"https:\/\/target-paper.com\/fr\/plus\/#breadcrumb\"},\"inLanguage\":\"fr-FR\",\"potentialAction\":[{\"@type\":\"ReadAction\",\"target\":[\"https:\/\/target-paper.com\/fr\/plus\/\"]}]},{\"@type\":\"ImageObject\",\"inLanguage\":\"fr-FR\",\"@id\":\"https:\/\/target-paper.com\/fr\/plus\/#primaryimage\",\"url\":\"https:\/\/target-paper.com\/wp-content\/uploads\/2021\/02\/TNC-Target-PLUS-Illustration-1.jpg\",\"contentUrl\":\"https:\/\/target-paper.com\/wp-content\/uploads\/2021\/02\/TNC-Target-PLUS-Illustration-1.jpg\",\"width\":1920,\"height\":1080},{\"@type\":\"BreadcrumbList\",\"@id\":\"https:\/\/target-paper.com\/fr\/plus\/#breadcrumb\",\"itemListElement\":[{\"@type\":\"ListItem\",\"position\":1,\"name\":\"Home\",\"item\":\"https:\/\/target-paper.com\/fr\/\"},{\"@type\":\"ListItem\",\"position\":2,\"name\":\"Plus\"}]},{\"@type\":\"WebSite\",\"@id\":\"https:\/\/target-paper.com\/#website\",\"url\":\"https:\/\/target-paper.com\/\",\"name\":\"Target Paper\",\"description\":\"High-quality paper. Sharp results.\",\"potentialAction\":[{\"@type\":\"SearchAction\",\"target\":{\"@type\":\"EntryPoint\",\"urlTemplate\":\"https:\/\/target-paper.com\/?s={search_term_string}\"},\"query-input\":{\"@type\":\"PropertyValueSpecification\",\"valueRequired\":true,\"valueName\":\"search_term_string\"}}],\"inLanguage\":\"fr-FR\"}]}<\/script>\n<!-- \/ Yoast SEO plugin. -->","yoast_head_json":{"title":"Target Plus - Des projets ambitieux. Des r\u00e9sultats sup\u00e9rieurs.","description":"Le papier Target Plus offre une gamme d\u2019options offset et pre-print. B\u00e9n\u00e9ficiez des meilleures performances d\u2019impression offset pour vos projets les plus saisissants.","robots":{"index":"index","follow":"follow","max-snippet":"max-snippet:-1","max-image-preview":"max-image-preview:large","max-video-preview":"max-video-preview:-1"},"canonical":"https:\/\/target-paper.com\/fr\/plus\/","og_locale":"fr_FR","og_type":"article","og_title":"Target Plus - Des projets ambitieux. Des r\u00e9sultats sup\u00e9rieurs.","og_description":"Le papier Target Plus offre une gamme d\u2019options offset et pre-print. B\u00e9n\u00e9ficiez des meilleures performances d\u2019impression offset pour vos projets les plus saisissants.","og_url":"https:\/\/target-paper.com\/fr\/plus\/","og_site_name":"Target Paper","article_modified_time":"2021-11-05T19:51:50+00:00","og_image":[{"width":1024,"height":768,"url":"http:\/\/192.168.1.78\/wp-content\/uploads\/2021\/04\/TNC-Target-Website-Featured-Plus.jpg","type":"image\/jpeg"}],"twitter_card":"summary_large_image","twitter_misc":{"Est. reading time":"1 minute"},"schema":{"@context":"https:\/\/schema.org","@graph":[{"@type":"WebPage","@id":"https:\/\/target-paper.com\/fr\/plus\/","url":"https:\/\/target-paper.com\/fr\/plus\/","name":"Target Plus - Des projets ambitieux. Des r\u00e9sultats sup\u00e9rieurs.","isPartOf":{"@id":"https:\/\/target-paper.com\/#website"},"primaryImageOfPage":{"@id":"https:\/\/target-paper.com\/fr\/plus\/#primaryimage"},"image":{"@id":"https:\/\/target-paper.com\/fr\/plus\/#primaryimage"},"thumbnailUrl":"https:\/\/target-paper.com\/wp-content\/uploads\/2021\/02\/TNC-Target-PLUS-Illustration-1.jpg","datePublished":"2021-02-25T16:06:11+00:00","dateModified":"2021-11-05T19:51:50+00:00","description":"Le papier Target Plus offre une gamme d\u2019options offset et pre-print. B\u00e9n\u00e9ficiez des meilleures performances d\u2019impression offset pour vos projets les plus saisissants.","breadcrumb":{"@id":"https:\/\/target-paper.com\/fr\/plus\/#breadcrumb"},"inLanguage":"fr-FR","potentialAction":[{"@type":"ReadAction","target":["https:\/\/target-paper.com\/fr\/plus\/"]}]},{"@type":"ImageObject","inLanguage":"fr-FR","@id":"https:\/\/target-paper.com\/fr\/plus\/#primaryimage","url":"https:\/\/target-paper.com\/wp-content\/uploads\/2021\/02\/TNC-Target-PLUS-Illustration-1.jpg","contentUrl":"https:\/\/target-paper.com\/wp-content\/uploads\/2021\/02\/TNC-Target-PLUS-Illustration-1.jpg","width":1920,"height":1080},{"@type":"BreadcrumbList","@id":"https:\/\/target-paper.com\/fr\/plus\/#breadcrumb","itemListElement":[{"@type":"ListItem","position":1,"name":"Home","item":"https:\/\/target-paper.com\/fr\/"},{"@type":"ListItem","position":2,"name":"Plus"}]},{"@type":"WebSite","@id":"https:\/\/target-paper.com\/#website","url":"https:\/\/target-paper.com\/","name":"Target Paper","description":"High-quality paper. Sharp results.","potentialAction":[{"@type":"SearchAction","target":{"@type":"EntryPoint","urlTemplate":"https:\/\/target-paper.com\/?s={search_term_string}"},"query-input":{"@type":"PropertyValueSpecification","valueRequired":true,"valueName":"search_term_string"}}],"inLanguage":"fr-FR"}]}},"_links":{"self":[{"href":"https:\/\/target-paper.com\/fr\/wp-json\/wp\/v2\/pages\/2836","targetHints":{"allow":["GET"]}}],"collection":[{"href":"https:\/\/target-paper.com\/fr\/wp-json\/wp\/v2\/pages"}],"about":[{"href":"https:\/\/target-paper.com\/fr\/wp-json\/wp\/v2\/types\/page"}],"author":[{"embeddable":true,"href":"https:\/\/target-paper.com\/fr\/wp-json\/wp\/v2\/users\/3"}],"replies":[{"embeddable":true,"href":"https:\/\/target-paper.com\/fr\/wp-json\/wp\/v2\/comments?post=2836"}],"version-history":[{"count":0,"href":"https:\/\/target-paper.com\/fr\/wp-json\/wp\/v2\/pages\/2836\/revisions"}],"wp:featuredmedia":[{"embeddable":true,"href":"https:\/\/target-paper.com\/fr\/wp-json\/wp\/v2\/media\/2516"}],"wp:attachment":[{"href":"https:\/\/target-paper.com\/fr\/wp-json\/wp\/v2\/media?parent=2836"}],"curies":[{"name":"wp","href":"https:\/\/api.w.org\/{rel}","templated":true}]}}