{"id":2852,"date":"2021-03-01T17:13:20","date_gmt":"2021-03-01T17:13:20","guid":{"rendered":"http:\/\/target-paper.com\/plus\/about\/performance-and-results\/"},"modified":"2021-11-05T20:04:05","modified_gmt":"2021-11-05T20:04:05","slug":"performances-et-resultats","status":"publish","type":"page","link":"https:\/\/target-paper.com\/fr\/plus\/a-propos\/performances-et-resultats\/","title":{"rendered":"Performances et r\u00e9sultats"},"content":{"rendered":"<h1>Performances et r\u00e9sultats.<\/h1>\n<h5>Qu\u2019est-ce que tous les produits Target ont en commun\u00a0?<\/h5>\n<p>Quels que soient les besoins de votre entreprise, vous obtiendrez syst\u00e9matiquement des performances de qualit\u00e9 optimale et d\u2019excellents r\u00e9sultats d\u2019impression. Une gamme compl\u00e8te et polyvalente offrant de nombreux avantages.<\/p>\n","protected":false},"excerpt":{"rendered":"<p>Performances et r\u00e9sultats. Qu\u2019est-ce que tous les produits Target ont en commun\u00a0? Quels que soient les besoins de votre entreprise, vous obtiendrez syst\u00e9matiquement des performances de qualit\u00e9 optimale et d\u2019excellents r\u00e9sultats d\u2019impression. Une gamme compl\u00e8te et polyvalente offrant de nombreux avantages.<\/p>\n","protected":false},"author":3,"featured_media":0,"parent":2841,"menu_order":0,"comment_status":"closed","ping_status":"closed","template":"","meta":{"inline_featured_image":false,"footnotes":""},"class_list":["post-2852","page","type-page","status-publish","hentry"],"yoast_head":"<!-- This site is optimized with the Yoast SEO plugin v26.8 - https:\/\/yoast.com\/product\/yoast-seo-wordpress\/ -->\n<title>Performances et r\u00e9sultats - Target Plus Paper<\/title>\n<meta name=\"description\" content=\"Obtenez syst\u00e9matiquement des performances de qualit\u00e9 optimales et d\u2019excellents r\u00e9sultats d\u2019impression gr\u00e2ce \u00e0 une gamme compl\u00e8te et polyvalente.\" \/>\n<meta name=\"robots\" content=\"index, follow, max-snippet:-1, max-image-preview:large, max-video-preview:-1\" \/>\n<link rel=\"canonical\" href=\"https:\/\/target-paper.com\/fr\/plus\/a-propos\/performances-et-resultats\/\" \/>\n<meta property=\"og:locale\" content=\"fr_FR\" \/>\n<meta property=\"og:type\" content=\"article\" \/>\n<meta property=\"og:title\" content=\"Performances et r\u00e9sultats - Target Plus Paper\" \/>\n<meta property=\"og:description\" content=\"Obtenez syst\u00e9matiquement des performances de qualit\u00e9 optimales et d\u2019excellents r\u00e9sultats d\u2019impression gr\u00e2ce \u00e0 une gamme compl\u00e8te et polyvalente.\" \/>\n<meta property=\"og:url\" content=\"https:\/\/target-paper.com\/fr\/plus\/a-propos\/performances-et-resultats\/\" \/>\n<meta property=\"og:site_name\" content=\"Target Paper\" \/>\n<meta property=\"article:modified_time\" content=\"2021-11-05T20:04:05+00:00\" \/>\n<meta name=\"twitter:card\" content=\"summary_large_image\" \/>\n<meta name=\"twitter:label1\" content=\"Est. reading time\" \/>\n\t<meta name=\"twitter:data1\" content=\"1 minute\" \/>\n<script type=\"application\/ld+json\" class=\"yoast-schema-graph\">{\"@context\":\"https:\/\/schema.org\",\"@graph\":[{\"@type\":\"WebPage\",\"@id\":\"https:\/\/target-paper.com\/fr\/plus\/a-propos\/performances-et-resultats\/\",\"url\":\"https:\/\/target-paper.com\/fr\/plus\/a-propos\/performances-et-resultats\/\",\"name\":\"Performances et r\u00e9sultats - Target Plus Paper\",\"isPartOf\":{\"@id\":\"https:\/\/target-paper.com\/#website\"},\"datePublished\":\"2021-03-01T17:13:20+00:00\",\"dateModified\":\"2021-11-05T20:04:05+00:00\",\"description\":\"Obtenez syst\u00e9matiquement des performances de qualit\u00e9 optimales et d\u2019excellents r\u00e9sultats d\u2019impression gr\u00e2ce \u00e0 une gamme compl\u00e8te et polyvalente.\",\"breadcrumb\":{\"@id\":\"https:\/\/target-paper.com\/fr\/plus\/a-propos\/performances-et-resultats\/#breadcrumb\"},\"inLanguage\":\"fr-FR\",\"potentialAction\":[{\"@type\":\"ReadAction\",\"target\":[\"https:\/\/target-paper.com\/fr\/plus\/a-propos\/performances-et-resultats\/\"]}]},{\"@type\":\"BreadcrumbList\",\"@id\":\"https:\/\/target-paper.com\/fr\/plus\/a-propos\/performances-et-resultats\/#breadcrumb\",\"itemListElement\":[{\"@type\":\"ListItem\",\"position\":1,\"name\":\"Home\",\"item\":\"https:\/\/target-paper.com\/fr\/\"},{\"@type\":\"ListItem\",\"position\":2,\"name\":\"Plus\",\"item\":\"http:\/\/192.168.1.78\/plus\/\"},{\"@type\":\"ListItem\",\"position\":3,\"name\":\"\u00c0 propos\",\"item\":\"https:\/\/target-paper.com\/fr\/plus\/about\/\"},{\"@type\":\"ListItem\",\"position\":4,\"name\":\"Performances et r\u00e9sultats\"}]},{\"@type\":\"WebSite\",\"@id\":\"https:\/\/target-paper.com\/#website\",\"url\":\"https:\/\/target-paper.com\/\",\"name\":\"Target Paper\",\"description\":\"High-quality paper. Sharp results.\",\"potentialAction\":[{\"@type\":\"SearchAction\",\"target\":{\"@type\":\"EntryPoint\",\"urlTemplate\":\"https:\/\/target-paper.com\/?s={search_term_string}\"},\"query-input\":{\"@type\":\"PropertyValueSpecification\",\"valueRequired\":true,\"valueName\":\"search_term_string\"}}],\"inLanguage\":\"fr-FR\"}]}<\/script>\n<!-- \/ Yoast SEO plugin. -->","yoast_head_json":{"title":"Performances et r\u00e9sultats - Target Plus Paper","description":"Obtenez syst\u00e9matiquement des performances de qualit\u00e9 optimales et d\u2019excellents r\u00e9sultats d\u2019impression gr\u00e2ce \u00e0 une gamme compl\u00e8te et polyvalente.","robots":{"index":"index","follow":"follow","max-snippet":"max-snippet:-1","max-image-preview":"max-image-preview:large","max-video-preview":"max-video-preview:-1"},"canonical":"https:\/\/target-paper.com\/fr\/plus\/a-propos\/performances-et-resultats\/","og_locale":"fr_FR","og_type":"article","og_title":"Performances et r\u00e9sultats - Target Plus Paper","og_description":"Obtenez syst\u00e9matiquement des performances de qualit\u00e9 optimales et d\u2019excellents r\u00e9sultats d\u2019impression gr\u00e2ce \u00e0 une gamme compl\u00e8te et polyvalente.","og_url":"https:\/\/target-paper.com\/fr\/plus\/a-propos\/performances-et-resultats\/","og_site_name":"Target Paper","article_modified_time":"2021-11-05T20:04:05+00:00","twitter_card":"summary_large_image","twitter_misc":{"Est. reading time":"1 minute"},"schema":{"@context":"https:\/\/schema.org","@graph":[{"@type":"WebPage","@id":"https:\/\/target-paper.com\/fr\/plus\/a-propos\/performances-et-resultats\/","url":"https:\/\/target-paper.com\/fr\/plus\/a-propos\/performances-et-resultats\/","name":"Performances et r\u00e9sultats - Target Plus Paper","isPartOf":{"@id":"https:\/\/target-paper.com\/#website"},"datePublished":"2021-03-01T17:13:20+00:00","dateModified":"2021-11-05T20:04:05+00:00","description":"Obtenez syst\u00e9matiquement des performances de qualit\u00e9 optimales et d\u2019excellents r\u00e9sultats d\u2019impression gr\u00e2ce \u00e0 une gamme compl\u00e8te et polyvalente.","breadcrumb":{"@id":"https:\/\/target-paper.com\/fr\/plus\/a-propos\/performances-et-resultats\/#breadcrumb"},"inLanguage":"fr-FR","potentialAction":[{"@type":"ReadAction","target":["https:\/\/target-paper.com\/fr\/plus\/a-propos\/performances-et-resultats\/"]}]},{"@type":"BreadcrumbList","@id":"https:\/\/target-paper.com\/fr\/plus\/a-propos\/performances-et-resultats\/#breadcrumb","itemListElement":[{"@type":"ListItem","position":1,"name":"Home","item":"https:\/\/target-paper.com\/fr\/"},{"@type":"ListItem","position":2,"name":"Plus","item":"http:\/\/192.168.1.78\/plus\/"},{"@type":"ListItem","position":3,"name":"\u00c0 propos","item":"https:\/\/target-paper.com\/fr\/plus\/about\/"},{"@type":"ListItem","position":4,"name":"Performances et r\u00e9sultats"}]},{"@type":"WebSite","@id":"https:\/\/target-paper.com\/#website","url":"https:\/\/target-paper.com\/","name":"Target Paper","description":"High-quality paper. Sharp results.","potentialAction":[{"@type":"SearchAction","target":{"@type":"EntryPoint","urlTemplate":"https:\/\/target-paper.com\/?s={search_term_string}"},"query-input":{"@type":"PropertyValueSpecification","valueRequired":true,"valueName":"search_term_string"}}],"inLanguage":"fr-FR"}]}},"_links":{"self":[{"href":"https:\/\/target-paper.com\/fr\/wp-json\/wp\/v2\/pages\/2852","targetHints":{"allow":["GET"]}}],"collection":[{"href":"https:\/\/target-paper.com\/fr\/wp-json\/wp\/v2\/pages"}],"about":[{"href":"https:\/\/target-paper.com\/fr\/wp-json\/wp\/v2\/types\/page"}],"author":[{"embeddable":true,"href":"https:\/\/target-paper.com\/fr\/wp-json\/wp\/v2\/users\/3"}],"replies":[{"embeddable":true,"href":"https:\/\/target-paper.com\/fr\/wp-json\/wp\/v2\/comments?post=2852"}],"version-history":[{"count":0,"href":"https:\/\/target-paper.com\/fr\/wp-json\/wp\/v2\/pages\/2852\/revisions"}],"up":[{"embeddable":true,"href":"https:\/\/target-paper.com\/fr\/wp-json\/wp\/v2\/pages\/2841"}],"wp:attachment":[{"href":"https:\/\/target-paper.com\/fr\/wp-json\/wp\/v2\/media?parent=2852"}],"curies":[{"name":"wp","href":"https:\/\/api.w.org\/{rel}","templated":true}]}}