{"id":2867,"date":"2021-02-25T16:42:27","date_gmt":"2021-02-25T16:42:27","guid":{"rendered":"http:\/\/target-paper.com\/plus\/products\/offset\/"},"modified":"2021-08-23T10:36:57","modified_gmt":"2021-08-23T09:36:57","slug":"offset","status":"publish","type":"page","link":"https:\/\/target-paper.com\/fr\/plus\/produits\/offset\/","title":{"rendered":"Offset"},"content":{"rendered":"<h5>Le papier de <strong>qualit\u00e9 optimale<\/strong> pour vos projets d\u2019impression ambitieux.<\/h5>\n<p>Des fonctionnalit\u00e9s technologiquement am\u00e9lior\u00e9es et une qualit\u00e9 remarquable pour les documents essentiels.<\/p>\n","protected":false},"excerpt":{"rendered":"<p>Le papier de qualit\u00e9 optimale pour vos projets d\u2019impression ambitieux. Des fonctionnalit\u00e9s technologiquement am\u00e9lior\u00e9es et une qualit\u00e9 remarquable pour les documents essentiels.<\/p>\n","protected":false},"author":3,"featured_media":3967,"parent":2862,"menu_order":0,"comment_status":"closed","ping_status":"closed","template":"templates\/product-plus.php","meta":{"inline_featured_image":false,"footnotes":""},"class_list":["post-2867","page","type-page","status-publish","has-post-thumbnail","hentry"],"yoast_head":"<!-- This site is optimized with the Yoast SEO plugin v26.8 - https:\/\/yoast.com\/product\/yoast-seo-wordpress\/ -->\n<title>Offset - Target Paper<\/title>\n<meta name=\"description\" content=\"Le papier Target Plus Offset offre un large \u00e9ventail d\u2019options pour les applications d\u2019impression offset, assurant d\u2019excellents r\u00e9sultats pour de multiples applications graphiques.\" \/>\n<meta name=\"robots\" content=\"index, follow, max-snippet:-1, max-image-preview:large, max-video-preview:-1\" \/>\n<link rel=\"canonical\" href=\"https:\/\/target-paper.com\/fr\/plus\/produits\/offset\/\" \/>\n<meta property=\"og:locale\" content=\"fr_FR\" \/>\n<meta property=\"og:type\" content=\"article\" \/>\n<meta property=\"og:title\" content=\"Offset - Target Paper\" \/>\n<meta property=\"og:description\" content=\"Le papier Target Plus Offset offre un large \u00e9ventail d\u2019options pour les applications d\u2019impression offset, assurant d\u2019excellents r\u00e9sultats pour de multiples applications graphiques.\" \/>\n<meta property=\"og:url\" content=\"https:\/\/target-paper.com\/fr\/plus\/produits\/offset\/\" \/>\n<meta property=\"og:site_name\" content=\"Target Paper\" \/>\n<meta property=\"article:modified_time\" content=\"2021-08-23T09:36:57+00:00\" \/>\n<meta property=\"og:image\" content=\"http:\/\/192.168.2.3\/wp-content\/uploads\/2021\/11\/TNC-Target-Website-Reams-Plus-Offset-V.png\" \/>\n\t<meta property=\"og:image:width\" content=\"550\" \/>\n\t<meta property=\"og:image:height\" content=\"760\" \/>\n\t<meta property=\"og:image:type\" content=\"image\/png\" \/>\n<meta name=\"twitter:card\" content=\"summary_large_image\" \/>\n<meta name=\"twitter:label1\" content=\"Est. reading time\" \/>\n\t<meta name=\"twitter:data1\" content=\"1 minute\" \/>\n<script type=\"application\/ld+json\" class=\"yoast-schema-graph\">{\"@context\":\"https:\/\/schema.org\",\"@graph\":[{\"@type\":\"WebPage\",\"@id\":\"https:\/\/target-paper.com\/fr\/plus\/produits\/offset\/\",\"url\":\"https:\/\/target-paper.com\/fr\/plus\/produits\/offset\/\",\"name\":\"Offset - Target Paper\",\"isPartOf\":{\"@id\":\"https:\/\/target-paper.com\/#website\"},\"primaryImageOfPage\":{\"@id\":\"https:\/\/target-paper.com\/fr\/plus\/produits\/offset\/#primaryimage\"},\"image\":{\"@id\":\"https:\/\/target-paper.com\/fr\/plus\/produits\/offset\/#primaryimage\"},\"thumbnailUrl\":\"https:\/\/target-paper.com\/wp-content\/uploads\/2021\/11\/TNC-Target-Website-Reams-Plus-Offset-V.png\",\"datePublished\":\"2021-02-25T16:42:27+00:00\",\"dateModified\":\"2021-08-23T09:36:57+00:00\",\"description\":\"Le papier Target Plus Offset offre un large \u00e9ventail d\u2019options pour les applications d\u2019impression offset, assurant d\u2019excellents r\u00e9sultats pour de multiples applications graphiques.\",\"breadcrumb\":{\"@id\":\"https:\/\/target-paper.com\/fr\/plus\/produits\/offset\/#breadcrumb\"},\"inLanguage\":\"fr-FR\",\"potentialAction\":[{\"@type\":\"ReadAction\",\"target\":[\"https:\/\/target-paper.com\/fr\/plus\/produits\/offset\/\"]}]},{\"@type\":\"ImageObject\",\"inLanguage\":\"fr-FR\",\"@id\":\"https:\/\/target-paper.com\/fr\/plus\/produits\/offset\/#primaryimage\",\"url\":\"https:\/\/target-paper.com\/wp-content\/uploads\/2021\/11\/TNC-Target-Website-Reams-Plus-Offset-V.png\",\"contentUrl\":\"https:\/\/target-paper.com\/wp-content\/uploads\/2021\/11\/TNC-Target-Website-Reams-Plus-Offset-V.png\",\"width\":550,\"height\":760},{\"@type\":\"BreadcrumbList\",\"@id\":\"https:\/\/target-paper.com\/fr\/plus\/produits\/offset\/#breadcrumb\",\"itemListElement\":[{\"@type\":\"ListItem\",\"position\":1,\"name\":\"Home\",\"item\":\"https:\/\/target-paper.com\/fr\/\"},{\"@type\":\"ListItem\",\"position\":2,\"name\":\"Plus\",\"item\":\"http:\/\/192.168.1.78\/plus\/\"},{\"@type\":\"ListItem\",\"position\":3,\"name\":\"Produits\",\"item\":\"http:\/\/192.168.2.3\/plus\/products\/\"},{\"@type\":\"ListItem\",\"position\":4,\"name\":\"Offset\"}]},{\"@type\":\"WebSite\",\"@id\":\"https:\/\/target-paper.com\/#website\",\"url\":\"https:\/\/target-paper.com\/\",\"name\":\"Target Paper\",\"description\":\"High-quality paper. Sharp results.\",\"potentialAction\":[{\"@type\":\"SearchAction\",\"target\":{\"@type\":\"EntryPoint\",\"urlTemplate\":\"https:\/\/target-paper.com\/?s={search_term_string}\"},\"query-input\":{\"@type\":\"PropertyValueSpecification\",\"valueRequired\":true,\"valueName\":\"search_term_string\"}}],\"inLanguage\":\"fr-FR\"}]}<\/script>\n<!-- \/ Yoast SEO plugin. -->","yoast_head_json":{"title":"Offset - Target Paper","description":"Le papier Target Plus Offset offre un large \u00e9ventail d\u2019options pour les applications d\u2019impression offset, assurant d\u2019excellents r\u00e9sultats pour de multiples applications graphiques.","robots":{"index":"index","follow":"follow","max-snippet":"max-snippet:-1","max-image-preview":"max-image-preview:large","max-video-preview":"max-video-preview:-1"},"canonical":"https:\/\/target-paper.com\/fr\/plus\/produits\/offset\/","og_locale":"fr_FR","og_type":"article","og_title":"Offset - Target Paper","og_description":"Le papier Target Plus Offset offre un large \u00e9ventail d\u2019options pour les applications d\u2019impression offset, assurant d\u2019excellents r\u00e9sultats pour de multiples applications graphiques.","og_url":"https:\/\/target-paper.com\/fr\/plus\/produits\/offset\/","og_site_name":"Target Paper","article_modified_time":"2021-08-23T09:36:57+00:00","og_image":[{"width":550,"height":760,"url":"http:\/\/192.168.2.3\/wp-content\/uploads\/2021\/11\/TNC-Target-Website-Reams-Plus-Offset-V.png","type":"image\/png"}],"twitter_card":"summary_large_image","twitter_misc":{"Est. reading time":"1 minute"},"schema":{"@context":"https:\/\/schema.org","@graph":[{"@type":"WebPage","@id":"https:\/\/target-paper.com\/fr\/plus\/produits\/offset\/","url":"https:\/\/target-paper.com\/fr\/plus\/produits\/offset\/","name":"Offset - Target Paper","isPartOf":{"@id":"https:\/\/target-paper.com\/#website"},"primaryImageOfPage":{"@id":"https:\/\/target-paper.com\/fr\/plus\/produits\/offset\/#primaryimage"},"image":{"@id":"https:\/\/target-paper.com\/fr\/plus\/produits\/offset\/#primaryimage"},"thumbnailUrl":"https:\/\/target-paper.com\/wp-content\/uploads\/2021\/11\/TNC-Target-Website-Reams-Plus-Offset-V.png","datePublished":"2021-02-25T16:42:27+00:00","dateModified":"2021-08-23T09:36:57+00:00","description":"Le papier Target Plus Offset offre un large \u00e9ventail d\u2019options pour les applications d\u2019impression offset, assurant d\u2019excellents r\u00e9sultats pour de multiples applications graphiques.","breadcrumb":{"@id":"https:\/\/target-paper.com\/fr\/plus\/produits\/offset\/#breadcrumb"},"inLanguage":"fr-FR","potentialAction":[{"@type":"ReadAction","target":["https:\/\/target-paper.com\/fr\/plus\/produits\/offset\/"]}]},{"@type":"ImageObject","inLanguage":"fr-FR","@id":"https:\/\/target-paper.com\/fr\/plus\/produits\/offset\/#primaryimage","url":"https:\/\/target-paper.com\/wp-content\/uploads\/2021\/11\/TNC-Target-Website-Reams-Plus-Offset-V.png","contentUrl":"https:\/\/target-paper.com\/wp-content\/uploads\/2021\/11\/TNC-Target-Website-Reams-Plus-Offset-V.png","width":550,"height":760},{"@type":"BreadcrumbList","@id":"https:\/\/target-paper.com\/fr\/plus\/produits\/offset\/#breadcrumb","itemListElement":[{"@type":"ListItem","position":1,"name":"Home","item":"https:\/\/target-paper.com\/fr\/"},{"@type":"ListItem","position":2,"name":"Plus","item":"http:\/\/192.168.1.78\/plus\/"},{"@type":"ListItem","position":3,"name":"Produits","item":"http:\/\/192.168.2.3\/plus\/products\/"},{"@type":"ListItem","position":4,"name":"Offset"}]},{"@type":"WebSite","@id":"https:\/\/target-paper.com\/#website","url":"https:\/\/target-paper.com\/","name":"Target Paper","description":"High-quality paper. Sharp results.","potentialAction":[{"@type":"SearchAction","target":{"@type":"EntryPoint","urlTemplate":"https:\/\/target-paper.com\/?s={search_term_string}"},"query-input":{"@type":"PropertyValueSpecification","valueRequired":true,"valueName":"search_term_string"}}],"inLanguage":"fr-FR"}]}},"_links":{"self":[{"href":"https:\/\/target-paper.com\/fr\/wp-json\/wp\/v2\/pages\/2867","targetHints":{"allow":["GET"]}}],"collection":[{"href":"https:\/\/target-paper.com\/fr\/wp-json\/wp\/v2\/pages"}],"about":[{"href":"https:\/\/target-paper.com\/fr\/wp-json\/wp\/v2\/types\/page"}],"author":[{"embeddable":true,"href":"https:\/\/target-paper.com\/fr\/wp-json\/wp\/v2\/users\/3"}],"replies":[{"embeddable":true,"href":"https:\/\/target-paper.com\/fr\/wp-json\/wp\/v2\/comments?post=2867"}],"version-history":[{"count":0,"href":"https:\/\/target-paper.com\/fr\/wp-json\/wp\/v2\/pages\/2867\/revisions"}],"up":[{"embeddable":true,"href":"https:\/\/target-paper.com\/fr\/wp-json\/wp\/v2\/pages\/2862"}],"wp:featuredmedia":[{"embeddable":true,"href":"https:\/\/target-paper.com\/fr\/wp-json\/wp\/v2\/media\/3967"}],"wp:attachment":[{"href":"https:\/\/target-paper.com\/fr\/wp-json\/wp\/v2\/media?parent=2867"}],"curies":[{"name":"wp","href":"https:\/\/api.w.org\/{rel}","templated":true}]}}