{"id":2872,"date":"2021-02-25T18:45:04","date_gmt":"2021-02-25T18:45:04","guid":{"rendered":"http:\/\/target-paper.com\/plus\/products\/pre-print\/"},"modified":"2021-08-23T10:23:44","modified_gmt":"2021-08-23T09:23:44","slug":"pre-print","status":"publish","type":"page","link":"https:\/\/target-paper.com\/fr\/plus\/produits\/pre-print\/","title":{"rendered":"Pre-Print"},"content":{"rendered":"<h5>Le papier <strong>sp\u00e9cialis\u00e9<\/strong> pour les impressions personnelles.<\/h5>\n<p>Des fonctionnalit\u00e9s technologiquement am\u00e9lior\u00e9es et une qualit\u00e9 remarquable pour les documents essentiels.<\/p>\n","protected":false},"excerpt":{"rendered":"<p>Le papier sp\u00e9cialis\u00e9 pour les impressions personnelles. Des fonctionnalit\u00e9s technologiquement am\u00e9lior\u00e9es et une qualit\u00e9 remarquable pour les documents essentiels.<\/p>\n","protected":false},"author":3,"featured_media":3979,"parent":2862,"menu_order":0,"comment_status":"closed","ping_status":"closed","template":"templates\/product-plus.php","meta":{"inline_featured_image":false,"footnotes":""},"class_list":["post-2872","page","type-page","status-publish","has-post-thumbnail","hentry"],"yoast_head":"<!-- This site is optimized with the Yoast SEO plugin v26.8 - https:\/\/yoast.com\/product\/yoast-seo-wordpress\/ -->\n<title>Pre-Print - Target Paper<\/title>\n<meta name=\"description\" content=\"Le papier Target Plus Pre-Print est con\u00e7u pour deux processus distincts\u00a0: l\u2019impression offset d\u2019abord, puis l\u2019impression jet d\u2019encre ou laser au bureau.\" \/>\n<meta name=\"robots\" content=\"index, follow, max-snippet:-1, max-image-preview:large, max-video-preview:-1\" \/>\n<link rel=\"canonical\" href=\"https:\/\/target-paper.com\/fr\/plus\/produits\/pre-print\/\" \/>\n<meta property=\"og:locale\" content=\"fr_FR\" \/>\n<meta property=\"og:type\" content=\"article\" \/>\n<meta property=\"og:title\" content=\"Pre-Print - Target Paper\" \/>\n<meta property=\"og:description\" content=\"Le papier Target Plus Pre-Print est con\u00e7u pour deux processus distincts\u00a0: l\u2019impression offset d\u2019abord, puis l\u2019impression jet d\u2019encre ou laser au bureau.\" \/>\n<meta property=\"og:url\" content=\"https:\/\/target-paper.com\/fr\/plus\/produits\/pre-print\/\" \/>\n<meta property=\"og:site_name\" content=\"Target Paper\" \/>\n<meta property=\"article:modified_time\" content=\"2021-08-23T09:23:44+00:00\" \/>\n<meta property=\"og:image\" content=\"http:\/\/192.168.2.3\/wp-content\/uploads\/2021\/11\/TNC-Target-Website-Reams-Plus-PrePrint-V.png\" \/>\n\t<meta property=\"og:image:width\" content=\"550\" \/>\n\t<meta property=\"og:image:height\" content=\"760\" \/>\n\t<meta property=\"og:image:type\" content=\"image\/png\" \/>\n<meta name=\"twitter:card\" content=\"summary_large_image\" \/>\n<meta name=\"twitter:label1\" content=\"Est. reading time\" \/>\n\t<meta name=\"twitter:data1\" content=\"1 minute\" \/>\n<script type=\"application\/ld+json\" class=\"yoast-schema-graph\">{\"@context\":\"https:\/\/schema.org\",\"@graph\":[{\"@type\":\"WebPage\",\"@id\":\"https:\/\/target-paper.com\/fr\/plus\/produits\/pre-print\/\",\"url\":\"https:\/\/target-paper.com\/fr\/plus\/produits\/pre-print\/\",\"name\":\"Pre-Print - Target Paper\",\"isPartOf\":{\"@id\":\"https:\/\/target-paper.com\/#website\"},\"primaryImageOfPage\":{\"@id\":\"https:\/\/target-paper.com\/fr\/plus\/produits\/pre-print\/#primaryimage\"},\"image\":{\"@id\":\"https:\/\/target-paper.com\/fr\/plus\/produits\/pre-print\/#primaryimage\"},\"thumbnailUrl\":\"https:\/\/target-paper.com\/wp-content\/uploads\/2021\/11\/TNC-Target-Website-Reams-Plus-PrePrint-V.png\",\"datePublished\":\"2021-02-25T18:45:04+00:00\",\"dateModified\":\"2021-08-23T09:23:44+00:00\",\"description\":\"Le papier Target Plus Pre-Print est con\u00e7u pour deux processus distincts\u00a0: l\u2019impression offset d\u2019abord, puis l\u2019impression jet d\u2019encre ou laser au bureau.\",\"breadcrumb\":{\"@id\":\"https:\/\/target-paper.com\/fr\/plus\/produits\/pre-print\/#breadcrumb\"},\"inLanguage\":\"fr-FR\",\"potentialAction\":[{\"@type\":\"ReadAction\",\"target\":[\"https:\/\/target-paper.com\/fr\/plus\/produits\/pre-print\/\"]}]},{\"@type\":\"ImageObject\",\"inLanguage\":\"fr-FR\",\"@id\":\"https:\/\/target-paper.com\/fr\/plus\/produits\/pre-print\/#primaryimage\",\"url\":\"https:\/\/target-paper.com\/wp-content\/uploads\/2021\/11\/TNC-Target-Website-Reams-Plus-PrePrint-V.png\",\"contentUrl\":\"https:\/\/target-paper.com\/wp-content\/uploads\/2021\/11\/TNC-Target-Website-Reams-Plus-PrePrint-V.png\",\"width\":550,\"height\":760},{\"@type\":\"BreadcrumbList\",\"@id\":\"https:\/\/target-paper.com\/fr\/plus\/produits\/pre-print\/#breadcrumb\",\"itemListElement\":[{\"@type\":\"ListItem\",\"position\":1,\"name\":\"Home\",\"item\":\"https:\/\/target-paper.com\/fr\/\"},{\"@type\":\"ListItem\",\"position\":2,\"name\":\"Plus\",\"item\":\"http:\/\/192.168.1.78\/plus\/\"},{\"@type\":\"ListItem\",\"position\":3,\"name\":\"Produits\",\"item\":\"http:\/\/192.168.2.3\/plus\/products\/\"},{\"@type\":\"ListItem\",\"position\":4,\"name\":\"Pre-Print\"}]},{\"@type\":\"WebSite\",\"@id\":\"https:\/\/target-paper.com\/#website\",\"url\":\"https:\/\/target-paper.com\/\",\"name\":\"Target Paper\",\"description\":\"High-quality paper. Sharp results.\",\"potentialAction\":[{\"@type\":\"SearchAction\",\"target\":{\"@type\":\"EntryPoint\",\"urlTemplate\":\"https:\/\/target-paper.com\/?s={search_term_string}\"},\"query-input\":{\"@type\":\"PropertyValueSpecification\",\"valueRequired\":true,\"valueName\":\"search_term_string\"}}],\"inLanguage\":\"fr-FR\"}]}<\/script>\n<!-- \/ Yoast SEO plugin. -->","yoast_head_json":{"title":"Pre-Print - Target Paper","description":"Le papier Target Plus Pre-Print est con\u00e7u pour deux processus distincts\u00a0: l\u2019impression offset d\u2019abord, puis l\u2019impression jet d\u2019encre ou laser au bureau.","robots":{"index":"index","follow":"follow","max-snippet":"max-snippet:-1","max-image-preview":"max-image-preview:large","max-video-preview":"max-video-preview:-1"},"canonical":"https:\/\/target-paper.com\/fr\/plus\/produits\/pre-print\/","og_locale":"fr_FR","og_type":"article","og_title":"Pre-Print - Target Paper","og_description":"Le papier Target Plus Pre-Print est con\u00e7u pour deux processus distincts\u00a0: l\u2019impression offset d\u2019abord, puis l\u2019impression jet d\u2019encre ou laser au bureau.","og_url":"https:\/\/target-paper.com\/fr\/plus\/produits\/pre-print\/","og_site_name":"Target Paper","article_modified_time":"2021-08-23T09:23:44+00:00","og_image":[{"width":550,"height":760,"url":"http:\/\/192.168.2.3\/wp-content\/uploads\/2021\/11\/TNC-Target-Website-Reams-Plus-PrePrint-V.png","type":"image\/png"}],"twitter_card":"summary_large_image","twitter_misc":{"Est. reading time":"1 minute"},"schema":{"@context":"https:\/\/schema.org","@graph":[{"@type":"WebPage","@id":"https:\/\/target-paper.com\/fr\/plus\/produits\/pre-print\/","url":"https:\/\/target-paper.com\/fr\/plus\/produits\/pre-print\/","name":"Pre-Print - Target Paper","isPartOf":{"@id":"https:\/\/target-paper.com\/#website"},"primaryImageOfPage":{"@id":"https:\/\/target-paper.com\/fr\/plus\/produits\/pre-print\/#primaryimage"},"image":{"@id":"https:\/\/target-paper.com\/fr\/plus\/produits\/pre-print\/#primaryimage"},"thumbnailUrl":"https:\/\/target-paper.com\/wp-content\/uploads\/2021\/11\/TNC-Target-Website-Reams-Plus-PrePrint-V.png","datePublished":"2021-02-25T18:45:04+00:00","dateModified":"2021-08-23T09:23:44+00:00","description":"Le papier Target Plus Pre-Print est con\u00e7u pour deux processus distincts\u00a0: l\u2019impression offset d\u2019abord, puis l\u2019impression jet d\u2019encre ou laser au bureau.","breadcrumb":{"@id":"https:\/\/target-paper.com\/fr\/plus\/produits\/pre-print\/#breadcrumb"},"inLanguage":"fr-FR","potentialAction":[{"@type":"ReadAction","target":["https:\/\/target-paper.com\/fr\/plus\/produits\/pre-print\/"]}]},{"@type":"ImageObject","inLanguage":"fr-FR","@id":"https:\/\/target-paper.com\/fr\/plus\/produits\/pre-print\/#primaryimage","url":"https:\/\/target-paper.com\/wp-content\/uploads\/2021\/11\/TNC-Target-Website-Reams-Plus-PrePrint-V.png","contentUrl":"https:\/\/target-paper.com\/wp-content\/uploads\/2021\/11\/TNC-Target-Website-Reams-Plus-PrePrint-V.png","width":550,"height":760},{"@type":"BreadcrumbList","@id":"https:\/\/target-paper.com\/fr\/plus\/produits\/pre-print\/#breadcrumb","itemListElement":[{"@type":"ListItem","position":1,"name":"Home","item":"https:\/\/target-paper.com\/fr\/"},{"@type":"ListItem","position":2,"name":"Plus","item":"http:\/\/192.168.1.78\/plus\/"},{"@type":"ListItem","position":3,"name":"Produits","item":"http:\/\/192.168.2.3\/plus\/products\/"},{"@type":"ListItem","position":4,"name":"Pre-Print"}]},{"@type":"WebSite","@id":"https:\/\/target-paper.com\/#website","url":"https:\/\/target-paper.com\/","name":"Target Paper","description":"High-quality paper. Sharp results.","potentialAction":[{"@type":"SearchAction","target":{"@type":"EntryPoint","urlTemplate":"https:\/\/target-paper.com\/?s={search_term_string}"},"query-input":{"@type":"PropertyValueSpecification","valueRequired":true,"valueName":"search_term_string"}}],"inLanguage":"fr-FR"}]}},"_links":{"self":[{"href":"https:\/\/target-paper.com\/fr\/wp-json\/wp\/v2\/pages\/2872","targetHints":{"allow":["GET"]}}],"collection":[{"href":"https:\/\/target-paper.com\/fr\/wp-json\/wp\/v2\/pages"}],"about":[{"href":"https:\/\/target-paper.com\/fr\/wp-json\/wp\/v2\/types\/page"}],"author":[{"embeddable":true,"href":"https:\/\/target-paper.com\/fr\/wp-json\/wp\/v2\/users\/3"}],"replies":[{"embeddable":true,"href":"https:\/\/target-paper.com\/fr\/wp-json\/wp\/v2\/comments?post=2872"}],"version-history":[{"count":0,"href":"https:\/\/target-paper.com\/fr\/wp-json\/wp\/v2\/pages\/2872\/revisions"}],"up":[{"embeddable":true,"href":"https:\/\/target-paper.com\/fr\/wp-json\/wp\/v2\/pages\/2862"}],"wp:featuredmedia":[{"embeddable":true,"href":"https:\/\/target-paper.com\/fr\/wp-json\/wp\/v2\/media\/3979"}],"wp:attachment":[{"href":"https:\/\/target-paper.com\/fr\/wp-json\/wp\/v2\/media?parent=2872"}],"curies":[{"name":"wp","href":"https:\/\/api.w.org\/{rel}","templated":true}]}}