{"id":2892,"date":"2021-01-22T16:27:35","date_gmt":"2021-01-22T16:27:35","guid":{"rendered":"http:\/\/target-paper.com\/privacy-policy\/"},"modified":"2021-04-26T09:41:51","modified_gmt":"2021-04-26T08:41:51","slug":"politique-de-confidentialite","status":"publish","type":"page","link":"https:\/\/target-paper.com\/fr\/politique-de-confidentialite\/","title":{"rendered":"Politique de confidentialit\u00e9"},"content":{"rendered":"<p>Nous recommandons aux utilisateurs de lire attentivement la pr\u00e9sente politique de confidentialit\u00e9, r\u00e9dig\u00e9e de mani\u00e8re univoque et simple, afin de leur permettre de la comprendre clairement et de d\u00e9cider librement s\u2019ils souhaitent fournir leurs donn\u00e9es \u00e0 <strong>THE NAVIGATOR COMPANY<\/strong>.<\/p>\n<p>L\u2019utilisateur garantit avoir l\u2019\u00e2ge requis, fournir des donn\u00e9es v\u00e9ritables, correctes, compl\u00e8tes et actualis\u00e9es, et \u00eatre responsable de tout pr\u00e9judice ou dommage direct ou indirect susceptible d\u2019entra\u00eener une violation de ces obligations. Si les donn\u00e9es appartiennent \u00e0 un tiers, l\u2019utilisateur garantit avoir inform\u00e9 ce tiers des informations reprises dans la pr\u00e9sente politique de confidentialit\u00e9 et avoir obtenu l\u2019autorisation de communiquer les donn\u00e9es \u00e0 <strong>THE NAVIGATOR COMPANY<\/strong>.<\/p>\n<h5>1. INTRODUCTION<\/h5>\n<p>La pr\u00e9sente politique de confidentialit\u00e9 s\u2019applique \u00e0 toutes les donn\u00e9es \u00e0 caract\u00e8re personnel collect\u00e9es par <strong>THE NAVIGATOR COMPANY<\/strong> par l\u2019interm\u00e9diaire de ses plateformes en ligne. Les soci\u00e9t\u00e9s suivantes du groupe Navigator sont responsables du traitement des donn\u00e9es :<\/p>\n<ul>\n<li>The Navigator Company, S.A., Pen\u00ednsula da Mitrena, Sado, Set\u00fabal municipality;<\/li>\n<li>Navigator Added Value, S.A., Pen\u00ednsula da Mitrena, Sado, Set\u00fabal municipality;<\/li>\n<li>Navigator Sales &amp; Marketing, S.A., Avenue Pasteur 6H, 1300 Wavre, Belgique.<\/li>\n<\/ul>\n<p>Ces soci\u00e9t\u00e9s ont d\u00e9termin\u00e9 conjointement les finalit\u00e9s et les moyens du traitement des donn\u00e9es \u00e0 caract\u00e8re personnel relatives aux utilisateurs et ont conclu une convention dans laquelle elles pr\u00e9cisent les fonctions et responsabilit\u00e9s requises en vue de respecter les lois et r\u00e9glementations en vigueur en mati\u00e8re de protection des donn\u00e9es.<\/p>\n<p>S\u2019il souhaite contacter ces soci\u00e9t\u00e9s concernant tout probl\u00e8me relatif \u00e0 la pr\u00e9sente politique, l\u2019utilisateur peut s\u2019adresser au D\u00e9l\u00e9gu\u00e9 \u00e0 la protection des donn\u00e9es de <strong>THE NAVIGATOR COMPANY<\/strong> par e-mail \u00e0 l\u2019adresse <a href=\"mailto:dpo@thenavigatorcompany.com\">dpo@thenavigatorcompany.com.<\/a><\/p>\n<h5>2. FINALIT\u00c9S ET BASE L\u00c9GALE DU TRAITEMENT<\/h5>\n<p><strong>THE NAVIGATOR COMPANY<\/strong> traitera vos donn\u00e9es de fa\u00e7on manuelle et automatis\u00e9e aux finalit\u00e9s sp\u00e9cifiques suivantes :<\/p>\n<ul>\n<li>Collect\u00e9es sur le site web de <strong>THE NAVIGATOR COMPANY<\/strong> : nom et adresse e-mail ;<\/li>\n<li>Collect\u00e9es dans le syst\u00e8me de gestion des for\u00eats : nom du (des) propri\u00e9taire(s) ou locataire(s) et parcelle ;<\/li>\n<li>Obtenues par la connexion \u00e0 Facebook, Instagram et d\u2019autres r\u00e9seaux sociaux : profil social ;<\/li>\n<li>Collect\u00e9es par l\u2019interm\u00e9diaire de la plateforme de recrutement : nom, adresse e-mail, num\u00e9ro de t\u00e9l\u00e9phone, adresse, nationalit\u00e9, date de naissance, sexe, exp\u00e9rience professionnelle, dipl\u00f4mes universitaires, autres formations consid\u00e9r\u00e9es comme pertinentes pour la fonction pour laquelle le candidat postule, connaissance de langues \u00e9trang\u00e8res, photographie et d\u00e9tails suppl\u00e9mentaires relatifs au mod\u00e8le EUROPASS ;<\/li>\n<li>Dans les demandes de sorties scolaires ou institutionnelles : nom, num\u00e9ro de t\u00e9l\u00e9phone, adresse e-mail, sujet, fonction, objectifs et institution ou \u00e9cole de la personne responsable de la sortie.<\/li>\n<\/ul>\n<p>De plus, et moyennant le consentement de l\u2019utilisateur, <strong>THE NAVIGATOR COMPANY<\/strong> traitera les donn\u00e9es de contact et les donn\u00e9es portant sur les pr\u00e9f\u00e9rences, l\u2019historique de navigation et de comportement et la localisation aux finalit\u00e9s suivantes :<\/p>\n<ul>\n<li>Information et mesures de marketing, campagnes et concours publicitaires ;<\/li>\n<li>\u00c9tudes de march\u00e9 ou demandes d\u2019\u00e9valuation ;<\/li>\n<li>Services de communication d\u2019activation, y compris les lettres d\u2019information ou les alertes ;<\/li>\n<li>D\u00e9finition et communication d\u2019offres personnalis\u00e9es et\/ou bas\u00e9es sur la segmentation g\u00e9ographique, dans des campagnes et\/ou des campagnes commerciales.<\/li>\n<\/ul>\n<p>De mani\u00e8re g\u00e9n\u00e9rale, la collecte de donn\u00e9es \u00e0 caract\u00e8re personnel repose sur la r\u00e9alisation et la gestion d\u2019un contrat, l\u2019accomplissement de formalit\u00e9s pr\u00e9c\u00e9dant la conclusion d\u2019un contrat, la fourniture d\u2019un service \u00e0 la demande de l\u2019utilisateur, le consentement de la personne concern\u00e9e et l\u2019adaptation de services selon les besoins de la personne concern\u00e9e, particuli\u00e8rement pour des informations, des publicit\u00e9s et des mises \u00e0 jour quant aux produits et\/ou services fournis par <strong>THE NAVIGATOR COMPANY<\/strong>.<\/p>\n<p>Le traitement des donn\u00e9es aux finalit\u00e9s susmentionn\u00e9es est requis pour que <strong>THE NAVIGATOR COMPANY<\/strong> fournisse les services. Un tel traitement sera effectu\u00e9 avec votre consentement, sauf lorsque <strong>THE NAVIGATOR COMPANY<\/strong> a besoin des donn\u00e9es pour remplir une obligation l\u00e9gale n\u00e9cessitant ce traitement ou ex\u00e9cuter un contrat ou des formalit\u00e9s pr\u00e9liminaires.<\/p>\n<h5>3. TRANSMISSION DE DONN\u00c9ES<\/h5>\n<p>Nous tenons \u00e0 vous informer que vos donn\u00e9es \u00e0 caract\u00e8re personnel peuvent \u00eatre transmises \u00e0 des filiales enti\u00e8rement d\u00e9tenues par <strong>THE NAVIGATOR COMPANY<\/strong> et identifi\u00e9es sur <a href=\"http:\/\/en.thenavigatorcompany.com\/var\/ezdemo_site\/storage\/original\/application\/ac8dacf2595543c0d4079c85f5320458.pdf\" target=\"_blank\" rel=\"noopener\">ce lien<\/a>, qui s\u2019engagent \u00e0 traiter de telles donn\u00e9es uniquement et exclusivement afin de respecter les obligations susmentionn\u00e9es.<\/p>\n<h5>4. SOUS-TRAITANTS<\/h5>\n<p>Les donn\u00e9es \u00e0 caract\u00e8re personnel des utilisateurs peuvent \u00eatre trait\u00e9es par un sous-traitant renomm\u00e9 engag\u00e9 par <strong>THE NAVIGATOR COMPANY<\/strong>. Un tel fournisseur de services traitera uniquement des donn\u00e9es en vue des finalit\u00e9s d\u00e9termin\u00e9es par <strong>THE NAVIGATOR COMPANY<\/strong> et conform\u00e9ment \u00e0 ses instructions sp\u00e9cifiques, dans le strict respect des r\u00e8gles en mati\u00e8re de protection des donn\u00e9es \u00e0 caract\u00e8re personnel, de la s\u00e9curit\u00e9 des informations et de toute autre l\u00e9gislation applicable.<\/p>\n<h5>5. TRANSFERTS INTERNATIONAUX DE DONN\u00c9ES<\/h5>\n<p><strong>THE NAVIGATOR COMPANY<\/strong> traitera les donn\u00e9es des utilisateurs sur le territoire de l\u2019Espace \u00e9conomique europ\u00e9en et, par cons\u00e9quent, ne pr\u00e9voit pas de proc\u00e9der \u00e0 des transferts internationaux de donn\u00e9es.<\/p>\n<h5>6. P\u00c9RIODE DE CONSERVATION<\/h5>\n<p><strong>THE NAVIGATOR COMPANY<\/strong> conservera uniquement les donn\u00e9es des utilisateurs pendant la p\u00e9riode n\u00e9cessaire \u00e0 la r\u00e9alisation des finalit\u00e9s pour lesquelles les donn\u00e9es ont \u00e9t\u00e9 collect\u00e9es.<\/p>\n<h5>7. DROITS DES UTILISATEURS<\/h5>\n<p>Les utilisateurs peuvent, \u00e0 tout moment et librement, exercer leurs droits d\u2019acc\u00e8s, de rectification, d\u2019effacement, d\u2019opposition, de limitation et de portabilit\u00e9 de leurs donn\u00e9es, en envoyant une demande par e-mail \u00e0 l\u2019adresse <a href=\"mailto:dpo@thenavigatorcompany.com\">dpo@thenavigatorcompany.com<\/a>, conform\u00e9ment \u00e0 la l\u00e9gislation applicable.<\/p>\n<p>Les utilisateurs sont \u00e9galement inform\u00e9s qu\u2019ils peuvent, s\u2019ils consid\u00e8rent que <strong>THE NAVIGATOR COMPANY<\/strong> a enfreint ou pourrait enfreindre leurs droits en vertu des lois en mati\u00e8re de protection des donn\u00e9es, introduire une r\u00e9clamation aupr\u00e8s de la Commission nationale pour la protection des donn\u00e9es (CNPD) par t\u00e9l\u00e9phone (00351 213928400) ou par e-mail (<a href=\"mailto:geral@cnpd.pt\">geral@cnpd.pt<\/a>).<\/p>\n<h5>8. RETRAIT DU CONSENTEMENT<\/h5>\n<p>L\u2019utilisateur peut retirer son consentement au traitement et au transfert de ses donn\u00e9es, sans effets r\u00e9trospectifs. Afin de retirer son consentement, l\u2019utilisateur peut contacter <strong>THE NAVIGATOR COMPANY<\/strong> par e-mail \u00e0 l\u2019adresse <a href=\"mailto:dpo@thenavigatorcompany.com\">dpo@thenavigatorcompany.com<\/a>.<\/p>\n<h5>9. DONN\u00c9ES N\u00c9CESSAIRES<\/h5>\n<p>Les donn\u00e9es marqu\u00e9es par un ast\u00e9risque (*) sur les formulaires en ligne disponibles sur les plateformes num\u00e9riques de <strong>THE NAVIGATOR COMPANY<\/strong> sont n\u00e9cessaires en vue de r\u00e9aliser les finalit\u00e9s contractuelles ou l\u00e9gales. Par cons\u00e9quent, si l\u2019utilisateur ne fournit pas de telles donn\u00e9es, <strong>THE NAVIGATOR COMPANY<\/strong> ne peut pas r\u00e9pondre \u00e0 sa demande.<\/p>\n<h5>10. D\u00c9CISIONS AUTOMATIS\u00c9ES<\/h5>\n<p><strong>THE NAVIGATOR COMPANY<\/strong> peut cr\u00e9er des profils d\u2019utilisateurs qui lui permettent de prendre des d\u00e9cisions automatis\u00e9es en prenant en consid\u00e9ration des caract\u00e9ristiques personnelles, des pr\u00e9f\u00e9rences, l\u2019historique de comportement et la localisation (dans ce cas, pour que les utilisateurs puissent participer \u00e0 des promotions). Dans ces situations, l\u2019utilisateur aura le droit d\u2019obtenir une intervention humaine dans la d\u00e9cision, d\u2019exprimer son point de vue et de remettre en question la d\u00e9cision prise par <strong>THE NAVIGATOR COMPANY<\/strong>.<\/p>\n<h5>11. MESURES DE PROTECTION DES DONN\u00c9ES<\/h5>\n<p><strong>THE NAVIGATOR COMPANY<\/strong> prend diverses mesures organisationnelles et techniques afin de prot\u00e9ger les donn\u00e9es \u00e0 caract\u00e8re personnel des utilisateurs, y compris l\u2019usage de serveurs s\u00e9curis\u00e9s, de pare-feu et de cryptage des donn\u00e9es pour les applications et les communications.<\/p>\n<h5>12. UTILISATION DES COOKIES<\/h5>\n<p>La politique relative aux cookies de <strong>THE NAVIGATOR COMPANY<\/strong> est disponible <a href=\"https:\/\/target-paper.com\/fr\/politique-relative-aux-cookies\/\" target=\"_blank\" rel=\"noopener\">ici<\/a>.<\/p>\n","protected":false},"excerpt":{"rendered":"<p>Nous recommandons aux utilisateurs de lire attentivement la pr\u00e9sente politique de confidentialit\u00e9, r\u00e9dig\u00e9e de mani\u00e8re univoque et simple, afin de leur permettre de la comprendre clairement et de d\u00e9cider librement s\u2019ils souhaitent fournir leurs donn\u00e9es \u00e0 THE NAVIGATOR COMPANY. L\u2019utilisateur garantit avoir l\u2019\u00e2ge requis, fournir des donn\u00e9es v\u00e9ritables, correctes, compl\u00e8tes et actualis\u00e9es, et \u00eatre responsable [&hellip;]<\/p>\n","protected":false},"author":3,"featured_media":0,"parent":0,"menu_order":0,"comment_status":"closed","ping_status":"closed","template":"templates\/raw.php","meta":{"inline_featured_image":false,"footnotes":""},"class_list":["post-2892","page","type-page","status-publish","hentry"],"yoast_head":"<!-- This site is optimized with the Yoast SEO plugin v26.8 - https:\/\/yoast.com\/product\/yoast-seo-wordpress\/ -->\n<title>Politique de confidentialit\u00e9 - Target Paper<\/title>\n<meta name=\"robots\" content=\"index, follow, max-snippet:-1, max-image-preview:large, max-video-preview:-1\" \/>\n<link rel=\"canonical\" href=\"https:\/\/target-paper.com\/fr\/politique-de-confidentialite\/\" \/>\n<meta property=\"og:locale\" content=\"fr_FR\" \/>\n<meta property=\"og:type\" content=\"article\" \/>\n<meta property=\"og:title\" content=\"Politique de confidentialit\u00e9 - Target Paper\" \/>\n<meta property=\"og:description\" content=\"Nous recommandons aux utilisateurs de lire attentivement la pr\u00e9sente politique de confidentialit\u00e9, r\u00e9dig\u00e9e de mani\u00e8re univoque et simple, afin de leur permettre de la comprendre clairement et de d\u00e9cider librement s\u2019ils souhaitent fournir leurs donn\u00e9es \u00e0 THE NAVIGATOR COMPANY. L\u2019utilisateur garantit avoir l\u2019\u00e2ge requis, fournir des donn\u00e9es v\u00e9ritables, correctes, compl\u00e8tes et actualis\u00e9es, et \u00eatre responsable [&hellip;]\" \/>\n<meta property=\"og:url\" content=\"https:\/\/target-paper.com\/fr\/politique-de-confidentialite\/\" \/>\n<meta property=\"og:site_name\" content=\"Target Paper\" \/>\n<meta property=\"article:modified_time\" content=\"2021-04-26T08:41:51+00:00\" \/>\n<meta name=\"twitter:card\" content=\"summary_large_image\" \/>\n<meta name=\"twitter:label1\" content=\"Est. reading time\" \/>\n\t<meta name=\"twitter:data1\" content=\"5 minutes\" \/>\n<script type=\"application\/ld+json\" class=\"yoast-schema-graph\">{\"@context\":\"https:\/\/schema.org\",\"@graph\":[{\"@type\":\"WebPage\",\"@id\":\"https:\/\/target-paper.com\/fr\/politique-de-confidentialite\/\",\"url\":\"https:\/\/target-paper.com\/fr\/politique-de-confidentialite\/\",\"name\":\"Politique de confidentialit\u00e9 - Target Paper\",\"isPartOf\":{\"@id\":\"https:\/\/target-paper.com\/#website\"},\"datePublished\":\"2021-01-22T16:27:35+00:00\",\"dateModified\":\"2021-04-26T08:41:51+00:00\",\"breadcrumb\":{\"@id\":\"https:\/\/target-paper.com\/fr\/politique-de-confidentialite\/#breadcrumb\"},\"inLanguage\":\"fr-FR\",\"potentialAction\":[{\"@type\":\"ReadAction\",\"target\":[\"https:\/\/target-paper.com\/fr\/politique-de-confidentialite\/\"]}]},{\"@type\":\"BreadcrumbList\",\"@id\":\"https:\/\/target-paper.com\/fr\/politique-de-confidentialite\/#breadcrumb\",\"itemListElement\":[{\"@type\":\"ListItem\",\"position\":1,\"name\":\"Home\",\"item\":\"https:\/\/target-paper.com\/fr\/\"},{\"@type\":\"ListItem\",\"position\":2,\"name\":\"Politique de confidentialit\u00e9\"}]},{\"@type\":\"WebSite\",\"@id\":\"https:\/\/target-paper.com\/#website\",\"url\":\"https:\/\/target-paper.com\/\",\"name\":\"Target Paper\",\"description\":\"High-quality paper. Sharp results.\",\"potentialAction\":[{\"@type\":\"SearchAction\",\"target\":{\"@type\":\"EntryPoint\",\"urlTemplate\":\"https:\/\/target-paper.com\/?s={search_term_string}\"},\"query-input\":{\"@type\":\"PropertyValueSpecification\",\"valueRequired\":true,\"valueName\":\"search_term_string\"}}],\"inLanguage\":\"fr-FR\"}]}<\/script>\n<!-- \/ Yoast SEO plugin. -->","yoast_head_json":{"title":"Politique de confidentialit\u00e9 - Target Paper","robots":{"index":"index","follow":"follow","max-snippet":"max-snippet:-1","max-image-preview":"max-image-preview:large","max-video-preview":"max-video-preview:-1"},"canonical":"https:\/\/target-paper.com\/fr\/politique-de-confidentialite\/","og_locale":"fr_FR","og_type":"article","og_title":"Politique de confidentialit\u00e9 - Target Paper","og_description":"Nous recommandons aux utilisateurs de lire attentivement la pr\u00e9sente politique de confidentialit\u00e9, r\u00e9dig\u00e9e de mani\u00e8re univoque et simple, afin de leur permettre de la comprendre clairement et de d\u00e9cider librement s\u2019ils souhaitent fournir leurs donn\u00e9es \u00e0 THE NAVIGATOR COMPANY. L\u2019utilisateur garantit avoir l\u2019\u00e2ge requis, fournir des donn\u00e9es v\u00e9ritables, correctes, compl\u00e8tes et actualis\u00e9es, et \u00eatre responsable [&hellip;]","og_url":"https:\/\/target-paper.com\/fr\/politique-de-confidentialite\/","og_site_name":"Target Paper","article_modified_time":"2021-04-26T08:41:51+00:00","twitter_card":"summary_large_image","twitter_misc":{"Est. reading time":"5 minutes"},"schema":{"@context":"https:\/\/schema.org","@graph":[{"@type":"WebPage","@id":"https:\/\/target-paper.com\/fr\/politique-de-confidentialite\/","url":"https:\/\/target-paper.com\/fr\/politique-de-confidentialite\/","name":"Politique de confidentialit\u00e9 - Target Paper","isPartOf":{"@id":"https:\/\/target-paper.com\/#website"},"datePublished":"2021-01-22T16:27:35+00:00","dateModified":"2021-04-26T08:41:51+00:00","breadcrumb":{"@id":"https:\/\/target-paper.com\/fr\/politique-de-confidentialite\/#breadcrumb"},"inLanguage":"fr-FR","potentialAction":[{"@type":"ReadAction","target":["https:\/\/target-paper.com\/fr\/politique-de-confidentialite\/"]}]},{"@type":"BreadcrumbList","@id":"https:\/\/target-paper.com\/fr\/politique-de-confidentialite\/#breadcrumb","itemListElement":[{"@type":"ListItem","position":1,"name":"Home","item":"https:\/\/target-paper.com\/fr\/"},{"@type":"ListItem","position":2,"name":"Politique de confidentialit\u00e9"}]},{"@type":"WebSite","@id":"https:\/\/target-paper.com\/#website","url":"https:\/\/target-paper.com\/","name":"Target Paper","description":"High-quality paper. Sharp results.","potentialAction":[{"@type":"SearchAction","target":{"@type":"EntryPoint","urlTemplate":"https:\/\/target-paper.com\/?s={search_term_string}"},"query-input":{"@type":"PropertyValueSpecification","valueRequired":true,"valueName":"search_term_string"}}],"inLanguage":"fr-FR"}]}},"_links":{"self":[{"href":"https:\/\/target-paper.com\/fr\/wp-json\/wp\/v2\/pages\/2892","targetHints":{"allow":["GET"]}}],"collection":[{"href":"https:\/\/target-paper.com\/fr\/wp-json\/wp\/v2\/pages"}],"about":[{"href":"https:\/\/target-paper.com\/fr\/wp-json\/wp\/v2\/types\/page"}],"author":[{"embeddable":true,"href":"https:\/\/target-paper.com\/fr\/wp-json\/wp\/v2\/users\/3"}],"replies":[{"embeddable":true,"href":"https:\/\/target-paper.com\/fr\/wp-json\/wp\/v2\/comments?post=2892"}],"version-history":[{"count":0,"href":"https:\/\/target-paper.com\/fr\/wp-json\/wp\/v2\/pages\/2892\/revisions"}],"wp:attachment":[{"href":"https:\/\/target-paper.com\/fr\/wp-json\/wp\/v2\/media?parent=2892"}],"curies":[{"name":"wp","href":"https:\/\/api.w.org\/{rel}","templated":true}]}}