{"id":2902,"date":"2021-01-25T14:45:47","date_gmt":"2021-01-25T14:45:47","guid":{"rendered":"http:\/\/target-paper.com\/products\/executive\/"},"modified":"2021-04-23T09:43:21","modified_gmt":"2021-04-23T08:43:21","slug":"executive","status":"publish","type":"page","link":"https:\/\/target-paper.com\/fr\/produits\/executive\/","title":{"rendered":"Gamme Executive"},"content":{"rendered":"<h1><em>Le papier de bureau<\/em> <strong>haut de gamme<\/strong> <em>pour des impressions exclusives.<\/em><\/h1>\n<h5>Le choix intelligent pour vos documents les plus importants.<\/h5>\n<div class=\"label label--executive\"><div class=\"label__icon\"><svg xmlns=\"http:\/\/www.w3.org\/2000\/svg\" width=\"165\" height=\"30\" viewBox=\"0 0 165 30\">\n                <path d=\"M157.8 0H7C5.1 0 3.4.7 2 2.1.7 3.4 0 5.2 0 7v16c0 1.9.7 3.6 2.1 5 1.3 1.3 3.1 2 4.9 2h150.8c1.9 0 3.6-.7 5-2.1 1.3-1.3 2.1-3.1 2.1-5V7c0-1.9-.7-3.6-2.1-5s-3.1-2-5-2z\" fill=\"#000000\"\/>\n                <path d=\"M19.5 17.1h3.1V19h-5.2v-8h5.1v1.9h-3.1V14h2.8v1.9h-2.8l.1 1.2zm20 2h-2.3l-1.3-2.2-1.3 2.2h-2.3l2.4-4.1-2.3-4h2.3l1.2 2 1.2-2h2.3l-2.3 4 2.4 4.1zm12-2h3.1V19h-5.2v-8h5.1v1.9h-3.1V14h2.8v1.9h-2.8v1.2zm17.2 2.1c-.6 0-1.1-.1-1.6-.3-.5-.2-1-.5-1.4-.9s-.7-.9-.9-1.4c-.2-.5-.3-1.1-.3-1.6 0-.7.2-1.5.6-2.1s.9-1.2 1.5-1.5c.6-.4 1.3-.6 2.1-.6.7 0 1.5.2 2.1.5.6.3 1.1.8 1.5 1.4l-1.8 1c-.2-.3-.4-.5-.7-.7-.4-.2-.9-.3-1.4-.2-.5.1-.9.3-1.2.6-.2.2-.4.5-.5.7-.1.3-.1.6-.1.9 0 .3 0 .6.1.9.1.3.3.5.5.7.3.3.8.5 1.2.6.5.1.9 0 1.4-.2.3-.2.5-.4.7-.7l1.8 1c-.4.6-.9 1.1-1.5 1.4-.7.4-1.4.6-2.1.5zm19-.7c-.7.5-1.5.8-2.3.8s-1.6-.3-2.3-.8c-.3-.3-.5-.6-.7-.9-.2-.4-.2-.7-.2-1.1V11h2.1v5.2c0 .7.4 1 1.1 1s1.1-.3 1.1-1V11h2.1v5.4c0 .4-.1.8-.2 1.1-.2.4-.4.7-.7 1zm16.9-7.5v2h-2v6.1h-2.1V13h-2v-2h6.1zm10 0h2.1v8.1h-2.1V11zm14.6 8.1l-2.6-8.1h2.3l1.6 5.6L132 11h2.3l-2.6 8.1h-2.5zm17-2h3.1V19h-5.2v-8h5.1v1.9h-3.1V14h2.8v1.9h-2.8v1.2z\" fill=\"#fff\"\/>\n            <\/svg><\/div><span class=\"label__text\">Des fonctionnalit\u00e9s technologiquement am\u00e9lior\u00e9es et une qualit\u00e9 remarquable pour les documents essentiels.<\/span><\/div>\n","protected":false},"excerpt":{"rendered":"<p>Le papier de bureau haut de gamme pour des impressions exclusives. Le choix intelligent pour vos documents les plus importants.<\/p>\n","protected":false},"author":3,"featured_media":2421,"parent":2897,"menu_order":0,"comment_status":"closed","ping_status":"closed","template":"templates\/range.php","meta":{"inline_featured_image":false,"footnotes":""},"class_list":["post-2902","page","type-page","status-publish","has-post-thumbnail","hentry"],"yoast_head":"<!-- This site is optimized with the Yoast SEO plugin v26.8 - https:\/\/yoast.com\/product\/yoast-seo-wordpress\/ -->\n<title>Gamme Executive - Target Paper<\/title>\n<meta name=\"description\" content=\"Le papier de bureau haut de gamme pour des impressions exclusives. La gamme Executive est le choix intelligent pour vos documents les plus importants.\" \/>\n<meta name=\"robots\" content=\"index, follow, max-snippet:-1, max-image-preview:large, max-video-preview:-1\" \/>\n<link rel=\"canonical\" href=\"https:\/\/target-paper.com\/fr\/produits\/executive\/\" \/>\n<meta property=\"og:locale\" content=\"fr_FR\" \/>\n<meta property=\"og:type\" content=\"article\" \/>\n<meta property=\"og:title\" content=\"Gamme Executive - Target Paper\" \/>\n<meta property=\"og:description\" content=\"Le papier de bureau haut de gamme pour des impressions exclusives. La gamme Executive est le choix intelligent pour vos documents les plus importants.\" \/>\n<meta property=\"og:url\" content=\"https:\/\/target-paper.com\/fr\/produits\/executive\/\" \/>\n<meta property=\"og:site_name\" content=\"Target Paper\" \/>\n<meta property=\"article:modified_time\" content=\"2021-04-23T08:43:21+00:00\" \/>\n<meta property=\"og:image\" content=\"https:\/\/target-paper.com\/wp-content\/uploads\/2021\/02\/TNC-Target-Reams-Mockups-Side-View-Range-Exec.png\" \/>\n\t<meta property=\"og:image:width\" content=\"800\" \/>\n\t<meta property=\"og:image:height\" content=\"767\" \/>\n\t<meta property=\"og:image:type\" content=\"image\/png\" \/>\n<meta name=\"twitter:card\" content=\"summary_large_image\" \/>\n<meta name=\"twitter:label1\" content=\"Est. reading time\" \/>\n\t<meta name=\"twitter:data1\" content=\"1 minute\" \/>\n<script type=\"application\/ld+json\" class=\"yoast-schema-graph\">{\"@context\":\"https:\/\/schema.org\",\"@graph\":[{\"@type\":\"WebPage\",\"@id\":\"https:\/\/target-paper.com\/fr\/produits\/executive\/\",\"url\":\"https:\/\/target-paper.com\/fr\/produits\/executive\/\",\"name\":\"Gamme Executive - Target Paper\",\"isPartOf\":{\"@id\":\"https:\/\/target-paper.com\/#website\"},\"primaryImageOfPage\":{\"@id\":\"https:\/\/target-paper.com\/fr\/produits\/executive\/#primaryimage\"},\"image\":{\"@id\":\"https:\/\/target-paper.com\/fr\/produits\/executive\/#primaryimage\"},\"thumbnailUrl\":\"https:\/\/target-paper.com\/wp-content\/uploads\/2021\/02\/TNC-Target-Reams-Mockups-Side-View-Range-Exec.png\",\"datePublished\":\"2021-01-25T14:45:47+00:00\",\"dateModified\":\"2021-04-23T08:43:21+00:00\",\"description\":\"Le papier de bureau haut de gamme pour des impressions exclusives. La gamme Executive est le choix intelligent pour vos documents les plus importants.\",\"breadcrumb\":{\"@id\":\"https:\/\/target-paper.com\/fr\/produits\/executive\/#breadcrumb\"},\"inLanguage\":\"fr-FR\",\"potentialAction\":[{\"@type\":\"ReadAction\",\"target\":[\"https:\/\/target-paper.com\/fr\/produits\/executive\/\"]}]},{\"@type\":\"ImageObject\",\"inLanguage\":\"fr-FR\",\"@id\":\"https:\/\/target-paper.com\/fr\/produits\/executive\/#primaryimage\",\"url\":\"https:\/\/target-paper.com\/wp-content\/uploads\/2021\/02\/TNC-Target-Reams-Mockups-Side-View-Range-Exec.png\",\"contentUrl\":\"https:\/\/target-paper.com\/wp-content\/uploads\/2021\/02\/TNC-Target-Reams-Mockups-Side-View-Range-Exec.png\",\"width\":800,\"height\":767},{\"@type\":\"BreadcrumbList\",\"@id\":\"https:\/\/target-paper.com\/fr\/produits\/executive\/#breadcrumb\",\"itemListElement\":[{\"@type\":\"ListItem\",\"position\":1,\"name\":\"Home\",\"item\":\"https:\/\/target-paper.com\/fr\/\"},{\"@type\":\"ListItem\",\"position\":2,\"name\":\"Produits\",\"item\":\"https:\/\/target-paper.com\/fr\/products\/\"},{\"@type\":\"ListItem\",\"position\":3,\"name\":\"Gamme Executive\"}]},{\"@type\":\"WebSite\",\"@id\":\"https:\/\/target-paper.com\/#website\",\"url\":\"https:\/\/target-paper.com\/\",\"name\":\"Target Paper\",\"description\":\"High-quality paper. Sharp results.\",\"potentialAction\":[{\"@type\":\"SearchAction\",\"target\":{\"@type\":\"EntryPoint\",\"urlTemplate\":\"https:\/\/target-paper.com\/?s={search_term_string}\"},\"query-input\":{\"@type\":\"PropertyValueSpecification\",\"valueRequired\":true,\"valueName\":\"search_term_string\"}}],\"inLanguage\":\"fr-FR\"}]}<\/script>\n<!-- \/ Yoast SEO plugin. -->","yoast_head_json":{"title":"Gamme Executive - Target Paper","description":"Le papier de bureau haut de gamme pour des impressions exclusives. La gamme Executive est le choix intelligent pour vos documents les plus importants.","robots":{"index":"index","follow":"follow","max-snippet":"max-snippet:-1","max-image-preview":"max-image-preview:large","max-video-preview":"max-video-preview:-1"},"canonical":"https:\/\/target-paper.com\/fr\/produits\/executive\/","og_locale":"fr_FR","og_type":"article","og_title":"Gamme Executive - Target Paper","og_description":"Le papier de bureau haut de gamme pour des impressions exclusives. La gamme Executive est le choix intelligent pour vos documents les plus importants.","og_url":"https:\/\/target-paper.com\/fr\/produits\/executive\/","og_site_name":"Target Paper","article_modified_time":"2021-04-23T08:43:21+00:00","og_image":[{"width":800,"height":767,"url":"https:\/\/target-paper.com\/wp-content\/uploads\/2021\/02\/TNC-Target-Reams-Mockups-Side-View-Range-Exec.png","type":"image\/png"}],"twitter_card":"summary_large_image","twitter_misc":{"Est. reading time":"1 minute"},"schema":{"@context":"https:\/\/schema.org","@graph":[{"@type":"WebPage","@id":"https:\/\/target-paper.com\/fr\/produits\/executive\/","url":"https:\/\/target-paper.com\/fr\/produits\/executive\/","name":"Gamme Executive - Target Paper","isPartOf":{"@id":"https:\/\/target-paper.com\/#website"},"primaryImageOfPage":{"@id":"https:\/\/target-paper.com\/fr\/produits\/executive\/#primaryimage"},"image":{"@id":"https:\/\/target-paper.com\/fr\/produits\/executive\/#primaryimage"},"thumbnailUrl":"https:\/\/target-paper.com\/wp-content\/uploads\/2021\/02\/TNC-Target-Reams-Mockups-Side-View-Range-Exec.png","datePublished":"2021-01-25T14:45:47+00:00","dateModified":"2021-04-23T08:43:21+00:00","description":"Le papier de bureau haut de gamme pour des impressions exclusives. La gamme Executive est le choix intelligent pour vos documents les plus importants.","breadcrumb":{"@id":"https:\/\/target-paper.com\/fr\/produits\/executive\/#breadcrumb"},"inLanguage":"fr-FR","potentialAction":[{"@type":"ReadAction","target":["https:\/\/target-paper.com\/fr\/produits\/executive\/"]}]},{"@type":"ImageObject","inLanguage":"fr-FR","@id":"https:\/\/target-paper.com\/fr\/produits\/executive\/#primaryimage","url":"https:\/\/target-paper.com\/wp-content\/uploads\/2021\/02\/TNC-Target-Reams-Mockups-Side-View-Range-Exec.png","contentUrl":"https:\/\/target-paper.com\/wp-content\/uploads\/2021\/02\/TNC-Target-Reams-Mockups-Side-View-Range-Exec.png","width":800,"height":767},{"@type":"BreadcrumbList","@id":"https:\/\/target-paper.com\/fr\/produits\/executive\/#breadcrumb","itemListElement":[{"@type":"ListItem","position":1,"name":"Home","item":"https:\/\/target-paper.com\/fr\/"},{"@type":"ListItem","position":2,"name":"Produits","item":"https:\/\/target-paper.com\/fr\/products\/"},{"@type":"ListItem","position":3,"name":"Gamme Executive"}]},{"@type":"WebSite","@id":"https:\/\/target-paper.com\/#website","url":"https:\/\/target-paper.com\/","name":"Target Paper","description":"High-quality paper. Sharp results.","potentialAction":[{"@type":"SearchAction","target":{"@type":"EntryPoint","urlTemplate":"https:\/\/target-paper.com\/?s={search_term_string}"},"query-input":{"@type":"PropertyValueSpecification","valueRequired":true,"valueName":"search_term_string"}}],"inLanguage":"fr-FR"}]}},"_links":{"self":[{"href":"https:\/\/target-paper.com\/fr\/wp-json\/wp\/v2\/pages\/2902","targetHints":{"allow":["GET"]}}],"collection":[{"href":"https:\/\/target-paper.com\/fr\/wp-json\/wp\/v2\/pages"}],"about":[{"href":"https:\/\/target-paper.com\/fr\/wp-json\/wp\/v2\/types\/page"}],"author":[{"embeddable":true,"href":"https:\/\/target-paper.com\/fr\/wp-json\/wp\/v2\/users\/3"}],"replies":[{"embeddable":true,"href":"https:\/\/target-paper.com\/fr\/wp-json\/wp\/v2\/comments?post=2902"}],"version-history":[{"count":0,"href":"https:\/\/target-paper.com\/fr\/wp-json\/wp\/v2\/pages\/2902\/revisions"}],"up":[{"embeddable":true,"href":"https:\/\/target-paper.com\/fr\/wp-json\/wp\/v2\/pages\/2897"}],"wp:featuredmedia":[{"embeddable":true,"href":"https:\/\/target-paper.com\/fr\/wp-json\/wp\/v2\/media\/2421"}],"wp:attachment":[{"href":"https:\/\/target-paper.com\/fr\/wp-json\/wp\/v2\/media?parent=2902"}],"curies":[{"name":"wp","href":"https:\/\/api.w.org\/{rel}","templated":true}]}}