{"id":2907,"date":"2021-02-01T16:20:33","date_gmt":"2021-02-01T16:20:33","guid":{"rendered":"http:\/\/target-paper.com\/products\/executive\/100-2\/"},"modified":"2023-07-14T01:23:35","modified_gmt":"2023-07-14T00:23:35","slug":"100gm","status":"publish","type":"page","link":"https:\/\/target-paper.com\/fr\/produits\/executive\/100gm\/","title":{"rendered":"Executive 100 g.m-2"},"content":{"rendered":"<h5>Le papier de bureau <strong>haut de gamme<\/strong> pour des impressions exclusives.<\/h5>\n<p>Des fonctionnalit\u00e9s technologiquement am\u00e9lior\u00e9es et une qualit\u00e9 remarquable pour les documents essentiels.<\/p>\n","protected":false},"excerpt":{"rendered":"<p>Le papier de bureau haut de gamme pour des impressions exclusives. Des fonctionnalit\u00e9s technologiquement am\u00e9lior\u00e9es et une qualit\u00e9 remarquable pour les documents essentiels.<\/p>\n","protected":false},"author":3,"featured_media":2336,"parent":2902,"menu_order":0,"comment_status":"closed","ping_status":"closed","template":"templates\/product.php","meta":{"inline_featured_image":false,"footnotes":""},"class_list":["post-2907","page","type-page","status-publish","has-post-thumbnail","hentry"],"yoast_head":"<!-- This site is optimized with the Yoast SEO plugin v26.8 - https:\/\/yoast.com\/product\/yoast-seo-wordpress\/ -->\n<title>Executive 100 g.m-2 - Target Paper<\/title>\n<meta name=\"description\" content=\"Avec des couleurs \u00e9clatantes et des noirs intenses, le papier Executive 100\u00a0g.m-2 est id\u00e9al pour l\u2019impression couleur intensive.\" \/>\n<meta name=\"robots\" content=\"index, follow, max-snippet:-1, max-image-preview:large, max-video-preview:-1\" \/>\n<link rel=\"canonical\" href=\"https:\/\/target-paper.com\/fr\/produits\/executive\/100gm\/\" \/>\n<meta property=\"og:locale\" content=\"fr_FR\" \/>\n<meta property=\"og:type\" content=\"article\" \/>\n<meta property=\"og:title\" content=\"Executive 100 g.m-2 - Target Paper\" \/>\n<meta property=\"og:description\" content=\"Avec des couleurs \u00e9clatantes et des noirs intenses, le papier Executive 100\u00a0g.m-2 est id\u00e9al pour l\u2019impression couleur intensive.\" \/>\n<meta property=\"og:url\" content=\"https:\/\/target-paper.com\/fr\/produits\/executive\/100gm\/\" \/>\n<meta property=\"og:site_name\" content=\"Target Paper\" \/>\n<meta property=\"article:modified_time\" content=\"2023-07-14T00:23:35+00:00\" \/>\n<meta property=\"og:image\" content=\"https:\/\/target-paper.com\/wp-content\/uploads\/2021\/02\/TNC-Target-Reams-Mockup-Exec_100-Front.png\" \/>\n\t<meta property=\"og:image:width\" content=\"549\" \/>\n\t<meta property=\"og:image:height\" content=\"760\" \/>\n\t<meta property=\"og:image:type\" content=\"image\/png\" \/>\n<meta name=\"twitter:card\" content=\"summary_large_image\" \/>\n<meta name=\"twitter:label1\" content=\"Est. reading time\" \/>\n\t<meta name=\"twitter:data1\" content=\"1 minute\" \/>\n<script type=\"application\/ld+json\" class=\"yoast-schema-graph\">{\"@context\":\"https:\/\/schema.org\",\"@graph\":[{\"@type\":\"WebPage\",\"@id\":\"https:\/\/target-paper.com\/fr\/produits\/executive\/100gm\/\",\"url\":\"https:\/\/target-paper.com\/fr\/produits\/executive\/100gm\/\",\"name\":\"Executive 100 g.m-2 - Target Paper\",\"isPartOf\":{\"@id\":\"https:\/\/target-paper.com\/#website\"},\"primaryImageOfPage\":{\"@id\":\"https:\/\/target-paper.com\/fr\/produits\/executive\/100gm\/#primaryimage\"},\"image\":{\"@id\":\"https:\/\/target-paper.com\/fr\/produits\/executive\/100gm\/#primaryimage\"},\"thumbnailUrl\":\"https:\/\/target-paper.com\/wp-content\/uploads\/2021\/02\/TNC-Target-Reams-Mockup-Exec_100-Front.png\",\"datePublished\":\"2021-02-01T16:20:33+00:00\",\"dateModified\":\"2023-07-14T00:23:35+00:00\",\"description\":\"Avec des couleurs \u00e9clatantes et des noirs intenses, le papier Executive 100\u00a0g.m-2 est id\u00e9al pour l\u2019impression couleur intensive.\",\"breadcrumb\":{\"@id\":\"https:\/\/target-paper.com\/fr\/produits\/executive\/100gm\/#breadcrumb\"},\"inLanguage\":\"fr-FR\",\"potentialAction\":[{\"@type\":\"ReadAction\",\"target\":[\"https:\/\/target-paper.com\/fr\/produits\/executive\/100gm\/\"]}]},{\"@type\":\"ImageObject\",\"inLanguage\":\"fr-FR\",\"@id\":\"https:\/\/target-paper.com\/fr\/produits\/executive\/100gm\/#primaryimage\",\"url\":\"https:\/\/target-paper.com\/wp-content\/uploads\/2021\/02\/TNC-Target-Reams-Mockup-Exec_100-Front.png\",\"contentUrl\":\"https:\/\/target-paper.com\/wp-content\/uploads\/2021\/02\/TNC-Target-Reams-Mockup-Exec_100-Front.png\",\"width\":549,\"height\":760},{\"@type\":\"BreadcrumbList\",\"@id\":\"https:\/\/target-paper.com\/fr\/produits\/executive\/100gm\/#breadcrumb\",\"itemListElement\":[{\"@type\":\"ListItem\",\"position\":1,\"name\":\"Home\",\"item\":\"https:\/\/target-paper.com\/fr\/\"},{\"@type\":\"ListItem\",\"position\":2,\"name\":\"Produits\",\"item\":\"https:\/\/target-paper.com\/fr\/products\/\"},{\"@type\":\"ListItem\",\"position\":3,\"name\":\"Gamme Executive\",\"item\":\"https:\/\/target-paper.com\/fr\/products\/executive\/\"},{\"@type\":\"ListItem\",\"position\":4,\"name\":\"Executive 100 g.m-2\"}]},{\"@type\":\"WebSite\",\"@id\":\"https:\/\/target-paper.com\/#website\",\"url\":\"https:\/\/target-paper.com\/\",\"name\":\"Target Paper\",\"description\":\"High-quality paper. Sharp results.\",\"potentialAction\":[{\"@type\":\"SearchAction\",\"target\":{\"@type\":\"EntryPoint\",\"urlTemplate\":\"https:\/\/target-paper.com\/?s={search_term_string}\"},\"query-input\":{\"@type\":\"PropertyValueSpecification\",\"valueRequired\":true,\"valueName\":\"search_term_string\"}}],\"inLanguage\":\"fr-FR\"}]}<\/script>\n<!-- \/ Yoast SEO plugin. -->","yoast_head_json":{"title":"Executive 100 g.m-2 - Target Paper","description":"Avec des couleurs \u00e9clatantes et des noirs intenses, le papier Executive 100\u00a0g.m-2 est id\u00e9al pour l\u2019impression couleur intensive.","robots":{"index":"index","follow":"follow","max-snippet":"max-snippet:-1","max-image-preview":"max-image-preview:large","max-video-preview":"max-video-preview:-1"},"canonical":"https:\/\/target-paper.com\/fr\/produits\/executive\/100gm\/","og_locale":"fr_FR","og_type":"article","og_title":"Executive 100 g.m-2 - Target Paper","og_description":"Avec des couleurs \u00e9clatantes et des noirs intenses, le papier Executive 100\u00a0g.m-2 est id\u00e9al pour l\u2019impression couleur intensive.","og_url":"https:\/\/target-paper.com\/fr\/produits\/executive\/100gm\/","og_site_name":"Target Paper","article_modified_time":"2023-07-14T00:23:35+00:00","og_image":[{"width":549,"height":760,"url":"https:\/\/target-paper.com\/wp-content\/uploads\/2021\/02\/TNC-Target-Reams-Mockup-Exec_100-Front.png","type":"image\/png"}],"twitter_card":"summary_large_image","twitter_misc":{"Est. reading time":"1 minute"},"schema":{"@context":"https:\/\/schema.org","@graph":[{"@type":"WebPage","@id":"https:\/\/target-paper.com\/fr\/produits\/executive\/100gm\/","url":"https:\/\/target-paper.com\/fr\/produits\/executive\/100gm\/","name":"Executive 100 g.m-2 - Target Paper","isPartOf":{"@id":"https:\/\/target-paper.com\/#website"},"primaryImageOfPage":{"@id":"https:\/\/target-paper.com\/fr\/produits\/executive\/100gm\/#primaryimage"},"image":{"@id":"https:\/\/target-paper.com\/fr\/produits\/executive\/100gm\/#primaryimage"},"thumbnailUrl":"https:\/\/target-paper.com\/wp-content\/uploads\/2021\/02\/TNC-Target-Reams-Mockup-Exec_100-Front.png","datePublished":"2021-02-01T16:20:33+00:00","dateModified":"2023-07-14T00:23:35+00:00","description":"Avec des couleurs \u00e9clatantes et des noirs intenses, le papier Executive 100\u00a0g.m-2 est id\u00e9al pour l\u2019impression couleur intensive.","breadcrumb":{"@id":"https:\/\/target-paper.com\/fr\/produits\/executive\/100gm\/#breadcrumb"},"inLanguage":"fr-FR","potentialAction":[{"@type":"ReadAction","target":["https:\/\/target-paper.com\/fr\/produits\/executive\/100gm\/"]}]},{"@type":"ImageObject","inLanguage":"fr-FR","@id":"https:\/\/target-paper.com\/fr\/produits\/executive\/100gm\/#primaryimage","url":"https:\/\/target-paper.com\/wp-content\/uploads\/2021\/02\/TNC-Target-Reams-Mockup-Exec_100-Front.png","contentUrl":"https:\/\/target-paper.com\/wp-content\/uploads\/2021\/02\/TNC-Target-Reams-Mockup-Exec_100-Front.png","width":549,"height":760},{"@type":"BreadcrumbList","@id":"https:\/\/target-paper.com\/fr\/produits\/executive\/100gm\/#breadcrumb","itemListElement":[{"@type":"ListItem","position":1,"name":"Home","item":"https:\/\/target-paper.com\/fr\/"},{"@type":"ListItem","position":2,"name":"Produits","item":"https:\/\/target-paper.com\/fr\/products\/"},{"@type":"ListItem","position":3,"name":"Gamme Executive","item":"https:\/\/target-paper.com\/fr\/products\/executive\/"},{"@type":"ListItem","position":4,"name":"Executive 100 g.m-2"}]},{"@type":"WebSite","@id":"https:\/\/target-paper.com\/#website","url":"https:\/\/target-paper.com\/","name":"Target Paper","description":"High-quality paper. Sharp results.","potentialAction":[{"@type":"SearchAction","target":{"@type":"EntryPoint","urlTemplate":"https:\/\/target-paper.com\/?s={search_term_string}"},"query-input":{"@type":"PropertyValueSpecification","valueRequired":true,"valueName":"search_term_string"}}],"inLanguage":"fr-FR"}]}},"_links":{"self":[{"href":"https:\/\/target-paper.com\/fr\/wp-json\/wp\/v2\/pages\/2907","targetHints":{"allow":["GET"]}}],"collection":[{"href":"https:\/\/target-paper.com\/fr\/wp-json\/wp\/v2\/pages"}],"about":[{"href":"https:\/\/target-paper.com\/fr\/wp-json\/wp\/v2\/types\/page"}],"author":[{"embeddable":true,"href":"https:\/\/target-paper.com\/fr\/wp-json\/wp\/v2\/users\/3"}],"replies":[{"embeddable":true,"href":"https:\/\/target-paper.com\/fr\/wp-json\/wp\/v2\/comments?post=2907"}],"version-history":[{"count":0,"href":"https:\/\/target-paper.com\/fr\/wp-json\/wp\/v2\/pages\/2907\/revisions"}],"up":[{"embeddable":true,"href":"https:\/\/target-paper.com\/fr\/wp-json\/wp\/v2\/pages\/2902"}],"wp:featuredmedia":[{"embeddable":true,"href":"https:\/\/target-paper.com\/fr\/wp-json\/wp\/v2\/media\/2336"}],"wp:attachment":[{"href":"https:\/\/target-paper.com\/fr\/wp-json\/wp\/v2\/media?parent=2907"}],"curies":[{"name":"wp","href":"https:\/\/api.w.org\/{rel}","templated":true}]}}