{"id":2961,"date":"2021-01-28T20:24:11","date_gmt":"2021-01-28T20:24:11","guid":{"rendered":"http:\/\/target-paper.com\/where-to-buy\/distributors\/"},"modified":"2021-05-11T09:25:41","modified_gmt":"2021-05-11T08:25:41","slug":"distributori","status":"publish","type":"page","link":"https:\/\/target-paper.com\/it\/dove-acquistare\/distributori\/","title":{"rendered":"Distributori"},"content":{"rendered":"<h1>Distributori<\/h1>\n<h5><b data-stringify-type=\"bold\">La carta Target \u00e8 venduta in oltre 60 paesi di tutto il mondo!<\/b><\/h5>\n<p>Seleziona una localit\u00e0 e trova il distributore pi\u00f9 vicino.<\/p>\n","protected":false},"excerpt":{"rendered":"<p>Distributori La carta Target \u00e8 venduta in oltre 60 paesi di tutto il mondo! Seleziona una localit\u00e0 e trova il distributore pi\u00f9 vicino.<\/p>\n","protected":false},"author":3,"featured_media":0,"parent":2956,"menu_order":0,"comment_status":"closed","ping_status":"closed","template":"","meta":{"inline_featured_image":false,"footnotes":""},"class_list":["post-2961","page","type-page","status-publish","hentry"],"yoast_head":"<!-- This site is optimized with the Yoast SEO plugin v26.8 - https:\/\/yoast.com\/product\/yoast-seo-wordpress\/ -->\n<title>Distributori - Target Paper<\/title>\n<meta name=\"description\" content=\"La nuova carta d\u2019ufficio Target \u00e8 venduta in oltre 60 paesi di tutto il mondo. Seleziona una localit\u00e0 e trova i distributori pi\u00f9 vicini.\" \/>\n<meta name=\"robots\" content=\"index, follow, max-snippet:-1, max-image-preview:large, max-video-preview:-1\" \/>\n<link rel=\"canonical\" href=\"https:\/\/target-paper.com\/it\/dove-acquistare\/distributori\/\" \/>\n<meta property=\"og:locale\" content=\"it_IT\" \/>\n<meta property=\"og:type\" content=\"article\" \/>\n<meta property=\"og:title\" content=\"Distributori - Target Paper\" \/>\n<meta property=\"og:description\" content=\"La nuova carta d\u2019ufficio Target \u00e8 venduta in oltre 60 paesi di tutto il mondo. Seleziona una localit\u00e0 e trova i distributori pi\u00f9 vicini.\" \/>\n<meta property=\"og:url\" content=\"https:\/\/target-paper.com\/it\/dove-acquistare\/distributori\/\" \/>\n<meta property=\"og:site_name\" content=\"Target Paper\" \/>\n<meta property=\"article:modified_time\" content=\"2021-05-11T08:25:41+00:00\" \/>\n<meta name=\"twitter:card\" content=\"summary_large_image\" \/>\n<meta name=\"twitter:label1\" content=\"Est. reading time\" \/>\n\t<meta name=\"twitter:data1\" content=\"1 minute\" \/>\n<script type=\"application\/ld+json\" class=\"yoast-schema-graph\">{\"@context\":\"https:\/\/schema.org\",\"@graph\":[{\"@type\":\"WebPage\",\"@id\":\"https:\/\/target-paper.com\/it\/dove-acquistare\/distributori\/\",\"url\":\"https:\/\/target-paper.com\/it\/dove-acquistare\/distributori\/\",\"name\":\"Distributori - Target Paper\",\"isPartOf\":{\"@id\":\"https:\/\/target-paper.com\/#website\"},\"datePublished\":\"2021-01-28T20:24:11+00:00\",\"dateModified\":\"2021-05-11T08:25:41+00:00\",\"description\":\"La nuova carta d\u2019ufficio Target \u00e8 venduta in oltre 60 paesi di tutto il mondo. Seleziona una localit\u00e0 e trova i distributori pi\u00f9 vicini.\",\"breadcrumb\":{\"@id\":\"https:\/\/target-paper.com\/it\/dove-acquistare\/distributori\/#breadcrumb\"},\"inLanguage\":\"it-IT\",\"potentialAction\":[{\"@type\":\"ReadAction\",\"target\":[\"https:\/\/target-paper.com\/it\/dove-acquistare\/distributori\/\"]}]},{\"@type\":\"BreadcrumbList\",\"@id\":\"https:\/\/target-paper.com\/it\/dove-acquistare\/distributori\/#breadcrumb\",\"itemListElement\":[{\"@type\":\"ListItem\",\"position\":1,\"name\":\"Home\",\"item\":\"https:\/\/target-paper.com\/it\/\"},{\"@type\":\"ListItem\",\"position\":2,\"name\":\"Dove acquistare\",\"item\":\"https:\/\/target-paper.com\/it\/where-to-buy\/\"},{\"@type\":\"ListItem\",\"position\":3,\"name\":\"Distributori\"}]},{\"@type\":\"WebSite\",\"@id\":\"https:\/\/target-paper.com\/#website\",\"url\":\"https:\/\/target-paper.com\/\",\"name\":\"Target Paper\",\"description\":\"High-quality paper. Sharp results.\",\"potentialAction\":[{\"@type\":\"SearchAction\",\"target\":{\"@type\":\"EntryPoint\",\"urlTemplate\":\"https:\/\/target-paper.com\/?s={search_term_string}\"},\"query-input\":{\"@type\":\"PropertyValueSpecification\",\"valueRequired\":true,\"valueName\":\"search_term_string\"}}],\"inLanguage\":\"it-IT\"}]}<\/script>\n<!-- \/ Yoast SEO plugin. -->","yoast_head_json":{"title":"Distributori - Target Paper","description":"La nuova carta d\u2019ufficio Target \u00e8 venduta in oltre 60 paesi di tutto il mondo. Seleziona una localit\u00e0 e trova i distributori pi\u00f9 vicini.","robots":{"index":"index","follow":"follow","max-snippet":"max-snippet:-1","max-image-preview":"max-image-preview:large","max-video-preview":"max-video-preview:-1"},"canonical":"https:\/\/target-paper.com\/it\/dove-acquistare\/distributori\/","og_locale":"it_IT","og_type":"article","og_title":"Distributori - Target Paper","og_description":"La nuova carta d\u2019ufficio Target \u00e8 venduta in oltre 60 paesi di tutto il mondo. Seleziona una localit\u00e0 e trova i distributori pi\u00f9 vicini.","og_url":"https:\/\/target-paper.com\/it\/dove-acquistare\/distributori\/","og_site_name":"Target Paper","article_modified_time":"2021-05-11T08:25:41+00:00","twitter_card":"summary_large_image","twitter_misc":{"Est. reading time":"1 minute"},"schema":{"@context":"https:\/\/schema.org","@graph":[{"@type":"WebPage","@id":"https:\/\/target-paper.com\/it\/dove-acquistare\/distributori\/","url":"https:\/\/target-paper.com\/it\/dove-acquistare\/distributori\/","name":"Distributori - Target Paper","isPartOf":{"@id":"https:\/\/target-paper.com\/#website"},"datePublished":"2021-01-28T20:24:11+00:00","dateModified":"2021-05-11T08:25:41+00:00","description":"La nuova carta d\u2019ufficio Target \u00e8 venduta in oltre 60 paesi di tutto il mondo. Seleziona una localit\u00e0 e trova i distributori pi\u00f9 vicini.","breadcrumb":{"@id":"https:\/\/target-paper.com\/it\/dove-acquistare\/distributori\/#breadcrumb"},"inLanguage":"it-IT","potentialAction":[{"@type":"ReadAction","target":["https:\/\/target-paper.com\/it\/dove-acquistare\/distributori\/"]}]},{"@type":"BreadcrumbList","@id":"https:\/\/target-paper.com\/it\/dove-acquistare\/distributori\/#breadcrumb","itemListElement":[{"@type":"ListItem","position":1,"name":"Home","item":"https:\/\/target-paper.com\/it\/"},{"@type":"ListItem","position":2,"name":"Dove acquistare","item":"https:\/\/target-paper.com\/it\/where-to-buy\/"},{"@type":"ListItem","position":3,"name":"Distributori"}]},{"@type":"WebSite","@id":"https:\/\/target-paper.com\/#website","url":"https:\/\/target-paper.com\/","name":"Target Paper","description":"High-quality paper. Sharp results.","potentialAction":[{"@type":"SearchAction","target":{"@type":"EntryPoint","urlTemplate":"https:\/\/target-paper.com\/?s={search_term_string}"},"query-input":{"@type":"PropertyValueSpecification","valueRequired":true,"valueName":"search_term_string"}}],"inLanguage":"it-IT"}]}},"_links":{"self":[{"href":"https:\/\/target-paper.com\/it\/wp-json\/wp\/v2\/pages\/2961","targetHints":{"allow":["GET"]}}],"collection":[{"href":"https:\/\/target-paper.com\/it\/wp-json\/wp\/v2\/pages"}],"about":[{"href":"https:\/\/target-paper.com\/it\/wp-json\/wp\/v2\/types\/page"}],"author":[{"embeddable":true,"href":"https:\/\/target-paper.com\/it\/wp-json\/wp\/v2\/users\/3"}],"replies":[{"embeddable":true,"href":"https:\/\/target-paper.com\/it\/wp-json\/wp\/v2\/comments?post=2961"}],"version-history":[{"count":0,"href":"https:\/\/target-paper.com\/it\/wp-json\/wp\/v2\/pages\/2961\/revisions"}],"up":[{"embeddable":true,"href":"https:\/\/target-paper.com\/it\/wp-json\/wp\/v2\/pages\/2956"}],"wp:attachment":[{"href":"https:\/\/target-paper.com\/it\/wp-json\/wp\/v2\/media?parent=2961"}],"curies":[{"name":"wp","href":"https:\/\/api.w.org\/{rel}","templated":true}]}}