{"id":2809,"date":"2021-01-22T16:27:35","date_gmt":"2021-01-22T16:27:35","guid":{"rendered":"http:\/\/target-paper.com\/target-paper\/"},"modified":"2021-07-09T10:50:03","modified_gmt":"2021-07-09T09:50:03","slug":"target-paper","status":"publish","type":"page","link":"https:\/\/target-paper.com\/pt-pt\/","title":{"rendered":"Papel Target"},"content":{"rendered":"<h1 class=\"big\">Smart decisions.<br \/>\nSharp results.<\/h1>\n<h5>Leve o seu neg\u00f3cio mais longe, com a imagem do papel Target renovada.<\/h5>\n<p>Os produtos Target foram tecnologicamente otimizados para oferecer resultados de excel\u00eancia em qualquer trabalho de impress\u00e3o.<\/p>\n<p><a class=\"btn btn--outline\" href=\"https:\/\/target-paper.com\/pt-pt\/sobre\/desempenho-e-resultados\/\">Saber mais<\/a> <a class=\"btn\" href=\"https:\/\/target-paper.com\/pt-pt\/onde-comprar\/distribuidores\/\">Onde comprar<\/a><\/p>\n","protected":false},"excerpt":{"rendered":"<p>Smart decisions. Sharp results. Leve o seu neg\u00f3cio mais longe, com a imagem do papel Target renovada. Os produtos Target foram tecnologicamente otimizados para oferecer resultados de excel\u00eancia em qualquer trabalho de impress\u00e3o. Saber mais Onde comprar<\/p>\n","protected":false},"author":3,"featured_media":2679,"parent":0,"menu_order":0,"comment_status":"closed","ping_status":"closed","template":"","meta":{"inline_featured_image":false,"footnotes":""},"class_list":["post-2809","page","type-page","status-publish","has-post-thumbnail","hentry"],"yoast_head":"<!-- This site is optimized with the Yoast SEO plugin v26.8 - https:\/\/yoast.com\/product\/yoast-seo-wordpress\/ -->\n<title>Papel Target - Papel de elevada qualidade. Sharp results.<\/title>\n<meta name=\"description\" content=\"O novo papel de escrit\u00f3rio Target oferece uma gama completa de solu\u00e7\u00f5es de elevada qualidade para as necessidades do dia-a-dia e aplica\u00e7\u00f5es exigentes.\" \/>\n<meta name=\"robots\" content=\"index, follow, max-snippet:-1, max-image-preview:large, max-video-preview:-1\" \/>\n<link rel=\"canonical\" href=\"https:\/\/target-paper.com\/pt-pt\/\" \/>\n<meta property=\"og:locale\" content=\"pt_PT\" \/>\n<meta property=\"og:type\" content=\"article\" \/>\n<meta property=\"og:title\" content=\"Papel Target - Papel de elevada qualidade. Sharp results.\" \/>\n<meta property=\"og:description\" content=\"O novo papel de escrit\u00f3rio Target oferece uma gama completa de solu\u00e7\u00f5es de elevada qualidade para as necessidades do dia-a-dia e aplica\u00e7\u00f5es exigentes.\" \/>\n<meta property=\"og:url\" content=\"https:\/\/target-paper.com\/pt-pt\/\" \/>\n<meta property=\"og:site_name\" content=\"Target Paper\" \/>\n<meta property=\"article:modified_time\" content=\"2021-07-09T09:50:03+00:00\" \/>\n<meta property=\"og:image\" content=\"https:\/\/target-paper.com\/wp-content\/uploads\/2021\/03\/TNC-Target-Website-Images-Home-Hero.jpg\" \/>\n\t<meta property=\"og:image:width\" content=\"1920\" \/>\n\t<meta property=\"og:image:height\" content=\"920\" \/>\n\t<meta property=\"og:image:type\" content=\"image\/jpeg\" \/>\n<meta name=\"twitter:card\" content=\"summary_large_image\" \/>\n<meta name=\"twitter:label1\" content=\"Est. reading time\" \/>\n\t<meta name=\"twitter:data1\" content=\"1 minute\" \/>\n<script type=\"application\/ld+json\" class=\"yoast-schema-graph\">{\"@context\":\"https:\/\/schema.org\",\"@graph\":[{\"@type\":\"WebPage\",\"@id\":\"https:\/\/target-paper.com\/pt-pt\/\",\"url\":\"https:\/\/target-paper.com\/pt-pt\/\",\"name\":\"Papel Target - Papel de elevada qualidade. Sharp results.\",\"isPartOf\":{\"@id\":\"https:\/\/target-paper.com\/#website\"},\"primaryImageOfPage\":{\"@id\":\"https:\/\/target-paper.com\/pt-pt\/#primaryimage\"},\"image\":{\"@id\":\"https:\/\/target-paper.com\/pt-pt\/#primaryimage\"},\"thumbnailUrl\":\"https:\/\/target-paper.com\/wp-content\/uploads\/2021\/03\/TNC-Target-Website-Images-Home-Hero.jpg\",\"datePublished\":\"2021-01-22T16:27:35+00:00\",\"dateModified\":\"2021-07-09T09:50:03+00:00\",\"description\":\"O novo papel de escrit\u00f3rio Target oferece uma gama completa de solu\u00e7\u00f5es de elevada qualidade para as necessidades do dia-a-dia e aplica\u00e7\u00f5es exigentes.\",\"breadcrumb\":{\"@id\":\"https:\/\/target-paper.com\/pt-pt\/#breadcrumb\"},\"inLanguage\":\"pt-PT\",\"potentialAction\":[{\"@type\":\"ReadAction\",\"target\":[\"https:\/\/target-paper.com\/pt-pt\/\"]}]},{\"@type\":\"ImageObject\",\"inLanguage\":\"pt-PT\",\"@id\":\"https:\/\/target-paper.com\/pt-pt\/#primaryimage\",\"url\":\"https:\/\/target-paper.com\/wp-content\/uploads\/2021\/03\/TNC-Target-Website-Images-Home-Hero.jpg\",\"contentUrl\":\"https:\/\/target-paper.com\/wp-content\/uploads\/2021\/03\/TNC-Target-Website-Images-Home-Hero.jpg\",\"width\":1920,\"height\":920},{\"@type\":\"BreadcrumbList\",\"@id\":\"https:\/\/target-paper.com\/pt-pt\/#breadcrumb\",\"itemListElement\":[{\"@type\":\"ListItem\",\"position\":1,\"name\":\"Home\",\"item\":\"https:\/\/target-paper.com\/pt-pt\/\"},{\"@type\":\"ListItem\",\"position\":2,\"name\":\"Papel Target\"}]},{\"@type\":\"WebSite\",\"@id\":\"https:\/\/target-paper.com\/#website\",\"url\":\"https:\/\/target-paper.com\/\",\"name\":\"Target Paper\",\"description\":\"High-quality paper. Sharp results.\",\"potentialAction\":[{\"@type\":\"SearchAction\",\"target\":{\"@type\":\"EntryPoint\",\"urlTemplate\":\"https:\/\/target-paper.com\/?s={search_term_string}\"},\"query-input\":{\"@type\":\"PropertyValueSpecification\",\"valueRequired\":true,\"valueName\":\"search_term_string\"}}],\"inLanguage\":\"pt-PT\"}]}<\/script>\n<!-- \/ Yoast SEO plugin. -->","yoast_head_json":{"title":"Papel Target - Papel de elevada qualidade. Sharp results.","description":"O novo papel de escrit\u00f3rio Target oferece uma gama completa de solu\u00e7\u00f5es de elevada qualidade para as necessidades do dia-a-dia e aplica\u00e7\u00f5es exigentes.","robots":{"index":"index","follow":"follow","max-snippet":"max-snippet:-1","max-image-preview":"max-image-preview:large","max-video-preview":"max-video-preview:-1"},"canonical":"https:\/\/target-paper.com\/pt-pt\/","og_locale":"pt_PT","og_type":"article","og_title":"Papel Target - Papel de elevada qualidade. Sharp results.","og_description":"O novo papel de escrit\u00f3rio Target oferece uma gama completa de solu\u00e7\u00f5es de elevada qualidade para as necessidades do dia-a-dia e aplica\u00e7\u00f5es exigentes.","og_url":"https:\/\/target-paper.com\/pt-pt\/","og_site_name":"Target Paper","article_modified_time":"2021-07-09T09:50:03+00:00","og_image":[{"width":1920,"height":920,"url":"https:\/\/target-paper.com\/wp-content\/uploads\/2021\/03\/TNC-Target-Website-Images-Home-Hero.jpg","type":"image\/jpeg"}],"twitter_card":"summary_large_image","twitter_misc":{"Est. reading time":"1 minute"},"schema":{"@context":"https:\/\/schema.org","@graph":[{"@type":"WebPage","@id":"https:\/\/target-paper.com\/pt-pt\/","url":"https:\/\/target-paper.com\/pt-pt\/","name":"Papel Target - Papel de elevada qualidade. Sharp results.","isPartOf":{"@id":"https:\/\/target-paper.com\/#website"},"primaryImageOfPage":{"@id":"https:\/\/target-paper.com\/pt-pt\/#primaryimage"},"image":{"@id":"https:\/\/target-paper.com\/pt-pt\/#primaryimage"},"thumbnailUrl":"https:\/\/target-paper.com\/wp-content\/uploads\/2021\/03\/TNC-Target-Website-Images-Home-Hero.jpg","datePublished":"2021-01-22T16:27:35+00:00","dateModified":"2021-07-09T09:50:03+00:00","description":"O novo papel de escrit\u00f3rio Target oferece uma gama completa de solu\u00e7\u00f5es de elevada qualidade para as necessidades do dia-a-dia e aplica\u00e7\u00f5es exigentes.","breadcrumb":{"@id":"https:\/\/target-paper.com\/pt-pt\/#breadcrumb"},"inLanguage":"pt-PT","potentialAction":[{"@type":"ReadAction","target":["https:\/\/target-paper.com\/pt-pt\/"]}]},{"@type":"ImageObject","inLanguage":"pt-PT","@id":"https:\/\/target-paper.com\/pt-pt\/#primaryimage","url":"https:\/\/target-paper.com\/wp-content\/uploads\/2021\/03\/TNC-Target-Website-Images-Home-Hero.jpg","contentUrl":"https:\/\/target-paper.com\/wp-content\/uploads\/2021\/03\/TNC-Target-Website-Images-Home-Hero.jpg","width":1920,"height":920},{"@type":"BreadcrumbList","@id":"https:\/\/target-paper.com\/pt-pt\/#breadcrumb","itemListElement":[{"@type":"ListItem","position":1,"name":"Home","item":"https:\/\/target-paper.com\/pt-pt\/"},{"@type":"ListItem","position":2,"name":"Papel Target"}]},{"@type":"WebSite","@id":"https:\/\/target-paper.com\/#website","url":"https:\/\/target-paper.com\/","name":"Target Paper","description":"High-quality paper. Sharp results.","potentialAction":[{"@type":"SearchAction","target":{"@type":"EntryPoint","urlTemplate":"https:\/\/target-paper.com\/?s={search_term_string}"},"query-input":{"@type":"PropertyValueSpecification","valueRequired":true,"valueName":"search_term_string"}}],"inLanguage":"pt-PT"}]}},"_links":{"self":[{"href":"https:\/\/target-paper.com\/pt-pt\/wp-json\/wp\/v2\/pages\/2809","targetHints":{"allow":["GET"]}}],"collection":[{"href":"https:\/\/target-paper.com\/pt-pt\/wp-json\/wp\/v2\/pages"}],"about":[{"href":"https:\/\/target-paper.com\/pt-pt\/wp-json\/wp\/v2\/types\/page"}],"author":[{"embeddable":true,"href":"https:\/\/target-paper.com\/pt-pt\/wp-json\/wp\/v2\/users\/3"}],"replies":[{"embeddable":true,"href":"https:\/\/target-paper.com\/pt-pt\/wp-json\/wp\/v2\/comments?post=2809"}],"version-history":[{"count":0,"href":"https:\/\/target-paper.com\/pt-pt\/wp-json\/wp\/v2\/pages\/2809\/revisions"}],"wp:featuredmedia":[{"embeddable":true,"href":"https:\/\/target-paper.com\/pt-pt\/wp-json\/wp\/v2\/media\/2679"}],"wp:attachment":[{"href":"https:\/\/target-paper.com\/pt-pt\/wp-json\/wp\/v2\/media?parent=2809"}],"curies":[{"name":"wp","href":"https:\/\/api.w.org\/{rel}","templated":true}]}}