{"id":2824,"date":"2021-01-25T14:40:01","date_gmt":"2021-01-25T14:40:01","guid":{"rendered":"http:\/\/target-paper.com\/about\/performance-and-results\/"},"modified":"2023-04-04T15:50:16","modified_gmt":"2023-04-04T14:50:16","slug":"desempenho-e-resultados","status":"publish","type":"page","link":"https:\/\/target-paper.com\/pt-pt\/sobre\/desempenho-e-resultados\/","title":{"rendered":"Desempenho e resultados"},"content":{"rendered":"<h1>Desempenho e resultados.<\/h1>\n<h5>O que \u00e9 que todos os produtos Target t\u00eam em comum?<\/h5>\n<p>Quaisquer que sejam as necessidades da sua empresa, obter\u00e1 sempre um desempenho de elevada qualidade e \u00f3timos resultados de impress\u00e3o. \u00c9 uma carteira completa e multifuncional com in\u00fameras vantagens.<\/p>\n","protected":false},"excerpt":{"rendered":"<p>Desempenho e resultados. O que \u00e9 que todos os produtos Target t\u00eam em comum? Quaisquer que sejam as necessidades da sua empresa, obter\u00e1 sempre um desempenho de elevada qualidade e \u00f3timos resultados de impress\u00e3o. \u00c9 uma carteira completa e multifuncional com in\u00fameras vantagens.<\/p>\n","protected":false},"author":3,"featured_media":0,"parent":2814,"menu_order":0,"comment_status":"closed","ping_status":"closed","template":"","meta":{"inline_featured_image":false,"footnotes":""},"class_list":["post-2824","page","type-page","status-publish","hentry"],"yoast_head":"<!-- This site is optimized with the Yoast SEO plugin v26.8 - https:\/\/yoast.com\/product\/yoast-seo-wordpress\/ -->\n<title>Desempenho e resultados - Target Paper<\/title>\n<meta name=\"description\" content=\"Obtenha sempre um desempenho de elevada qualidade e \u00f3timos resultados de impress\u00e3o com uma carteira completa e multifuncional.\" \/>\n<meta name=\"robots\" content=\"index, follow, max-snippet:-1, max-image-preview:large, max-video-preview:-1\" \/>\n<link rel=\"canonical\" href=\"https:\/\/target-paper.com\/pt-pt\/sobre\/desempenho-e-resultados\/\" \/>\n<meta property=\"og:locale\" content=\"pt_PT\" \/>\n<meta property=\"og:type\" content=\"article\" \/>\n<meta property=\"og:title\" content=\"Desempenho e resultados - Target Paper\" \/>\n<meta property=\"og:description\" content=\"Obtenha sempre um desempenho de elevada qualidade e \u00f3timos resultados de impress\u00e3o com uma carteira completa e multifuncional.\" \/>\n<meta property=\"og:url\" content=\"https:\/\/target-paper.com\/pt-pt\/sobre\/desempenho-e-resultados\/\" \/>\n<meta property=\"og:site_name\" content=\"Target Paper\" \/>\n<meta property=\"article:modified_time\" content=\"2023-04-04T14:50:16+00:00\" \/>\n<meta name=\"twitter:card\" content=\"summary_large_image\" \/>\n<meta name=\"twitter:label1\" content=\"Est. reading time\" \/>\n\t<meta name=\"twitter:data1\" content=\"1 minute\" \/>\n<script type=\"application\/ld+json\" class=\"yoast-schema-graph\">{\"@context\":\"https:\/\/schema.org\",\"@graph\":[{\"@type\":\"WebPage\",\"@id\":\"https:\/\/target-paper.com\/pt-pt\/sobre\/desempenho-e-resultados\/\",\"url\":\"https:\/\/target-paper.com\/pt-pt\/sobre\/desempenho-e-resultados\/\",\"name\":\"Desempenho e resultados - Target Paper\",\"isPartOf\":{\"@id\":\"https:\/\/target-paper.com\/#website\"},\"datePublished\":\"2021-01-25T14:40:01+00:00\",\"dateModified\":\"2023-04-04T14:50:16+00:00\",\"description\":\"Obtenha sempre um desempenho de elevada qualidade e \u00f3timos resultados de impress\u00e3o com uma carteira completa e multifuncional.\",\"breadcrumb\":{\"@id\":\"https:\/\/target-paper.com\/pt-pt\/sobre\/desempenho-e-resultados\/#breadcrumb\"},\"inLanguage\":\"pt-PT\",\"potentialAction\":[{\"@type\":\"ReadAction\",\"target\":[\"https:\/\/target-paper.com\/pt-pt\/sobre\/desempenho-e-resultados\/\"]}]},{\"@type\":\"BreadcrumbList\",\"@id\":\"https:\/\/target-paper.com\/pt-pt\/sobre\/desempenho-e-resultados\/#breadcrumb\",\"itemListElement\":[{\"@type\":\"ListItem\",\"position\":1,\"name\":\"Home\",\"item\":\"https:\/\/target-paper.com\/pt-pt\/\"},{\"@type\":\"ListItem\",\"position\":2,\"name\":\"Sobre\",\"item\":\"https:\/\/target-paper.com\/pt-pt\/about\/\"},{\"@type\":\"ListItem\",\"position\":3,\"name\":\"Desempenho e resultados\"}]},{\"@type\":\"WebSite\",\"@id\":\"https:\/\/target-paper.com\/#website\",\"url\":\"https:\/\/target-paper.com\/\",\"name\":\"Target Paper\",\"description\":\"High-quality paper. Sharp results.\",\"potentialAction\":[{\"@type\":\"SearchAction\",\"target\":{\"@type\":\"EntryPoint\",\"urlTemplate\":\"https:\/\/target-paper.com\/?s={search_term_string}\"},\"query-input\":{\"@type\":\"PropertyValueSpecification\",\"valueRequired\":true,\"valueName\":\"search_term_string\"}}],\"inLanguage\":\"pt-PT\"}]}<\/script>\n<!-- \/ Yoast SEO plugin. -->","yoast_head_json":{"title":"Desempenho e resultados - Target Paper","description":"Obtenha sempre um desempenho de elevada qualidade e \u00f3timos resultados de impress\u00e3o com uma carteira completa e multifuncional.","robots":{"index":"index","follow":"follow","max-snippet":"max-snippet:-1","max-image-preview":"max-image-preview:large","max-video-preview":"max-video-preview:-1"},"canonical":"https:\/\/target-paper.com\/pt-pt\/sobre\/desempenho-e-resultados\/","og_locale":"pt_PT","og_type":"article","og_title":"Desempenho e resultados - Target Paper","og_description":"Obtenha sempre um desempenho de elevada qualidade e \u00f3timos resultados de impress\u00e3o com uma carteira completa e multifuncional.","og_url":"https:\/\/target-paper.com\/pt-pt\/sobre\/desempenho-e-resultados\/","og_site_name":"Target Paper","article_modified_time":"2023-04-04T14:50:16+00:00","twitter_card":"summary_large_image","twitter_misc":{"Est. reading time":"1 minute"},"schema":{"@context":"https:\/\/schema.org","@graph":[{"@type":"WebPage","@id":"https:\/\/target-paper.com\/pt-pt\/sobre\/desempenho-e-resultados\/","url":"https:\/\/target-paper.com\/pt-pt\/sobre\/desempenho-e-resultados\/","name":"Desempenho e resultados - Target Paper","isPartOf":{"@id":"https:\/\/target-paper.com\/#website"},"datePublished":"2021-01-25T14:40:01+00:00","dateModified":"2023-04-04T14:50:16+00:00","description":"Obtenha sempre um desempenho de elevada qualidade e \u00f3timos resultados de impress\u00e3o com uma carteira completa e multifuncional.","breadcrumb":{"@id":"https:\/\/target-paper.com\/pt-pt\/sobre\/desempenho-e-resultados\/#breadcrumb"},"inLanguage":"pt-PT","potentialAction":[{"@type":"ReadAction","target":["https:\/\/target-paper.com\/pt-pt\/sobre\/desempenho-e-resultados\/"]}]},{"@type":"BreadcrumbList","@id":"https:\/\/target-paper.com\/pt-pt\/sobre\/desempenho-e-resultados\/#breadcrumb","itemListElement":[{"@type":"ListItem","position":1,"name":"Home","item":"https:\/\/target-paper.com\/pt-pt\/"},{"@type":"ListItem","position":2,"name":"Sobre","item":"https:\/\/target-paper.com\/pt-pt\/about\/"},{"@type":"ListItem","position":3,"name":"Desempenho e resultados"}]},{"@type":"WebSite","@id":"https:\/\/target-paper.com\/#website","url":"https:\/\/target-paper.com\/","name":"Target Paper","description":"High-quality paper. Sharp results.","potentialAction":[{"@type":"SearchAction","target":{"@type":"EntryPoint","urlTemplate":"https:\/\/target-paper.com\/?s={search_term_string}"},"query-input":{"@type":"PropertyValueSpecification","valueRequired":true,"valueName":"search_term_string"}}],"inLanguage":"pt-PT"}]}},"_links":{"self":[{"href":"https:\/\/target-paper.com\/pt-pt\/wp-json\/wp\/v2\/pages\/2824","targetHints":{"allow":["GET"]}}],"collection":[{"href":"https:\/\/target-paper.com\/pt-pt\/wp-json\/wp\/v2\/pages"}],"about":[{"href":"https:\/\/target-paper.com\/pt-pt\/wp-json\/wp\/v2\/types\/page"}],"author":[{"embeddable":true,"href":"https:\/\/target-paper.com\/pt-pt\/wp-json\/wp\/v2\/users\/3"}],"replies":[{"embeddable":true,"href":"https:\/\/target-paper.com\/pt-pt\/wp-json\/wp\/v2\/comments?post=2824"}],"version-history":[{"count":0,"href":"https:\/\/target-paper.com\/pt-pt\/wp-json\/wp\/v2\/pages\/2824\/revisions"}],"up":[{"embeddable":true,"href":"https:\/\/target-paper.com\/pt-pt\/wp-json\/wp\/v2\/pages\/2814"}],"wp:attachment":[{"href":"https:\/\/target-paper.com\/pt-pt\/wp-json\/wp\/v2\/media?parent=2824"}],"curies":[{"name":"wp","href":"https:\/\/api.w.org\/{rel}","templated":true}]}}