{"id":2829,"date":"2021-01-25T14:39:40","date_gmt":"2021-01-25T14:39:40","guid":{"rendered":"http:\/\/target-paper.com\/about\/production-and-certifications\/"},"modified":"2022-01-13T12:45:26","modified_gmt":"2022-01-13T12:45:26","slug":"producao-e-certificacoes","status":"publish","type":"page","link":"https:\/\/target-paper.com\/pt-pt\/sobre\/producao-e-certificacoes\/","title":{"rendered":"Produ\u00e7\u00e3o e certifica\u00e7\u00f5es"},"content":{"rendered":"<h1>Produ\u00e7\u00e3o e certifica\u00e7\u00f5es.<\/h1>\n<h5>A Target situa-se na intersec\u00e7\u00e3o entre inova\u00e7\u00e3o e sustentabilidade.<\/h5>\n<p>Tudo converge para oferecer os melhores resultados de impress\u00e3o, desde os m\u00e9todos de produ\u00e7\u00e3o otimizados \u00e0 utiliza\u00e7\u00e3o de tecnologia moderna e mat\u00e9rias-primas \u00fanicas. As v\u00e1rias certifica\u00e7\u00f5es atestam um forte compromisso com a qualidade, apoiado por um forte sentido de responsabilidade ambiental.<\/p>\n","protected":false},"excerpt":{"rendered":"<p>Produ\u00e7\u00e3o e certifica\u00e7\u00f5es. A Target situa-se na intersec\u00e7\u00e3o entre inova\u00e7\u00e3o e sustentabilidade. Tudo converge para oferecer os melhores resultados de impress\u00e3o, desde os m\u00e9todos de produ\u00e7\u00e3o otimizados \u00e0 utiliza\u00e7\u00e3o de tecnologia moderna e mat\u00e9rias-primas \u00fanicas. As v\u00e1rias certifica\u00e7\u00f5es atestam um forte compromisso com a qualidade, apoiado por um forte sentido de responsabilidade ambiental.<\/p>\n","protected":false},"author":3,"featured_media":0,"parent":2814,"menu_order":0,"comment_status":"closed","ping_status":"closed","template":"","meta":{"inline_featured_image":false,"footnotes":""},"class_list":["post-2829","page","type-page","status-publish","hentry"],"yoast_head":"<!-- This site is optimized with the Yoast SEO plugin v26.8 - https:\/\/yoast.com\/product\/yoast-seo-wordpress\/ -->\n<title>Produ\u00e7\u00e3o e certifica\u00e7\u00f5es - Target Paper<\/title>\n<meta name=\"description\" content=\"As v\u00e1rias certifica\u00e7\u00f5es do papel Target atestam um forte compromisso com a qualidade e a responsabilidade ambiental.\" \/>\n<meta name=\"robots\" content=\"index, follow, max-snippet:-1, max-image-preview:large, max-video-preview:-1\" \/>\n<link rel=\"canonical\" href=\"https:\/\/target-paper.com\/pt-pt\/sobre\/producao-e-certificacoes\/\" \/>\n<meta property=\"og:locale\" content=\"pt_PT\" \/>\n<meta property=\"og:type\" content=\"article\" \/>\n<meta property=\"og:title\" content=\"Produ\u00e7\u00e3o e certifica\u00e7\u00f5es - Target Paper\" \/>\n<meta property=\"og:description\" content=\"As v\u00e1rias certifica\u00e7\u00f5es do papel Target atestam um forte compromisso com a qualidade e a responsabilidade ambiental.\" \/>\n<meta property=\"og:url\" content=\"https:\/\/target-paper.com\/pt-pt\/sobre\/producao-e-certificacoes\/\" \/>\n<meta property=\"og:site_name\" content=\"Target Paper\" \/>\n<meta property=\"article:modified_time\" content=\"2022-01-13T12:45:26+00:00\" \/>\n<meta name=\"twitter:card\" content=\"summary_large_image\" \/>\n<meta name=\"twitter:label1\" content=\"Est. reading time\" \/>\n\t<meta name=\"twitter:data1\" content=\"1 minute\" \/>\n<script type=\"application\/ld+json\" class=\"yoast-schema-graph\">{\"@context\":\"https:\/\/schema.org\",\"@graph\":[{\"@type\":\"WebPage\",\"@id\":\"https:\/\/target-paper.com\/pt-pt\/sobre\/producao-e-certificacoes\/\",\"url\":\"https:\/\/target-paper.com\/pt-pt\/sobre\/producao-e-certificacoes\/\",\"name\":\"Produ\u00e7\u00e3o e certifica\u00e7\u00f5es - Target Paper\",\"isPartOf\":{\"@id\":\"https:\/\/target-paper.com\/#website\"},\"datePublished\":\"2021-01-25T14:39:40+00:00\",\"dateModified\":\"2022-01-13T12:45:26+00:00\",\"description\":\"As v\u00e1rias certifica\u00e7\u00f5es do papel Target atestam um forte compromisso com a qualidade e a responsabilidade ambiental.\",\"breadcrumb\":{\"@id\":\"https:\/\/target-paper.com\/pt-pt\/sobre\/producao-e-certificacoes\/#breadcrumb\"},\"inLanguage\":\"pt-PT\",\"potentialAction\":[{\"@type\":\"ReadAction\",\"target\":[\"https:\/\/target-paper.com\/pt-pt\/sobre\/producao-e-certificacoes\/\"]}]},{\"@type\":\"BreadcrumbList\",\"@id\":\"https:\/\/target-paper.com\/pt-pt\/sobre\/producao-e-certificacoes\/#breadcrumb\",\"itemListElement\":[{\"@type\":\"ListItem\",\"position\":1,\"name\":\"Home\",\"item\":\"https:\/\/target-paper.com\/pt-pt\/\"},{\"@type\":\"ListItem\",\"position\":2,\"name\":\"Sobre\",\"item\":\"https:\/\/target-paper.com\/pt-pt\/about\/\"},{\"@type\":\"ListItem\",\"position\":3,\"name\":\"Produ\u00e7\u00e3o e certifica\u00e7\u00f5es\"}]},{\"@type\":\"WebSite\",\"@id\":\"https:\/\/target-paper.com\/#website\",\"url\":\"https:\/\/target-paper.com\/\",\"name\":\"Target Paper\",\"description\":\"High-quality paper. Sharp results.\",\"potentialAction\":[{\"@type\":\"SearchAction\",\"target\":{\"@type\":\"EntryPoint\",\"urlTemplate\":\"https:\/\/target-paper.com\/?s={search_term_string}\"},\"query-input\":{\"@type\":\"PropertyValueSpecification\",\"valueRequired\":true,\"valueName\":\"search_term_string\"}}],\"inLanguage\":\"pt-PT\"}]}<\/script>\n<!-- \/ Yoast SEO plugin. -->","yoast_head_json":{"title":"Produ\u00e7\u00e3o e certifica\u00e7\u00f5es - Target Paper","description":"As v\u00e1rias certifica\u00e7\u00f5es do papel Target atestam um forte compromisso com a qualidade e a responsabilidade ambiental.","robots":{"index":"index","follow":"follow","max-snippet":"max-snippet:-1","max-image-preview":"max-image-preview:large","max-video-preview":"max-video-preview:-1"},"canonical":"https:\/\/target-paper.com\/pt-pt\/sobre\/producao-e-certificacoes\/","og_locale":"pt_PT","og_type":"article","og_title":"Produ\u00e7\u00e3o e certifica\u00e7\u00f5es - Target Paper","og_description":"As v\u00e1rias certifica\u00e7\u00f5es do papel Target atestam um forte compromisso com a qualidade e a responsabilidade ambiental.","og_url":"https:\/\/target-paper.com\/pt-pt\/sobre\/producao-e-certificacoes\/","og_site_name":"Target Paper","article_modified_time":"2022-01-13T12:45:26+00:00","twitter_card":"summary_large_image","twitter_misc":{"Est. reading time":"1 minute"},"schema":{"@context":"https:\/\/schema.org","@graph":[{"@type":"WebPage","@id":"https:\/\/target-paper.com\/pt-pt\/sobre\/producao-e-certificacoes\/","url":"https:\/\/target-paper.com\/pt-pt\/sobre\/producao-e-certificacoes\/","name":"Produ\u00e7\u00e3o e certifica\u00e7\u00f5es - Target Paper","isPartOf":{"@id":"https:\/\/target-paper.com\/#website"},"datePublished":"2021-01-25T14:39:40+00:00","dateModified":"2022-01-13T12:45:26+00:00","description":"As v\u00e1rias certifica\u00e7\u00f5es do papel Target atestam um forte compromisso com a qualidade e a responsabilidade ambiental.","breadcrumb":{"@id":"https:\/\/target-paper.com\/pt-pt\/sobre\/producao-e-certificacoes\/#breadcrumb"},"inLanguage":"pt-PT","potentialAction":[{"@type":"ReadAction","target":["https:\/\/target-paper.com\/pt-pt\/sobre\/producao-e-certificacoes\/"]}]},{"@type":"BreadcrumbList","@id":"https:\/\/target-paper.com\/pt-pt\/sobre\/producao-e-certificacoes\/#breadcrumb","itemListElement":[{"@type":"ListItem","position":1,"name":"Home","item":"https:\/\/target-paper.com\/pt-pt\/"},{"@type":"ListItem","position":2,"name":"Sobre","item":"https:\/\/target-paper.com\/pt-pt\/about\/"},{"@type":"ListItem","position":3,"name":"Produ\u00e7\u00e3o e certifica\u00e7\u00f5es"}]},{"@type":"WebSite","@id":"https:\/\/target-paper.com\/#website","url":"https:\/\/target-paper.com\/","name":"Target Paper","description":"High-quality paper. Sharp results.","potentialAction":[{"@type":"SearchAction","target":{"@type":"EntryPoint","urlTemplate":"https:\/\/target-paper.com\/?s={search_term_string}"},"query-input":{"@type":"PropertyValueSpecification","valueRequired":true,"valueName":"search_term_string"}}],"inLanguage":"pt-PT"}]}},"_links":{"self":[{"href":"https:\/\/target-paper.com\/pt-pt\/wp-json\/wp\/v2\/pages\/2829","targetHints":{"allow":["GET"]}}],"collection":[{"href":"https:\/\/target-paper.com\/pt-pt\/wp-json\/wp\/v2\/pages"}],"about":[{"href":"https:\/\/target-paper.com\/pt-pt\/wp-json\/wp\/v2\/types\/page"}],"author":[{"embeddable":true,"href":"https:\/\/target-paper.com\/pt-pt\/wp-json\/wp\/v2\/users\/3"}],"replies":[{"embeddable":true,"href":"https:\/\/target-paper.com\/pt-pt\/wp-json\/wp\/v2\/comments?post=2829"}],"version-history":[{"count":0,"href":"https:\/\/target-paper.com\/pt-pt\/wp-json\/wp\/v2\/pages\/2829\/revisions"}],"up":[{"embeddable":true,"href":"https:\/\/target-paper.com\/pt-pt\/wp-json\/wp\/v2\/pages\/2814"}],"wp:attachment":[{"href":"https:\/\/target-paper.com\/pt-pt\/wp-json\/wp\/v2\/media?parent=2829"}],"curies":[{"name":"wp","href":"https:\/\/api.w.org\/{rel}","templated":true}]}}