{"id":2834,"date":"2021-02-26T18:03:18","date_gmt":"2021-02-26T18:03:18","guid":{"rendered":"http:\/\/target-paper.com\/cookies-policy\/"},"modified":"2021-07-07T17:00:01","modified_gmt":"2021-07-07T16:00:01","slug":"politica-de-cookies","status":"publish","type":"page","link":"https:\/\/target-paper.com\/pt-pt\/politica-de-cookies\/","title":{"rendered":"Pol\u00edtica de Cookies"},"content":{"rendered":"<h5>O QUE S\u00c3O COOKIES?<\/h5>\n<p>Os &#8220;cookies&#8221; s\u00e3o pequenos ficheiros de texto armazenados no seu computador ou dispositivo m\u00f3vel atrav\u00e9s do navegador de Internet que recolhem informa\u00e7\u00e3o relacionada com as suas prefer\u00eancias, e n\u00e3o com os seus dados pessoais. A utiliza\u00e7\u00e3o de cookies permite ao website reconhecer o dispositivo da pr\u00f3xima vez que o utilizador o visitar.<\/p>\n<p>O termo &#8220;cookies&#8221; \u00e9 usado nesta pol\u00edtica para se referir a todos os ficheiros que recolhem informa\u00e7\u00e3o desta forma.<\/p>\n<p>Os cookies usados n\u00e3o recolhem informa\u00e7\u00e3o que possa identificar os utilizadores. Os cookies recolhem informa\u00e7\u00e3o gen\u00e9rica, tal como a forma como os utilizadores acedem ao website, ou a(s) zona(s) do pa\u00eds a partir das quais acederam ao website, etc.<\/p>\n<p>Os cookies apenas recolhem informa\u00e7\u00e3o relacionada com as suas prefer\u00eancias. De tempos a tempos, os utilizadores podem decidir ser notificados sobre a rece\u00e7\u00e3o de cookies a partir do seu navegador de Internet, ou bloquear o armazenamento de cookies no seu sistema.<\/p>\n<p>Ao recusar a aceita\u00e7\u00e3o de cookies num website, os utilizadores podem n\u00e3o conseguir aceder a determinadas \u00e1reas ou a receber informa\u00e7\u00e3o personalizada.<\/p>\n<h5>PARA QUE S\u00c3O USADOS OS COOKIES?<\/h5>\n<p>Os cookies ajudam a determinar a utilidade, interesse e n\u00famero de utiliza\u00e7\u00f5es dos websites em que s\u00e3o guardados, permitindo aos utilizadores navegar com maior rapidez e de forma mais eficiente e eliminando a necessidade de introduzir a mesma informa\u00e7\u00e3o repetidamente.<\/p>\n<h5>TIPOS DE COOKIES:<\/h5>\n<p><strong>Cookies persistentes: <\/strong>S\u00e3o armazenados, por um per\u00edodo de tempo vari\u00e1vel, no navegador de Internet e em dispositivos (PC, telem\u00f3vel, tablet) e s\u00e3o usados sempre que os utilizadores visitam o website. Geralmente, s\u00e3o usados para focar a navega\u00e7\u00e3o de acordo com os interesses do utilizador, permitindo-nos fornecer um servi\u00e7o mais personalizado.<\/p>\n<p><strong>Cookies de sess\u00e3o: <\/strong>S\u00e3o tempor\u00e1rios; apenas s\u00e3o armazenados na sua pasta de \u201dcookies\u201d do navegador at\u00e9 sair do website. A informa\u00e7\u00e3o que recolhem permite que sejam identificados problemas e leva a uma melhor experi\u00eancia de navega\u00e7\u00e3o.<\/p>\n<h5>COMO POSSO GERIR OS COOKIES?<\/h5>\n<p>Como j\u00e1 foi explicado, os cookies ajudam a tirar o m\u00e1ximo partido dos nossos websites.<\/p>\n<p>Todos os navegadores de Internet permitem que os utilizadores aceitem, recusem ou apaguem cookies, selecionando as defini\u00e7\u00f5es apropriadas no navegador de Internet.<\/p>\n<p>Mesmo depois de aceitar cookies, os utilizadores podem sempre desativar alguns ou todos os cookies. Siga as instru\u00e7\u00f5es abaixo para o fazer:<\/p>\n<ul>\n<li><a href=\"\/\/windows.microsoft.com\/en-us\/windows-vista\/Block-or-allow-cookies\" target=\"_blank\" rel=\"noopener\">Internet Explorer<\/a><\/li>\n<li><a href=\"\/\/windows.microsoft.com\/en-us\/windows-vista\/Block-or-allow-cookies\" target=\"_blank\" rel=\"noopener\">Mozilla Firefox <\/a><\/li>\n<li><a href=\"\/\/support.google.com\/chrome\/answer\/95647?hl=en&amp;topic=14666&amp;ctx=topic\" target=\"_blank\" rel=\"noopener\">Chrome<\/a><\/li>\n<li><a href=\"\/\/support.apple.com\/kb\/HT1677?viewlocale=en_US\" target=\"_blank\" rel=\"noopener\">Safari Web and iOS<\/a><\/li>\n<li>Para outros navegadores de Internet, procure no menu &#8220;Ajuda&#8221; ou contacte o fornecedor do navegador de Internet.<\/li>\n<\/ul>\n<p>NOTA: Algumas p\u00e1ginas podem n\u00e3o funcionar devidamente se desativar os cookies.<\/p>\n<h5>LIGA\u00c7\u00d5ES<\/h5>\n<p>Para mais informa\u00e7\u00e3o sobre cookies e a sua utiliza\u00e7\u00e3o, sugerimos que consulte a seguinte liga\u00e7\u00e3o:<\/p>\n<p><a href=\"http:\/\/www.allaboutcookies.org\" target=\"_blank\" rel=\"noopener\">www.allaboutcookies.org<\/a><\/p>\n","protected":false},"excerpt":{"rendered":"<p>O QUE S\u00c3O COOKIES? Os &#8220;cookies&#8221; s\u00e3o pequenos ficheiros de texto armazenados no seu computador ou dispositivo m\u00f3vel atrav\u00e9s do navegador de Internet que recolhem informa\u00e7\u00e3o relacionada com as suas prefer\u00eancias, e n\u00e3o com os seus dados pessoais. A utiliza\u00e7\u00e3o de cookies permite ao website reconhecer o dispositivo da pr\u00f3xima vez que o utilizador o [&hellip;]<\/p>\n","protected":false},"author":3,"featured_media":0,"parent":0,"menu_order":0,"comment_status":"closed","ping_status":"closed","template":"templates\/raw.php","meta":{"inline_featured_image":false,"footnotes":""},"class_list":["post-2834","page","type-page","status-publish","hentry"],"yoast_head":"<!-- This site is optimized with the Yoast SEO plugin v26.8 - https:\/\/yoast.com\/product\/yoast-seo-wordpress\/ -->\n<title>Pol\u00edtica de Cookies - Target Paper<\/title>\n<meta name=\"robots\" content=\"index, follow, max-snippet:-1, max-image-preview:large, max-video-preview:-1\" \/>\n<link rel=\"canonical\" href=\"https:\/\/target-paper.com\/pt-pt\/politica-de-cookies\/\" \/>\n<meta property=\"og:locale\" content=\"pt_PT\" \/>\n<meta property=\"og:type\" content=\"article\" \/>\n<meta property=\"og:title\" content=\"Pol\u00edtica de Cookies - Target Paper\" \/>\n<meta property=\"og:description\" content=\"O QUE S\u00c3O COOKIES? Os &#8220;cookies&#8221; s\u00e3o pequenos ficheiros de texto armazenados no seu computador ou dispositivo m\u00f3vel atrav\u00e9s do navegador de Internet que recolhem informa\u00e7\u00e3o relacionada com as suas prefer\u00eancias, e n\u00e3o com os seus dados pessoais. A utiliza\u00e7\u00e3o de cookies permite ao website reconhecer o dispositivo da pr\u00f3xima vez que o utilizador o [&hellip;]\" \/>\n<meta property=\"og:url\" content=\"https:\/\/target-paper.com\/pt-pt\/politica-de-cookies\/\" \/>\n<meta property=\"og:site_name\" content=\"Target Paper\" \/>\n<meta property=\"article:modified_time\" content=\"2021-07-07T16:00:01+00:00\" \/>\n<meta name=\"twitter:card\" content=\"summary_large_image\" \/>\n<meta name=\"twitter:label1\" content=\"Est. reading time\" \/>\n\t<meta name=\"twitter:data1\" content=\"2 minutes\" \/>\n<script type=\"application\/ld+json\" class=\"yoast-schema-graph\">{\"@context\":\"https:\/\/schema.org\",\"@graph\":[{\"@type\":\"WebPage\",\"@id\":\"https:\/\/target-paper.com\/pt-pt\/politica-de-cookies\/\",\"url\":\"https:\/\/target-paper.com\/pt-pt\/politica-de-cookies\/\",\"name\":\"Pol\u00edtica de Cookies - Target Paper\",\"isPartOf\":{\"@id\":\"https:\/\/target-paper.com\/#website\"},\"datePublished\":\"2021-02-26T18:03:18+00:00\",\"dateModified\":\"2021-07-07T16:00:01+00:00\",\"breadcrumb\":{\"@id\":\"https:\/\/target-paper.com\/pt-pt\/politica-de-cookies\/#breadcrumb\"},\"inLanguage\":\"pt-PT\",\"potentialAction\":[{\"@type\":\"ReadAction\",\"target\":[\"https:\/\/target-paper.com\/pt-pt\/politica-de-cookies\/\"]}]},{\"@type\":\"BreadcrumbList\",\"@id\":\"https:\/\/target-paper.com\/pt-pt\/politica-de-cookies\/#breadcrumb\",\"itemListElement\":[{\"@type\":\"ListItem\",\"position\":1,\"name\":\"Home\",\"item\":\"https:\/\/target-paper.com\/pt-pt\/\"},{\"@type\":\"ListItem\",\"position\":2,\"name\":\"Pol\u00edtica de Cookies\"}]},{\"@type\":\"WebSite\",\"@id\":\"https:\/\/target-paper.com\/#website\",\"url\":\"https:\/\/target-paper.com\/\",\"name\":\"Target Paper\",\"description\":\"High-quality paper. Sharp results.\",\"potentialAction\":[{\"@type\":\"SearchAction\",\"target\":{\"@type\":\"EntryPoint\",\"urlTemplate\":\"https:\/\/target-paper.com\/?s={search_term_string}\"},\"query-input\":{\"@type\":\"PropertyValueSpecification\",\"valueRequired\":true,\"valueName\":\"search_term_string\"}}],\"inLanguage\":\"pt-PT\"}]}<\/script>\n<!-- \/ Yoast SEO plugin. -->","yoast_head_json":{"title":"Pol\u00edtica de Cookies - Target Paper","robots":{"index":"index","follow":"follow","max-snippet":"max-snippet:-1","max-image-preview":"max-image-preview:large","max-video-preview":"max-video-preview:-1"},"canonical":"https:\/\/target-paper.com\/pt-pt\/politica-de-cookies\/","og_locale":"pt_PT","og_type":"article","og_title":"Pol\u00edtica de Cookies - Target Paper","og_description":"O QUE S\u00c3O COOKIES? Os &#8220;cookies&#8221; s\u00e3o pequenos ficheiros de texto armazenados no seu computador ou dispositivo m\u00f3vel atrav\u00e9s do navegador de Internet que recolhem informa\u00e7\u00e3o relacionada com as suas prefer\u00eancias, e n\u00e3o com os seus dados pessoais. A utiliza\u00e7\u00e3o de cookies permite ao website reconhecer o dispositivo da pr\u00f3xima vez que o utilizador o [&hellip;]","og_url":"https:\/\/target-paper.com\/pt-pt\/politica-de-cookies\/","og_site_name":"Target Paper","article_modified_time":"2021-07-07T16:00:01+00:00","twitter_card":"summary_large_image","twitter_misc":{"Est. reading time":"2 minutes"},"schema":{"@context":"https:\/\/schema.org","@graph":[{"@type":"WebPage","@id":"https:\/\/target-paper.com\/pt-pt\/politica-de-cookies\/","url":"https:\/\/target-paper.com\/pt-pt\/politica-de-cookies\/","name":"Pol\u00edtica de Cookies - Target Paper","isPartOf":{"@id":"https:\/\/target-paper.com\/#website"},"datePublished":"2021-02-26T18:03:18+00:00","dateModified":"2021-07-07T16:00:01+00:00","breadcrumb":{"@id":"https:\/\/target-paper.com\/pt-pt\/politica-de-cookies\/#breadcrumb"},"inLanguage":"pt-PT","potentialAction":[{"@type":"ReadAction","target":["https:\/\/target-paper.com\/pt-pt\/politica-de-cookies\/"]}]},{"@type":"BreadcrumbList","@id":"https:\/\/target-paper.com\/pt-pt\/politica-de-cookies\/#breadcrumb","itemListElement":[{"@type":"ListItem","position":1,"name":"Home","item":"https:\/\/target-paper.com\/pt-pt\/"},{"@type":"ListItem","position":2,"name":"Pol\u00edtica de Cookies"}]},{"@type":"WebSite","@id":"https:\/\/target-paper.com\/#website","url":"https:\/\/target-paper.com\/","name":"Target Paper","description":"High-quality paper. Sharp results.","potentialAction":[{"@type":"SearchAction","target":{"@type":"EntryPoint","urlTemplate":"https:\/\/target-paper.com\/?s={search_term_string}"},"query-input":{"@type":"PropertyValueSpecification","valueRequired":true,"valueName":"search_term_string"}}],"inLanguage":"pt-PT"}]}},"_links":{"self":[{"href":"https:\/\/target-paper.com\/pt-pt\/wp-json\/wp\/v2\/pages\/2834","targetHints":{"allow":["GET"]}}],"collection":[{"href":"https:\/\/target-paper.com\/pt-pt\/wp-json\/wp\/v2\/pages"}],"about":[{"href":"https:\/\/target-paper.com\/pt-pt\/wp-json\/wp\/v2\/types\/page"}],"author":[{"embeddable":true,"href":"https:\/\/target-paper.com\/pt-pt\/wp-json\/wp\/v2\/users\/3"}],"replies":[{"embeddable":true,"href":"https:\/\/target-paper.com\/pt-pt\/wp-json\/wp\/v2\/comments?post=2834"}],"version-history":[{"count":0,"href":"https:\/\/target-paper.com\/pt-pt\/wp-json\/wp\/v2\/pages\/2834\/revisions"}],"wp:attachment":[{"href":"https:\/\/target-paper.com\/pt-pt\/wp-json\/wp\/v2\/media?parent=2834"}],"curies":[{"name":"wp","href":"https:\/\/api.w.org\/{rel}","templated":true}]}}