{"id":2870,"date":"2021-02-25T16:42:27","date_gmt":"2021-02-25T16:42:27","guid":{"rendered":"http:\/\/target-paper.com\/plus\/products\/offset\/"},"modified":"2021-08-23T11:11:59","modified_gmt":"2021-08-23T10:11:59","slug":"offset","status":"publish","type":"page","link":"https:\/\/target-paper.com\/pt-pt\/plus\/produtos\/offset\/","title":{"rendered":"Offset"},"content":{"rendered":"<h5>Papel de <strong>elevada qualidade <\/strong>para trabalhos de impress\u00e3o ambiciosos.<\/h5>\n<p>Caracter\u00edsticas tecnologicamente melhoradas com uma qualidade incr\u00edvel para documentos essenciais para o neg\u00f3cio.<\/p>\n","protected":false},"excerpt":{"rendered":"<p>Papel de elevada qualidade para trabalhos de impress\u00e3o ambiciosos. Caracter\u00edsticas tecnologicamente melhoradas com uma qualidade incr\u00edvel para documentos essenciais para o neg\u00f3cio.<\/p>\n","protected":false},"author":3,"featured_media":3970,"parent":2865,"menu_order":0,"comment_status":"closed","ping_status":"closed","template":"templates\/product-plus.php","meta":{"inline_featured_image":false,"footnotes":""},"class_list":["post-2870","page","type-page","status-publish","has-post-thumbnail","hentry"],"yoast_head":"<!-- This site is optimized with the Yoast SEO plugin v26.8 - https:\/\/yoast.com\/product\/yoast-seo-wordpress\/ -->\n<title>Offset - Target Paper<\/title>\n<meta name=\"description\" content=\"O papel Target Plus Offset oferece v\u00e1rias op\u00e7\u00f5es para aplica\u00e7\u00f5es de impress\u00e3o em Offset, o que permite ter excelentes resultados em utiliza\u00e7\u00f5es de impress\u00e3o gr\u00e1fica.\" \/>\n<meta name=\"robots\" content=\"index, follow, max-snippet:-1, max-image-preview:large, max-video-preview:-1\" \/>\n<link rel=\"canonical\" href=\"https:\/\/target-paper.com\/pt-pt\/plus\/produtos\/offset\/\" \/>\n<meta property=\"og:locale\" content=\"pt_PT\" \/>\n<meta property=\"og:type\" content=\"article\" \/>\n<meta property=\"og:title\" content=\"Offset - Target Paper\" \/>\n<meta property=\"og:description\" content=\"O papel Target Plus Offset oferece v\u00e1rias op\u00e7\u00f5es para aplica\u00e7\u00f5es de impress\u00e3o em Offset, o que permite ter excelentes resultados em utiliza\u00e7\u00f5es de impress\u00e3o gr\u00e1fica.\" \/>\n<meta property=\"og:url\" content=\"https:\/\/target-paper.com\/pt-pt\/plus\/produtos\/offset\/\" \/>\n<meta property=\"og:site_name\" content=\"Target Paper\" \/>\n<meta property=\"article:modified_time\" content=\"2021-08-23T10:11:59+00:00\" \/>\n<meta property=\"og:image\" content=\"http:\/\/192.168.2.3\/wp-content\/uploads\/2021\/11\/TNC-Target-Website-Reams-Plus-Offset-V.png\" \/>\n\t<meta property=\"og:image:width\" content=\"550\" \/>\n\t<meta property=\"og:image:height\" content=\"760\" \/>\n\t<meta property=\"og:image:type\" content=\"image\/png\" \/>\n<meta name=\"twitter:card\" content=\"summary_large_image\" \/>\n<meta name=\"twitter:label1\" content=\"Est. reading time\" \/>\n\t<meta name=\"twitter:data1\" content=\"1 minute\" \/>\n<script type=\"application\/ld+json\" class=\"yoast-schema-graph\">{\"@context\":\"https:\/\/schema.org\",\"@graph\":[{\"@type\":\"WebPage\",\"@id\":\"https:\/\/target-paper.com\/pt-pt\/plus\/produtos\/offset\/\",\"url\":\"https:\/\/target-paper.com\/pt-pt\/plus\/produtos\/offset\/\",\"name\":\"Offset - Target Paper\",\"isPartOf\":{\"@id\":\"https:\/\/target-paper.com\/#website\"},\"primaryImageOfPage\":{\"@id\":\"https:\/\/target-paper.com\/pt-pt\/plus\/produtos\/offset\/#primaryimage\"},\"image\":{\"@id\":\"https:\/\/target-paper.com\/pt-pt\/plus\/produtos\/offset\/#primaryimage\"},\"thumbnailUrl\":\"https:\/\/target-paper.com\/wp-content\/uploads\/2021\/11\/TNC-Target-Website-Reams-Plus-Offset-V.png\",\"datePublished\":\"2021-02-25T16:42:27+00:00\",\"dateModified\":\"2021-08-23T10:11:59+00:00\",\"description\":\"O papel Target Plus Offset oferece v\u00e1rias op\u00e7\u00f5es para aplica\u00e7\u00f5es de impress\u00e3o em Offset, o que permite ter excelentes resultados em utiliza\u00e7\u00f5es de impress\u00e3o gr\u00e1fica.\",\"breadcrumb\":{\"@id\":\"https:\/\/target-paper.com\/pt-pt\/plus\/produtos\/offset\/#breadcrumb\"},\"inLanguage\":\"pt-PT\",\"potentialAction\":[{\"@type\":\"ReadAction\",\"target\":[\"https:\/\/target-paper.com\/pt-pt\/plus\/produtos\/offset\/\"]}]},{\"@type\":\"ImageObject\",\"inLanguage\":\"pt-PT\",\"@id\":\"https:\/\/target-paper.com\/pt-pt\/plus\/produtos\/offset\/#primaryimage\",\"url\":\"https:\/\/target-paper.com\/wp-content\/uploads\/2021\/11\/TNC-Target-Website-Reams-Plus-Offset-V.png\",\"contentUrl\":\"https:\/\/target-paper.com\/wp-content\/uploads\/2021\/11\/TNC-Target-Website-Reams-Plus-Offset-V.png\",\"width\":550,\"height\":760},{\"@type\":\"BreadcrumbList\",\"@id\":\"https:\/\/target-paper.com\/pt-pt\/plus\/produtos\/offset\/#breadcrumb\",\"itemListElement\":[{\"@type\":\"ListItem\",\"position\":1,\"name\":\"Home\",\"item\":\"https:\/\/target-paper.com\/pt-pt\/\"},{\"@type\":\"ListItem\",\"position\":2,\"name\":\"Plus\",\"item\":\"http:\/\/192.168.2.3\/plus\/\"},{\"@type\":\"ListItem\",\"position\":3,\"name\":\"Produtos\",\"item\":\"http:\/\/192.168.2.3\/plus\/products\/\"},{\"@type\":\"ListItem\",\"position\":4,\"name\":\"Offset\"}]},{\"@type\":\"WebSite\",\"@id\":\"https:\/\/target-paper.com\/#website\",\"url\":\"https:\/\/target-paper.com\/\",\"name\":\"Target Paper\",\"description\":\"High-quality paper. Sharp results.\",\"potentialAction\":[{\"@type\":\"SearchAction\",\"target\":{\"@type\":\"EntryPoint\",\"urlTemplate\":\"https:\/\/target-paper.com\/?s={search_term_string}\"},\"query-input\":{\"@type\":\"PropertyValueSpecification\",\"valueRequired\":true,\"valueName\":\"search_term_string\"}}],\"inLanguage\":\"pt-PT\"}]}<\/script>\n<!-- \/ Yoast SEO plugin. -->","yoast_head_json":{"title":"Offset - Target Paper","description":"O papel Target Plus Offset oferece v\u00e1rias op\u00e7\u00f5es para aplica\u00e7\u00f5es de impress\u00e3o em Offset, o que permite ter excelentes resultados em utiliza\u00e7\u00f5es de impress\u00e3o gr\u00e1fica.","robots":{"index":"index","follow":"follow","max-snippet":"max-snippet:-1","max-image-preview":"max-image-preview:large","max-video-preview":"max-video-preview:-1"},"canonical":"https:\/\/target-paper.com\/pt-pt\/plus\/produtos\/offset\/","og_locale":"pt_PT","og_type":"article","og_title":"Offset - Target Paper","og_description":"O papel Target Plus Offset oferece v\u00e1rias op\u00e7\u00f5es para aplica\u00e7\u00f5es de impress\u00e3o em Offset, o que permite ter excelentes resultados em utiliza\u00e7\u00f5es de impress\u00e3o gr\u00e1fica.","og_url":"https:\/\/target-paper.com\/pt-pt\/plus\/produtos\/offset\/","og_site_name":"Target Paper","article_modified_time":"2021-08-23T10:11:59+00:00","og_image":[{"width":550,"height":760,"url":"http:\/\/192.168.2.3\/wp-content\/uploads\/2021\/11\/TNC-Target-Website-Reams-Plus-Offset-V.png","type":"image\/png"}],"twitter_card":"summary_large_image","twitter_misc":{"Est. reading time":"1 minute"},"schema":{"@context":"https:\/\/schema.org","@graph":[{"@type":"WebPage","@id":"https:\/\/target-paper.com\/pt-pt\/plus\/produtos\/offset\/","url":"https:\/\/target-paper.com\/pt-pt\/plus\/produtos\/offset\/","name":"Offset - Target Paper","isPartOf":{"@id":"https:\/\/target-paper.com\/#website"},"primaryImageOfPage":{"@id":"https:\/\/target-paper.com\/pt-pt\/plus\/produtos\/offset\/#primaryimage"},"image":{"@id":"https:\/\/target-paper.com\/pt-pt\/plus\/produtos\/offset\/#primaryimage"},"thumbnailUrl":"https:\/\/target-paper.com\/wp-content\/uploads\/2021\/11\/TNC-Target-Website-Reams-Plus-Offset-V.png","datePublished":"2021-02-25T16:42:27+00:00","dateModified":"2021-08-23T10:11:59+00:00","description":"O papel Target Plus Offset oferece v\u00e1rias op\u00e7\u00f5es para aplica\u00e7\u00f5es de impress\u00e3o em Offset, o que permite ter excelentes resultados em utiliza\u00e7\u00f5es de impress\u00e3o gr\u00e1fica.","breadcrumb":{"@id":"https:\/\/target-paper.com\/pt-pt\/plus\/produtos\/offset\/#breadcrumb"},"inLanguage":"pt-PT","potentialAction":[{"@type":"ReadAction","target":["https:\/\/target-paper.com\/pt-pt\/plus\/produtos\/offset\/"]}]},{"@type":"ImageObject","inLanguage":"pt-PT","@id":"https:\/\/target-paper.com\/pt-pt\/plus\/produtos\/offset\/#primaryimage","url":"https:\/\/target-paper.com\/wp-content\/uploads\/2021\/11\/TNC-Target-Website-Reams-Plus-Offset-V.png","contentUrl":"https:\/\/target-paper.com\/wp-content\/uploads\/2021\/11\/TNC-Target-Website-Reams-Plus-Offset-V.png","width":550,"height":760},{"@type":"BreadcrumbList","@id":"https:\/\/target-paper.com\/pt-pt\/plus\/produtos\/offset\/#breadcrumb","itemListElement":[{"@type":"ListItem","position":1,"name":"Home","item":"https:\/\/target-paper.com\/pt-pt\/"},{"@type":"ListItem","position":2,"name":"Plus","item":"http:\/\/192.168.2.3\/plus\/"},{"@type":"ListItem","position":3,"name":"Produtos","item":"http:\/\/192.168.2.3\/plus\/products\/"},{"@type":"ListItem","position":4,"name":"Offset"}]},{"@type":"WebSite","@id":"https:\/\/target-paper.com\/#website","url":"https:\/\/target-paper.com\/","name":"Target Paper","description":"High-quality paper. Sharp results.","potentialAction":[{"@type":"SearchAction","target":{"@type":"EntryPoint","urlTemplate":"https:\/\/target-paper.com\/?s={search_term_string}"},"query-input":{"@type":"PropertyValueSpecification","valueRequired":true,"valueName":"search_term_string"}}],"inLanguage":"pt-PT"}]}},"_links":{"self":[{"href":"https:\/\/target-paper.com\/pt-pt\/wp-json\/wp\/v2\/pages\/2870","targetHints":{"allow":["GET"]}}],"collection":[{"href":"https:\/\/target-paper.com\/pt-pt\/wp-json\/wp\/v2\/pages"}],"about":[{"href":"https:\/\/target-paper.com\/pt-pt\/wp-json\/wp\/v2\/types\/page"}],"author":[{"embeddable":true,"href":"https:\/\/target-paper.com\/pt-pt\/wp-json\/wp\/v2\/users\/3"}],"replies":[{"embeddable":true,"href":"https:\/\/target-paper.com\/pt-pt\/wp-json\/wp\/v2\/comments?post=2870"}],"version-history":[{"count":0,"href":"https:\/\/target-paper.com\/pt-pt\/wp-json\/wp\/v2\/pages\/2870\/revisions"}],"up":[{"embeddable":true,"href":"https:\/\/target-paper.com\/pt-pt\/wp-json\/wp\/v2\/pages\/2865"}],"wp:featuredmedia":[{"embeddable":true,"href":"https:\/\/target-paper.com\/pt-pt\/wp-json\/wp\/v2\/media\/3970"}],"wp:attachment":[{"href":"https:\/\/target-paper.com\/pt-pt\/wp-json\/wp\/v2\/media?parent=2870"}],"curies":[{"name":"wp","href":"https:\/\/api.w.org\/{rel}","templated":true}]}}