{"id":2885,"date":"2021-03-01T17:15:39","date_gmt":"2021-03-01T17:15:39","guid":{"rendered":"http:\/\/target-paper.com\/plus\/where-to-buy\/distributors\/"},"modified":"2021-07-09T10:56:06","modified_gmt":"2021-07-09T09:56:06","slug":"distribuidores","status":"publish","type":"page","link":"https:\/\/target-paper.com\/pt-pt\/plus\/onde-comprar\/distribuidores\/","title":{"rendered":"Distribuidores"},"content":{"rendered":"<h1>Distribuidores<\/h1>\n<h5><b data-stringify-type=\"bold\">O papel Target \u00e9 vendido em mais de 60 pa\u00edses em todo o mundo!<\/b><\/h5>\n<p>Selecione um local e encontre o distribuidor mais pr\u00f3ximo.<\/p>\n","protected":false},"excerpt":{"rendered":"<p>Distribuidores O papel Target \u00e9 vendido em mais de 60 pa\u00edses em todo o mundo! Selecione um local e encontre o distribuidor mais pr\u00f3ximo.<\/p>\n","protected":false},"author":3,"featured_media":0,"parent":2880,"menu_order":0,"comment_status":"closed","ping_status":"closed","template":"","meta":{"inline_featured_image":false,"footnotes":""},"class_list":["post-2885","page","type-page","status-publish","hentry"],"yoast_head":"<!-- This site is optimized with the Yoast SEO plugin v26.8 - https:\/\/yoast.com\/product\/yoast-seo-wordpress\/ -->\n<title>Distribuidores - Target Plus Paper<\/title>\n<meta name=\"description\" content=\"O papel Target Plus \u00e9 vendido em mais de 60 pa\u00edses em todo o mundo. Selecione um local e encontre os distribuidores mais pr\u00f3ximos.\" \/>\n<meta name=\"robots\" content=\"index, follow, max-snippet:-1, max-image-preview:large, max-video-preview:-1\" \/>\n<link rel=\"canonical\" href=\"https:\/\/target-paper.com\/pt-pt\/plus\/onde-comprar\/distribuidores\/\" \/>\n<meta property=\"og:locale\" content=\"pt_PT\" \/>\n<meta property=\"og:type\" content=\"article\" \/>\n<meta property=\"og:title\" content=\"Distribuidores - Target Plus Paper\" \/>\n<meta property=\"og:description\" content=\"O papel Target Plus \u00e9 vendido em mais de 60 pa\u00edses em todo o mundo. Selecione um local e encontre os distribuidores mais pr\u00f3ximos.\" \/>\n<meta property=\"og:url\" content=\"https:\/\/target-paper.com\/pt-pt\/plus\/onde-comprar\/distribuidores\/\" \/>\n<meta property=\"og:site_name\" content=\"Target Paper\" \/>\n<meta property=\"article:modified_time\" content=\"2021-07-09T09:56:06+00:00\" \/>\n<meta name=\"twitter:card\" content=\"summary_large_image\" \/>\n<meta name=\"twitter:label1\" content=\"Est. reading time\" \/>\n\t<meta name=\"twitter:data1\" content=\"1 minute\" \/>\n<script type=\"application\/ld+json\" class=\"yoast-schema-graph\">{\"@context\":\"https:\/\/schema.org\",\"@graph\":[{\"@type\":\"WebPage\",\"@id\":\"https:\/\/target-paper.com\/pt-pt\/plus\/onde-comprar\/distribuidores\/\",\"url\":\"https:\/\/target-paper.com\/pt-pt\/plus\/onde-comprar\/distribuidores\/\",\"name\":\"Distribuidores - Target Plus Paper\",\"isPartOf\":{\"@id\":\"https:\/\/target-paper.com\/#website\"},\"datePublished\":\"2021-03-01T17:15:39+00:00\",\"dateModified\":\"2021-07-09T09:56:06+00:00\",\"description\":\"O papel Target Plus \u00e9 vendido em mais de 60 pa\u00edses em todo o mundo. Selecione um local e encontre os distribuidores mais pr\u00f3ximos.\",\"breadcrumb\":{\"@id\":\"https:\/\/target-paper.com\/pt-pt\/plus\/onde-comprar\/distribuidores\/#breadcrumb\"},\"inLanguage\":\"pt-PT\",\"potentialAction\":[{\"@type\":\"ReadAction\",\"target\":[\"https:\/\/target-paper.com\/pt-pt\/plus\/onde-comprar\/distribuidores\/\"]}]},{\"@type\":\"BreadcrumbList\",\"@id\":\"https:\/\/target-paper.com\/pt-pt\/plus\/onde-comprar\/distribuidores\/#breadcrumb\",\"itemListElement\":[{\"@type\":\"ListItem\",\"position\":1,\"name\":\"Home\",\"item\":\"https:\/\/target-paper.com\/pt-pt\/\"},{\"@type\":\"ListItem\",\"position\":2,\"name\":\"Plus\",\"item\":\"http:\/\/192.168.2.3\/plus\/\"},{\"@type\":\"ListItem\",\"position\":3,\"name\":\"Onde comprar\",\"item\":\"https:\/\/target-paper.com\/pt-pt\/plus\/where-to-buy\/\"},{\"@type\":\"ListItem\",\"position\":4,\"name\":\"Distribuidores\"}]},{\"@type\":\"WebSite\",\"@id\":\"https:\/\/target-paper.com\/#website\",\"url\":\"https:\/\/target-paper.com\/\",\"name\":\"Target Paper\",\"description\":\"High-quality paper. Sharp results.\",\"potentialAction\":[{\"@type\":\"SearchAction\",\"target\":{\"@type\":\"EntryPoint\",\"urlTemplate\":\"https:\/\/target-paper.com\/?s={search_term_string}\"},\"query-input\":{\"@type\":\"PropertyValueSpecification\",\"valueRequired\":true,\"valueName\":\"search_term_string\"}}],\"inLanguage\":\"pt-PT\"}]}<\/script>\n<!-- \/ Yoast SEO plugin. -->","yoast_head_json":{"title":"Distribuidores - Target Plus Paper","description":"O papel Target Plus \u00e9 vendido em mais de 60 pa\u00edses em todo o mundo. Selecione um local e encontre os distribuidores mais pr\u00f3ximos.","robots":{"index":"index","follow":"follow","max-snippet":"max-snippet:-1","max-image-preview":"max-image-preview:large","max-video-preview":"max-video-preview:-1"},"canonical":"https:\/\/target-paper.com\/pt-pt\/plus\/onde-comprar\/distribuidores\/","og_locale":"pt_PT","og_type":"article","og_title":"Distribuidores - Target Plus Paper","og_description":"O papel Target Plus \u00e9 vendido em mais de 60 pa\u00edses em todo o mundo. Selecione um local e encontre os distribuidores mais pr\u00f3ximos.","og_url":"https:\/\/target-paper.com\/pt-pt\/plus\/onde-comprar\/distribuidores\/","og_site_name":"Target Paper","article_modified_time":"2021-07-09T09:56:06+00:00","twitter_card":"summary_large_image","twitter_misc":{"Est. reading time":"1 minute"},"schema":{"@context":"https:\/\/schema.org","@graph":[{"@type":"WebPage","@id":"https:\/\/target-paper.com\/pt-pt\/plus\/onde-comprar\/distribuidores\/","url":"https:\/\/target-paper.com\/pt-pt\/plus\/onde-comprar\/distribuidores\/","name":"Distribuidores - Target Plus Paper","isPartOf":{"@id":"https:\/\/target-paper.com\/#website"},"datePublished":"2021-03-01T17:15:39+00:00","dateModified":"2021-07-09T09:56:06+00:00","description":"O papel Target Plus \u00e9 vendido em mais de 60 pa\u00edses em todo o mundo. Selecione um local e encontre os distribuidores mais pr\u00f3ximos.","breadcrumb":{"@id":"https:\/\/target-paper.com\/pt-pt\/plus\/onde-comprar\/distribuidores\/#breadcrumb"},"inLanguage":"pt-PT","potentialAction":[{"@type":"ReadAction","target":["https:\/\/target-paper.com\/pt-pt\/plus\/onde-comprar\/distribuidores\/"]}]},{"@type":"BreadcrumbList","@id":"https:\/\/target-paper.com\/pt-pt\/plus\/onde-comprar\/distribuidores\/#breadcrumb","itemListElement":[{"@type":"ListItem","position":1,"name":"Home","item":"https:\/\/target-paper.com\/pt-pt\/"},{"@type":"ListItem","position":2,"name":"Plus","item":"http:\/\/192.168.2.3\/plus\/"},{"@type":"ListItem","position":3,"name":"Onde comprar","item":"https:\/\/target-paper.com\/pt-pt\/plus\/where-to-buy\/"},{"@type":"ListItem","position":4,"name":"Distribuidores"}]},{"@type":"WebSite","@id":"https:\/\/target-paper.com\/#website","url":"https:\/\/target-paper.com\/","name":"Target Paper","description":"High-quality paper. Sharp results.","potentialAction":[{"@type":"SearchAction","target":{"@type":"EntryPoint","urlTemplate":"https:\/\/target-paper.com\/?s={search_term_string}"},"query-input":{"@type":"PropertyValueSpecification","valueRequired":true,"valueName":"search_term_string"}}],"inLanguage":"pt-PT"}]}},"_links":{"self":[{"href":"https:\/\/target-paper.com\/pt-pt\/wp-json\/wp\/v2\/pages\/2885","targetHints":{"allow":["GET"]}}],"collection":[{"href":"https:\/\/target-paper.com\/pt-pt\/wp-json\/wp\/v2\/pages"}],"about":[{"href":"https:\/\/target-paper.com\/pt-pt\/wp-json\/wp\/v2\/types\/page"}],"author":[{"embeddable":true,"href":"https:\/\/target-paper.com\/pt-pt\/wp-json\/wp\/v2\/users\/3"}],"replies":[{"embeddable":true,"href":"https:\/\/target-paper.com\/pt-pt\/wp-json\/wp\/v2\/comments?post=2885"}],"version-history":[{"count":0,"href":"https:\/\/target-paper.com\/pt-pt\/wp-json\/wp\/v2\/pages\/2885\/revisions"}],"up":[{"embeddable":true,"href":"https:\/\/target-paper.com\/pt-pt\/wp-json\/wp\/v2\/pages\/2880"}],"wp:attachment":[{"href":"https:\/\/target-paper.com\/pt-pt\/wp-json\/wp\/v2\/media?parent=2885"}],"curies":[{"name":"wp","href":"https:\/\/api.w.org\/{rel}","templated":true}]}}