{"id":2926,"date":"2021-01-27T16:52:45","date_gmt":"2021-01-27T16:52:45","guid":{"rendered":"http:\/\/target-paper.com\/products\/executive\/80-2\/"},"modified":"2021-07-08T15:29:42","modified_gmt":"2021-07-08T14:29:42","slug":"80gm","status":"publish","type":"page","link":"https:\/\/target-paper.com\/pt-pt\/produtos\/executive\/80gm\/","title":{"rendered":"Executive 80 g.m-2"},"content":{"rendered":"<h5>Papel de escrit\u00f3rio <strong>premium <\/strong>para impress\u00f5es exclusivas.<\/h5>\n<p>Caracter\u00edsticas tecnologicamente melhoradas com uma qualidade incr\u00edvel para documentos essenciais para o neg\u00f3cio.<\/p>\n","protected":false},"excerpt":{"rendered":"<p>Papel de escrit\u00f3rio premium para impress\u00f5es exclusivas. Caracter\u00edsticas tecnologicamente melhoradas com uma qualidade incr\u00edvel para documentos essenciais para o neg\u00f3cio.<\/p>\n","protected":false},"author":3,"featured_media":3132,"parent":2905,"menu_order":0,"comment_status":"closed","ping_status":"closed","template":"templates\/product.php","meta":{"inline_featured_image":false,"footnotes":""},"class_list":["post-2926","page","type-page","status-publish","has-post-thumbnail","hentry"],"yoast_head":"<!-- This site is optimized with the Yoast SEO plugin v26.8 - https:\/\/yoast.com\/product\/yoast-seo-wordpress\/ -->\n<title>Executive 80 g.m-2 - Target Paper<\/title>\n<meta name=\"description\" content=\"O papel Executive 80 g.m-2 \u00e9 uma solu\u00e7\u00e3o vers\u00e1til e de primeira qualidade para utiliza\u00e7\u00e3o intensiva em qualquer documento de escrit\u00f3rio, que oferece resultados n\u00edtidos.\" \/>\n<meta name=\"robots\" content=\"index, follow, max-snippet:-1, max-image-preview:large, max-video-preview:-1\" \/>\n<link rel=\"canonical\" href=\"https:\/\/target-paper.com\/pt-pt\/produtos\/executive\/80gm\/\" \/>\n<meta property=\"og:locale\" content=\"pt_PT\" \/>\n<meta property=\"og:type\" content=\"article\" \/>\n<meta property=\"og:title\" content=\"Executive 80 g.m-2 - Target Paper\" \/>\n<meta property=\"og:description\" content=\"O papel Executive 80 g.m-2 \u00e9 uma solu\u00e7\u00e3o vers\u00e1til e de primeira qualidade para utiliza\u00e7\u00e3o intensiva em qualquer documento de escrit\u00f3rio, que oferece resultados n\u00edtidos.\" \/>\n<meta property=\"og:url\" content=\"https:\/\/target-paper.com\/pt-pt\/produtos\/executive\/80gm\/\" \/>\n<meta property=\"og:site_name\" content=\"Target Paper\" \/>\n<meta property=\"article:modified_time\" content=\"2021-07-08T14:29:42+00:00\" \/>\n<meta property=\"og:image\" content=\"https:\/\/target-paper.com\/wp-content\/uploads\/2021\/03\/TNC-Target-Reams-Mockup-Exec_80-Front.png\" \/>\n\t<meta property=\"og:image:width\" content=\"550\" \/>\n\t<meta property=\"og:image:height\" content=\"760\" \/>\n\t<meta property=\"og:image:type\" content=\"image\/png\" \/>\n<meta name=\"twitter:card\" content=\"summary_large_image\" \/>\n<meta name=\"twitter:label1\" content=\"Est. reading time\" \/>\n\t<meta name=\"twitter:data1\" content=\"1 minute\" \/>\n<script type=\"application\/ld+json\" class=\"yoast-schema-graph\">{\"@context\":\"https:\/\/schema.org\",\"@graph\":[{\"@type\":\"WebPage\",\"@id\":\"https:\/\/target-paper.com\/pt-pt\/produtos\/executive\/80gm\/\",\"url\":\"https:\/\/target-paper.com\/pt-pt\/produtos\/executive\/80gm\/\",\"name\":\"Executive 80 g.m-2 - Target Paper\",\"isPartOf\":{\"@id\":\"https:\/\/target-paper.com\/#website\"},\"primaryImageOfPage\":{\"@id\":\"https:\/\/target-paper.com\/pt-pt\/produtos\/executive\/80gm\/#primaryimage\"},\"image\":{\"@id\":\"https:\/\/target-paper.com\/pt-pt\/produtos\/executive\/80gm\/#primaryimage\"},\"thumbnailUrl\":\"https:\/\/target-paper.com\/wp-content\/uploads\/2021\/03\/TNC-Target-Reams-Mockup-Exec_80-Front.png\",\"datePublished\":\"2021-01-27T16:52:45+00:00\",\"dateModified\":\"2021-07-08T14:29:42+00:00\",\"description\":\"O papel Executive 80 g.m-2 \u00e9 uma solu\u00e7\u00e3o vers\u00e1til e de primeira qualidade para utiliza\u00e7\u00e3o intensiva em qualquer documento de escrit\u00f3rio, que oferece resultados n\u00edtidos.\",\"breadcrumb\":{\"@id\":\"https:\/\/target-paper.com\/pt-pt\/produtos\/executive\/80gm\/#breadcrumb\"},\"inLanguage\":\"pt-PT\",\"potentialAction\":[{\"@type\":\"ReadAction\",\"target\":[\"https:\/\/target-paper.com\/pt-pt\/produtos\/executive\/80gm\/\"]}]},{\"@type\":\"ImageObject\",\"inLanguage\":\"pt-PT\",\"@id\":\"https:\/\/target-paper.com\/pt-pt\/produtos\/executive\/80gm\/#primaryimage\",\"url\":\"https:\/\/target-paper.com\/wp-content\/uploads\/2021\/03\/TNC-Target-Reams-Mockup-Exec_80-Front.png\",\"contentUrl\":\"https:\/\/target-paper.com\/wp-content\/uploads\/2021\/03\/TNC-Target-Reams-Mockup-Exec_80-Front.png\",\"width\":550,\"height\":760},{\"@type\":\"BreadcrumbList\",\"@id\":\"https:\/\/target-paper.com\/pt-pt\/produtos\/executive\/80gm\/#breadcrumb\",\"itemListElement\":[{\"@type\":\"ListItem\",\"position\":1,\"name\":\"Home\",\"item\":\"https:\/\/target-paper.com\/pt-pt\/\"},{\"@type\":\"ListItem\",\"position\":2,\"name\":\"Produtos\",\"item\":\"https:\/\/target-paper.com\/pt-pt\/products\/\"},{\"@type\":\"ListItem\",\"position\":3,\"name\":\"Gama Executive\",\"item\":\"https:\/\/target-paper.com\/pt-pt\/products\/executive\/\"},{\"@type\":\"ListItem\",\"position\":4,\"name\":\"Executive 80 g.m-2\"}]},{\"@type\":\"WebSite\",\"@id\":\"https:\/\/target-paper.com\/#website\",\"url\":\"https:\/\/target-paper.com\/\",\"name\":\"Target Paper\",\"description\":\"High-quality paper. Sharp results.\",\"potentialAction\":[{\"@type\":\"SearchAction\",\"target\":{\"@type\":\"EntryPoint\",\"urlTemplate\":\"https:\/\/target-paper.com\/?s={search_term_string}\"},\"query-input\":{\"@type\":\"PropertyValueSpecification\",\"valueRequired\":true,\"valueName\":\"search_term_string\"}}],\"inLanguage\":\"pt-PT\"}]}<\/script>\n<!-- \/ Yoast SEO plugin. -->","yoast_head_json":{"title":"Executive 80 g.m-2 - Target Paper","description":"O papel Executive 80 g.m-2 \u00e9 uma solu\u00e7\u00e3o vers\u00e1til e de primeira qualidade para utiliza\u00e7\u00e3o intensiva em qualquer documento de escrit\u00f3rio, que oferece resultados n\u00edtidos.","robots":{"index":"index","follow":"follow","max-snippet":"max-snippet:-1","max-image-preview":"max-image-preview:large","max-video-preview":"max-video-preview:-1"},"canonical":"https:\/\/target-paper.com\/pt-pt\/produtos\/executive\/80gm\/","og_locale":"pt_PT","og_type":"article","og_title":"Executive 80 g.m-2 - Target Paper","og_description":"O papel Executive 80 g.m-2 \u00e9 uma solu\u00e7\u00e3o vers\u00e1til e de primeira qualidade para utiliza\u00e7\u00e3o intensiva em qualquer documento de escrit\u00f3rio, que oferece resultados n\u00edtidos.","og_url":"https:\/\/target-paper.com\/pt-pt\/produtos\/executive\/80gm\/","og_site_name":"Target Paper","article_modified_time":"2021-07-08T14:29:42+00:00","og_image":[{"width":550,"height":760,"url":"https:\/\/target-paper.com\/wp-content\/uploads\/2021\/03\/TNC-Target-Reams-Mockup-Exec_80-Front.png","type":"image\/png"}],"twitter_card":"summary_large_image","twitter_misc":{"Est. reading time":"1 minute"},"schema":{"@context":"https:\/\/schema.org","@graph":[{"@type":"WebPage","@id":"https:\/\/target-paper.com\/pt-pt\/produtos\/executive\/80gm\/","url":"https:\/\/target-paper.com\/pt-pt\/produtos\/executive\/80gm\/","name":"Executive 80 g.m-2 - Target Paper","isPartOf":{"@id":"https:\/\/target-paper.com\/#website"},"primaryImageOfPage":{"@id":"https:\/\/target-paper.com\/pt-pt\/produtos\/executive\/80gm\/#primaryimage"},"image":{"@id":"https:\/\/target-paper.com\/pt-pt\/produtos\/executive\/80gm\/#primaryimage"},"thumbnailUrl":"https:\/\/target-paper.com\/wp-content\/uploads\/2021\/03\/TNC-Target-Reams-Mockup-Exec_80-Front.png","datePublished":"2021-01-27T16:52:45+00:00","dateModified":"2021-07-08T14:29:42+00:00","description":"O papel Executive 80 g.m-2 \u00e9 uma solu\u00e7\u00e3o vers\u00e1til e de primeira qualidade para utiliza\u00e7\u00e3o intensiva em qualquer documento de escrit\u00f3rio, que oferece resultados n\u00edtidos.","breadcrumb":{"@id":"https:\/\/target-paper.com\/pt-pt\/produtos\/executive\/80gm\/#breadcrumb"},"inLanguage":"pt-PT","potentialAction":[{"@type":"ReadAction","target":["https:\/\/target-paper.com\/pt-pt\/produtos\/executive\/80gm\/"]}]},{"@type":"ImageObject","inLanguage":"pt-PT","@id":"https:\/\/target-paper.com\/pt-pt\/produtos\/executive\/80gm\/#primaryimage","url":"https:\/\/target-paper.com\/wp-content\/uploads\/2021\/03\/TNC-Target-Reams-Mockup-Exec_80-Front.png","contentUrl":"https:\/\/target-paper.com\/wp-content\/uploads\/2021\/03\/TNC-Target-Reams-Mockup-Exec_80-Front.png","width":550,"height":760},{"@type":"BreadcrumbList","@id":"https:\/\/target-paper.com\/pt-pt\/produtos\/executive\/80gm\/#breadcrumb","itemListElement":[{"@type":"ListItem","position":1,"name":"Home","item":"https:\/\/target-paper.com\/pt-pt\/"},{"@type":"ListItem","position":2,"name":"Produtos","item":"https:\/\/target-paper.com\/pt-pt\/products\/"},{"@type":"ListItem","position":3,"name":"Gama Executive","item":"https:\/\/target-paper.com\/pt-pt\/products\/executive\/"},{"@type":"ListItem","position":4,"name":"Executive 80 g.m-2"}]},{"@type":"WebSite","@id":"https:\/\/target-paper.com\/#website","url":"https:\/\/target-paper.com\/","name":"Target Paper","description":"High-quality paper. Sharp results.","potentialAction":[{"@type":"SearchAction","target":{"@type":"EntryPoint","urlTemplate":"https:\/\/target-paper.com\/?s={search_term_string}"},"query-input":{"@type":"PropertyValueSpecification","valueRequired":true,"valueName":"search_term_string"}}],"inLanguage":"pt-PT"}]}},"_links":{"self":[{"href":"https:\/\/target-paper.com\/pt-pt\/wp-json\/wp\/v2\/pages\/2926","targetHints":{"allow":["GET"]}}],"collection":[{"href":"https:\/\/target-paper.com\/pt-pt\/wp-json\/wp\/v2\/pages"}],"about":[{"href":"https:\/\/target-paper.com\/pt-pt\/wp-json\/wp\/v2\/types\/page"}],"author":[{"embeddable":true,"href":"https:\/\/target-paper.com\/pt-pt\/wp-json\/wp\/v2\/users\/3"}],"replies":[{"embeddable":true,"href":"https:\/\/target-paper.com\/pt-pt\/wp-json\/wp\/v2\/comments?post=2926"}],"version-history":[{"count":0,"href":"https:\/\/target-paper.com\/pt-pt\/wp-json\/wp\/v2\/pages\/2926\/revisions"}],"up":[{"embeddable":true,"href":"https:\/\/target-paper.com\/pt-pt\/wp-json\/wp\/v2\/pages\/2905"}],"wp:featuredmedia":[{"embeddable":true,"href":"https:\/\/target-paper.com\/pt-pt\/wp-json\/wp\/v2\/media\/3132"}],"wp:attachment":[{"href":"https:\/\/target-paper.com\/pt-pt\/wp-json\/wp\/v2\/media?parent=2926"}],"curies":[{"name":"wp","href":"https:\/\/api.w.org\/{rel}","templated":true}]}}